{"id":425,"date":"2024-10-30T16:24:42","date_gmt":"2024-10-30T15:24:42","guid":{"rendered":"https:\/\/o-seznam.cz\/napoveda\/email\/?page_id=425"},"modified":"2025-01-27T16:07:10","modified_gmt":"2025-01-27T15:07:10","slug":"zaznamy-pro-autentifikaci-posty","status":"publish","type":"page","link":"https:\/\/o-seznam.cz\/napoveda\/email\/profi\/zaznamy-pro-autentifikaci-posty\/","title":{"rendered":"Z\u00e1znamy pro autentifikaci po\u0161ty"},"content":{"rendered":"\n<div class=\"wp-block-group is-layout-constrained wp-block-group-is-layout-constrained\">\n<p>Provozovatel\u00e9 a vlastn\u00edci e-mailov\u00fdch schr\u00e1nek \u010dasto \u010del\u00ed podvodn\u00fdm zpr\u00e1v\u00e1m a to nejen t\u011bm, kter\u00e9 do jejich schr\u00e1nek p\u0159ich\u00e1zej\u00ed, ale i takov\u00fdm, kter\u00e9 se tv\u00e1\u0159\u00ed, \u017ee jsou z jejich schr\u00e1nek odesl\u00e1ny. Takov\u00e9 zpr\u00e1vy pak mohou v\u00e9st k blocklistu dom\u00e9ny u provozovatel\u016f e-mailov\u00fdch server\u016f, tak\u017ee z dom\u00e9ny nen\u00ed mo\u017en\u00e9 doru\u010dit ani legitimn\u011b odeslanou po\u0161tu. Abyste zneu\u017eit\u00ed sv\u00e9 dom\u00e9ny p\u0159ede\u0161li, doporu\u010dujeme nastavit n\u00e1sleduj\u00edc\u00ed autentifika\u010dn\u00ed z\u00e1znamy.<\/p>\n\n\n\n<div class=\"wp-block-group is-layout-constrained wp-block-group-is-layout-constrained\">\n<p class=\"is-style-next\"><a href=\"https:\/\/o-seznam.cz\/napoveda\/email\/profi\/zaznamy-pro-autentifikaci-posty\/dkim\/\">DKIM<\/a><\/p>\n\n\n\n<p class=\"is-style-next\"><a href=\"https:\/\/o-seznam.cz\/napoveda\/email\/profi\/zaznamy-pro-autentifikaci-posty\/spf\/\">SPF<\/a><\/p>\n\n\n\n<p class=\"is-style-next\"><a href=\"https:\/\/o-seznam.cz\/napoveda\/email\/profi\/zaznamy-pro-autentifikaci-posty\/dmarc\/\">DMARC<\/a><\/p>\n<\/div>\n<\/div>\n\n\n\n<p><\/p>\n","protected":false},"excerpt":{"rendered":"<p>Provozovatel\u00e9 a vlastn\u00edci e-mailov\u00fdch schr\u00e1nek \u010dasto \u010del\u00ed podvodn\u00fdm zpr\u00e1v\u00e1m a to nejen t\u011bm, kter\u00e9 do jejich schr\u00e1nek p\u0159ich\u00e1zej\u00ed, ale i takov\u00fdm, kter\u00e9 se tv\u00e1\u0159\u00ed, \u017ee jsou z jejich schr\u00e1nek odesl\u00e1ny. Takov\u00e9 zpr\u00e1vy pak mohou v\u00e9st k blocklistu dom\u00e9ny u provozovatel\u016f e-mailov\u00fdch server\u016f, tak\u017ee z dom\u00e9ny nen\u00ed mo\u017en\u00e9 doru\u010dit ani legitimn\u011b odeslanou po\u0161tu. Abyste zneu\u017eit\u00ed sv\u00e9 [&hellip;]<\/p>\n","protected":false},"author":13,"featured_media":0,"parent":379,"menu_order":50,"comment_status":"closed","ping_status":"closed","template":"page-sidemenu","meta":{"_acf_changed":false,"_relevanssi_hide_post":"","_relevanssi_hide_content":"","_relevanssi_pin_for_all":"","_relevanssi_pin_keywords":"","_relevanssi_unpin_keywords":"","_relevanssi_related_keywords":"","_relevanssi_related_include_ids":"","_relevanssi_related_exclude_ids":"","_relevanssi_related_no_append":"","_relevanssi_related_not_related":"","_relevanssi_related_posts":"","_relevanssi_noindex_reason":"","footnotes":""},"page_category":[12],"page_tag":[],"service_status_category":[],"class_list":["post-425","page","type-page","status-publish","hentry"],"acf":[],"_links":{"self":[{"href":"https:\/\/o-seznam.cz\/napoveda\/email\/wp-json\/wp\/v2\/pages\/425","targetHints":{"allow":["GET"]}}],"collection":[{"href":"https:\/\/o-seznam.cz\/napoveda\/email\/wp-json\/wp\/v2\/pages"}],"about":[{"href":"https:\/\/o-seznam.cz\/napoveda\/email\/wp-json\/wp\/v2\/types\/page"}],"author":[{"embeddable":true,"href":"https:\/\/o-seznam.cz\/napoveda\/email\/wp-json\/wp\/v2\/users\/13"}],"replies":[{"embeddable":true,"href":"https:\/\/o-seznam.cz\/napoveda\/email\/wp-json\/wp\/v2\/comments?post=425"}],"version-history":[{"count":14,"href":"https:\/\/o-seznam.cz\/napoveda\/email\/wp-json\/wp\/v2\/pages\/425\/revisions"}],"predecessor-version":[{"id":1335,"href":"https:\/\/o-seznam.cz\/napoveda\/email\/wp-json\/wp\/v2\/pages\/425\/revisions\/1335"}],"up":[{"embeddable":true,"href":"https:\/\/o-seznam.cz\/napoveda\/email\/wp-json\/wp\/v2\/pages\/379"}],"wp:attachment":[{"href":"https:\/\/o-seznam.cz\/napoveda\/email\/wp-json\/wp\/v2\/media?parent=425"}],"wp:term":[{"taxonomy":"page_category","embeddable":true,"href":"https:\/\/o-seznam.cz\/napoveda\/email\/wp-json\/wp\/v2\/page_category?post=425"},{"taxonomy":"page_tag","embeddable":true,"href":"https:\/\/o-seznam.cz\/napoveda\/email\/wp-json\/wp\/v2\/page_tag?post=425"},{"taxonomy":"service_status_category","embeddable":true,"href":"https:\/\/o-seznam.cz\/napoveda\/email\/wp-json\/wp\/v2\/service_status_category?post=425"}],"curies":[{"name":"wp","href":"https:\/\/api.w.org\/{rel}","templated":true}]}}