{"id":411,"date":"2024-10-30T15:59:27","date_gmt":"2024-10-30T14:59:27","guid":{"rendered":"https:\/\/o-seznam.cz\/napoveda\/email\/?page_id=411"},"modified":"2025-01-14T16:39:14","modified_gmt":"2025-01-14T15:39:14","slug":"pridani-domeny","status":"publish","type":"page","link":"https:\/\/o-seznam.cz\/napoveda\/email\/profi\/pridani-domeny\/","title":{"rendered":"P\u0159id\u00e1n\u00ed dom\u00e9ny"},"content":{"rendered":"\n<div class=\"wp-block-group is-layout-constrained wp-block-group-is-layout-constrained\">\n<p>Pokud nevlastn\u00edte dom\u00e9nu, m\u016f\u017eete si ji p\u0159\u00edmo v administraci Emailu Profi zakoupit. Jestli vlastn\u00ed dom\u00e9nu m\u00e1te, m\u016f\u017eete celou dom\u00e9nu p\u0159ev\u00e9st pod Seznam.cz jako\u017eto nov\u00e9ho registr\u00e1tora nebo ji ponechat u st\u00e1vaj\u00edc\u00edho registr\u00e1tora a do Emailu Profi ji napojit pouze pro vyu\u017e\u00edv\u00e1n\u00ed e-mailov\u00e9ho \u0159e\u0161en\u00ed. <br>Postupy najdete v n\u00e1sleduj\u00edc\u00edch \u010dl\u00e1nc\u00edch.<\/p>\n\n\n<div class=\"wp-block-seznam-list-pages\"><div>\n<div style=\"--seznam-tiles--columns:3\" class=\"wp-block-seznam-tiles has-columns-3\"><div class=\"inner-blocks\">\n<div class=\"block-boxlink\"><a class=\"boxlink boxlink--icon-arrow boxlink--align-y-center px-f8 py-f4\" href=\"https:\/\/o-seznam.cz\/napoveda\/email\/profi\/pridani-domeny\/nakup-nove-domeny\/\"><div class=\"inner-blocks\">N\u00e1kup nov\u00e9 dom\u00e9ny<\/div><\/a><\/div><div class=\"block-boxlink\"><a class=\"boxlink boxlink--icon-arrow boxlink--align-y-center px-f8 py-f4\" href=\"https:\/\/o-seznam.cz\/napoveda\/email\/profi\/pridani-domeny\/prevedeni-domeny-k-seznamu\/\"><div class=\"inner-blocks\">P\u0159eveden\u00ed dom\u00e9ny k Seznamu<\/div><\/a><\/div><div class=\"block-boxlink\"><a class=\"boxlink boxlink--icon-arrow boxlink--align-y-center px-f8 py-f4\" href=\"https:\/\/o-seznam.cz\/napoveda\/email\/profi\/pridani-domeny\/napojeni-existujici-domeny\/\"><div class=\"inner-blocks\">Napojen\u00ed existuj\u00edc\u00ed dom\u00e9ny<\/div><\/a><\/div><div class=\"block-boxlink\"><a class=\"boxlink boxlink--icon-arrow boxlink--align-y-center px-f8 py-f4\" href=\"https:\/\/o-seznam.cz\/napoveda\/email\/profi\/pridani-domeny\/prodlouzeni-domeny\/\"><div class=\"inner-blocks\">Prodlou\u017een\u00ed dom\u00e9ny<\/div><\/a><\/div><\/div><\/div>\n\n<\/div><\/div>\n<\/div>\n","protected":false},"excerpt":{"rendered":"<p>Pokud nevlastn\u00edte dom\u00e9nu, m\u016f\u017eete si ji p\u0159\u00edmo v administraci Emailu Profi zakoupit. Jestli vlastn\u00ed dom\u00e9nu m\u00e1te, m\u016f\u017eete celou dom\u00e9nu p\u0159ev\u00e9st pod Seznam.cz jako\u017eto nov\u00e9ho registr\u00e1tora nebo ji ponechat u st\u00e1vaj\u00edc\u00edho registr\u00e1tora a do Emailu Profi ji napojit pouze pro vyu\u017e\u00edv\u00e1n\u00ed e-mailov\u00e9ho \u0159e\u0161en\u00ed. Postupy najdete v n\u00e1sleduj\u00edc\u00edch \u010dl\u00e1nc\u00edch.<\/p>\n","protected":false},"author":13,"featured_media":0,"parent":379,"menu_order":20,"comment_status":"closed","ping_status":"closed","template":"page-sidemenu","meta":{"_acf_changed":false,"_relevanssi_hide_post":"","_relevanssi_hide_content":"","_relevanssi_pin_for_all":"","_relevanssi_pin_keywords":"","_relevanssi_unpin_keywords":"","_relevanssi_related_keywords":"","_relevanssi_related_include_ids":"","_relevanssi_related_exclude_ids":"","_relevanssi_related_no_append":"","_relevanssi_related_not_related":"","_relevanssi_related_posts":"","_relevanssi_noindex_reason":"","footnotes":""},"page_category":[12],"page_tag":[],"service_status_category":[],"class_list":["post-411","page","type-page","status-publish","hentry"],"acf":[],"_links":{"self":[{"href":"https:\/\/o-seznam.cz\/napoveda\/email\/wp-json\/wp\/v2\/pages\/411","targetHints":{"allow":["GET"]}}],"collection":[{"href":"https:\/\/o-seznam.cz\/napoveda\/email\/wp-json\/wp\/v2\/pages"}],"about":[{"href":"https:\/\/o-seznam.cz\/napoveda\/email\/wp-json\/wp\/v2\/types\/page"}],"author":[{"embeddable":true,"href":"https:\/\/o-seznam.cz\/napoveda\/email\/wp-json\/wp\/v2\/users\/13"}],"replies":[{"embeddable":true,"href":"https:\/\/o-seznam.cz\/napoveda\/email\/wp-json\/wp\/v2\/comments?post=411"}],"version-history":[{"count":12,"href":"https:\/\/o-seznam.cz\/napoveda\/email\/wp-json\/wp\/v2\/pages\/411\/revisions"}],"predecessor-version":[{"id":1249,"href":"https:\/\/o-seznam.cz\/napoveda\/email\/wp-json\/wp\/v2\/pages\/411\/revisions\/1249"}],"up":[{"embeddable":true,"href":"https:\/\/o-seznam.cz\/napoveda\/email\/wp-json\/wp\/v2\/pages\/379"}],"wp:attachment":[{"href":"https:\/\/o-seznam.cz\/napoveda\/email\/wp-json\/wp\/v2\/media?parent=411"}],"wp:term":[{"taxonomy":"page_category","embeddable":true,"href":"https:\/\/o-seznam.cz\/napoveda\/email\/wp-json\/wp\/v2\/page_category?post=411"},{"taxonomy":"page_tag","embeddable":true,"href":"https:\/\/o-seznam.cz\/napoveda\/email\/wp-json\/wp\/v2\/page_tag?post=411"},{"taxonomy":"service_status_category","embeddable":true,"href":"https:\/\/o-seznam.cz\/napoveda\/email\/wp-json\/wp\/v2\/service_status_category?post=411"}],"curies":[{"name":"wp","href":"https:\/\/api.w.org\/{rel}","templated":true}]}}