{"id":407,"date":"2024-10-30T15:54:33","date_gmt":"2024-10-30T14:54:33","guid":{"rendered":"https:\/\/o-seznam.cz\/napoveda\/email\/?page_id=407"},"modified":"2024-12-04T18:26:13","modified_gmt":"2024-12-04T17:26:13","slug":"zakladni-informace","status":"publish","type":"page","link":"https:\/\/o-seznam.cz\/napoveda\/email\/profi\/zakladni-informace\/","title":{"rendered":"Registrace a p\u0159ihl\u00e1\u0161en\u00ed"},"content":{"rendered":"\n<p>Slu\u017eba Email Profi v\u00e1m umo\u017e\u0148uje zdarma napojit vlastn\u00ed dom\u00e9nu na Seznam.cz a provozovat sv\u00e9 e-mailov\u00e9 schr\u00e1nky na Seznamu. A\u0165 u\u017e dom\u00e9nu vlastn\u00edte a nebo zat\u00edm ne, Email Profi v\u00e1m zjednodu\u0161\u00ed z\u0159\u00edzen\u00ed a spr\u00e1vu elektronick\u00e9 po\u0161ty.<\/p>\n\n\n\n<div class=\"wp-block-group is-layout-constrained wp-block-group-is-layout-constrained\">\n<p><strong>Pro\u010d zvolit Email Profi?<\/strong><\/p>\n\n\n\n<ul class=\"wp-block-list\">\n<li>Ji\u017e m\u00e1te webov\u00e9 str\u00e1nky na vlastn\u00ed adrese a chcete k nim i reprezentativn\u00ed e-mailov\u00e9 adresy.<\/li>\n\n\n\n<li>Hled\u00e1te jednoduch\u00e9 \u0159e\u0161en\u00ed pro pohodlnou spr\u00e1vu e-mailov\u00fdch schr\u00e1nek, kter\u00e9 v\u0161echna pokro\u010dil\u00e1 technick\u00e1 nastaven\u00ed vy\u0159e\u0161\u00ed za v\u00e1s.<\/li>\n\n\n\n<li>E-maily chcete spravovat ve v\u00e1m dob\u0159e zn\u00e1m\u00e9m a p\u0159\u00edv\u011btiv\u00e9m rozhran\u00ed Seznam Emailu, ve kter\u00e9m je ka\u017ed\u00e1 zm\u011bna z\u00e1le\u017eitost\u00ed okam\u017eiku. Nemus\u00edte se u\u010dit pracovat s nov\u00fdm prost\u0159ed\u00edm u jin\u00e9ho poskytovatele.<\/li>\n<\/ul>\n<\/div>\n\n\n\n<div class=\"wp-block-group is-layout-constrained wp-block-group-is-layout-constrained\">\n<p class=\"is-style-next\"><a href=\"https:\/\/o-seznam.cz\/napoveda\/email\/profi\/zakladni-informace\/jak-se-zaregistrovat-do-email-profi\/\">Registrace do Emailu Profi<\/a><\/p>\n\n\n\n<p class=\"is-style-next\"><a href=\"https:\/\/o-seznam.cz\/napoveda\/email\/profi\/zakladni-informace\/prihlaseni-do-administrace-domeny\/\">P\u0159ihl\u00e1\u0161en\u00ed do administrace dom\u00e9ny<\/a><\/p>\n\n\n\n<p class=\"is-style-next\"><a href=\"https:\/\/o-seznam.cz\/napoveda\/email\/profi\/zakladni-informace\/prihlaseni-do-schranky-na-emailu-profi\/\">P\u0159ihl\u00e1\u0161en\u00ed do schr\u00e1nky na Emailu Profi<\/a><\/p>\n<\/div>\n\n\n\n<p><\/p>\n","protected":false},"excerpt":{"rendered":"<p>Slu\u017eba Email Profi v\u00e1m umo\u017e\u0148uje zdarma napojit vlastn\u00ed dom\u00e9nu na Seznam.cz a provozovat sv\u00e9 e-mailov\u00e9 schr\u00e1nky na Seznamu. A\u0165 u\u017e dom\u00e9nu vlastn\u00edte a nebo zat\u00edm ne, Email Profi v\u00e1m zjednodu\u0161\u00ed z\u0159\u00edzen\u00ed a spr\u00e1vu elektronick\u00e9 po\u0161ty. Pro\u010d zvolit Email Profi? Registrace do Emailu Profi P\u0159ihl\u00e1\u0161en\u00ed do administrace dom\u00e9ny P\u0159ihl\u00e1\u0161en\u00ed do schr\u00e1nky na Emailu Profi<\/p>\n","protected":false},"author":13,"featured_media":0,"parent":379,"menu_order":10,"comment_status":"closed","ping_status":"closed","template":"page-sidemenu","meta":{"_acf_changed":false,"_relevanssi_hide_post":"","_relevanssi_hide_content":"","_relevanssi_pin_for_all":"","_relevanssi_pin_keywords":"","_relevanssi_unpin_keywords":"","_relevanssi_related_keywords":"","_relevanssi_related_include_ids":"","_relevanssi_related_exclude_ids":"","_relevanssi_related_no_append":"","_relevanssi_related_not_related":"","_relevanssi_related_posts":"","_relevanssi_noindex_reason":"","footnotes":""},"page_category":[12],"page_tag":[],"service_status_category":[],"class_list":["post-407","page","type-page","status-publish","hentry"],"acf":[],"_links":{"self":[{"href":"https:\/\/o-seznam.cz\/napoveda\/email\/wp-json\/wp\/v2\/pages\/407","targetHints":{"allow":["GET"]}}],"collection":[{"href":"https:\/\/o-seznam.cz\/napoveda\/email\/wp-json\/wp\/v2\/pages"}],"about":[{"href":"https:\/\/o-seznam.cz\/napoveda\/email\/wp-json\/wp\/v2\/types\/page"}],"author":[{"embeddable":true,"href":"https:\/\/o-seznam.cz\/napoveda\/email\/wp-json\/wp\/v2\/users\/13"}],"replies":[{"embeddable":true,"href":"https:\/\/o-seznam.cz\/napoveda\/email\/wp-json\/wp\/v2\/comments?post=407"}],"version-history":[{"count":20,"href":"https:\/\/o-seznam.cz\/napoveda\/email\/wp-json\/wp\/v2\/pages\/407\/revisions"}],"predecessor-version":[{"id":877,"href":"https:\/\/o-seznam.cz\/napoveda\/email\/wp-json\/wp\/v2\/pages\/407\/revisions\/877"}],"up":[{"embeddable":true,"href":"https:\/\/o-seznam.cz\/napoveda\/email\/wp-json\/wp\/v2\/pages\/379"}],"wp:attachment":[{"href":"https:\/\/o-seznam.cz\/napoveda\/email\/wp-json\/wp\/v2\/media?parent=407"}],"wp:term":[{"taxonomy":"page_category","embeddable":true,"href":"https:\/\/o-seznam.cz\/napoveda\/email\/wp-json\/wp\/v2\/page_category?post=407"},{"taxonomy":"page_tag","embeddable":true,"href":"https:\/\/o-seznam.cz\/napoveda\/email\/wp-json\/wp\/v2\/page_tag?post=407"},{"taxonomy":"service_status_category","embeddable":true,"href":"https:\/\/o-seznam.cz\/napoveda\/email\/wp-json\/wp\/v2\/service_status_category?post=407"}],"curies":[{"name":"wp","href":"https:\/\/api.w.org\/{rel}","templated":true}]}}