{"id":379,"date":"2024-10-29T08:33:00","date_gmt":"2024-10-29T07:33:00","guid":{"rendered":"https:\/\/o-seznam.cz\/napoveda\/email\/?page_id=379"},"modified":"2025-03-03T07:48:56","modified_gmt":"2025-03-03T06:48:56","slug":"profi","status":"publish","type":"page","link":"https:\/\/o-seznam.cz\/napoveda\/email\/profi\/","title":{"rendered":"Email Profi"},"content":{"rendered":"\n<div class=\"wp-block-group alignwide is-layout-constrained wp-block-group-is-layout-constrained\">\n<div class=\"wp-block-group alignwide is-layout-constrained wp-block-group-is-layout-constrained\"><div class=\"alignwide alignwide wp-block-seznam-hero\"><div class=\"cover is-hero is-hero-default bg-neutral-40\"><img decoding=\"async\" src=\"https:\/\/o-seznam.cz\/napoveda\/email\/wp-content\/themes\/seznam\/patterns\/images\/seznam-cover.jpg\" class=\"cover__media\" alt=\"\" \/><div class=\"cover__dim\" style=\"opacity:0.45\"><\/div><div class=\"cover__content is-layout-constrained\">\n\n<h1 class=\"wp-block-heading has-text-align-left\">N\u00e1pov\u011bda<br>Email Profi<\/h1>\n\n\n\n<div class=\"wp-block-group is-content-justification-left is-layout-constrained wp-container-core-group-is-layout-59d06cab wp-block-group-is-layout-constrained\">\n<p>Stru\u010dn\u00e9 tipy, jak nastavit firemn\u00ed e-mail na vlastn\u00ed dom\u00e9n\u011b \u010di propojit dom\u00e9nu se Seznamem, spravovat e-mailov\u00e9 schr\u00e1nky a nastavit d\u016fle\u017eit\u00e9 DNS z\u00e1znamy.<\/p>\n<\/div>\n\n<\/div><\/div><\/div>\n\n\n<\/div>\n<\/div>\n\n\n\n<div class=\"wp-block-group is-layout-constrained wp-block-group-is-layout-constrained\">\n<h2 class=\"wp-block-heading\">Nej\u010dast\u011bj\u0161\u00ed dotazy<\/h2>\n\n\n\n<div class=\"accordion limiter\" data-limiter=\"6\" data-limiter-selector=\"&gt; .accordion__items\">\n\t<div class=\"accordion__items\">\n\n<details class=\"expander is-style-default\">\n\t<summary data-datalayer-name=\"\" data-datalayer-text=\"Kolik Email Profi stoj\u00ed?\">\n\t\t\t\t<strong>Kolik Email Profi stoj\u00ed?<\/strong>\n\t\t\t<\/summary>\n\t<div class=\"inner-blocks\">\n\n<p>Email Profi na va\u0161\u00ed dom\u00e9n\u011b je u n\u00e1s zdarma bez ohledu na po\u010det schr\u00e1nek, kter\u00e9 si k n\u00ed zalo\u017e\u00edte. Pokud je\u0161t\u011b \u017e\u00e1dnou dom\u00e9nu nevlastn\u00edte, m\u016f\u017eete si ji u n\u00e1s rovnou zakoupit.&nbsp;<\/p>\n\n<\/div><\/details>\n\n\n\n<details class=\"expander is-style-default\">\n\t<summary data-datalayer-name=\"\" data-datalayer-text=\"M\u00e1m vlastn\u00ed dom\u00e9nu a chci Email Profi\">\n\t\t\t\t<strong>M\u00e1m vlastn\u00ed dom\u00e9nu a chci Email Profi<\/strong>\n\t\t\t<\/summary>\n\t<div class=\"inner-blocks\">\n\n<p>Pro napojen\u00ed na na\u0161e po\u0161tovn\u00ed servery budete pot\u0159ebovat&nbsp;p\u0159\u00edstup ke spr\u00e1v\u011b sv\u00e9 dom\u00e9ny&nbsp;nebo kontakt na spr\u00e1vce. Neobejdeme se bez zm\u011bny tzv. MX z\u00e1znam\u016f u st\u00e1vaj\u00edc\u00edho registr\u00e1tora va\u0161\u00ed dom\u00e9ny.<\/p>\n\n<\/div><\/details>\n\n\n\n<details class=\"expander is-style-default\">\n\t<summary data-datalayer-name=\"\" data-datalayer-text=\"Nem\u00e1m dom\u00e9nu, jak m\u00e1m postupovat?\">\n\t\t\t\t<strong>Nem\u00e1m dom\u00e9nu, jak m\u00e1m postupovat?<\/strong>\n\t\t\t<\/summary>\n\t<div class=\"inner-blocks\">\n\n<p>S po\u0159\u00edzen\u00edm dom\u00e9ny v\u00e1m pom\u016f\u017ee n\u00e1\u0161\u00a0<a class=\"is-style-link-external\" href=\"https:\/\/emailprofi.seznam.cz\/add-domain\" target=\"_blank\" rel=\"noreferrer noopener\">p\u0159ehledn\u00fd pr\u016fvodce<\/a>, sta\u010d\u00ed vybrat mo\u017enost \u201cKoupit dom\u00e9nu\u201d. Registrace dom\u00e9ny na jeden rok stoj\u00ed 199 K\u010d. Zaplatit m\u016f\u017eete jednodu\u0161e platebn\u00ed kartou nebo p\u0159es Seznam Pen\u011b\u017eenku.<\/p>\n\n<\/div><\/details>\n\n\n\n<details class=\"expander is-style-default\">\n\t<summary data-datalayer-name=\"\" data-datalayer-text=\"Jak se p\u0159ihl\u00e1s\u00edm do Profi schr\u00e1nky?\">\n\t\t\t\t<strong>Jak se p\u0159ihl\u00e1s\u00edm do Profi schr\u00e1nky?<\/strong>\n\t\t\t<\/summary>\n\t<div class=\"inner-blocks\">\n\n<p>Do schr\u00e1nky na Email Profi se&nbsp;p\u0159ihl\u00e1s\u00edte&nbsp;stejn\u011b jako do b\u011b\u017en\u00e9 schr\u00e1nky na Seznamu. Jen do pole pro u\u017eivatelsk\u00e9 jm\u00e9no nap\u00ed\u0161ete celou e-mailovou adresu.<\/p>\n\n<\/div><\/details>\n\n\n\n<details class=\"expander is-style-default\">\n\t<summary data-datalayer-name=\"\" data-datalayer-text=\"Kde najdu sv\u00e9 star\u00e9 e-maily?\">\n\t\t\t\t<strong>Kde najdu sv\u00e9 star\u00e9 e-maily?<\/strong>\n\t\t\t<\/summary>\n\t<div class=\"inner-blocks\">\n\n<p class=\"is-style-link-external\">Star\u0161\u00ed zpr\u00e1vy si m\u016f\u017eete p\u0159en\u00e9st do sv\u00e9 nov\u00e9 schr\u00e1nky na Email Profi, tak\u017ee o nic nep\u0159ijdete. Import m\u016f\u017eete prov\u00e9st ji\u017e p\u0159i jej\u00edm zalo\u017een\u00ed nebo kdykoli pozd\u011bji p\u0159\u00edmo z nastaven\u00ed schr\u00e1nky nebo administrace Emailu Profi. <\/p>\n\n<\/div><\/details>\n\n\n\n<details class=\"expander is-style-default\">\n\t<summary data-datalayer-name=\"\" data-datalayer-text=\"Synchronizace s mobiln\u00edm za\u0159\u00edzen\u00edm a po\u0161tovn\u00ed klienti\">\n\t\t\t\t<strong>Synchronizace s mobiln\u00edm za\u0159\u00edzen\u00edm a po\u0161tovn\u00ed klienti<\/strong>\n\t\t\t<\/summary>\n\t<div class=\"inner-blocks\">\n\n<p>Svou schr\u00e1nku na Email Profi m\u016f\u017eete vyb\u00edrat kdekoli i z mobiln\u00edho za\u0159\u00edzen\u00ed d\u00edky aplikaci Email.cz pro&nbsp;<a class=\"is-style-link-external\" href=\"https:\/\/play.google.com\/store\/apps\/details?id=cz.seznam.email\" target=\"_blank\" rel=\"noreferrer noopener\">Android<\/a>&nbsp;nebo pro&nbsp;<a class=\"is-style-link-external\" href=\"https:\/\/apps.apple.com\/cz\/app\/email-cz\/id965773009\" target=\"_blank\" rel=\"noreferrer noopener\">iOS<\/a>. Pokud jste zvykl\u00ed pou\u017e\u00edvat&nbsp;po\u0161tovn\u00ed program, doporu\u010dujeme pou\u017e\u00edvat Mozilla Thunderbird nebo Apple Mail. Adresy server\u016f pro nastaven\u00ed po\u0161tovn\u00edch program\u016f najdete <a href=\"https:\/\/o-seznam.cz\/napoveda\/email\/mohlo-by-se-hodit\/postovni-programy-a-aplikace\/\">v tomto \u010dl\u00e1nku<\/a>.<\/p>\n\n<\/div><\/details>\n\n\n\n<details class=\"expander is-style-default limiter-item-hidden\">\n\t<summary data-datalayer-name=\"\" data-datalayer-text=\"Nepoznamenal\/a jsem si po\u017eadovan\u00e9 MX z\u00e1znamy, daj\u00ed se n\u011bkde dohledat, nebo znovu vygenerovat?\">\n\t\t\t\t<strong>Nepoznamenal\/a jsem si po\u017eadovan\u00e9 MX z\u00e1znamy, daj\u00ed se n\u011bkde dohledat, nebo znovu vygenerovat?<\/strong>\n\t\t\t<\/summary>\n\t<div class=\"inner-blocks\">\n\n<p>Po\u017eadovan\u00e9 MX z\u00e1znamy m\u016f\u017eete naj\u00edt v administraci Email Profi &#8211; <a href=\"https:\/\/emailprofi.seznam.cz\/\" target=\"_blank\" rel=\"noreferrer noopener\">https:\/\/emailprofi.seznam.cz\/<\/a> , nebo v e-mailov\u00e9 schr\u00e1nce spr\u00e1vce dom\u00e9ny. Instrukce pro zm\u011bnu MX z\u00e1znam\u016f v\u00e1m v\u017edy za\u0161leme i e-mailem na adresu spr\u00e1vcovsk\u00e9ho \u00fa\u010dtu.<\/p>\n\n<\/div><\/details>\n\n<\/div><\/div>\n\n<\/div>\n\n\n\n<div class=\"wp-block-group is-layout-constrained wp-block-group-is-layout-constrained\">\n<h2 class=\"wp-block-heading\">N\u00e1pov\u011bda pro Email Profi<\/h2>\n\n\n<div class=\"wp-block-seznam-list-pages\"><div>\n<div style=\"--seznam-tiles--columns:3\" class=\"wp-block-seznam-tiles has-columns-3\"><div class=\"inner-blocks\">\n<div class=\"block-boxlink\"><a class=\"boxlink boxlink--icon-arrow boxlink--align-y-center px-f8 py-f4\" href=\"https:\/\/o-seznam.cz\/napoveda\/email\/profi\/zakladni-informace\/\"><div class=\"inner-blocks\">Registrace a p\u0159ihl\u00e1\u0161en\u00ed<\/div><\/a><\/div><div class=\"block-boxlink\"><a class=\"boxlink boxlink--icon-arrow boxlink--align-y-center px-f8 py-f4\" href=\"https:\/\/o-seznam.cz\/napoveda\/email\/profi\/pridani-domeny\/\"><div class=\"inner-blocks\">P\u0159id\u00e1n\u00ed dom\u00e9ny<\/div><\/a><\/div><div class=\"block-boxlink\"><a class=\"boxlink boxlink--icon-arrow boxlink--align-y-center px-f8 py-f4\" href=\"https:\/\/o-seznam.cz\/napoveda\/email\/profi\/organizace-domeny-a-schranky\/\"><div class=\"inner-blocks\">Dom\u00e9ny a schr\u00e1nky<\/div><\/a><\/div><div class=\"block-boxlink\"><a class=\"boxlink boxlink--icon-arrow boxlink--align-y-center px-f8 py-f4\" href=\"https:\/\/o-seznam.cz\/napoveda\/email\/profi\/dns-zaznamy\/\"><div class=\"inner-blocks\">DNS z\u00e1znamy<\/div><\/a><\/div><div class=\"block-boxlink\"><a class=\"boxlink boxlink--icon-arrow boxlink--align-y-center px-f8 py-f4\" href=\"https:\/\/o-seznam.cz\/napoveda\/email\/profi\/zaznamy-pro-autentifikaci-posty\/\"><div class=\"inner-blocks\">Autentifikace po\u0161ty<\/div><\/a><\/div><div class=\"block-boxlink\"><a class=\"boxlink boxlink--icon-arrow boxlink--align-y-center px-f8 py-f4\" href=\"https:\/\/o-seznam.cz\/napoveda\/email\/profi\/reseni-nejcastejsich-potizi\/\"><div class=\"inner-blocks\">\u0158e\u0161en\u00ed nej\u010dast\u011bj\u0161\u00edch pot\u00ed\u017e\u00ed<\/div><\/a><\/div><div class=\"block-boxlink\"><a class=\"boxlink boxlink--icon-arrow boxlink--align-y-center px-f8 py-f4\" href=\"https:\/\/o-seznam.cz\/napoveda\/email\/profi\/smluvni-podminky\/\"><div class=\"inner-blocks\">Smluvn\u00ed podm\u00ednky<\/div><\/a><\/div><\/div><\/div>\n\n<\/div><\/div>\n<\/div>\n\n\n\n<div class=\"wp-block-group is-layout-constrained wp-block-group-is-layout-constrained\">\n<h2 class=\"wp-block-heading\">Souvisej\u00edc\u00ed n\u00e1pov\u011bdy<\/h2>\n\n\n\n<div class=\"wp-block-seznam-tiles has-columns-3\" style=\"--seznam-tiles--columns:3\"><div class=\"inner-blocks\"><div class=\"block-boxlink\"><a class=\"boxlink boxlink--icon-none px-f4 py-f4\" href=\"https:\/\/o-seznam.cz\/napoveda\/email\/\"><div class=\"inner-blocks\">\n<div class=\"boxlink-logo\">\n\t<img loading=\"lazy\" decoding=\"async\" width=\"368\" height=\"85\" src=\"https:\/\/o-seznam.cz\/napoveda\/email\/wp-content\/uploads\/sites\/9\/2024\/12\/email-cz-logo.svg\" class=\"attachment-full size-full\" alt=\"\" \/><\/div>\n\n\t<div class=\"ml-f4\">\n\t\t<strong>Email.cz<\/strong>\n\t<\/div>\n\n <\/div><\/a><\/div>\n\n<div class=\"block-boxlink\"><a class=\"boxlink boxlink--icon-none px-f4 py-f4\" href=\"https:\/\/o-seznam.cz\/napoveda\/email\/kalendar\/\"><div class=\"inner-blocks\">\n<div class=\"boxlink-logo\">\n\t<img loading=\"lazy\" decoding=\"async\" width=\"309\" height=\"94\" src=\"https:\/\/o-seznam.cz\/napoveda\/email\/wp-content\/uploads\/sites\/9\/2024\/12\/email-kalendar-logo.svg\" class=\"attachment-full size-full\" alt=\"\" \/><\/div>\n\n\t<div class=\"ml-f4\">\n\t\t<strong>Kalend\u00e1\u0159<\/strong>\n\t<\/div>\n\n <\/div><\/a><\/div><\/div><\/div>\n<\/div>\n\n\n\n<div class=\"wp-block-group is-layout-constrained wp-block-group-is-layout-constrained\">\n<h2 class=\"wp-block-heading\">Mohlo by v\u00e1s zaj\u00edmat<\/h2>\n\n\n\n<div class=\"wp-block-seznam-tiles has-columns-2\" style=\"--seznam-tiles--columns:2\"><div class=\"inner-blocks\"><div class=\"block-boxlink\"><a class=\"boxlink boxlink--icon-external px-f8 py-f4\" href=\"https:\/\/www.emailprofi.cz\/\" target=\"_blank\"><div class=\"inner-blocks\">\n\n<p>V\u00edce o Emailu Profi<\/p>\n\n<\/div><\/a><\/div><\/div><\/div>\n<\/div>\n","protected":false},"excerpt":{"rendered":"<p>Nej\u010dast\u011bj\u0161\u00ed dotazy N\u00e1pov\u011bda pro Email Profi Souvisej\u00edc\u00ed n\u00e1pov\u011bdy Mohlo by v\u00e1s zaj\u00edmat<\/p>\n","protected":false},"author":2,"featured_media":0,"parent":0,"menu_order":0,"comment_status":"closed","ping_status":"closed","template":"page-no-head","meta":{"_acf_changed":false,"_relevanssi_hide_post":"","_relevanssi_hide_content":"","_relevanssi_pin_for_all":"","_relevanssi_pin_keywords":"","_relevanssi_unpin_keywords":"","_relevanssi_related_keywords":"","_relevanssi_related_include_ids":"","_relevanssi_related_exclude_ids":"","_relevanssi_related_no_append":"","_relevanssi_related_not_related":"","_relevanssi_related_posts":"","_relevanssi_noindex_reason":"","footnotes":""},"page_category":[12],"page_tag":[],"service_status_category":[20,37],"class_list":["post-379","page","type-page","status-publish","hentry"],"acf":[],"_links":{"self":[{"href":"https:\/\/o-seznam.cz\/napoveda\/email\/wp-json\/wp\/v2\/pages\/379","targetHints":{"allow":["GET"]}}],"collection":[{"href":"https:\/\/o-seznam.cz\/napoveda\/email\/wp-json\/wp\/v2\/pages"}],"about":[{"href":"https:\/\/o-seznam.cz\/napoveda\/email\/wp-json\/wp\/v2\/types\/page"}],"author":[{"embeddable":true,"href":"https:\/\/o-seznam.cz\/napoveda\/email\/wp-json\/wp\/v2\/users\/2"}],"replies":[{"embeddable":true,"href":"https:\/\/o-seznam.cz\/napoveda\/email\/wp-json\/wp\/v2\/comments?post=379"}],"version-history":[{"count":23,"href":"https:\/\/o-seznam.cz\/napoveda\/email\/wp-json\/wp\/v2\/pages\/379\/revisions"}],"predecessor-version":[{"id":1388,"href":"https:\/\/o-seznam.cz\/napoveda\/email\/wp-json\/wp\/v2\/pages\/379\/revisions\/1388"}],"wp:attachment":[{"href":"https:\/\/o-seznam.cz\/napoveda\/email\/wp-json\/wp\/v2\/media?parent=379"}],"wp:term":[{"taxonomy":"page_category","embeddable":true,"href":"https:\/\/o-seznam.cz\/napoveda\/email\/wp-json\/wp\/v2\/page_category?post=379"},{"taxonomy":"page_tag","embeddable":true,"href":"https:\/\/o-seznam.cz\/napoveda\/email\/wp-json\/wp\/v2\/page_tag?post=379"},{"taxonomy":"service_status_category","embeddable":true,"href":"https:\/\/o-seznam.cz\/napoveda\/email\/wp-json\/wp\/v2\/service_status_category?post=379"}],"curies":[{"name":"wp","href":"https:\/\/api.w.org\/{rel}","templated":true}]}}