{"id":362,"date":"2024-11-28T13:36:24","date_gmt":"2024-11-28T12:36:24","guid":{"rendered":"https:\/\/o-seznam.cz\/napoveda\/email\/?page_id=362"},"modified":"2024-12-14T01:01:37","modified_gmt":"2024-12-14T00:01:37","slug":"feedback-loop-fbl","status":"publish","type":"page","link":"https:\/\/o-seznam.cz\/napoveda\/email\/pro-odesilatele-hromadnych-zprav\/feedback-loop-fbl\/","title":{"rendered":"Seznam Feedback Loop"},"content":{"rendered":"\n<div class=\"wp-block-group is-layout-constrained wp-block-group-is-layout-constrained\">\n<div class=\"wp-block-group is-layout-constrained wp-block-group-is-layout-constrained\">\n<p><strong>Seznam Feedback Loop<\/strong> (FBL) je bezplatn\u00fd n\u00e1stroj, prost\u0159ednictv\u00edm kter\u00e9ho dost\u00e1v\u00e1 registrovan\u00fd rozes\u00edlatel zp\u011btnou vazbu o tom, kdo ozna\u010dil jeho zpr\u00e1vy v Seznam.cz Emailu jako spam.<\/p>\n\n\n\n<p>Adres\u00e1ty, kte\u0159\u00ed va\u0161e e-maily ozna\u010dili za spam, odstra\u0148ujte ze sv\u00e9 datab\u00e1ze \u2013 p\u0159edejdete tak zhor\u0161en\u00ed reputace va\u0161\u00ed dom\u00e9ny a IP adresy. Ta kles\u00e1 s ka\u017edou dal\u0161\u00ed st\u00ed\u017enost\u00ed a hroz\u00ed automatick\u00e9 pad\u00e1n\u00ed do slo\u017eky Spam \u010di \u00fapln\u00e9 zablokov\u00e1n\u00ed.<\/p>\n<\/div>\n<\/div>\n\n\n\n<div class=\"wp-block-group is-layout-constrained wp-block-group-is-layout-constrained\">\n<h2 class=\"wp-block-heading\">Jak se do FBL registrovat?<\/h2>\n\n\n\n<p>Registraci provedete na webov\u00e9 str\u00e1nce <a class=\"is-style-link-external\" href=\"https:\/\/fbl.seznam.cz\" target=\"_blank\" rel=\"noreferrer noopener\">https:\/\/fbl.seznam.cz<\/a>. Sta\u010d\u00ed se p\u0159ihl\u00e1sit Seznam \u00fa\u010dtem, kter\u00fdm chcete registrovan\u00e9 dom\u00e9ny spravovat. Ka\u017ed\u00e1 dom\u00e9na m\u016f\u017ee b\u00fdt ve FBL pouze pod jedn\u00edm \u00fa\u010dtem; pokud pot\u0159ebujete v\u00edce p\u0159\u00edstup\u016f, je mo\u017en\u00e9 nastavit dal\u0161\u00edm \u00fa\u010dt\u016fm p\u0159es sd\u00edlen\u00ed p\u0159\u00edstupu pr\u00e1va n\u00e1hledu na statistiky dom\u00e9ny, tyto dal\u0161\u00ed \u00fa\u010dty ale nebudou m\u00edt mo\u017enost ji aktivn\u011b spravovat.<\/p>\n\n\n\n<p>Pro p\u0159id\u00e1n\u00ed dom\u00e9ny do n\u00e1stroje FBL p\u0159ejd\u011bte do z\u00e1lo\u017eky Feedback loop -&gt; Spr\u00e1va dom\u00e9n a vypl\u0148te n\u00e1sleduj\u00edc\u00ed \u00fadaje:<\/p>\n\n\n\n<ul class=\"wp-block-list\">\n<li><strong>Dom\u00e9na <\/strong>\u2013 dom\u00e9na z DKIM podpisu (d=)<\/li>\n\n\n\n<li><strong>Selektor <\/strong>\u2013 selektor z DKIM podpisu (s=)<\/li>\n\n\n\n<li><strong>Jm\u00e9no hlavi\u010dky <\/strong>\u2013 (nepovinn\u00e9) n\u00e1zev hlavi\u010dky, ze kter\u00e9 je mo\u017en\u00e9 z\u00edskat ID klienta (ID s maxim\u00e1ln\u00ed d\u00e9lkou 128 znak\u016f)<\/li>\n\n\n\n<li><strong>Regul\u00e1rn\u00ed v\u00fdraz<\/strong> \u2013 (nepovinn\u00e9) regul\u00e1rn\u00ed v\u00fdraz, kter\u00fd v hodnot\u011b hlavi\u010dky (definovan\u00e9 v\u00fd\u0161e) vyhled\u00e1 ID klienta<\/li>\n\n\n\n<li><strong>P\u0159\u00edjemce zpr\u00e1vy<\/strong> \u2013 e-mailov\u00e1 adresa, kam budeme pos\u00edlat FBL report<\/li>\n\n\n\n<li><strong>Vyberte potvrzovac\u00ed email<\/strong> \u2013 e-mailov\u00e1 adresa na dom\u00e9n\u011b, kam po\u0161leme potvrzovac\u00ed e-mail z t\u00e9to registrace; na v\u00fdb\u011br je adresa abuse@ nebo postmaster@<\/li>\n\n\n\n<li>N\u00e1sledn\u011b registraci ode\u0161lete tla\u010d\u00edtkem v prav\u00e9m horn\u00edm rohu.<\/li>\n<\/ul>\n\n\n\n<p>Jestli\u017ee se v\u00e1m neda\u0159\u00ed dom\u00e9nu p\u0159idat a str\u00e1nka p\u00ed\u0161e, \u017ee dom\u00e9na u\u017e je registrovan\u00e1, znamen\u00e1 to, \u017ee je ji\u017e ve FBL p\u0159id\u00e1na pod jin\u00fdm \u00fa\u010dtem. Pokud tento \u00fa\u010det nezn\u00e1te, kontaktujte technickou podporu.<\/p>\n<\/div>\n\n\n\n<div class=\"wp-block-group is-layout-constrained wp-block-group-is-layout-constrained\">\n<h2 class=\"wp-block-heading\">Jak vypad\u00e1 FBL report?<\/h2>\n\n\n\n<p>FBL report je zas\u00edl\u00e1n automaticky na e-mailovou adresu, kterou v registraci nastav\u00edte jako p\u0159\u00edjemce zpr\u00e1vy. Odes\u00edl\u00e1 se ke ka\u017ed\u00e9 konkr\u00e9tn\u00ed zpr\u00e1v\u011b p\u0159\u00edjemcem ozna\u010denou za spam. D\u00edky tomu m\u016f\u017eete analyzovat, kdo o va\u0161e zpr\u00e1vy nem\u00e1 d\u00e1le z\u00e1jem a takov\u00e9 p\u0159\u00edjemce proaktivn\u011b vy\u0159azovat, i kdy\u017e se sami neodhl\u00e1s\u00ed.<\/p>\n\n\n\n<p>Report m\u00e1 p\u0159edm\u011bt toto\u017en\u00fd jako zpr\u00e1va, ke kter\u00e9 se zas\u00edl\u00e1, a v jeho t\u011ble je n\u00e1sleduj\u00edc\u00ed text:<br><br><code>This is an email abuse report for an email message received from vesela-domena.cz on Mon, 08 Jul 2024 09:34:31 +0000<\/code><\/p>\n\n\n\n<p>Zpr\u00e1va obsahuje tak\u00e9 dv\u011b p\u0159\u00edlohy. Jedna z nich, t\u00e9m\u011b\u0159 v\u017edy ta men\u0161\u00ed, obsahuje v\u00fdstup FBL reportu.<br><br><code>Feedback-Type: abuse<br>User-Agent: szn-mime\/2.0.43<br>Version: 1<br>Original-Rcpt-To: adresa-prijemce@seznam.cz<br>Source-Ip: 46.105.146.44<br>Reported-Domain: vesela-domena.cz<\/code><\/p>\n\n\n\n<p>Ve druh\u00e9 p\u0159\u00edloze je pak kompletn\u00ed hlavi\u010dka origin\u00e1ln\u00ed e-mailov\u00e9 zpr\u00e1vy, ke kter\u00e9 se report v\u00e1\u017ee, z t\u00e9 pozn\u00e1te o jakou konkr\u00e9tn\u00ed zpr\u00e1vu se jednalo (p\u0159edm\u011bt, p\u0159\u00edjemce, \u010das odesl\u00e1n\u00ed).<\/p>\n<\/div>\n\n\n<div class=\"block-boxlink\"><a class=\"boxlink boxlink--icon-arrow px-f8 py-f4\" href=\"https:\/\/o-seznam.cz\/napoveda\/email\/pro-odesilatele-hromadnych-zprav\/feedback-loop-fbl\/smluvni-podminky-feedback-loop\/\"><div class=\"inner-blocks\">\n\n<p>Smluvn\u00ed podm\u00ednky Feedback Loop<\/p>\n\n<\/div><\/a><\/div>","protected":false},"excerpt":{"rendered":"<p>Seznam Feedback Loop (FBL) je bezplatn\u00fd n\u00e1stroj, prost\u0159ednictv\u00edm kter\u00e9ho dost\u00e1v\u00e1 registrovan\u00fd rozes\u00edlatel zp\u011btnou vazbu o tom, kdo ozna\u010dil jeho zpr\u00e1vy v Seznam.cz Emailu jako spam. Adres\u00e1ty, kte\u0159\u00ed va\u0161e e-maily ozna\u010dili za spam, odstra\u0148ujte ze sv\u00e9 datab\u00e1ze \u2013 p\u0159edejdete tak zhor\u0161en\u00ed reputace va\u0161\u00ed dom\u00e9ny a IP adresy. Ta kles\u00e1 s ka\u017edou dal\u0161\u00ed st\u00ed\u017enost\u00ed a hroz\u00ed automatick\u00e9 [&hellip;]<\/p>\n","protected":false},"author":13,"featured_media":0,"parent":115,"menu_order":60,"comment_status":"closed","ping_status":"closed","template":"page-sidemenu","meta":{"_acf_changed":false,"_relevanssi_hide_post":"","_relevanssi_hide_content":"","_relevanssi_pin_for_all":"","_relevanssi_pin_keywords":"","_relevanssi_unpin_keywords":"","_relevanssi_related_keywords":"","_relevanssi_related_include_ids":"","_relevanssi_related_exclude_ids":"","_relevanssi_related_no_append":"","_relevanssi_related_not_related":"","_relevanssi_related_posts":"","_relevanssi_noindex_reason":"","footnotes":""},"page_category":[4],"page_tag":[],"service_status_category":[],"class_list":["post-362","page","type-page","status-publish","hentry"],"acf":[],"_links":{"self":[{"href":"https:\/\/o-seznam.cz\/napoveda\/email\/wp-json\/wp\/v2\/pages\/362","targetHints":{"allow":["GET"]}}],"collection":[{"href":"https:\/\/o-seznam.cz\/napoveda\/email\/wp-json\/wp\/v2\/pages"}],"about":[{"href":"https:\/\/o-seznam.cz\/napoveda\/email\/wp-json\/wp\/v2\/types\/page"}],"author":[{"embeddable":true,"href":"https:\/\/o-seznam.cz\/napoveda\/email\/wp-json\/wp\/v2\/users\/13"}],"replies":[{"embeddable":true,"href":"https:\/\/o-seznam.cz\/napoveda\/email\/wp-json\/wp\/v2\/comments?post=362"}],"version-history":[{"count":6,"href":"https:\/\/o-seznam.cz\/napoveda\/email\/wp-json\/wp\/v2\/pages\/362\/revisions"}],"predecessor-version":[{"id":1197,"href":"https:\/\/o-seznam.cz\/napoveda\/email\/wp-json\/wp\/v2\/pages\/362\/revisions\/1197"}],"up":[{"embeddable":true,"href":"https:\/\/o-seznam.cz\/napoveda\/email\/wp-json\/wp\/v2\/pages\/115"}],"wp:attachment":[{"href":"https:\/\/o-seznam.cz\/napoveda\/email\/wp-json\/wp\/v2\/media?parent=362"}],"wp:term":[{"taxonomy":"page_category","embeddable":true,"href":"https:\/\/o-seznam.cz\/napoveda\/email\/wp-json\/wp\/v2\/page_category?post=362"},{"taxonomy":"page_tag","embeddable":true,"href":"https:\/\/o-seznam.cz\/napoveda\/email\/wp-json\/wp\/v2\/page_tag?post=362"},{"taxonomy":"service_status_category","embeddable":true,"href":"https:\/\/o-seznam.cz\/napoveda\/email\/wp-json\/wp\/v2\/service_status_category?post=362"}],"curies":[{"name":"wp","href":"https:\/\/api.w.org\/{rel}","templated":true}]}}