{"id":332,"date":"2024-10-29T08:38:31","date_gmt":"2024-10-29T07:38:31","guid":{"rendered":"https:\/\/o-seznam.cz\/napoveda\/email\/?page_id=332"},"modified":"2025-02-26T15:05:09","modified_gmt":"2025-02-26T14:05:09","slug":"kalendar","status":"publish","type":"page","link":"https:\/\/o-seznam.cz\/napoveda\/email\/kalendar\/","title":{"rendered":"Seznam Kalend\u00e1\u0159"},"content":{"rendered":"\n<div class=\"wp-block-group alignwide is-layout-constrained wp-block-group-is-layout-constrained\">\n<div class=\"wp-block-group alignwide is-layout-constrained wp-block-group-is-layout-constrained\"><div class=\"alignwide alignwide wp-block-seznam-hero\"><div class=\"cover is-hero is-hero-default bg-neutral-40\"><img decoding=\"async\" src=\"https:\/\/o-seznam.cz\/napoveda\/email\/wp-content\/themes\/seznam\/patterns\/images\/seznam-cover.jpg\" class=\"cover__media\" alt=\"\" \/><div class=\"cover__dim\" style=\"opacity:0.45\"><\/div><div class=\"cover__content is-layout-constrained\">\n\n<h1 class=\"wp-block-heading has-text-align-left\">N\u00e1pov\u011bda<br>Seznam Kalend\u00e1\u0159<\/h1>\n\n\n\n<div class=\"wp-block-group is-content-justification-left is-layout-constrained wp-container-core-group-is-layout-59d06cab wp-block-group-is-layout-constrained\">\n<p>Zjist\u00edte, jak snadno pl\u00e1novat sch\u016fzky, nastavit p\u0159ipom\u00ednky a sd\u00edlet ud\u00e1losti s ostatn\u00edmi. A tak\u00e9 jak propojit kalend\u00e1\u0159 s e-mailem a synchronizovat ho mezi za\u0159\u00edzen\u00edmi.<\/p>\n<\/div>\n\n<\/div><\/div><\/div>\n\n\n<\/div>\n<\/div>\n\n\n\n<div class=\"wp-block-group is-layout-constrained wp-block-group-is-layout-constrained\">\n<h2 class=\"wp-block-heading\">N\u00e1pov\u011bda pro Kalend\u00e1\u0159<\/h2>\n\n\n<div class=\"wp-block-seznam-list-pages\"><div>\n<div style=\"--seznam-tiles--columns:3\" class=\"wp-block-seznam-tiles has-columns-3\"><div class=\"inner-blocks\">\n<div class=\"block-boxlink\"><a class=\"boxlink boxlink--icon-arrow boxlink--align-y-center px-f8 py-f4\" href=\"https:\/\/o-seznam.cz\/napoveda\/email\/kalendar\/pohledy\/\"><div class=\"inner-blocks\">Pohledy<\/div><\/a><\/div><div class=\"block-boxlink\"><a class=\"boxlink boxlink--icon-arrow boxlink--align-y-center px-f8 py-f4\" href=\"https:\/\/o-seznam.cz\/napoveda\/email\/kalendar\/zobrazeni-kalendaru\/\"><div class=\"inner-blocks\">Zobrazen\u00ed kalend\u00e1\u0159\u016f<\/div><\/a><\/div><div class=\"block-boxlink\"><a class=\"boxlink boxlink--icon-arrow boxlink--align-y-center px-f8 py-f4\" href=\"https:\/\/o-seznam.cz\/napoveda\/email\/kalendar\/vytvoreni-kalendare\/\"><div class=\"inner-blocks\">Vytvo\u0159en\u00ed kalend\u00e1\u0159e<\/div><\/a><\/div><div class=\"block-boxlink\"><a class=\"boxlink boxlink--icon-arrow boxlink--align-y-center px-f8 py-f4\" href=\"https:\/\/o-seznam.cz\/napoveda\/email\/kalendar\/funkce-napojit-kalendar-na-url\/\"><div class=\"inner-blocks\">Napojit kalend\u00e1\u0159 na URL<\/div><\/a><\/div><div class=\"block-boxlink\"><a class=\"boxlink boxlink--icon-arrow boxlink--align-y-center px-f8 py-f4\" href=\"https:\/\/o-seznam.cz\/napoveda\/email\/kalendar\/sdileni-kalendaru\/\"><div class=\"inner-blocks\">Sd\u00edlen\u00ed kalend\u00e1\u0159\u016f<\/div><\/a><\/div><div class=\"block-boxlink\"><a class=\"boxlink boxlink--icon-arrow boxlink--align-y-center px-f8 py-f4\" href=\"https:\/\/o-seznam.cz\/napoveda\/email\/kalendar\/kalendar-pro-mobilni-zarizeni\/\"><div class=\"inner-blocks\">Mobiln\u00ed za\u0159\u00edzen\u00ed<\/div><\/a><\/div><div class=\"block-boxlink\"><a class=\"boxlink boxlink--icon-arrow boxlink--align-y-center px-f8 py-f4\" href=\"https:\/\/o-seznam.cz\/napoveda\/email\/kalendar\/udaje-pro-nastaveni-caldav\/\"><div class=\"inner-blocks\">Nastaven\u00ed CalDAV<\/div><\/a><\/div><div class=\"block-boxlink\"><a class=\"boxlink boxlink--icon-arrow boxlink--align-y-center px-f8 py-f4\" href=\"https:\/\/o-seznam.cz\/napoveda\/email\/kalendar\/smluvni-podminky-sluzby-kalendar\/\"><div class=\"inner-blocks\">Smluvn\u00ed podm\u00ednky<\/div><\/a><\/div><\/div><\/div>\n\n<\/div><\/div>\n<\/div>\n\n\n\n<div class=\"wp-block-group is-layout-constrained wp-block-group-is-layout-constrained\">\n<h2 class=\"wp-block-heading\">Souvisej\u00edc\u00ed n\u00e1pov\u011bdy<\/h2>\n\n\n\n<div class=\"wp-block-seznam-tiles has-columns-3\" style=\"--seznam-tiles--columns:3\"><div class=\"inner-blocks\"><div class=\"block-boxlink\"><a class=\"boxlink boxlink--icon-none px-f4 py-f4\" href=\"https:\/\/o-seznam.cz\/napoveda\/email\/\"><div class=\"inner-blocks\">\n<div class=\"boxlink-logo\">\n\t<img loading=\"lazy\" decoding=\"async\" width=\"368\" height=\"85\" src=\"https:\/\/o-seznam.cz\/napoveda\/email\/wp-content\/uploads\/sites\/9\/2024\/12\/email-cz-logo.svg\" class=\"attachment-full size-full\" alt=\"\" \/><\/div>\n\n\t<div class=\"ml-f4\">\n\t\t<strong>Email.cz<\/strong>\n\t<\/div>\n\n <\/div><\/a><\/div>\n\n<div class=\"block-boxlink\"><a class=\"boxlink boxlink--icon-none px-f4 py-f4\" href=\"https:\/\/o-seznam.cz\/napoveda\/email\/profi\/\"><div class=\"inner-blocks\">\n<div class=\"boxlink-logo\">\n\t<img loading=\"lazy\" decoding=\"async\" width=\"138\" height=\"43\" src=\"https:\/\/o-seznam.cz\/napoveda\/email\/wp-content\/uploads\/sites\/9\/2024\/12\/email-profi-logo.svg\" class=\"attachment-full size-full\" alt=\"\" \/><\/div>\n\n\t<div class=\"ml-f4\">\n\t\t<strong>Email Profi<\/strong>\n\t<\/div>\n\n <\/div><\/a><\/div><\/div><\/div>\n<\/div>\n","protected":false},"excerpt":{"rendered":"<p>N\u00e1pov\u011bda pro Kalend\u00e1\u0159 Souvisej\u00edc\u00ed n\u00e1pov\u011bdy<\/p>\n","protected":false},"author":2,"featured_media":0,"parent":0,"menu_order":0,"comment_status":"closed","ping_status":"closed","template":"page-no-head","meta":{"_acf_changed":false,"_relevanssi_hide_post":"","_relevanssi_hide_content":"","_relevanssi_pin_for_all":"","_relevanssi_pin_keywords":"","_relevanssi_unpin_keywords":"","_relevanssi_related_keywords":"","_relevanssi_related_include_ids":"","_relevanssi_related_exclude_ids":"","_relevanssi_related_no_append":"","_relevanssi_related_not_related":"","_relevanssi_related_posts":"","_relevanssi_noindex_reason":"","footnotes":""},"page_category":[],"page_tag":[],"service_status_category":[35,37],"class_list":["post-332","page","type-page","status-publish","hentry"],"acf":[],"_links":{"self":[{"href":"https:\/\/o-seznam.cz\/napoveda\/email\/wp-json\/wp\/v2\/pages\/332","targetHints":{"allow":["GET"]}}],"collection":[{"href":"https:\/\/o-seznam.cz\/napoveda\/email\/wp-json\/wp\/v2\/pages"}],"about":[{"href":"https:\/\/o-seznam.cz\/napoveda\/email\/wp-json\/wp\/v2\/types\/page"}],"author":[{"embeddable":true,"href":"https:\/\/o-seznam.cz\/napoveda\/email\/wp-json\/wp\/v2\/users\/2"}],"replies":[{"embeddable":true,"href":"https:\/\/o-seznam.cz\/napoveda\/email\/wp-json\/wp\/v2\/comments?post=332"}],"version-history":[{"count":24,"href":"https:\/\/o-seznam.cz\/napoveda\/email\/wp-json\/wp\/v2\/pages\/332\/revisions"}],"predecessor-version":[{"id":1251,"href":"https:\/\/o-seznam.cz\/napoveda\/email\/wp-json\/wp\/v2\/pages\/332\/revisions\/1251"}],"wp:attachment":[{"href":"https:\/\/o-seznam.cz\/napoveda\/email\/wp-json\/wp\/v2\/media?parent=332"}],"wp:term":[{"taxonomy":"page_category","embeddable":true,"href":"https:\/\/o-seznam.cz\/napoveda\/email\/wp-json\/wp\/v2\/page_category?post=332"},{"taxonomy":"page_tag","embeddable":true,"href":"https:\/\/o-seznam.cz\/napoveda\/email\/wp-json\/wp\/v2\/page_tag?post=332"},{"taxonomy":"service_status_category","embeddable":true,"href":"https:\/\/o-seznam.cz\/napoveda\/email\/wp-json\/wp\/v2\/service_status_category?post=332"}],"curies":[{"name":"wp","href":"https:\/\/api.w.org\/{rel}","templated":true}]}}