{"id":240,"date":"2024-09-12T16:22:59","date_gmt":"2024-09-12T14:22:59","guid":{"rendered":"https:\/\/o-seznam.cz\/napoveda\/email\/?page_id=240"},"modified":"2026-03-31T12:12:07","modified_gmt":"2026-03-31T10:12:07","slug":"aplikace","status":"publish","type":"page","link":"https:\/\/o-seznam.cz\/napoveda\/email\/aplikace\/","title":{"rendered":"Aplikace Email.cz"},"content":{"rendered":"\n<div class=\"wp-block-group alignwide is-layout-constrained wp-block-group-is-layout-constrained\">\n<div class=\"wp-block-group alignwide is-layout-constrained wp-block-group-is-layout-constrained\"><div class=\"alignwide alignwide wp-block-seznam-hero\"><div class=\"cover is-hero is-hero-default bg-neutral-40\"><img decoding=\"async\" src=\"https:\/\/o-seznam.cz\/napoveda\/email\/wp-content\/themes\/seznam\/patterns\/images\/seznam-cover.jpg\" class=\"cover__media\" alt=\"\" \/><div class=\"cover__dim\" style=\"opacity:0.45\"><\/div><div class=\"cover__content is-layout-constrained\">\n\n<h1 class=\"wp-block-heading has-text-align-left\">N\u00e1pov\u011bda <br>Aplikace Email.cz<\/h1>\n\n\n\n<div class=\"wp-block-group is-content-justification-left is-layout-constrained wp-container-core-group-is-layout-59d06cab wp-block-group-is-layout-constrained\">\n<p>Uk\u00e1\u017eeme, jak si nastavit e-mail v telefonu, spravovat slo\u017eky a kontakty nebo zapnout notifikace na nov\u00e9 zpr\u00e1vy. Najdete tu i tipy, jak si p\u0159izp\u016fsobit vzhled a filtrovat e-maily.<\/p>\n<\/div>\n\n<\/div><\/div><\/div>\n\n\n<\/div>\n\n\n\n<p>Aplikace slou\u017e\u00ed p\u0159edev\u0161\u00edm pro \u010dten\u00ed a psan\u00ed zpr\u00e1v. Neovliv\u0148uje obecn\u00e9 nastaven\u00ed e-mailov\u00e9 schr\u00e1nky a neobsahuje toto\u017en\u00e9 funkce. Pro obecn\u00e1 nastaven\u00ed schr\u00e1nky doporu\u010dujeme nav\u0161t\u00edvit n\u00e1pov\u011bdu pro <a href=\"https:\/\/o-seznam.cz\/napoveda\/email\/\">Email.cz<\/a>.<\/p>\n<\/div>\n\n\n\n<div class=\"wp-block-group is-layout-constrained wp-block-group-is-layout-constrained\">\n<h2 class=\"wp-block-heading\">Nej\u010dast\u011bj\u0161\u00ed dotazy:<\/h2>\n\n\n\n<div class=\"accordion\">\n\t<div class=\"accordion__items\">\n\n<details class=\"expander is-style-default\">\n\t<summary data-datalayer-name=\"\" data-datalayer-text=\"Jak p\u0159id\u00e1m nov\u00fd e-mailov\u00fd \u00fa\u010det do aplikace Email.cz?\">\n\t\t\t\t<strong>Jak p\u0159id\u00e1m nov\u00fd e-mailov\u00fd \u00fa\u010det do aplikace Email.cz?<\/strong>\n\t\t\t<\/summary>\n\t<div class=\"inner-blocks\">\n\n<p>Klikn\u011bte v aplikaci na ikonu avatara. Zde najdete volbu <strong>P\u0159idat dal\u0161\u00ed<\/strong>. Po kliknut\u00ed na tuto volbu budete vyzv\u00e1ni k vypln\u011bn\u00ed jm\u00e9na a hesla nov\u00e9ho \u00fa\u010dtu. Po zad\u00e1n\u00ed t\u011bchto \u00fadaj\u016f se u\u017e o nic dal\u0161\u00edho nemus\u00edte starat. Aplikace automaticky provede v\u0161echny pot\u0159ebn\u00e9 kroky pro p\u0159id\u00e1n\u00ed nov\u00e9ho \u00fa\u010dtu.<\/p>\n\n<\/div><\/details>\n\n\n\n<details class=\"expander is-style-default\">\n\t<summary data-datalayer-name=\"\" data-datalayer-text=\"Kde najdu kontakty?\">\n\t\t\t\t<strong>Kde najdu kontakty?<\/strong>\n\t\t\t<\/summary>\n\t<div class=\"inner-blocks\">\n\n<p>Slo\u017eku <strong>Kontakty<\/strong> v aplikaci nenajdete. P\u0159i psan\u00ed e-mailu se ulo\u017een\u00e9 kontakty na\u0161ept\u00e1vaj\u00ed, ale spravovat je lze pouze p\u0159es webov\u00e9 rozhran\u00ed str\u00e1nky <a class=\"is-style-link-external\" href=\"http:\/\/www.email.cz\/\" target=\"_blank\" rel=\"noreferrer noopener\">www.email.cz<\/a>, kter\u00e1 je dostupn\u00e1 i z mobiln\u00edho za\u0159\u00edzen\u00ed.<\/p>\n\n<\/div><\/details>\n\n\n\n<details class=\"expander is-style-default\">\n\t<summary data-datalayer-name=\"\" data-datalayer-text=\"Jak uprav\u00edm slo\u017eky \">\n\t\t\t\t<strong>Jak uprav\u00edm slo\u017eky <\/strong>\n\t\t\t<\/summary>\n\t<div class=\"inner-blocks\">\n\n<p>Aplikace tuto funkci bohu\u017eel nenab\u00edz\u00ed. Spr\u00e1vu slo\u017eek m\u016f\u017eete prov\u00e1d\u011bt v <strong>Nastaven\u00ed<\/strong> v sekci <strong><a class=\"is-style-link-external\" href=\"https:\/\/email.seznam.cz\/settings#\/folders\" target=\"_blank\" rel=\"noreferrer noopener\">Vlastn\u00ed slo\u017eky<\/a><\/strong> p\u0159es webov\u00e9 rozhran\u00ed schr\u00e1nky, kter\u00e9 je dostupn\u00e9 na adrese <a class=\"is-style-link-external\" href=\"http:\/\/www.email.cz\/\" target=\"_blank\" rel=\"noreferrer noopener\">www.email.cz<\/a> i z mobiln\u00edho za\u0159\u00edzen\u00ed.<\/p>\n\n<\/div><\/details>\n\n\n\n<details class=\"expander is-style-default\">\n\t<summary data-datalayer-name=\"\" data-datalayer-text=\"Jak uprav\u00edm \u0161t\u00edtky\">\n\t\t\t\t<strong>Jak uprav\u00edm \u0161t\u00edtky<\/strong>\n\t\t\t<\/summary>\n\t<div class=\"inner-blocks\">\n\n<p>Aplikace tuto funkci bohu\u017eel nenab\u00edz\u00ed. Spr\u00e1vu \u0161t\u00edtk\u016f m\u016f\u017eete prov\u00e1d\u011bt v <strong>Nastaven\u00ed<\/strong> v sekci <a class=\"is-style-link-external\" href=\"https:\/\/email.seznam.cz\/settings#\/labels\" target=\"_blank\" rel=\"noreferrer noopener\"><strong>\u0160t\u00edtky<\/strong><\/a> p\u0159es webov\u00e9 rozhran\u00ed schr\u00e1nky, kter\u00e9 je dostupn\u00e9 na adrese <a class=\"is-style-link-external\" href=\"http:\/\/www.email.cz\" target=\"_blank\" rel=\"noreferrer noopener\">www.email.cz<\/a> i z mobiln\u00edho za\u0159\u00edzen\u00ed.<\/p>\n\n<\/div><\/details>\n\n<\/div><\/div>\n\n<\/div>\n\n\n\n<div class=\"wp-block-group is-layout-constrained wp-block-group-is-layout-constrained\">\n<h2 class=\"wp-block-heading\">Nastaven\u00ed aplikace<\/h2>\n\n\n<div class=\"wp-block-seznam-list-pages\"><div>\n<div style=\"--seznam-tiles--columns:3\" class=\"wp-block-seznam-tiles has-columns-3\"><div class=\"inner-blocks\">\n<div class=\"block-boxlink\"><a class=\"boxlink boxlink--icon-arrow boxlink--align-y-center px-f8 py-f4\" href=\"https:\/\/o-seznam.cz\/napoveda\/email\/aplikace\/nastaveni-aplikace\/nastaveni-pro-android\/\"><div class=\"inner-blocks\">Nastaven\u00ed pro Android<\/div><\/a><\/div><div class=\"block-boxlink\"><a class=\"boxlink boxlink--icon-arrow boxlink--align-y-center px-f8 py-f4\" href=\"https:\/\/o-seznam.cz\/napoveda\/email\/aplikace\/nastaveni-aplikace\/nastaveni-pro-ios\/\"><div class=\"inner-blocks\">Nastaven\u00ed pro iOS<\/div><\/a><\/div><div class=\"block-boxlink\"><a class=\"boxlink boxlink--icon-arrow boxlink--align-y-center px-f8 py-f4\" href=\"https:\/\/o-seznam.cz\/napoveda\/email\/aplikace\/nastaveni-aplikace\/upozorneni-na-zpravy\/\"><div class=\"inner-blocks\">\u0158e\u0161en\u00ed probl\u00e9m\u016f<\/div><\/a><\/div><\/div><\/div>\n\n<\/div><\/div>\n<\/div>\n\n\n\n<div class=\"wp-block-group is-layout-constrained wp-block-group-is-layout-constrained\">\n<h2 class=\"wp-block-heading\">Chytr\u00e9 funkce<\/h2>\n\n\n<div class=\"wp-block-seznam-list-pages\"><div>\n<div style=\"--seznam-tiles--columns:3\" class=\"wp-block-seznam-tiles has-columns-3\"><div class=\"inner-blocks\">\n<div class=\"block-boxlink\"><a class=\"boxlink boxlink--icon-arrow boxlink--align-y-center px-f8 py-f4\" href=\"https:\/\/o-seznam.cz\/napoveda\/email\/aplikace\/chytre-funkce\/objednavky\/\"><div class=\"inner-blocks\">Objedn\u00e1vky<\/div><\/a><\/div><\/div><\/div>\n\n<\/div><\/div>\n<\/div>\n\n\n\n<div class=\"wp-block-group is-layout-constrained wp-block-group-is-layout-constrained\">\n<h2 class=\"wp-block-heading\">Ve\u0159ejn\u00fd betatest<\/h2>\n\n\n<div class=\"wp-block-seznam-list-pages\"><div>\n<div style=\"--seznam-tiles--columns:3\" class=\"wp-block-seznam-tiles has-columns-3\"><div class=\"inner-blocks\">\n<div class=\"block-boxlink\"><a class=\"boxlink boxlink--icon-arrow boxlink--align-y-center px-f8 py-f4\" href=\"https:\/\/o-seznam.cz\/napoveda\/email\/aplikace\/novinky-v-aplikaci\/novinky-android\/\"><div class=\"inner-blocks\">Zapojen\u00ed pro u\u017eivatele syst\u00e9mu Android<\/div><\/a><\/div><div class=\"block-boxlink\"><a class=\"boxlink boxlink--icon-arrow boxlink--align-y-center px-f8 py-f4\" href=\"https:\/\/o-seznam.cz\/napoveda\/email\/aplikace\/novinky-v-aplikaci\/novinky-ios\/\"><div class=\"inner-blocks\">Zapojen\u00ed pro u\u017eivatele  syst\u00e9mu iOS<\/div><\/a><\/div><\/div><\/div>\n\n<\/div><\/div>\n<\/div>\n\n\n\n<div class=\"wp-block-group is-layout-constrained wp-block-group-is-layout-constrained\">\n<h2 class=\"wp-block-heading\">Souvisej\u00edc\u00ed n\u00e1pov\u011bdy<\/h2>\n\n\n\n<div class=\"wp-block-seznam-tiles has-columns-3\" style=\"--seznam-tiles--columns:3\"><div class=\"inner-blocks\"><div class=\"block-boxlink\"><a class=\"boxlink boxlink--icon-none px-f4 py-f4\" href=\"https:\/\/o-seznam.cz\/napoveda\/email\/\"><div class=\"inner-blocks\">\n<div class=\"boxlink-logo\">\n\t<img loading=\"lazy\" decoding=\"async\" width=\"368\" height=\"85\" src=\"https:\/\/o-seznam.cz\/napoveda\/email\/wp-content\/uploads\/sites\/9\/2024\/12\/email-cz-logo.svg\" class=\"attachment-full size-full\" alt=\"\" \/><\/div>\n\n\t<div class=\"ml-f4\">\n\t\t<strong>Email.cz<\/strong>\n\t<\/div>\n\n <\/div><\/a><\/div>\n\n<div class=\"block-boxlink\"><a class=\"boxlink boxlink--icon-none px-f4 py-f4\" href=\"https:\/\/o-seznam.cz\/napoveda\/email\/profi\/\"><div class=\"inner-blocks\">\n<div class=\"boxlink-logo\">\n\t<img loading=\"lazy\" decoding=\"async\" width=\"138\" height=\"43\" src=\"https:\/\/o-seznam.cz\/napoveda\/email\/wp-content\/uploads\/sites\/9\/2024\/12\/email-profi-logo.svg\" class=\"attachment-full size-full\" alt=\"\" \/><\/div>\n\n\t<div class=\"ml-f4\">\n\t\t<strong>Email Profi<\/strong>\n\t<\/div>\n\n <\/div><\/a><\/div><\/div><\/div>\n<\/div>\n","protected":false},"excerpt":{"rendered":"<p>Aplikace slou\u017e\u00ed p\u0159edev\u0161\u00edm pro \u010dten\u00ed a psan\u00ed zpr\u00e1v. Neovliv\u0148uje obecn\u00e9 nastaven\u00ed e-mailov\u00e9 schr\u00e1nky a neobsahuje toto\u017en\u00e9 funkce. Pro obecn\u00e1 nastaven\u00ed schr\u00e1nky doporu\u010dujeme nav\u0161t\u00edvit n\u00e1pov\u011bdu pro Email.cz. Nej\u010dast\u011bj\u0161\u00ed dotazy: Nastaven\u00ed aplikace Chytr\u00e9 funkce Ve\u0159ejn\u00fd betatest Souvisej\u00edc\u00ed n\u00e1pov\u011bdy<\/p>\n","protected":false},"author":2,"featured_media":0,"parent":0,"menu_order":0,"comment_status":"closed","ping_status":"closed","template":"page-no-head","meta":{"_acf_changed":false,"_relevanssi_hide_post":"","_relevanssi_hide_content":"","_relevanssi_pin_for_all":"","_relevanssi_pin_keywords":"","_relevanssi_unpin_keywords":"","_relevanssi_related_keywords":"","_relevanssi_related_include_ids":"","_relevanssi_related_exclude_ids":"","_relevanssi_related_no_append":"","_relevanssi_related_not_related":"","_relevanssi_related_posts":"","_relevanssi_noindex_reason":"","footnotes":""},"page_category":[5],"page_tag":[],"service_status_category":[34,37],"class_list":["post-240","page","type-page","status-publish","hentry"],"acf":[],"_links":{"self":[{"href":"https:\/\/o-seznam.cz\/napoveda\/email\/wp-json\/wp\/v2\/pages\/240","targetHints":{"allow":["GET"]}}],"collection":[{"href":"https:\/\/o-seznam.cz\/napoveda\/email\/wp-json\/wp\/v2\/pages"}],"about":[{"href":"https:\/\/o-seznam.cz\/napoveda\/email\/wp-json\/wp\/v2\/types\/page"}],"author":[{"embeddable":true,"href":"https:\/\/o-seznam.cz\/napoveda\/email\/wp-json\/wp\/v2\/users\/2"}],"replies":[{"embeddable":true,"href":"https:\/\/o-seznam.cz\/napoveda\/email\/wp-json\/wp\/v2\/comments?post=240"}],"version-history":[{"count":34,"href":"https:\/\/o-seznam.cz\/napoveda\/email\/wp-json\/wp\/v2\/pages\/240\/revisions"}],"predecessor-version":[{"id":1748,"href":"https:\/\/o-seznam.cz\/napoveda\/email\/wp-json\/wp\/v2\/pages\/240\/revisions\/1748"}],"wp:attachment":[{"href":"https:\/\/o-seznam.cz\/napoveda\/email\/wp-json\/wp\/v2\/media?parent=240"}],"wp:term":[{"taxonomy":"page_category","embeddable":true,"href":"https:\/\/o-seznam.cz\/napoveda\/email\/wp-json\/wp\/v2\/page_category?post=240"},{"taxonomy":"page_tag","embeddable":true,"href":"https:\/\/o-seznam.cz\/napoveda\/email\/wp-json\/wp\/v2\/page_tag?post=240"},{"taxonomy":"service_status_category","embeddable":true,"href":"https:\/\/o-seznam.cz\/napoveda\/email\/wp-json\/wp\/v2\/service_status_category?post=240"}],"curies":[{"name":"wp","href":"https:\/\/api.w.org\/{rel}","templated":true}]}}