{"id":1787,"date":"2026-04-21T10:56:16","date_gmt":"2026-04-21T08:56:16","guid":{"rendered":"https:\/\/o-seznam.cz\/napoveda\/email\/?page_id=1787"},"modified":"2026-04-21T11:12:17","modified_gmt":"2026-04-21T09:12:17","slug":"limity-schranky","status":"publish","type":"page","link":"https:\/\/o-seznam.cz\/napoveda\/email\/mohlo-by-se-hodit\/limity-schranky\/","title":{"rendered":"Limity e-mailov\u00e9 schr\u00e1nky"},"content":{"rendered":"\n<div class=\"wp-block-group is-layout-constrained wp-block-group-is-layout-constrained\">\n<div class=\"wp-block-group is-layout-constrained wp-block-group-is-layout-constrained\">\n<p>E-mailov\u00e1 schr\u00e1nka m\u00e1 nastaven\u00e9 ur\u010dit\u00e9 technick\u00e9 limity, kter\u00e9 pom\u00e1haj\u00ed zajistit jej\u00ed spolehliv\u00fd a bezpe\u010dn\u00fd provoz. Tyto limity se t\u00fdkaj\u00ed mimo jin\u00e9 velikosti schr\u00e1nky, maxim\u00e1ln\u00ed velikosti jedn\u00e9 zpr\u00e1vy, po\u010dtu p\u0159\u00edjemc\u016f nebo mno\u017estv\u00ed odeslan\u00fdch zpr\u00e1v za ur\u010dit\u00e9 obdob\u00ed. <\/p>\n\n\n\n<div class=\"wp-block-group is-layout-constrained wp-block-group-is-layout-constrained\">\n<h2 class=\"wp-block-heading\">Velikost e-mailov\u00e9 schr\u00e1nky<\/h2>\n\n\n\n<p>U\u017eivatel m\u016f\u017ee schr\u00e1nku vyu\u017e\u00edvat v neomezen\u00e9 velikosti. V praxi je ka\u017ed\u00e1 schr\u00e1nka zalo\u017eena s limitem na <strong>120 000 zpr\u00e1v<\/strong>, kter\u00fd lze opakovan\u011b navy\u0161ovat. Toto omezen\u00ed m\u00e1 za c\u00edl chr\u00e1nit infrastrukturu provozovatele p\u0159ed zahlcen\u00edm v p\u0159\u00edpad\u011b tzv. DDoS \u00fatok\u016f. <\/p>\n\n\n\n<p>Pokud se zapln\u011bn\u00ed schr\u00e1nky bl\u00ed\u017e\u00ed limitu, ve schr\u00e1nce se zobraz\u00ed upozorn\u011bn\u00ed. Pokud se schr\u00e1nka zcela zapln\u00ed, nebude mo\u017en\u00e9 p\u0159ij\u00edmat nov\u00e9 zpr\u00e1vy. Doporu\u010dujeme proto pravideln\u011b mazat nepot\u0159ebn\u00e9 e-maily, zejm\u00e9na zpr\u00e1vy s velk\u00fdmi p\u0159\u00edlohami, a tak\u00e9 kontrolovat slo\u017eky Rozepsan\u00e9, Ko\u0161 a Spam.&nbsp;<\/p>\n\n\n\n<p>Jestli\u017ee se nepoda\u0159\u00ed uvolnit dostatek prostoru, kontaktujte <a href=\"https:\/\/o-seznam.cz\/kontakty\/\" data-type=\"link\" data-id=\"https:\/\/o-seznam.cz\/kontakty\/\">u\u017eivatelskou podporu<\/a> a po\u017e\u00e1dejte o nav\u00fd\u0161en\u00ed kapacity schr\u00e1nky.&nbsp;<\/p>\n<\/div>\n\n\n\n<div class=\"wp-block-group is-layout-constrained wp-block-group-is-layout-constrained\">\n<h2 class=\"wp-block-heading\">Dal\u0161\u00ed limity e-mailov\u00e9 schr\u00e1nky<\/h2>\n\n\n\n<p>Po\u010det&nbsp;zpr\u00e1v ve schr\u00e1nce:&nbsp;120 000<\/p>\n\n\n\n<p>Velikost p\u0159\u00edloh&nbsp;pro&nbsp;odesl\u00e1n\u00ed z webov\u00e9ho rozhran\u00ed:&nbsp;35 MB&nbsp;<\/p>\n\n\n\n<p>Velikost p\u0159\u00edloh&nbsp;pro&nbsp;odesl\u00e1n\u00ed z mobiln\u00ed aplikace:&nbsp;25 MB&nbsp;<\/p>\n\n\n\n<p>Velikost&nbsp;p\u0159\u00edloh&nbsp;pro p\u0159\u00edjem:&nbsp;50 MB&nbsp;<\/p>\n\n\n\n<p>Maxim\u00e1ln\u00ed po\u010det p\u0159\u00edjemc\u016f&nbsp;zpr\u00e1vy: 100&nbsp;<\/p>\n\n\n\n<p>Pro pou\u017e\u00edv\u00e1n\u00ed schr\u00e1nky existuj\u00ed i dal\u0161\u00ed limity &#8211; po\u010det odeslan\u00fdch zpr\u00e1v za ur\u010dit\u00e9 \u010dasov\u00e9 obdob\u00ed, celkov\u00e1 velikost odeslan\u00fdch zpr\u00e1v, apod. Tyto limity nejsou ve\u0159ejn\u00e9 a p\u0159i b\u011b\u017en\u00e9m pou\u017e\u00edv\u00e1n\u00ed schr\u00e1nky by u\u017eivatele nem\u011bly ovlivnit.<\/p>\n<\/div>\n<\/div>\n\n\n\n<p>Pro bezprobl\u00e9mov\u00e9 fungov\u00e1n\u00ed e-mailov\u00e9 schr\u00e1nky doporu\u010dujeme pravideln\u011b spravovat doru\u010denou po\u0161tu, mazat star\u00e9 a nepot\u0159ebn\u00e9 zpr\u00e1vy, kontrolovat slo\u017eku Rozepsan\u00e9 a nepou\u017e\u00edvat e-mail pro hromadn\u00e9 rozes\u00edl\u00e1n\u00ed velk\u00e9ho mno\u017estv\u00ed zpr\u00e1v.\u00a0<\/p>\n<\/div>\n","protected":false},"excerpt":{"rendered":"<p>E-mailov\u00e1 schr\u00e1nka m\u00e1 nastaven\u00e9 ur\u010dit\u00e9 technick\u00e9 limity, kter\u00e9 pom\u00e1haj\u00ed zajistit jej\u00ed spolehliv\u00fd a bezpe\u010dn\u00fd provoz. Tyto limity se t\u00fdkaj\u00ed mimo jin\u00e9 velikosti schr\u00e1nky, maxim\u00e1ln\u00ed velikosti jedn\u00e9 zpr\u00e1vy, po\u010dtu p\u0159\u00edjemc\u016f nebo mno\u017estv\u00ed odeslan\u00fdch zpr\u00e1v za ur\u010dit\u00e9 obdob\u00ed. Velikost e-mailov\u00e9 schr\u00e1nky U\u017eivatel m\u016f\u017ee schr\u00e1nku vyu\u017e\u00edvat v neomezen\u00e9 velikosti. V praxi je ka\u017ed\u00e1 schr\u00e1nka zalo\u017eena s limitem na [&hellip;]<\/p>\n","protected":false},"author":13,"featured_media":0,"parent":118,"menu_order":70,"comment_status":"closed","ping_status":"closed","template":"page-sidemenu","meta":{"_acf_changed":false,"_relevanssi_hide_post":"","_relevanssi_hide_content":"","_relevanssi_pin_for_all":"","_relevanssi_pin_keywords":"","_relevanssi_unpin_keywords":"","_relevanssi_related_keywords":"","_relevanssi_related_include_ids":"","_relevanssi_related_exclude_ids":"","_relevanssi_related_no_append":"","_relevanssi_related_not_related":"","_relevanssi_related_posts":"","_relevanssi_noindex_reason":"","footnotes":""},"page_category":[4],"page_tag":[],"service_status_category":[],"class_list":["post-1787","page","type-page","status-publish","hentry"],"acf":[],"_links":{"self":[{"href":"https:\/\/o-seznam.cz\/napoveda\/email\/wp-json\/wp\/v2\/pages\/1787","targetHints":{"allow":["GET"]}}],"collection":[{"href":"https:\/\/o-seznam.cz\/napoveda\/email\/wp-json\/wp\/v2\/pages"}],"about":[{"href":"https:\/\/o-seznam.cz\/napoveda\/email\/wp-json\/wp\/v2\/types\/page"}],"author":[{"embeddable":true,"href":"https:\/\/o-seznam.cz\/napoveda\/email\/wp-json\/wp\/v2\/users\/13"}],"replies":[{"embeddable":true,"href":"https:\/\/o-seznam.cz\/napoveda\/email\/wp-json\/wp\/v2\/comments?post=1787"}],"version-history":[{"count":5,"href":"https:\/\/o-seznam.cz\/napoveda\/email\/wp-json\/wp\/v2\/pages\/1787\/revisions"}],"predecessor-version":[{"id":1794,"href":"https:\/\/o-seznam.cz\/napoveda\/email\/wp-json\/wp\/v2\/pages\/1787\/revisions\/1794"}],"up":[{"embeddable":true,"href":"https:\/\/o-seznam.cz\/napoveda\/email\/wp-json\/wp\/v2\/pages\/118"}],"wp:attachment":[{"href":"https:\/\/o-seznam.cz\/napoveda\/email\/wp-json\/wp\/v2\/media?parent=1787"}],"wp:term":[{"taxonomy":"page_category","embeddable":true,"href":"https:\/\/o-seznam.cz\/napoveda\/email\/wp-json\/wp\/v2\/page_category?post=1787"},{"taxonomy":"page_tag","embeddable":true,"href":"https:\/\/o-seznam.cz\/napoveda\/email\/wp-json\/wp\/v2\/page_tag?post=1787"},{"taxonomy":"service_status_category","embeddable":true,"href":"https:\/\/o-seznam.cz\/napoveda\/email\/wp-json\/wp\/v2\/service_status_category?post=1787"}],"curies":[{"name":"wp","href":"https:\/\/api.w.org\/{rel}","templated":true}]}}