{"id":1740,"date":"2026-03-31T11:19:26","date_gmt":"2026-03-31T09:19:26","guid":{"rendered":"https:\/\/o-seznam.cz\/napoveda\/email\/?page_id=1740"},"modified":"2026-04-08T19:10:53","modified_gmt":"2026-04-08T17:10:53","slug":"objednavky","status":"publish","type":"page","link":"https:\/\/o-seznam.cz\/napoveda\/email\/aplikace\/chytre-funkce\/objednavky\/","title":{"rendered":"Objedn\u00e1vky"},"content":{"rendered":"\n<div class=\"wp-block-group is-layout-constrained wp-block-group-is-layout-constrained\">\n<p>Z\u00e1lo\u017eka <strong>Objedn\u00e1vky<\/strong> v\u00e1m p\u0159in\u00e1\u0161\u00ed p\u0159ehled v\u0161ech va\u0161ich online n\u00e1kup\u016f na jednom m\u00edst\u011b. Snadno uvid\u00edte, v jak\u00e9 f\u00e1zi se objedn\u00e1vka nach\u00e1z\u00ed a kdy m\u016f\u017eete o\u010dek\u00e1vat jej\u00ed doru\u010den\u00ed.<\/p>\n\n\n\n<p>P\u0159ehled otev\u0159ete kliknut\u00edm na polo\u017eku <strong>Objedn\u00e1vky<\/strong>, kterou najdete mezi slo\u017ekami. V p\u0159\u00edpad\u011b objedn\u00e1vek nicm\u00e9n\u011b nejde o slo\u017eku \u2013 e-maily od obchod\u016f v\u00e1m nad\u00e1le chod\u00ed do va\u0161ich b\u011b\u017en\u00fdch slo\u017eek.<\/p>\n<\/div>\n\n\n\n<div class=\"wp-block-seznam-box is-layout-flow wp-block-seznam-box-is-layout-flow\">\n<p>P\u0159ehled objedn\u00e1vek je prozat\u00edm dostupn\u00fd pouze ve ve\u0159ejn\u00e9 beta verzi mobiln\u00ed aplikace pro opera\u010dn\u00ed syst\u00e9m Android i iOS. Pokud chcete m\u00edt mo\u017enost vyu\u017e\u00edvat nov\u00e9 funkce p\u0159ednostn\u011b, postupujte <a href=\"https:\/\/o-seznam.cz\/napoveda\/email\/aplikace\/novinky-v-aplikaci\/\" data-type=\"link\" data-id=\"https:\/\/o-seznam.cz\/napoveda\/email\/aplikace\/novinky-v-aplikaci\/\">podle tohoto n\u00e1vodu<\/a> na jej\u00ed sta\u017een\u00ed. <\/p>\n<\/div>\n\n\n\n<div class=\"wp-block-group is-layout-constrained wp-block-group-is-layout-constrained\">\n<h2 class=\"wp-block-heading\">Jak to funguje<\/h2>\n\n\n\n<p>Funkce zpracov\u00e1v\u00e1 p\u0159edev\u0161\u00edm strojov\u011b \u010diteln\u00e1 data, kter\u00e1 do e-mail\u016f p\u0159id\u00e1vaj\u00ed obchody nebo dopravci.<br>Pokud nejsou k dispozici, pou\u017eij\u00ed se informace z hlavi\u010dky e-mailu (nap\u0159. n\u00e1zev obchodu, \u010d\u00edslo objedn\u00e1vky nebo stav).<\/p>\n\n\n\n<h5 class=\"wp-block-heading\">Informace z t\u011bla e-mailu se nezpracov\u00e1vaj\u00ed.<\/h5>\n\n\n\n<p>Stav objedn\u00e1vky se automaticky aktualizuje s ka\u017ed\u00fdm nov\u00fdm e-mailem. D\u00edky tomu m\u00e1te v\u017edy aktu\u00e1ln\u00ed p\u0159ehled bez nutnosti hled\u00e1n\u00ed ve zpr\u00e1v\u00e1ch.<\/p>\n<\/div>\n\n\n\n<div class=\"wp-block-group is-layout-constrained wp-block-group-is-layout-constrained\">\n<h2 class=\"wp-block-heading\">Co v p\u0159ehledu najdete<\/h2>\n\n\n\n<p>U ka\u017ed\u00e9 objedn\u00e1vky uvid\u00edte:<\/p>\n\n\n\n<ul class=\"wp-block-list\">\n<li>n\u00e1zev obchodu<\/li>\n\n\n\n<li>\u010d\u00edslo objedn\u00e1vky<\/li>\n\n\n\n<li>datum vytvo\u0159en\u00ed a posledn\u00ed aktualizace<\/li>\n<\/ul>\n\n\n\n<p>Pokud jsou dostupn\u00e1 detailn\u00ed data, zobraz\u00ed se tak\u00e9:<\/p>\n\n\n\n<ul class=\"wp-block-list\">\n<li>logo obchodu<\/li>\n\n\n\n<li>cena objedn\u00e1vky<\/li>\n\n\n\n<li>informace o doprav\u011b<\/li>\n<\/ul>\n\n\n\n<p>Chyb\u011bj\u00edc\u00ed \u00fadaje se mohou doplnit pozd\u011bji s dal\u0161\u00edmi e-maily.<br>Kliknut\u00edm na \u0161ipku zobraz\u00edte v\u0161echny e-maily souvisej\u00edc\u00ed s danou objedn\u00e1vkou. <\/p>\n<\/div>\n\n\n\n<div class=\"wp-block-group is-layout-constrained wp-block-group-is-layout-constrained\">\n<div class=\"wp-block-group is-layout-constrained wp-block-group-is-layout-constrained\">\n<h2 class=\"wp-block-heading\">Akce s objedn\u00e1vkami<\/h2>\n\n\n\n<p>M\u016f\u017eete vyu\u017e\u00edt tyto akce aktivov\u00e1n\u00edm hromadn\u00fdch akc\u00ed:<\/p>\n\n\n\n<ul class=\"wp-block-list\">\n<li><strong>Zm\u011bnit stav<\/strong> &#8211; Ru\u010dn\u00ed \u00faprava stavu objedn\u00e1vky, pokud nep\u0159i\u0161la aktualizace e-mailem.<\/li>\n\n\n\n<li><strong>Archivovat<\/strong> &#8211; Skryje vy\u0159\u00edzen\u00e9 objedn\u00e1vky z aktivn\u00edho p\u0159ehledu. Kdykoli je lze znovu zobrazit pomoc\u00ed filtru.<\/li>\n\n\n\n<li><strong>Smazat<\/strong> &#8211; Trvale odstran\u00ed z\u00e1znam objedn\u00e1vky. Smaz\u00e1n\u00ed objedn\u00e1vky nem\u00e1 vliv na samotn\u00e9 e-maily a naopak.<\/li>\n<\/ul>\n<\/div>\n<\/div>\n\n\n\n<div class=\"wp-block-group is-layout-constrained wp-block-group-is-layout-constrained\">\n<h2 class=\"wp-block-heading\">Vypnut\u00ed funkce<\/h2>\n\n\n\n<p>Funkci lze vypnout t\u00edmto postupem:<br><strong>Nastaven\u00ed <\/strong>\u2192 <strong>Nastaven\u00ed \u00fa\u010dtu<\/strong> \u2192 Zvolte konkr\u00e9tn\u00ed u\u010det \u2192 <strong>Volby funkc\u00ed<\/strong> \u2192 <strong>Zobrazovat p\u0159ehled objedn\u00e1vek<\/strong><\/p>\n\n\n\n<p>Po vypnut\u00ed se nov\u00e9 objedn\u00e1vky ji\u017e nebudou zpracov\u00e1vat.<br>M\u016f\u017eete si tak\u00e9 zvolit, zda chcete st\u00e1vaj\u00edc\u00ed objedn\u00e1vky smazat.<\/p>\n\n\n\n<p>Vypnut\u00ed ani smaz\u00e1n\u00ed nem\u00e1 \u017e\u00e1dn\u00fd vliv na doru\u010dov\u00e1n\u00ed e-mail\u016f. E-shopy v\u00e1m budou sv\u00e9 zpr\u00e1vy nad\u00e1le zas\u00edlat \u2013 odstra\u0148ujete pouze z\u00e1znamy v p\u0159ehledu objedn\u00e1vek.<\/p>\n<\/div>\n\n\n\n<p><\/p>\n","protected":false},"excerpt":{"rendered":"<p>Z\u00e1lo\u017eka Objedn\u00e1vky v\u00e1m p\u0159in\u00e1\u0161\u00ed p\u0159ehled v\u0161ech va\u0161ich online n\u00e1kup\u016f na jednom m\u00edst\u011b. Snadno uvid\u00edte, v jak\u00e9 f\u00e1zi se objedn\u00e1vka nach\u00e1z\u00ed a kdy m\u016f\u017eete o\u010dek\u00e1vat jej\u00ed doru\u010den\u00ed. P\u0159ehled otev\u0159ete kliknut\u00edm na polo\u017eku Objedn\u00e1vky, kterou najdete mezi slo\u017ekami. V p\u0159\u00edpad\u011b objedn\u00e1vek nicm\u00e9n\u011b nejde o slo\u017eku \u2013 e-maily od obchod\u016f v\u00e1m nad\u00e1le chod\u00ed do va\u0161ich b\u011b\u017en\u00fdch slo\u017eek. Jak [&hellip;]<\/p>\n","protected":false},"author":67,"featured_media":0,"parent":1733,"menu_order":0,"comment_status":"closed","ping_status":"closed","template":"page-sidemenu","meta":{"_acf_changed":false,"_relevanssi_hide_post":"","_relevanssi_hide_content":"","_relevanssi_pin_for_all":"","_relevanssi_pin_keywords":"","_relevanssi_unpin_keywords":"","_relevanssi_related_keywords":"","_relevanssi_related_include_ids":"","_relevanssi_related_exclude_ids":"","_relevanssi_related_no_append":"","_relevanssi_related_not_related":"","_relevanssi_related_posts":"","_relevanssi_noindex_reason":"","footnotes":""},"page_category":[5,53],"page_tag":[],"service_status_category":[],"class_list":["post-1740","page","type-page","status-publish","hentry"],"acf":[],"_links":{"self":[{"href":"https:\/\/o-seznam.cz\/napoveda\/email\/wp-json\/wp\/v2\/pages\/1740","targetHints":{"allow":["GET"]}}],"collection":[{"href":"https:\/\/o-seznam.cz\/napoveda\/email\/wp-json\/wp\/v2\/pages"}],"about":[{"href":"https:\/\/o-seznam.cz\/napoveda\/email\/wp-json\/wp\/v2\/types\/page"}],"author":[{"embeddable":true,"href":"https:\/\/o-seznam.cz\/napoveda\/email\/wp-json\/wp\/v2\/users\/67"}],"replies":[{"embeddable":true,"href":"https:\/\/o-seznam.cz\/napoveda\/email\/wp-json\/wp\/v2\/comments?post=1740"}],"version-history":[{"count":8,"href":"https:\/\/o-seznam.cz\/napoveda\/email\/wp-json\/wp\/v2\/pages\/1740\/revisions"}],"predecessor-version":[{"id":1785,"href":"https:\/\/o-seznam.cz\/napoveda\/email\/wp-json\/wp\/v2\/pages\/1740\/revisions\/1785"}],"up":[{"embeddable":true,"href":"https:\/\/o-seznam.cz\/napoveda\/email\/wp-json\/wp\/v2\/pages\/1733"}],"wp:attachment":[{"href":"https:\/\/o-seznam.cz\/napoveda\/email\/wp-json\/wp\/v2\/media?parent=1740"}],"wp:term":[{"taxonomy":"page_category","embeddable":true,"href":"https:\/\/o-seznam.cz\/napoveda\/email\/wp-json\/wp\/v2\/page_category?post=1740"},{"taxonomy":"page_tag","embeddable":true,"href":"https:\/\/o-seznam.cz\/napoveda\/email\/wp-json\/wp\/v2\/page_tag?post=1740"},{"taxonomy":"service_status_category","embeddable":true,"href":"https:\/\/o-seznam.cz\/napoveda\/email\/wp-json\/wp\/v2\/service_status_category?post=1740"}],"curies":[{"name":"wp","href":"https:\/\/api.w.org\/{rel}","templated":true}]}}