{"id":169,"date":"2024-09-12T16:13:48","date_gmt":"2024-09-12T14:13:48","guid":{"rendered":"https:\/\/o-seznam.cz\/napoveda\/email\/?page_id=169"},"modified":"2026-04-08T16:54:12","modified_gmt":"2026-04-08T14:54:12","slug":"novinky-v-aplikaci","status":"publish","type":"page","link":"https:\/\/o-seznam.cz\/napoveda\/email\/aplikace\/novinky-v-aplikaci\/","title":{"rendered":"Ve\u0159ejn\u00fd beta test"},"content":{"rendered":"\n<div class=\"wp-block-group is-layout-constrained wp-block-group-is-layout-constrained\">\n<p>Na\u0161i mobiln\u00ed aplikaci neust\u00e1le rozv\u00edj\u00edme, p\u0159id\u00e1v\u00e1me nov\u00e9 funkce a vylep\u0161en\u00ed a z\u00e1rove\u0148 reagujeme na zp\u011btnou vazbu od v\u00e1s \u2013 na\u0161ich u\u017eivatel\u016f. D\u00edky tomu se postupn\u011b zlep\u0161uje a p\u0159in\u00e1\u0161\u00ed nov\u00e9 mo\u017enosti i lep\u0161\u00ed u\u017eivatelsk\u00fd z\u00e1\u017eitek.<\/p>\n\n\n\n<p>Ka\u017edou novinku nebo opravu nejprve pe\u010dliv\u011b testujeme intern\u011b, abychom zajistili spr\u00e1vn\u00e9, spolehliv\u00e9 a bezpe\u010dn\u00e9 fungov\u00e1n\u00ed. Aplikace je tak p\u0159ipravena pro ka\u017edodenn\u00ed pou\u017e\u00edv\u00e1n\u00ed a va\u0161e data, obsah i nastaven\u00ed z\u016fst\u00e1vaj\u00ed v\u017edy v bezpe\u010d\u00ed.<\/p>\n\n\n\n<p>P\u0159ed ofici\u00e1ln\u00edm vyd\u00e1n\u00edm zp\u0159\u00edstup\u0148ujeme tak\u00e9 <strong>beta verzi<\/strong>, kter\u00e1 umo\u017e\u0148uje vyzkou\u0161et nov\u00e9 funkce s p\u0159edstihem a pom\u00e1h\u00e1 n\u00e1m doladit detaily. Pokud chcete b\u00fdt mezi prvn\u00edmi, kdo novinky vyzkou\u0161\u00ed, m\u016f\u017eete se st\u00e1t beta testerem a sv\u00fdmi podn\u011bty p\u0159isp\u011bt k dal\u0161\u00edmu zlep\u0161ov\u00e1n\u00ed aplikace.<\/p>\n<\/div>\n\n\n<div class=\"wp-block-seznam-list-pages\"><div>\n<div style=\"--seznam-tiles--columns:3\" class=\"wp-block-seznam-tiles has-columns-3\"><div class=\"inner-blocks\">\n<div class=\"block-boxlink\"><a class=\"boxlink boxlink--icon-arrow boxlink--align-y-center px-f8 py-f4\" href=\"https:\/\/o-seznam.cz\/napoveda\/email\/aplikace\/novinky-v-aplikaci\/novinky-ios\/\"><div class=\"inner-blocks\">Zapojen\u00ed pro u\u017eivatele  syst\u00e9mu iOS<\/div><\/a><\/div><div class=\"block-boxlink\"><a class=\"boxlink boxlink--icon-arrow boxlink--align-y-center px-f8 py-f4\" href=\"https:\/\/o-seznam.cz\/napoveda\/email\/aplikace\/novinky-v-aplikaci\/novinky-android\/\"><div class=\"inner-blocks\">Zapojen\u00ed pro u\u017eivatele syst\u00e9mu Android<\/div><\/a><\/div><\/div><\/div>\n\n<\/div><\/div>\n","protected":false},"excerpt":{"rendered":"<p>Na\u0161i mobiln\u00ed aplikaci neust\u00e1le rozv\u00edj\u00edme, p\u0159id\u00e1v\u00e1me nov\u00e9 funkce a vylep\u0161en\u00ed a z\u00e1rove\u0148 reagujeme na zp\u011btnou vazbu od v\u00e1s \u2013 na\u0161ich u\u017eivatel\u016f. D\u00edky tomu se postupn\u011b zlep\u0161uje a p\u0159in\u00e1\u0161\u00ed nov\u00e9 mo\u017enosti i lep\u0161\u00ed u\u017eivatelsk\u00fd z\u00e1\u017eitek. Ka\u017edou novinku nebo opravu nejprve pe\u010dliv\u011b testujeme intern\u011b, abychom zajistili spr\u00e1vn\u00e9, spolehliv\u00e9 a bezpe\u010dn\u00e9 fungov\u00e1n\u00ed. Aplikace je tak p\u0159ipravena pro ka\u017edodenn\u00ed [&hellip;]<\/p>\n","protected":false},"author":14,"featured_media":0,"parent":240,"menu_order":0,"comment_status":"closed","ping_status":"closed","template":"page-sidemenu","meta":{"_acf_changed":false,"_relevanssi_hide_post":"","_relevanssi_hide_content":"","_relevanssi_pin_for_all":"","_relevanssi_pin_keywords":"","_relevanssi_unpin_keywords":"","_relevanssi_related_keywords":"","_relevanssi_related_include_ids":"","_relevanssi_related_exclude_ids":"","_relevanssi_related_no_append":"","_relevanssi_related_not_related":"","_relevanssi_related_posts":"","_relevanssi_noindex_reason":"","footnotes":""},"page_category":[5],"page_tag":[],"service_status_category":[],"class_list":["post-169","page","type-page","status-publish","hentry"],"acf":[],"_links":{"self":[{"href":"https:\/\/o-seznam.cz\/napoveda\/email\/wp-json\/wp\/v2\/pages\/169","targetHints":{"allow":["GET"]}}],"collection":[{"href":"https:\/\/o-seznam.cz\/napoveda\/email\/wp-json\/wp\/v2\/pages"}],"about":[{"href":"https:\/\/o-seznam.cz\/napoveda\/email\/wp-json\/wp\/v2\/types\/page"}],"author":[{"embeddable":true,"href":"https:\/\/o-seznam.cz\/napoveda\/email\/wp-json\/wp\/v2\/users\/14"}],"replies":[{"embeddable":true,"href":"https:\/\/o-seznam.cz\/napoveda\/email\/wp-json\/wp\/v2\/comments?post=169"}],"version-history":[{"count":30,"href":"https:\/\/o-seznam.cz\/napoveda\/email\/wp-json\/wp\/v2\/pages\/169\/revisions"}],"predecessor-version":[{"id":1777,"href":"https:\/\/o-seznam.cz\/napoveda\/email\/wp-json\/wp\/v2\/pages\/169\/revisions\/1777"}],"up":[{"embeddable":true,"href":"https:\/\/o-seznam.cz\/napoveda\/email\/wp-json\/wp\/v2\/pages\/240"}],"wp:attachment":[{"href":"https:\/\/o-seznam.cz\/napoveda\/email\/wp-json\/wp\/v2\/media?parent=169"}],"wp:term":[{"taxonomy":"page_category","embeddable":true,"href":"https:\/\/o-seznam.cz\/napoveda\/email\/wp-json\/wp\/v2\/page_category?post=169"},{"taxonomy":"page_tag","embeddable":true,"href":"https:\/\/o-seznam.cz\/napoveda\/email\/wp-json\/wp\/v2\/page_tag?post=169"},{"taxonomy":"service_status_category","embeddable":true,"href":"https:\/\/o-seznam.cz\/napoveda\/email\/wp-json\/wp\/v2\/service_status_category?post=169"}],"curies":[{"name":"wp","href":"https:\/\/api.w.org\/{rel}","templated":true}]}}