{"id":1575,"date":"2025-07-15T16:37:11","date_gmt":"2025-07-15T14:37:11","guid":{"rendered":"https:\/\/o-seznam.cz\/napoveda\/email\/?page_id=1575"},"modified":"2026-04-08T18:55:50","modified_gmt":"2026-04-08T16:55:50","slug":"prehled-objednavek","status":"publish","type":"page","link":"https:\/\/o-seznam.cz\/napoveda\/email\/prehled-objednavek\/","title":{"rendered":"P\u0159ehled objedn\u00e1vek"},"content":{"rendered":"\n<div class=\"wp-block-group is-layout-constrained wp-block-group-is-layout-constrained\">\n<p>Z\u00e1lo\u017eka <strong>Objedn\u00e1vky<\/strong> v e-mailov\u00e9 schr\u00e1nce p\u0159in\u00e1\u0161\u00ed praktick\u00fd p\u0159ehled va\u0161ich n\u00e1kup\u016f. V n\u011bm pohodln\u011b uvid\u00edte, v jak\u00e9 f\u00e1zi vy\u0159izov\u00e1n\u00ed se objedn\u00e1vka nach\u00e1z\u00ed a kdy m\u016f\u017eete o\u010dek\u00e1vat jej\u00ed doru\u010den\u00ed.<\/p>\n\n\n\n<p>P\u0159ehled si zobraz\u00edte kliknut\u00edm na odkaz <strong>Objedn\u00e1vky<\/strong> v lev\u00e9m menu. Nejedn\u00e1 se o slo\u017eku, e-mailov\u00e9 zpr\u00e1vy od obchod\u016f v\u00e1m i nad\u00e1le budou doru\u010dov\u00e1ny do t\u011bch slo\u017eek, kam jste zvykl\u00ed. <\/p>\n\n\n\n<p>Funkce prim\u00e1rn\u011b zpracov\u00e1v\u00e1 strojov\u011b \u010diteln\u00e1 data, kter\u00e1 do zpr\u00e1vy o objedn\u00e1vce p\u0159id\u00e1v\u00e1 jej\u00ed odes\u00edlatel, tedy obchod nebo dopravce. Pokud zpr\u00e1va takov\u00e1 data neobsahuje, pou\u017eij\u00ed se informace z hlavi\u010dky e-mailu, ze kter\u00e9 vy\u010dteme jm\u00e9no prodejce, \u010d\u00edslo objedn\u00e1vky a jej\u00ed stav, pokud jsou tato data obsa\u017eena v p\u0159edm\u011btu zpr\u00e1vy. <\/p>\n\n\n\n<p><strong>\u017d\u00e1dn\u00e9 informace nez\u00edsk\u00e1v\u00e1me z t\u011bla zpr\u00e1vy.<\/strong><\/p>\n\n\n\n<p>S ka\u017edou zpr\u00e1vou, kter\u00e1 v\u00e1m v souvislosti s objedn\u00e1vkou p\u0159ijde, se pak jej\u00ed stav v p\u0159ehledu automaticky aktualizuje. M\u016f\u017eete si tedy kdykoli zobrazit, jak\u00e9 m\u00e1te aktivn\u00ed objedn\u00e1vky, kdy m\u016f\u017eete \u010dekat kur\u00fdra nebo kam si zaj\u00edt bal\u00ed\u010dek vyzvednout. Nemus\u00edte p\u0159itom informaci dohled\u00e1vat v z\u00e1plav\u011b e-mailov\u00fdch zpr\u00e1v.<\/p>\n\n\n\n<figure class=\"wp-block-image size-full\"><img loading=\"lazy\" decoding=\"async\" width=\"1477\" height=\"511\" src=\"https:\/\/o-seznam.cz\/napoveda\/email\/wp-content\/uploads\/sites\/9\/2025\/09\/image.png\" alt=\"\" class=\"wp-image-1613\" srcset=\"https:\/\/o-seznam.cz\/napoveda\/email\/wp-content\/uploads\/sites\/9\/2025\/09\/image.png 1477w, https:\/\/o-seznam.cz\/napoveda\/email\/wp-content\/uploads\/sites\/9\/2025\/09\/image-992x343.png 992w, https:\/\/o-seznam.cz\/napoveda\/email\/wp-content\/uploads\/sites\/9\/2025\/09\/image-320x111.png 320w, https:\/\/o-seznam.cz\/napoveda\/email\/wp-content\/uploads\/sites\/9\/2025\/09\/image-768x266.png 768w\" sizes=\"auto, (max-width: 1477px) 100vw, 1477px\" \/><\/figure>\n<\/div>\n\n\n\n<div class=\"wp-block-group is-layout-constrained wp-block-group-is-layout-constrained\">\n<h2 class=\"wp-block-heading is-style-h2\">Co v p\u0159ehledu najdete<\/h2>\n\n\n\n<p>Pro ka\u017edou objedn\u00e1vku, kterou dok\u00e1\u017eeme d\u00edky strojov\u011b \u010diteln\u00fdm dat\u016fm zpracovat, vytvo\u0159\u00edme samostatn\u00fd z\u00e1znam. V n\u011bm od za\u010d\u00e1tku vid\u00edte n\u00e1zev obchodu, ze kter\u00e9ho objedn\u00e1vka poch\u00e1z\u00ed, jej\u00ed \u010d\u00edslo, datum vytvo\u0159en\u00ed a posledn\u00ed aktualizace. Pokud s\u00e1m odes\u00edlatel p\u0159ipoj\u00ed ke zpr\u00e1v\u011b strojov\u011b \u010diteln\u00e9 podrobnosti, zobraz\u00edme nap\u0159\u00edklad tak\u00e9 jeho logo, proklik do obchodu, cenu nebo podrobnosti o doprav\u011b \u010di odkaz na sledov\u00e1n\u00ed z\u00e1silky.<\/p>\n\n\n\n<p>Pokud n\u011bkter\u00fd z \u00fadaj\u016f nen\u00ed zn\u00e1m\u00fd p\u0159i p\u0159ijet\u00ed prvn\u00ed zpr\u00e1vy, je mo\u017en\u00e9, \u017ee bude dopln\u011bn s pozd\u011bj\u0161\u00ed aktualizac\u00ed.<\/p>\n\n\n\n<p>Kliknut\u00edm na \u0161ipku pod logem obchodu si m\u016f\u017eete zobrazit v\u0161echny e-mailov\u00e9 zpr\u00e1vy, kter\u00e9 s objedn\u00e1vkou souvis\u00ed. M\u016f\u017eete tak snadno dohledat fakturu nebo kontakt na z\u00e1kaznickou linku prodejce. Zpr\u00e1vy, kter\u00e9 jste mezit\u00edm ze schr\u00e1nky odstranili, se v z\u00e1znamu neobjev\u00ed, z\u00e1znam o objedn\u00e1vce ale z\u016fstane i v p\u0159\u00edpad\u011b, \u017ee byly smaz\u00e1ny v\u0161echny souvisej\u00edc\u00ed zpr\u00e1vy.<\/p>\n<\/div>\n\n\n\n<div class=\"wp-block-group is-layout-constrained wp-block-group-is-layout-constrained\">\n<h2 class=\"wp-block-heading\">Akce s objedn\u00e1vkami<\/h2>\n\n\n\n<p>Pomoc\u00ed ak\u010dn\u00edch tla\u010d\u00edtek nad samotn\u00fdmi objedn\u00e1vkami m\u016f\u017eete prov\u00e1d\u011bt n\u00e1sleduj\u00edc\u00ed akce<\/p>\n\n\n\n<ul class=\"wp-block-list\">\n<li><strong>Zm\u011bnit stav<\/strong> &#8211; Pokud dojde ke zm\u011bn\u011b stavu objedn\u00e1vky, o kter\u00e9m nep\u0159ijde informace e-mailem a nelze ji tedy aktualizovat, m\u016f\u017eete stav upravit ru\u010dn\u011b. Sta\u010d\u00ed p\u0159\u00edslu\u0161nou objedn\u00e1vku ozna\u010dit a v nab\u00eddce &#8222;Zm\u011bnit stav&#8220; zvolit odpov\u00eddaj\u00edc\u00ed f\u00e1zi zpracov\u00e1n\u00ed.<\/li>\n\n\n\n<li><strong>Archivovat<\/strong> &#8211; Posledn\u00ed f\u00e1ze, o kter\u00e9 obchod obvykle informuje, je f\u00e1ze Doru\u010deno. Pokud nechcete m\u00edt doru\u010den\u00e9 objedn\u00e1vky ve v\u00fdpisu spole\u010dn\u011b s t\u011bmi, kter\u00e9 jsou teprve ve zpracov\u00e1n\u00ed, m\u016f\u017eete je archivovat. T\u00edm se objedn\u00e1vka skryje z v\u00fdpisu, m\u016f\u017eete si ji ale kdykoli znovu zobrazit p\u0159epnut\u00edm filtru v prav\u00e9m horn\u00edm rohu z mo\u017enosti <strong>Aktivn\u00ed <\/strong>na <strong>V\u0161e <\/strong>nebo <strong>Archivovan\u00e9<\/strong>.<\/li>\n\n\n\n<li><strong>Smazat<\/strong> &#8211; Z\u00e1znamy objedn\u00e1vek m\u016f\u017eete v kter\u00e9koli f\u00e1zi smazat. Tato akce je nevratn\u00e1, smazan\u00e9 objedn\u00e1vky ji\u017e nelze nikde zobrazit. Smaz\u00e1n\u00ed z\u00e1znamu objedn\u00e1vky z p\u0159ehledu nem\u00e1 vliv na e-mailov\u00e9 zpr\u00e1vy, kter\u00e9 s n\u00ed souvis\u00ed. Ty z\u016fstanou v p\u016fvodn\u00edch slo\u017ek\u00e1ch ve schr\u00e1nce. <\/li>\n<\/ul>\n<\/div>\n\n\n\n<div class=\"wp-block-group is-layout-constrained wp-block-group-is-layout-constrained\">\n<h2 class=\"wp-block-heading\">Vypnut\u00ed p\u0159ehledu objedn\u00e1vek<\/h2>\n\n\n\n<p>Pokud nenakupujete on-line nebo si nep\u0159ejete m\u00edt p\u0159ehled objedn\u00e1vek ve sv\u00e9 schr\u00e1nce, m\u016f\u017eete tuto funkci vypnout v <strong>Nastaven\u00ed<\/strong> -&gt; <strong>Volby funkc\u00ed<\/strong> -&gt; <strong>Zobrazovat p\u0159ehled objedn\u00e1vek<\/strong>.<\/p>\n\n\n\n<p>Vypnut\u00edm t\u00e9to funkce se objedn\u00e1vky p\u0159estanou zpracov\u00e1vat do p\u0159ehledu, v p\u0159\u00edpad\u011b op\u011btovn\u00e9ho zapnut\u00ed tedy nebude v p\u0159ehledu historie objedn\u00e1vek z doby, kdy byla funkce vypnuta.<\/p>\n\n\n\n<p>P\u0159i vypnut\u00ed budete dot\u00e1z\u00e1ni, zda si p\u0159ejete promazat dosavadn\u00ed ulo\u017een\u00e9 objedn\u00e1vky. Pokud tuto mo\u017enost zvol\u00edte, stejn\u011b jako p\u0159i smaz\u00e1n\u00ed jednotliv\u00e9 objedn\u00e1vky se sma\u017eou pouze z\u00e1znamy objedn\u00e1vek na str\u00e1nce <strong>Objedn\u00e1vky<\/strong>, nikoli souvisej\u00edc\u00ed e-mailov\u00e9 zpr\u00e1vy ulo\u017een\u00e9 ve slo\u017ece Doru\u010den\u00e9 \u010di jin\u00fdch slo\u017ek\u00e1ch.<\/p>\n<\/div>\n\n\n\n<div class=\"wp-block-group is-layout-constrained wp-block-group-is-layout-constrained\">\n<h1 class=\"wp-block-heading is-style-h2\">\u010cast\u00e9 dotazy<\/h1>\n\n\n\n<div class=\"wp-block-group is-content-justification-left is-layout-constrained wp-container-core-group-is-layout-97136621 wp-block-group-is-layout-constrained\">\n<div class=\"accordion\">\n\t<div class=\"accordion__items\">\n\n<details class=\"expander is-style-default\">\n\t<summary data-datalayer-name=\"\" data-datalayer-text=\"P\u0159i\u0161el mi e-mail s potvrzen\u00edm objedn\u00e1vky, ale v p\u0159ehledu ji nevid\u00edm.\">\n\t\t\t\t<strong>P\u0159i\u0161el mi e-mail s potvrzen\u00edm objedn\u00e1vky, ale v p\u0159ehledu ji nevid\u00edm.<\/strong>\n\t\t\t<\/summary>\n\t<div class=\"inner-blocks\">\n\n<p>Pro zobrazen\u00ed objedn\u00e1vky v p\u0159ehledu zpracov\u00e1v\u00e1me strojov\u011b \u010ditelnou vrstvu dat, kterou p\u0159id\u00e1v\u00e1 obchod, p\u0159\u00edpadn\u011b informace z hlavi\u010dky zpr\u00e1vy, tedy z p\u0159edm\u011btu.<br><br>Informace pro obchodn\u00edky, jak po\u017eadovan\u00e1 data do zpr\u00e1v p\u0159idat, jsou k dispozici <a href=\"https:\/\/schema.seznam.cz\/objednavky\/\" data-type=\"link\" data-id=\"https:\/\/schema.seznam.cz\/objednavky\/\" target=\"_blank\" rel=\"noreferrer noopener\">na t\u00e9to str\u00e1nce<\/a>.<\/p>\n\n<\/div><\/details>\n\n\n\n<details class=\"expander is-style-default\">\n\t<summary data-datalayer-name=\"\" data-datalayer-text=\"Objedn\u00e1vku v p\u0159ehledu vid\u00edm, ale informace v n\u00ed nejsou spr\u00e1vn\u011b \/ neaktualizuj\u00ed se.\">\n\t\t\t\t<strong>Objedn\u00e1vku v p\u0159ehledu vid\u00edm, ale informace v n\u00ed nejsou spr\u00e1vn\u011b \/ neaktualizuj\u00ed se.<\/strong>\n\t\t\t<\/summary>\n\t<div class=\"inner-blocks\">\n\n<p>V p\u0159ehledu zobrazujeme takov\u00e1 data, jak\u00e1 n\u00e1m obchod po\u0161le. Nem\u00e1me kontrolu nad t\u00edm, zda odpov\u00eddaj\u00ed skute\u010dnosti nebo obsahu zpr\u00e1vy. <strong>\u0160patn\u011b zpracovanou objedn\u00e1vku n\u00e1m m\u016f\u017eete nahl\u00e1sit<\/strong> a my se pokus\u00edme p\u0159\u00edslu\u0161n\u00fd obchod po\u017e\u00e1dat o opravu. <\/p>\n\n<\/div><\/details>\n\n\n\n<details class=\"expander is-style-default\">\n\t<summary data-datalayer-name=\"\" data-datalayer-text=\"Z\u00e1silku m\u00e1m ji\u017e vyzvednutou, ale v p\u0159ehledu u n\u00ed vid\u00edm &quot;P\u0159ipraveno k vyzvednut\u00ed&quot;\">\n\t\t\t\t<strong>Z\u00e1silku m\u00e1m ji\u017e vyzvednutou, ale v p\u0159ehledu u n\u00ed vid\u00edm &quot;P\u0159ipraveno k vyzvednut\u00ed&quot;<\/strong>\n\t\t\t<\/summary>\n\t<div class=\"inner-blocks\">\n\n<p>N\u011bkter\u00e9 obchody po vyzvednut\u00ed nepos\u00edlaj\u00ed dal\u0161\u00ed e-mail a my tedy nem\u00e1me \u0161anci zjistit, \u017ee z\u00e1silka u\u017e je vyzvednut\u00e1. V takov\u00e9m p\u0159\u00edpad\u011b m\u016f\u017eete pou\u017e\u00edt funkce pro manu\u00e1ln\u00ed zm\u011bnu stavu v horn\u00ed \u010d\u00e1sti. Sta\u010d\u00ed za\u0161krtnout p\u0159\u00edslu\u0161nou objedn\u00e1vku a zvolit u n\u00ed aktu\u00e1ln\u00ed stav (Doru\u010deno).<\/p>\n\n<\/div><\/details>\n\n\n\n<details class=\"expander is-style-default\">\n\t<summary data-datalayer-name=\"\" data-datalayer-text=\"V p\u0159ehledu nejsou informace o doprav\u011b, p\u0159itom v e-mailu je datum i \u010das doru\u010den\u00ed\">\n\t\t\t\t<strong>V p\u0159ehledu nejsou informace o doprav\u011b, p\u0159itom v e-mailu je datum i \u010das doru\u010den\u00ed<\/strong>\n\t\t\t<\/summary>\n\t<div class=\"inner-blocks\">\n\n<p>Informace o doprav\u011b, kter\u00e9 se zobraz\u00ed v p\u0159ehledu, ne\u010dteme z t\u011bla e-mailu, ale ze strojov\u011b \u010diteln\u00e9 vrstvy dat, kter\u00e1 n\u00e1m poskytuje obchod. Pokud n\u00e1m data o p\u0159eprav\u011b nesd\u011bl\u00ed, nem\u016f\u017eeme je v p\u0159ehledu zobrazit, a\u010dkoli v t\u011ble e-mailu mohou b\u00fdt uvedena.<\/p>\n\n<\/div><\/details>\n\n\n\n<details class=\"expander is-style-default\">\n\t<summary data-datalayer-name=\"\" data-datalayer-text=\"V p\u0159ehledu m\u00e1m spoustu vy\u0159\u00edzen\u00fdch objedn\u00e1vek, kter\u00e9 ji\u017e sledovat nepot\u0159ebuji\">\n\t\t\t\t<strong>V p\u0159ehledu m\u00e1m spoustu vy\u0159\u00edzen\u00fdch objedn\u00e1vek, kter\u00e9 ji\u017e sledovat nepot\u0159ebuji<\/strong>\n\t\t\t<\/summary>\n\t<div class=\"inner-blocks\">\n\n<p>Pro objedn\u00e1vky, kter\u00e9 ji\u017e sledovat nepot\u0159ebujete, slou\u017e\u00ed mo\u017enost <strong>Archivovat<\/strong>. T\u00edm se objedn\u00e1vka p\u0159estane zobrazovat ve v\u00fdpisu aktivn\u00edch objedn\u00e1vek, i pozd\u011bji je ale mo\u017en\u00e9 ji dohledat p\u0159epnut\u00edm filtru v prav\u00e9m horn\u00edm rohu z <strong>Aktivn\u00ed<\/strong> na <strong>Archivovan\u00e9<\/strong>. Pokud ji nechcete uchov\u00e1vat ani mezi archivovan\u00fdmi, lze z\u00e1znam zcela smazat pomoc\u00ed akce v horn\u00ed li\u0161t\u011b. Smaz\u00e1n\u00ed z\u00e1znamu objedn\u00e1vky nesma\u017ee souvisej\u00edc\u00ed e-mailov\u00e9 zpr\u00e1vy.<\/p>\n\n<\/div><\/details>\n\n\n\n<details class=\"expander is-style-default\">\n\t<summary data-datalayer-name=\"\" data-datalayer-text=\"Kdy bude funkce v mobiln\u00ed aplikaci?\">\n\t\t\t\t<strong>Kdy bude funkce v mobiln\u00ed aplikaci?<\/strong>\n\t\t\t<\/summary>\n\t<div class=\"inner-blocks\">\n\n<p>Funkce je aktu\u00e1ln\u011b dostupn\u00e1 ve ve\u0159ejn\u00e9 beta verzi, kterou si m\u016f\u017eete st\u00e1hnout i vy. N\u00e1vod najdete v <a href=\"https:\/\/o-seznam.cz\/napoveda\/email\/aplikace\/novinky-v-aplikaci\/\" data-type=\"link\" data-id=\"https:\/\/o-seznam.cz\/napoveda\/email\/aplikace\/novinky-v-aplikaci\/\">n\u00e1pov\u011bd\u011b pro mobiln\u00ed aplikaci<\/a>.<\/p>\n\n<\/div><\/details>\n\n\n\n<details class=\"expander is-style-default\">\n\t<summary data-datalayer-name=\"\" data-datalayer-text=\"Jak\u00e1 data funkce zpracov\u00e1v\u00e1? Sledujete, co nakupuji za zbo\u017e\u00ed?\">\n\t\t\t\t<strong>Jak\u00e1 data funkce zpracov\u00e1v\u00e1? Sledujete, co nakupuji za zbo\u017e\u00ed?<\/strong>\n\t\t\t<\/summary>\n\t<div class=\"inner-blocks\">\n\n<p class=\"is-style-link-external\">Funkce prim\u00e1rn\u011b zpracov\u00e1v\u00e1 strojov\u011b \u010ditelnou vrstvu dat, kter\u00e1 je p\u0159ipojena ke zpr\u00e1v\u011b a kter\u00e1 n\u00e1m zas\u00edl\u00e1 obchod v p\u0159esn\u011b dan\u00e9 struktu\u0159e podle standardu <a href=\"https:\/\/schema.org\/\" data-type=\"link\" data-id=\"https:\/\/schema.org\/\" target=\"_blank\" rel=\"noreferrer noopener\">schema.org<\/a>. Ten se celosv\u011btov\u011b vyu\u017e\u00edv\u00e1 nap\u0159\u00edklad pro lep\u0161\u00ed indexov\u00e1n\u00ed webov\u00fdch schr\u00e1nek. Stejn\u00fd standard vyu\u017e\u00edvaj\u00ed i jin\u00ed poskytovatel\u00e9 e-mailov\u00fdch schr\u00e1nek pro zaji\u0161t\u011bn\u00ed pokro\u010dil\u00fdch funkc\u00ed.<\/p>\n\n\n\n<p>Pokud obchod takov\u00e1 data k e-mail\u016fm p\u0159ipojuje, v p\u0159ehledu zobrazujeme informace o obchodu (n\u00e1zev, logo), \u010d\u00edslo objedn\u00e1vky, jej\u00ed cenu (pro lep\u0161\u00ed orientaci v p\u0159\u00edpad\u011b, kdy m\u00e1te v\u00edce objedn\u00e1vek ze stejn\u00e9ho obchodu), dopravce a zp\u016fsob dopravy, \u010das a m\u00edsto doru\u010den\u00ed, datum vytvo\u0159en\u00ed a odkaz na sledov\u00e1n\u00ed z\u00e1silky, pokud je k dispozici. <\/p>\n\n\n\n<p>Pokud zpr\u00e1va tato data neobsahuje, zobrazujeme pouze takov\u00e1 data, kter\u00e1 z\u00edsk\u00e1me z hlavi\u010dky zpr\u00e1vy, tedy jm\u00e9no odes\u00edlatele, \u010d\u00edslo objedn\u00e1vky (pokud je uvedeno v p\u0159edm\u011btu) a jej\u00ed stav.<\/p>\n\n\n\n<p>\u017d\u00e1dn\u00e9 informace nezji\u0161\u0165ujeme z t\u011bla zpr\u00e1vy a nesledujeme informace o nakoupen\u00e9m zbo\u017e\u00ed. Ve\u0161ker\u00e9 zpracov\u00e1n\u00ed prob\u00edh\u00e1 pouze v r\u00e1mci e-mailov\u00e9 schr\u00e1nky, podobn\u011b jako kdy\u017e v\u00e1m ve slo\u017ece Doru\u010den\u00e9 zobraz\u00edme, kdo v\u00e1m poslal e-mail.<\/p>\n\n<\/div><\/details>\n\n<\/div><\/div>\n\n<\/div>\n<\/div>\n","protected":false},"excerpt":{"rendered":"<p>Z\u00e1lo\u017eka Objedn\u00e1vky v e-mailov\u00e9 schr\u00e1nce p\u0159in\u00e1\u0161\u00ed praktick\u00fd p\u0159ehled va\u0161ich n\u00e1kup\u016f. V n\u011bm pohodln\u011b uvid\u00edte, v jak\u00e9 f\u00e1zi vy\u0159izov\u00e1n\u00ed se objedn\u00e1vka nach\u00e1z\u00ed a kdy m\u016f\u017eete o\u010dek\u00e1vat jej\u00ed doru\u010den\u00ed. P\u0159ehled si zobraz\u00edte kliknut\u00edm na odkaz Objedn\u00e1vky v lev\u00e9m menu. Nejedn\u00e1 se o slo\u017eku, e-mailov\u00e9 zpr\u00e1vy od obchod\u016f v\u00e1m i nad\u00e1le budou doru\u010dov\u00e1ny do t\u011bch slo\u017eek, kam jste [&hellip;]<\/p>\n","protected":false},"author":13,"featured_media":0,"parent":0,"menu_order":60,"comment_status":"closed","ping_status":"closed","template":"page-sidemenu","meta":{"_acf_changed":false,"_relevanssi_hide_post":"","_relevanssi_hide_content":"","_relevanssi_pin_for_all":"","_relevanssi_pin_keywords":"","_relevanssi_unpin_keywords":"","_relevanssi_related_keywords":"","_relevanssi_related_include_ids":"","_relevanssi_related_exclude_ids":"","_relevanssi_related_no_append":"","_relevanssi_related_not_related":"","_relevanssi_related_posts":"","_relevanssi_noindex_reason":"","footnotes":""},"page_category":[4],"page_tag":[],"service_status_category":[],"class_list":["post-1575","page","type-page","status-publish","hentry"],"acf":[],"_links":{"self":[{"href":"https:\/\/o-seznam.cz\/napoveda\/email\/wp-json\/wp\/v2\/pages\/1575","targetHints":{"allow":["GET"]}}],"collection":[{"href":"https:\/\/o-seznam.cz\/napoveda\/email\/wp-json\/wp\/v2\/pages"}],"about":[{"href":"https:\/\/o-seznam.cz\/napoveda\/email\/wp-json\/wp\/v2\/types\/page"}],"author":[{"embeddable":true,"href":"https:\/\/o-seznam.cz\/napoveda\/email\/wp-json\/wp\/v2\/users\/13"}],"replies":[{"embeddable":true,"href":"https:\/\/o-seznam.cz\/napoveda\/email\/wp-json\/wp\/v2\/comments?post=1575"}],"version-history":[{"count":23,"href":"https:\/\/o-seznam.cz\/napoveda\/email\/wp-json\/wp\/v2\/pages\/1575\/revisions"}],"predecessor-version":[{"id":1780,"href":"https:\/\/o-seznam.cz\/napoveda\/email\/wp-json\/wp\/v2\/pages\/1575\/revisions\/1780"}],"wp:attachment":[{"href":"https:\/\/o-seznam.cz\/napoveda\/email\/wp-json\/wp\/v2\/media?parent=1575"}],"wp:term":[{"taxonomy":"page_category","embeddable":true,"href":"https:\/\/o-seznam.cz\/napoveda\/email\/wp-json\/wp\/v2\/page_category?post=1575"},{"taxonomy":"page_tag","embeddable":true,"href":"https:\/\/o-seznam.cz\/napoveda\/email\/wp-json\/wp\/v2\/page_tag?post=1575"},{"taxonomy":"service_status_category","embeddable":true,"href":"https:\/\/o-seznam.cz\/napoveda\/email\/wp-json\/wp\/v2\/service_status_category?post=1575"}],"curies":[{"name":"wp","href":"https:\/\/api.w.org\/{rel}","templated":true}]}}