{"id":1542,"date":"2025-06-23T15:28:59","date_gmt":"2025-06-23T13:28:59","guid":{"rendered":"https:\/\/o-seznam.cz\/napoveda\/email\/?page_id=1542"},"modified":"2025-06-23T15:29:49","modified_gmt":"2025-06-23T13:29:49","slug":"informace-k-pristupnosti","status":"publish","type":"page","link":"https:\/\/o-seznam.cz\/napoveda\/email\/mohlo-by-se-hodit\/informace-k-pristupnosti\/","title":{"rendered":"Informace k p\u0159\u00edstupnosti"},"content":{"rendered":"\n<p>Tyto informace o&nbsp;p\u0159\u00edstupnosti se vztahuj\u00ed na slu\u017ebu E-mail.cz (d\u00e1le jen \u201eSlu\u017eba\u201c).<\/p>\n\n\n\n<div class=\"wp-block-group is-layout-constrained wp-block-group-is-layout-constrained\">\n<div class=\"wp-block-group is-layout-constrained wp-block-group-is-layout-constrained\">\n<h2 class=\"wp-block-heading\">Funkce p\u0159\u00edstupnosti<\/h2>\n\n\n\n<p>Slu\u017eba podporuje funkce pro navigaci na str\u00e1nce, jej\u00ed ovl\u00e1d\u00e1n\u00ed a \u010dten\u00ed zpr\u00e1v.<\/p>\n\n\n\n<p>Slu\u017eba je kompatibiln\u00ed s&nbsp;po\u0161tovn\u00edmi programy podporuj\u00edc\u00edmi protokol IMAP.<\/p>\n<\/div>\n\n\n\n<div class=\"wp-block-group is-layout-constrained wp-block-group-is-layout-constrained\">\n<p><strong>Atributy:<\/strong><\/p>\n\n\n\n<ul class=\"wp-block-list\">\n<li>atributy &#8222;aria-label&#8220; pro interaktivn\u00ed grafick\u00e9 prvky (ikony)<\/li>\n\n\n\n<li>atributy &#8222;role&#8220; pro landmark prvky<\/li>\n\n\n\n<li>atributy &#8222;aria-labelledby&#8220; pro landmark prvky (s pomoc\u00ed skryt\u00fdch<br>nadpis\u016f)<\/li>\n\n\n\n<li>atributy &#8222;role&#8220;, &#8222;aria-haspopup&#8220;, &#8222;aria-owns&#8220; a &#8222;aria-expanded&#8220; pro<br>popup-nab\u00eddky<\/li>\n\n\n\n<li>skryt\u00fd prvn\u00ed interaktivn\u00ed naviga\u010dn\u00ed prvek pro p\u0159esko\u010den\u00ed na hlavn\u00ed<br>obsah<\/li>\n<\/ul>\n<\/div>\n<\/div>\n\n\n\n<div class=\"wp-block-group is-layout-constrained wp-block-group-is-layout-constrained\">\n<h2 class=\"wp-block-heading\">Podporovan\u00e9 webov\u00e9 prohl\u00ed\u017ee\u010de<\/h2>\n\n\n\n<p>Optim\u00e1ln\u00ed zobrazen\u00ed a\u00a0pr\u00e1ci umo\u017e\u0148uj\u00ed tyto webov\u00e9 prohl\u00ed\u017ee\u010de, p\u0159i\u010dem\u017e pro spr\u00e1vnou funk\u010dnost je pot\u0159eba jejich aktu\u00e1ln\u00ed nebo p\u0159edposledn\u00ed verze.<\/p>\n\n\n\n<div class=\"wp-block-group is-layout-constrained wp-block-group-is-layout-constrained\">\n<p><strong>Pro desktop:<\/strong><\/p>\n\n\n\n<ul class=\"wp-block-list\">\n<li>Google Chrome<\/li>\n\n\n\n<li>Mozilla Firefox<\/li>\n\n\n\n<li>Safari<\/li>\n\n\n\n<li>MS Edge<\/li>\n\n\n\n<li>Opera<\/li>\n<\/ul>\n<\/div>\n\n\n\n<div class=\"wp-block-group is-layout-constrained wp-block-group-is-layout-constrained\">\n<p><strong>Pro mobiln\u00ed za\u0159\u00edzen\u00ed: <\/strong><\/p>\n\n\n\n<ul class=\"wp-block-list\">\n<li>Google Chrome<\/li>\n\n\n\n<li>Safari<\/li>\n\n\n\n<li>Samsung Browser<\/li>\n\n\n\n<li>Seznam.cz<\/li>\n<\/ul>\n<\/div>\n<\/div>\n\n\n\n<div class=\"wp-block-group is-layout-constrained wp-block-group-is-layout-constrained\">\n<h2 class=\"wp-block-heading\">Zp\u011btn\u00e1 vazba a kontaktn\u00ed \u00fadaje<\/h2>\n\n\n\n<p>Pokud naraz\u00edte na jak\u00fdkoli probl\u00e9m, dejte n\u00e1m, pros\u00edm, v\u011bd\u011bt. Pro sd\u011blen\u00ed n\u00e1m\u011bt\u016f, post\u0159eh\u016f \u010di informac\u00ed o\u00a0probl\u00e9mech se zobrazov\u00e1n\u00edm, pros\u00edm kontaktujte <a href=\"https:\/\/o-seznam.cz\/kontakty\/\">technickou podporu<\/a>.<\/p>\n<\/div>\n","protected":false},"excerpt":{"rendered":"<p>Tyto informace o&nbsp;p\u0159\u00edstupnosti se vztahuj\u00ed na slu\u017ebu E-mail.cz (d\u00e1le jen \u201eSlu\u017eba\u201c). Funkce p\u0159\u00edstupnosti Slu\u017eba podporuje funkce pro navigaci na str\u00e1nce, jej\u00ed ovl\u00e1d\u00e1n\u00ed a \u010dten\u00ed zpr\u00e1v. Slu\u017eba je kompatibiln\u00ed s&nbsp;po\u0161tovn\u00edmi programy podporuj\u00edc\u00edmi protokol IMAP. Atributy: Podporovan\u00e9 webov\u00e9 prohl\u00ed\u017ee\u010de Optim\u00e1ln\u00ed zobrazen\u00ed a\u00a0pr\u00e1ci umo\u017e\u0148uj\u00ed tyto webov\u00e9 prohl\u00ed\u017ee\u010de, p\u0159i\u010dem\u017e pro spr\u00e1vnou funk\u010dnost je pot\u0159eba jejich aktu\u00e1ln\u00ed nebo p\u0159edposledn\u00ed verze. [&hellip;]<\/p>\n","protected":false},"author":13,"featured_media":0,"parent":118,"menu_order":60,"comment_status":"closed","ping_status":"closed","template":"page-sidemenu","meta":{"_acf_changed":false,"_relevanssi_hide_post":"","_relevanssi_hide_content":"","_relevanssi_pin_for_all":"","_relevanssi_pin_keywords":"","_relevanssi_unpin_keywords":"","_relevanssi_related_keywords":"","_relevanssi_related_include_ids":"","_relevanssi_related_exclude_ids":"","_relevanssi_related_no_append":"","_relevanssi_related_not_related":"","_relevanssi_related_posts":"","_relevanssi_noindex_reason":"","footnotes":""},"page_category":[4],"page_tag":[],"service_status_category":[],"class_list":["post-1542","page","type-page","status-publish","hentry"],"acf":[],"_links":{"self":[{"href":"https:\/\/o-seznam.cz\/napoveda\/email\/wp-json\/wp\/v2\/pages\/1542","targetHints":{"allow":["GET"]}}],"collection":[{"href":"https:\/\/o-seznam.cz\/napoveda\/email\/wp-json\/wp\/v2\/pages"}],"about":[{"href":"https:\/\/o-seznam.cz\/napoveda\/email\/wp-json\/wp\/v2\/types\/page"}],"author":[{"embeddable":true,"href":"https:\/\/o-seznam.cz\/napoveda\/email\/wp-json\/wp\/v2\/users\/13"}],"replies":[{"embeddable":true,"href":"https:\/\/o-seznam.cz\/napoveda\/email\/wp-json\/wp\/v2\/comments?post=1542"}],"version-history":[{"count":3,"href":"https:\/\/o-seznam.cz\/napoveda\/email\/wp-json\/wp\/v2\/pages\/1542\/revisions"}],"predecessor-version":[{"id":1545,"href":"https:\/\/o-seznam.cz\/napoveda\/email\/wp-json\/wp\/v2\/pages\/1542\/revisions\/1545"}],"up":[{"embeddable":true,"href":"https:\/\/o-seznam.cz\/napoveda\/email\/wp-json\/wp\/v2\/pages\/118"}],"wp:attachment":[{"href":"https:\/\/o-seznam.cz\/napoveda\/email\/wp-json\/wp\/v2\/media?parent=1542"}],"wp:term":[{"taxonomy":"page_category","embeddable":true,"href":"https:\/\/o-seznam.cz\/napoveda\/email\/wp-json\/wp\/v2\/page_category?post=1542"},{"taxonomy":"page_tag","embeddable":true,"href":"https:\/\/o-seznam.cz\/napoveda\/email\/wp-json\/wp\/v2\/page_tag?post=1542"},{"taxonomy":"service_status_category","embeddable":true,"href":"https:\/\/o-seznam.cz\/napoveda\/email\/wp-json\/wp\/v2\/service_status_category?post=1542"}],"curies":[{"name":"wp","href":"https:\/\/api.w.org\/{rel}","templated":true}]}}