{"id":153,"date":"2024-09-12T16:13:48","date_gmt":"2024-09-12T14:13:48","guid":{"rendered":"https:\/\/o-seznam.cz\/napoveda\/email\/?page_id=153"},"modified":"2025-01-15T14:04:10","modified_gmt":"2025-01-15T13:04:10","slug":"nastaveni-aplikace","status":"publish","type":"page","link":"https:\/\/o-seznam.cz\/napoveda\/email\/aplikace\/nastaveni-aplikace\/","title":{"rendered":"Nastaven\u00ed aplikace"},"content":{"rendered":"\n<p>Nastaven\u00ed je rozd\u00edln\u00e9 pro Android a iOS. Toto nastaven\u00ed v aplikaci v\u011bt\u0161inou neovliv\u0148uje emailovou schr\u00e1nku.<\/p>\n\n\n<div class=\"wp-block-seznam-list-pages\"><div>\n<div style=\"--seznam-tiles--columns:3\" class=\"wp-block-seznam-tiles has-columns-3\"><div class=\"inner-blocks\">\n<div class=\"block-boxlink\"><a class=\"boxlink boxlink--icon-arrow boxlink--align-y-center px-f8 py-f4\" href=\"https:\/\/o-seznam.cz\/napoveda\/email\/aplikace\/nastaveni-aplikace\/nastaveni-pro-android\/\"><div class=\"inner-blocks\">Nastaven\u00ed pro Android<\/div><\/a><\/div><div class=\"block-boxlink\"><a class=\"boxlink boxlink--icon-arrow boxlink--align-y-center px-f8 py-f4\" href=\"https:\/\/o-seznam.cz\/napoveda\/email\/aplikace\/nastaveni-aplikace\/nastaveni-pro-ios\/\"><div class=\"inner-blocks\">Nastaven\u00ed pro iOS<\/div><\/a><\/div><div class=\"block-boxlink\"><a class=\"boxlink boxlink--icon-arrow boxlink--align-y-center px-f8 py-f4\" href=\"https:\/\/o-seznam.cz\/napoveda\/email\/aplikace\/nastaveni-aplikace\/upozorneni-na-zpravy\/\"><div class=\"inner-blocks\">\u0158e\u0161en\u00ed probl\u00e9m\u016f<\/div><\/a><\/div><\/div><\/div>\n\n<\/div><\/div>\n\n\n\n<div class=\"wp-block-group is-layout-constrained wp-block-group-is-layout-constrained\">\n<div class=\"wp-block-group is-layout-constrained wp-block-group-is-layout-constrained\">\n<div class=\"wp-block-columns pattern-columns-2-icons is-layout-flex wp-container-core-columns-is-layout-28f84493 wp-block-columns-is-layout-flex\">\n<div class=\"wp-block-column is-layout-flow wp-container-core-column-is-layout-16b3bfcb wp-block-column-is-layout-flow\"><figure class=\"aligncenter aligncenter wp-block-seznam-icon\"><\/figure>\n\n\n\n<p class=\"has-text-align-center is-style-wrap-balance\"><strong>Licen\u010dn\u00ed podm\u00ednky<\/strong><\/p>\n\n\n\n<p class=\"has-text-align-center is-style-default\">Licen\u010dn\u00ed podm\u00ednky slu\u017eby Email.cz naleznete <a href=\"https:\/\/o-seznam.cz\/napoveda\/email\/smluvni-podminky\/\">zde<\/a>.<\/p>\n<\/div>\n\n\n\n<div class=\"wp-block-column is-layout-flow wp-container-core-column-is-layout-16b3bfcb wp-block-column-is-layout-flow\"><figure class=\"aligncenter aligncenter wp-block-seznam-icon\"><\/figure>\n\n\n\n<p class=\"has-text-align-center is-style-wrap-balance\"><strong>Ochrana osobn\u00edch \u00fadaj\u016f<\/strong><\/p>\n\n\n\n<p class=\"has-text-align-center is-style-default\">Ochrana osobn\u00edch \u00fadaj\u016f je pro n\u00e1s velmi d\u016fle\u017eit\u00e1. Proto ukl\u00e1d\u00e1me jen ty nezbytn\u00e9 pro chod slu\u017eby. Podrobnosti najdete na <a href=\"https:\/\/o-seznam.cz\/pravni-informace\/ochrana-udaju\/\" target=\"_blank\" rel=\"noreferrer noopener\">t\u00e9to str\u00e1nce<\/a>.<\/p>\n<\/div>\n<\/div>\n<\/div>\n<\/div>\n","protected":false},"excerpt":{"rendered":"<p>Nastaven\u00ed je rozd\u00edln\u00e9 pro Android a iOS. Toto nastaven\u00ed v aplikaci v\u011bt\u0161inou neovliv\u0148uje emailovou schr\u00e1nku. Licen\u010dn\u00ed podm\u00ednky Licen\u010dn\u00ed podm\u00ednky slu\u017eby Email.cz naleznete zde. Ochrana osobn\u00edch \u00fadaj\u016f Ochrana osobn\u00edch \u00fadaj\u016f je pro n\u00e1s velmi d\u016fle\u017eit\u00e1. Proto ukl\u00e1d\u00e1me jen ty nezbytn\u00e9 pro chod slu\u017eby. Podrobnosti najdete na t\u00e9to str\u00e1nce.<\/p>\n","protected":false},"author":14,"featured_media":160,"parent":240,"menu_order":0,"comment_status":"closed","ping_status":"closed","template":"page-sidemenu","meta":{"_acf_changed":false,"_relevanssi_hide_post":"","_relevanssi_hide_content":"","_relevanssi_pin_for_all":"","_relevanssi_pin_keywords":"","_relevanssi_unpin_keywords":"","_relevanssi_related_keywords":"","_relevanssi_related_include_ids":"","_relevanssi_related_exclude_ids":"","_relevanssi_related_no_append":"","_relevanssi_related_not_related":"","_relevanssi_related_posts":"","_relevanssi_noindex_reason":"","footnotes":""},"page_category":[5],"page_tag":[],"service_status_category":[],"class_list":["post-153","page","type-page","status-publish","has-post-thumbnail","hentry"],"acf":[],"_links":{"self":[{"href":"https:\/\/o-seznam.cz\/napoveda\/email\/wp-json\/wp\/v2\/pages\/153","targetHints":{"allow":["GET"]}}],"collection":[{"href":"https:\/\/o-seznam.cz\/napoveda\/email\/wp-json\/wp\/v2\/pages"}],"about":[{"href":"https:\/\/o-seznam.cz\/napoveda\/email\/wp-json\/wp\/v2\/types\/page"}],"author":[{"embeddable":true,"href":"https:\/\/o-seznam.cz\/napoveda\/email\/wp-json\/wp\/v2\/users\/14"}],"replies":[{"embeddable":true,"href":"https:\/\/o-seznam.cz\/napoveda\/email\/wp-json\/wp\/v2\/comments?post=153"}],"version-history":[{"count":51,"href":"https:\/\/o-seznam.cz\/napoveda\/email\/wp-json\/wp\/v2\/pages\/153\/revisions"}],"predecessor-version":[{"id":1278,"href":"https:\/\/o-seznam.cz\/napoveda\/email\/wp-json\/wp\/v2\/pages\/153\/revisions\/1278"}],"up":[{"embeddable":true,"href":"https:\/\/o-seznam.cz\/napoveda\/email\/wp-json\/wp\/v2\/pages\/240"}],"wp:featuredmedia":[{"embeddable":true,"href":"https:\/\/o-seznam.cz\/napoveda\/email\/wp-json\/wp\/v2\/media\/160"}],"wp:attachment":[{"href":"https:\/\/o-seznam.cz\/napoveda\/email\/wp-json\/wp\/v2\/media?parent=153"}],"wp:term":[{"taxonomy":"page_category","embeddable":true,"href":"https:\/\/o-seznam.cz\/napoveda\/email\/wp-json\/wp\/v2\/page_category?post=153"},{"taxonomy":"page_tag","embeddable":true,"href":"https:\/\/o-seznam.cz\/napoveda\/email\/wp-json\/wp\/v2\/page_tag?post=153"},{"taxonomy":"service_status_category","embeddable":true,"href":"https:\/\/o-seznam.cz\/napoveda\/email\/wp-json\/wp\/v2\/service_status_category?post=153"}],"curies":[{"name":"wp","href":"https:\/\/api.w.org\/{rel}","templated":true}]}}