{"id":1501,"date":"2025-05-21T13:39:40","date_gmt":"2025-05-21T11:39:40","guid":{"rendered":"https:\/\/o-seznam.cz\/napoveda\/email\/?page_id=1501"},"modified":"2025-05-21T13:39:41","modified_gmt":"2025-05-21T11:39:41","slug":"email-lab","status":"publish","type":"page","link":"https:\/\/o-seznam.cz\/napoveda\/email\/mohlo-by-se-hodit\/email-lab\/","title":{"rendered":"Email Lab"},"content":{"rendered":"\n<div class=\"wp-block-group is-layout-constrained wp-block-group-is-layout-constrained\">\n<p>Pokud r\u00e1di zkou\u0161\u00edte nov\u00e9 v\u011bci a bav\u00ed v\u00e1s zapojovat se do rozvoje slu\u017eeb, kter\u00e9 pou\u017e\u00edv\u00e1te, nab\u00edz\u00edme v\u00e1m mo\u017enost p\u0159idat svou schr\u00e1nku do na\u0161eho Email Labu.<\/p>\n\n\n\n<p>Jde o ve\u0159ejn\u00e9 testovac\u00ed prost\u0159ed\u00ed, do kter\u00e9ho p\u0159ednostn\u011b nasazujeme nov\u00e9 funkce, kter\u00e9 jsme p\u0159edt\u00edm d\u016fkladn\u011b otestovali u n\u00e1s. Schr\u00e1nka v Email Labu m\u00e1 v\u0161echny vlastnosti jako b\u011b\u017en\u00e1 e-mailov\u00e1 schr\u00e1nka u Seznamu. V\u0161echny zpr\u00e1vy i nastaven\u00ed jsou v naprost\u00e9m bezpe\u010d\u00ed, stejn\u011b jako v b\u011b\u017en\u00e9m provozn\u00edm prost\u0159ed\u00ed. V\u011bt\u0161inu novinek v Emailu si nav\u00edc budete moci vyzkou\u0161et d\u0159\u00edve, ne\u017e v\u011bt\u0161ina ostatn\u00edch u\u017eivatel\u016f.<\/p>\n\n\n\n<p>Schr\u00e1nky v Email Labu maj\u00ed v nastaven\u00ed formul\u00e1\u0159, pomoc\u00ed kter\u00e9ho n\u00e1m m\u016f\u017eete ps\u00e1t sv\u00e9 post\u0159ehy ohledn\u011b nov\u00fdch i st\u00e1vaj\u00edc\u00edch funkc\u00ed. <\/p>\n\n\n\n<p>Pokud si p\u0159ejete za\u0159adit svou schr\u00e1nku do prost\u0159ed\u00ed Email Lab, <a href=\"https:\/\/o-seznam.cz\/kontakty\/\" data-type=\"link\" data-id=\"https:\/\/o-seznam.cz\/kontakty\/\">kontaktujte n\u00e1s<\/a>.<\/p>\n<\/div>\n","protected":false},"excerpt":{"rendered":"<p>Pokud r\u00e1di zkou\u0161\u00edte nov\u00e9 v\u011bci a bav\u00ed v\u00e1s zapojovat se do rozvoje slu\u017eeb, kter\u00e9 pou\u017e\u00edv\u00e1te, nab\u00edz\u00edme v\u00e1m mo\u017enost p\u0159idat svou schr\u00e1nku do na\u0161eho Email Labu. Jde o ve\u0159ejn\u00e9 testovac\u00ed prost\u0159ed\u00ed, do kter\u00e9ho p\u0159ednostn\u011b nasazujeme nov\u00e9 funkce, kter\u00e9 jsme p\u0159edt\u00edm d\u016fkladn\u011b otestovali u n\u00e1s. Schr\u00e1nka v Email Labu m\u00e1 v\u0161echny vlastnosti jako b\u011b\u017en\u00e1 e-mailov\u00e1 schr\u00e1nka u [&hellip;]<\/p>\n","protected":false},"author":13,"featured_media":0,"parent":118,"menu_order":50,"comment_status":"closed","ping_status":"closed","template":"page-sidemenu","meta":{"_acf_changed":false,"_relevanssi_hide_post":"","_relevanssi_hide_content":"","_relevanssi_pin_for_all":"","_relevanssi_pin_keywords":"","_relevanssi_unpin_keywords":"","_relevanssi_related_keywords":"","_relevanssi_related_include_ids":"","_relevanssi_related_exclude_ids":"","_relevanssi_related_no_append":"","_relevanssi_related_not_related":"","_relevanssi_related_posts":"","_relevanssi_noindex_reason":"","footnotes":""},"page_category":[4],"page_tag":[],"service_status_category":[],"class_list":["post-1501","page","type-page","status-publish","hentry"],"acf":[],"_links":{"self":[{"href":"https:\/\/o-seznam.cz\/napoveda\/email\/wp-json\/wp\/v2\/pages\/1501","targetHints":{"allow":["GET"]}}],"collection":[{"href":"https:\/\/o-seznam.cz\/napoveda\/email\/wp-json\/wp\/v2\/pages"}],"about":[{"href":"https:\/\/o-seznam.cz\/napoveda\/email\/wp-json\/wp\/v2\/types\/page"}],"author":[{"embeddable":true,"href":"https:\/\/o-seznam.cz\/napoveda\/email\/wp-json\/wp\/v2\/users\/13"}],"replies":[{"embeddable":true,"href":"https:\/\/o-seznam.cz\/napoveda\/email\/wp-json\/wp\/v2\/comments?post=1501"}],"version-history":[{"count":3,"href":"https:\/\/o-seznam.cz\/napoveda\/email\/wp-json\/wp\/v2\/pages\/1501\/revisions"}],"predecessor-version":[{"id":1506,"href":"https:\/\/o-seznam.cz\/napoveda\/email\/wp-json\/wp\/v2\/pages\/1501\/revisions\/1506"}],"up":[{"embeddable":true,"href":"https:\/\/o-seznam.cz\/napoveda\/email\/wp-json\/wp\/v2\/pages\/118"}],"wp:attachment":[{"href":"https:\/\/o-seznam.cz\/napoveda\/email\/wp-json\/wp\/v2\/media?parent=1501"}],"wp:term":[{"taxonomy":"page_category","embeddable":true,"href":"https:\/\/o-seznam.cz\/napoveda\/email\/wp-json\/wp\/v2\/page_category?post=1501"},{"taxonomy":"page_tag","embeddable":true,"href":"https:\/\/o-seznam.cz\/napoveda\/email\/wp-json\/wp\/v2\/page_tag?post=1501"},{"taxonomy":"service_status_category","embeddable":true,"href":"https:\/\/o-seznam.cz\/napoveda\/email\/wp-json\/wp\/v2\/service_status_category?post=1501"}],"curies":[{"name":"wp","href":"https:\/\/api.w.org\/{rel}","templated":true}]}}