{"id":1459,"date":"2025-05-21T14:41:21","date_gmt":"2025-05-21T12:41:21","guid":{"rendered":"https:\/\/o-seznam.cz\/napoveda\/email\/?page_id=1459"},"modified":"2025-05-21T15:09:39","modified_gmt":"2025-05-21T13:09:39","slug":"smluvni-podminky","status":"publish","type":"page","link":"https:\/\/o-seznam.cz\/napoveda\/email\/smluvni-podminky\/","title":{"rendered":"Smluvn\u00ed podm\u00ednky"},"content":{"rendered":"\n<div class=\"wp-block-group is-layout-constrained wp-block-group-is-layout-constrained\">\n<h2 class=\"wp-block-heading\"><strong>Smluvn\u00ed podm\u00ednky slu\u017eby Email.cz<\/strong><\/h2>\n\n\n\n<div class=\"wp-block-group is-layout-constrained wp-block-group-is-layout-constrained\">\n<p><strong>1.    \u00davod<\/strong><\/p>\n\n\n\n<p>1.1.&nbsp;&nbsp;&nbsp; Spole\u010dnost Seznam.cz, a. s., se s\u00eddlem na adrese Praha 5, Radlick\u00e1 3294\/10, PS\u010c: 150 00, I\u010cO: 26168685, zapsan\u00e1 v obchodn\u00edm rejst\u0159\u00edku veden\u00e9m M\u011bstsk\u00fdm soudem v Praze, odd\u00edl B, vlo\u017eka 6493 (d\u00e1le jen \u201e<strong>Provozovatel<\/strong>\u201c), je provozovatelem internetov\u00e9ho serveru email.seznam.cz, dostupn\u00e9ho z internetov\u00e9 adresy (URL) https:\/\/email.seznam.cz (d\u00e1le jen \u201e<strong>Server<\/strong>\u201c) a mobiln\u00ed aplikace Email.cz (d\u00e1le jen \u201e<strong>Mobiln\u00ed aplikace<\/strong>\u201c), prost\u0159ednictv\u00edm kter\u00fdch mohou u\u017eivatel\u00e9 (d\u00e1le jen \u201e<strong>U\u017eivatel<\/strong>\u201c nebo \u201e<strong>U\u017eivatel\u00e9<\/strong>\u201c) p\u0159ij\u00edmat a odes\u00edlat elektronickou po\u0161tu a to za n\u00ed\u017ee uveden\u00fdch podm\u00ednek (d\u00e1le jen \u201e<strong>Podm\u00ednky<\/strong>\u201c).<\/p>\n<\/div>\n\n\n\n<div class=\"wp-block-group is-layout-constrained wp-block-group-is-layout-constrained\">\n<p><strong>2. &nbsp;  Popis slu\u017eby Email.cz<\/strong><\/p>\n\n\n\n<p>2.1.&nbsp;&nbsp;&nbsp; Server a Mobiln\u00ed aplikace umo\u017e\u0148uj\u00ed U\u017eivatel\u016fm p\u0159ij\u00edmat a odes\u00edlat elektronickou po\u0161tu (d\u00e1le jen \u201e<strong>E-mail<\/strong>\u201c nebo \u201e<strong>E-maily<\/strong>\u201c) z U\u017eivatelem zaregistrovan\u00e9 e-mailov\u00e9 adresy (d\u00e1le jen \u201e<strong>E-mailov\u00e1 schr\u00e1nka<\/strong>\u201c).&nbsp;<\/p>\n\n\n\n<p>2.2.&nbsp;&nbsp;&nbsp; U\u017eit\u00edm slu\u017eby Email.cz (d\u00e1le jen \u201e<strong>Slu\u017eba<\/strong>\u201c) se rozum\u00ed p\u0159ihl\u00e1\u0161en\u00ed U\u017eivatele do syst\u00e9mu Serveru nebo Mobiln\u00ed aplikace, vyb\u00edr\u00e1n\u00ed doru\u010den\u00fdch E-mail\u016f a\/nebo odes\u00edl\u00e1n\u00ed E-mail\u016f prost\u0159ednictv\u00edm p\u0159\u00edslu\u0161n\u00e9ho komunika\u010dn\u00edho protokolu Slu\u017eby.&nbsp;<\/p>\n\n\n\n<p>2.3.&nbsp;&nbsp;&nbsp; U\u017eivatel m\u00e1 mo\u017enost stahovat E-maily prost\u0159ednictv\u00edm pop3 do sv\u00e9ho po\u010d\u00edta\u010de \u010di vyu\u017e\u00edvat IMAP pro vzd\u00e1len\u00fd p\u0159\u00edstup k E-mail\u016fm.&nbsp;<\/p>\n\n\n\n<p>2.4.&nbsp;&nbsp;&nbsp; U\u017eivatel m\u00e1 mo\u017enost vyu\u017e\u00edvat Slu\u017ebu prost\u0159ednictv\u00edm mobiln\u00edho telefonu. Vyu\u017eit\u00ed Slu\u017eby prost\u0159ednictv\u00edm mobiln\u00edho telefonu je podm\u00edn\u011bno um\u00edst\u011bn\u00edm aplikace podporuj\u00edc\u00ed Slu\u017ebu do mobiln\u00edho telefonu U\u017eivatele a podpora t\u00e9to aplikace mobiln\u00edm telefonem, nebo pou\u017eit\u00edm internetov\u00e9 str\u00e1nky <a class=\"is-style-link-external\" href=\"https:\/\/email.seznam.cz\" target=\"_blank\" rel=\"noreferrer noopener\">https:\/\/email.seznam.cz<\/a>.&nbsp;<\/p>\n<\/div>\n\n\n\n<div class=\"wp-block-group is-layout-constrained wp-block-group-is-layout-constrained\">\n<div class=\"wp-block-group is-layout-constrained wp-block-group-is-layout-constrained\">\n<div class=\"wp-block-group is-layout-constrained wp-block-group-is-layout-constrained\">\n<p><strong>3.&nbsp;&nbsp;&nbsp; Pr\u00e1va a povinnosti smluvn\u00edch stran&nbsp;&nbsp;<\/strong><\/p>\n\n\n\n<p>3.1.&nbsp;&nbsp;&nbsp; Slu\u017ebu mohou vyu\u017e\u00edvat registrovan\u00ed U\u017eivatel\u00e9, p\u0159i\u010dem\u017e Slu\u017eba je v\u0161em t\u011bmto U\u017eivatel\u016fm poskytov\u00e1na bez\u00faplatn\u011b.<\/p>\n\n\n\n<p>3.2.&nbsp;&nbsp;&nbsp; Provozovatel nep\u0159eb\u00edr\u00e1 \u017e\u00e1dn\u00e9 z\u00e1ruky a nenese \u017e\u00e1dnou odpov\u011bdnost za nefunk\u010dnost, nedostupnost a\/nebo zabezpe\u010den\u00ed Slu\u017eby, za nedoru\u010den\u00ed E-mailu, za doru\u010den\u00ed po\u0161kozen\u00e9ho E-mailu, za neodesl\u00e1n\u00ed E-mailu, za odesl\u00e1n\u00ed po\u0161kozen\u00e9ho E-mailu, za \u00fanik informac\u00ed o U\u017eivateli Slu\u017eby, za ztr\u00e1tu a\/nebo po\u0161kozen\u00ed dat U\u017eivatelem ulo\u017een\u00fdch nebo vytvo\u0159en\u00fdch v e-mailov\u00e9 schr\u00e1nce, ani za jin\u00e9 n\u00e1sledky \u010di \u00fajmy vznikl\u00e9 v d\u016fsledku u\u017e\u00edv\u00e1n\u00ed Slu\u017eby.&nbsp;<\/p>\n\n\n\n<p>3.3.&nbsp;&nbsp;&nbsp; Provozovatel se zavazuje, \u017ee obsah E-mail\u016f neposkytne t\u0159et\u00edm osob\u00e1m. Toto neplat\u00ed v p\u0159\u00edpadech, kdy m\u00e1 Provozovatel z\u00e1konnou povinnost obsah E-mail\u016f poskytnout org\u00e1n\u016fm st\u00e1tn\u00ed moci.&nbsp;<\/p>\n\n\n\n<p>3.4.&nbsp;&nbsp;&nbsp; Provozovatel se zavazuje obsah E-mail\u016f needitovat, necenzurovat a nemonitorovat, nen\u00ed-li v t\u011bchto Podm\u00ednk\u00e1ch stanoveno jinak.&nbsp;<\/p>\n\n\n\n<p>3.5.&nbsp;&nbsp;&nbsp; Provozovatel si vyhrazuje pr\u00e1vo pro diagnostick\u00e9 \u00fa\u010dely monitorovat (jednak automatizovan\u00fdmi syst\u00e9my, ale i  administr\u00e1tory Slu\u017eby, pop\u0159. kombinac\u00ed t\u011bchto zp\u016fsob\u016f) v\u00fdkon a vyu\u017e\u00edv\u00e1n\u00ed Slu\u017eby (v\u010detn\u011b po\u010dtu E-mail\u016f odes\u00edlan\u00fdch U\u017eivatelem), a d\u00e1le syst\u00e9mov\u011b monitorovat obsah E-mail\u016f antispamov\u00fdmi a antivirov\u00fdmi programy zabra\u0148uj\u00edc\u00edmi p\u0159ij\u00edm\u00e1n\u00ed spamov\u00fdch a zavirovan\u00fdch E-mail\u016f. Monitorov\u00e1n\u00ed obsahu E-mail\u016f antispamov\u00fdmi a antivirov\u00fdmi programy je nezbytn\u00e9 pro poskytov\u00e1n\u00ed Slu\u017eby U\u017eivatel\u016fm, jako\u017e i pro zaji\u0161t\u011bn\u00ed bezpe\u010dnosti Slu\u017eby, ani\u017e by byla dot\u010dena d\u016fv\u011brnost E-mail\u016f.&nbsp;<\/p>\n\n\n\n<div class=\"wp-block-group is-layout-constrained wp-block-group-is-layout-constrained\">\n<p>3.6.&nbsp;&nbsp;&nbsp; Provozovatel si vyhrazuje pr\u00e1vo trvale nebo do\u010dasn\u011b zamezit p\u0159\u00edstup U\u017eivateli k u\u017eivatelsk\u00fdm \u00fa\u010dt\u016fm, ke kter\u00fdm n\u00e1le\u017e\u00ed E-mailov\u00e1 schr\u00e1nka:&nbsp;&nbsp;<\/p>\n\n\n\n<p>3.6.1.&nbsp;&nbsp;&nbsp; vytvo\u0159en\u00e1 U\u017eivatelem za \u00fa\u010delem \u00faplatn\u00e9ho \u010di bez\u00faplatn\u00e9ho postoupen\u00ed jin\u00e9mu U\u017eivateli,&nbsp;<\/p>\n\n\n\n<p>3.6.2.&nbsp;&nbsp;&nbsp;vyu\u017e\u00edvan\u00e1 k rozes\u00edl\u00e1n\u00ed hromadn\u00fdch nevy\u017e\u00e1dan\u00fdch E-mail\u016f (spam\u016f),&nbsp;<\/p>\n\n\n\n<p>3.6.3.&nbsp;&nbsp;&nbsp;zcela nevyu\u017eit\u00e1 po dobu 14 dn\u00ed od sv\u00e9ho vytvo\u0159en\u00ed,&nbsp;<\/p>\n\n\n\n<p>3.6.4.&nbsp;&nbsp;&nbsp;do n\u00ed\u017e se U\u017eivatel po dobu del\u0161\u00ed ne\u017e 6 m\u011bs\u00edc\u016f nep\u0159ihl\u00e1sil,&nbsp;<\/p>\n\n\n\n<p>3.6.5.&nbsp;&nbsp;&nbsp;vyu\u017e\u00edvan\u00e1 k nez\u00e1konn\u00e9 \u010dinnosti nebo k \u010dinnosti, kter\u00e1 je v rozporu s dobr\u00fdmi mravy \u010di ve\u0159ejn\u00fdm po\u0159\u00e1dkem,&nbsp;<\/p>\n\n\n\n<p>3.6.6.&nbsp;&nbsp;&nbsp;jej\u00ed\u017e e-mailov\u00e1 adresa je zp\u016fsobil\u00e1 vyvolat dojem, \u017ee U\u017eivatelem Slu\u017eby je osoba ve\u0159ejn\u011b zn\u00e1m\u00e1, a tato e-mailov\u00e1 adresa nem\u00e1 souvislost se jm\u00e9nem U\u017eivatele Slu\u017eby,&nbsp;<\/p>\n\n\n\n<p>3.6.7.&nbsp;&nbsp;&nbsp; jej\u00ed\u017e e-mailov\u00e1 adresa je zp\u016fsobil\u00e1 vyvolat dojem, \u017ee U\u017eivatelem Slu\u017eby je obecn\u011b zn\u00e1m\u00e1 fyzick\u00e1 nebo pr\u00e1vnick\u00e1 osoba, a tato e-mailov\u00e1 adresa nem\u00e1 souvislost se jm\u00e9nem fyzick\u00e9 nebo n\u00e1zvem pr\u00e1vnick\u00e9 osoby,&nbsp;<\/p>\n\n\n\n<p>3.6.8.&nbsp;&nbsp;&nbsp; jej\u00ed\u017e U\u017eivatel se pokusil p\u0159ihl\u00e1sit na \u00fa\u010det jin\u00e9ho U\u017eivatele bez v\u011bdom\u00ed tohoto U\u017eivatele,&nbsp;<\/p>\n\n\n\n<p>3.6.9.&nbsp;&nbsp;&nbsp; jej\u00ed\u017e U\u017eivatel se pokusil naru\u0161it stabilitu a chod Slu\u017eby,&nbsp;<\/p>\n\n\n\n<p>a to i bez p\u0159edchoz\u00ed v\u00fdzvy k n\u00e1prav\u011b a bez n\u00e1hrady. Provozovatel poskytuje od\u016fvodn\u011bn\u00ed v p\u0159\u00edpadech t\u011bchto omezen\u00ed. D\u016fvody omezen\u00ed mohou b\u00fdt posuzov\u00e1ny administr\u00e1tory Slu\u017eby, nikoli v\u00fdlu\u010dn\u011b automatizovan\u00fdmi syst\u00e9my.&nbsp;<\/p>\n<\/div>\n\n\n\n<p>3.7.    Provozovatel si d\u00e1le vyhrazuje pr\u00e1vo trvale nebo do\u010dasn\u011b zamezit p\u0159\u00edstup k u\u017eivatelsk\u00fdm \u00fa\u010dt\u016fm,\u00a0ke\u00a0kter\u00fdm se\u00a0v\u00e1\u017e\u00ed\u00a0stejn\u00e9\u00a0identifika\u010dn\u00ed \u00fadaje\u00a0jako\u00a0k\u00a0\u00fa\u010dtu, k n\u011bmu\u017e byl U\u017eivateli zamezen p\u0159\u00edstup z n\u011bkter\u00e9ho z d\u016fvod\u016f uveden\u00fdch v \u010dl. 3.6.1. a\u017e 3.6.9.\u00a0\u00a0\u00a0\u00a0<\/p>\n\n\n\n<p>3.8.    U\u017eivatel m\u00e1 pr\u00e1vo stanoven\u00fdm zp\u016fsobem za\u017e\u00e1dat o zru\u0161en\u00ed u\u017eivatelsk\u00e9ho \u00fa\u010dtu a smaz\u00e1n\u00ed dat. Po vy\u0159\u00edzen\u00ed takov\u00e9to \u017e\u00e1dosti a smaz\u00e1n\u00ed \u00fa\u010dtu U\u017eivatele p\u0159estane existovat i p\u0159\u00edslu\u0161n\u00e1 E-mailov\u00e1 schr\u00e1nka a e-mailov\u00e1 adresa.\u00a0<\/p>\n\n\n\n<p>3.9.    Provozovatel je opr\u00e1vn\u011bn z\u0159\u00eddit v E-mailov\u00e9 schr\u00e1nce pomocn\u00e9 funkce zalo\u017een\u00e9 na um\u011bl\u00e9 inteligenci vyu\u017e\u00edvaj\u00edc\u00ed velk\u00fd jazykov\u00fd model Provozovatele. Pro tyto funkce bude dodr\u017eeno n\u00e1sleduj\u00edc\u00ed:\u00a0\u00a0<\/p>\n\n\n\n<p>3.9.1.    Funkce bude prov\u00e1d\u011bna pouze na \u017e\u00e1dost U\u017eivatele odesl\u00e1n\u00edm vstupn\u00edch dat na zabezpe\u010den\u00e9 API jazykov\u00e9ho modelu Provozovatele. Zpracov\u00e1n\u00ed vstupn\u00edch dat prob\u00edh\u00e1 v\u00fdhradn\u011b strojov\u011b.\u00a0\u00a0<\/p>\n\n\n\n<p>3.9.2.    Pro funkci bude vyu\u017eit pouze jazykov\u00fd model vytvo\u0159en\u00fd a spravovan\u00fd Provozovatelem. Vstupn\u00ed ani v\u00fdstupn\u00ed data nejsou p\u0159ed\u00e1v\u00e1na t\u0159et\u00edm stran\u00e1m.\u00a0\u00a0<\/p>\n\n\n\n<p>3.9.3.    Vstupn\u00ed data pou\u017eit\u00e1 pro funkci nebudou zaznamen\u00e1na, a to ani pro diagnostick\u00e9 \u00fa\u010dely, ani vyu\u017eita k dal\u0161\u00edmu u\u010den\u00ed jazykov\u00e9ho modelu Provozovatele.\u00a0\u00a0<\/p>\n\n\n\n<p>3.9.4.    Pou\u017eit\u00edm funkc\u00ed vyu\u017e\u00edvaj\u00edc\u00edch velk\u00fd jazykov\u00fd model bere U\u017eivatel na v\u011bdom\u00ed, \u017ee jazykov\u00fd model funguje na z\u00e1klad\u011b pravd\u011bpodobnostn\u00edho generov\u00e1n\u00ed textu a neprov\u00e1d\u00ed ov\u011b\u0159ov\u00e1n\u00ed fakt\u016f. Kvalita v\u00fdstup\u016f z\u00e1vis\u00ed na p\u0159esnosti, vhodnosti a srozumitelnosti zadan\u00fdch vstupn\u00edch dat (prompt\u016f). Provozovatel neodpov\u00edd\u00e1 za nepravdiv\u00e9, zav\u00e1d\u011bj\u00edc\u00ed nebo jinak nevhodn\u00e9 v\u00fdstupy, zejm\u00e9na pokud vznikly v d\u016fsledku manipulace s pokyny pro jazykov\u00fd model nebo pou\u017eit\u00edm nevhodn\u00fdch vstup\u016f. V\u00fdstupy generovan\u00e9 jazykov\u00fdm modelem nereprezentuj\u00ed n\u00e1zory ani stanoviska Provozovatele.<\/p>\n\n\n\n<p>3.9.5.    U\u017eivatel m\u00e1 mo\u017enost v nastaven\u00ed E-mailov\u00e9 schr\u00e1nky zvolit, \u017ee tyto funkce nebudou v E-mailov\u00e9 schr\u00e1nce dostupn\u00e9, \u010d\u00edm\u017e bude napojen\u00ed na API jazykov\u00e9ho modelu znemo\u017en\u011bno.\u00a0<\/p>\n\n\n\n<p>3.10.    Provozovatel je opr\u00e1vn\u011bn z\u0159\u00eddit v E-mailov\u00e9 schr\u00e1nce funkci vyu\u017e\u00edvaj\u00edc\u00ed strukturovan\u00e1 metadata, kter\u00e1 mohou b\u00fdt sou\u010d\u00e1st\u00ed E-mailu. Takov\u00e1 data mohou b\u00fdt strojov\u011b zpracov\u00e1na a zobrazena na stanoven\u00e9m m\u00edst\u011b v E-mailov\u00e9 schr\u00e1nce mimo E-mail. T\u00edmto nejsou dot\u010deny samotn\u00e9 E-maily ani ostatn\u00ed funkce Slu\u017eby.\u00a0<\/p>\n\n\n\n<p>3.11.    Slu\u017eba zahrnuje funkce p\u0159\u00edstupnosti pro ovl\u00e1d\u00e1n\u00ed rozhran\u00ed Slu\u017eby a \u010dten\u00ed zpr\u00e1v.<\/p>\n\n\n\n<p>3.12.&nbsp;&nbsp;&nbsp; Provozovatel uv\u00e1d\u00ed, \u017ee m\u00e1 povinnost uchov\u00e1vat provozn\u00ed \u00fadaje Slu\u017eby (pokud se jedn\u00e1 o \u00fadaje zpracov\u00e1van\u00e9 pro pot\u0159eby p\u0159enosu zpr\u00e1vy), a to do doby rozhodnut\u00ed p\u0159\u00edpadn\u00e9ho sporu nebo do konce doby, b\u011bhem n\u00ed\u017e m\u016f\u017ee b\u00fdt poskytnut\u00ed Slu\u017eby pr\u00e1vn\u011b napadeno.&nbsp;<\/p>\n<\/div>\n<\/div>\n<\/div>\n\n\n\n<div class=\"wp-block-group is-layout-constrained wp-block-group-is-layout-constrained\">\n<p><strong>4.&nbsp;&nbsp;&nbsp; Zpracov\u00e1n\u00ed osobn\u00edch \u00fadaj\u016f<\/strong>&nbsp;&nbsp;<\/p>\n\n\n\n<p>4.1. &nbsp;&nbsp; Provozovatel postupuje p\u0159i zpracov\u00e1n\u00ed osobn\u00edch \u00fadaj\u016f v souladu s na\u0159\u00edzen\u00edm Evropsk\u00e9ho parlamentu a Rady (EU) \u010d. 2016\/679 o ochran\u011b fyzick\u00fdch osob v souvislosti se zpracov\u00e1n\u00edm osobn\u00edch \u00fadaj\u016f a o voln\u00e9m pohybu t\u011bchto \u00fadaj\u016f (obecn\u00e9 na\u0159\u00edzen\u00ed o ochran\u011b osobn\u00edch \u00fadaj\u016f, d\u00e1le jen \u201ena\u0159\u00edzen\u00ed\u201c), z\u00e1konem \u010d. 110\/2019 Sb., o zpracov\u00e1n\u00ed osobn\u00edch \u00fadaj\u016f, z\u00e1konem \u010d. 111\/2019 Sb., kter\u00fdm se m\u011bn\u00ed n\u011bkter\u00e9 z\u00e1kony s p\u0159ijet\u00edm z\u00e1kona o zpracov\u00e1n\u00ed osobn\u00edch \u00fadaj\u016f, z\u00e1konem \u010d. 480\/2004 Sb., o n\u011bkter\u00fdch slu\u017eb\u00e1ch informa\u010dn\u00ed spole\u010dnosti, z\u00e1konem \u010d. 127\/2005 Sb., o elektronick\u00fdch komunikac\u00edch a dal\u0161\u00edmi pr\u00e1vn\u00edmi p\u0159edpisy upravuj\u00edc\u00ed ochranu osobn\u00edch \u00fadaj\u016f.&nbsp;<\/p>\n\n\n\n<p>4.2. &nbsp;&nbsp; Pro \u00fa\u010dely u\u017e\u00edv\u00e1n\u00ed Slu\u017eby U\u017eivatelem je Provozovatel opr\u00e1vn\u011bn zpracov\u00e1vat osobn\u00ed \u00fadaje U\u017eivatele nebo osobn\u00ed \u00fadaje poskytnut\u00e9 \u010di zadan\u00e9 U\u017eivatelem p\u0159i u\u017e\u00edv\u00e1n\u00ed Slu\u017eby.&nbsp;<\/p>\n\n\n\n<p>4.3.&nbsp;&nbsp; Takov\u00e9 zpracov\u00e1n\u00ed osobn\u00edch \u00fadaj\u016f je z\u00e1konn\u00e9, jeliko\u017e je nezbytn\u00e9 pro spln\u011bn\u00ed smluvn\u00edho vztahu podle t\u011bchto Podm\u00ednek, na jeho\u017e z\u00e1klad\u011b U\u017eivatel Slu\u017ebu u\u017e\u00edv\u00e1, a jeho\u017e smluvn\u00ed stranou je U\u017eivatel, jako subjekt osobn\u00edch \u00fadaj\u016f.&nbsp;<\/p>\n\n\n\n<p>4.4.&nbsp;&nbsp; V konkr\u00e9tn\u00edch p\u0159\u00edpadech m\u016f\u017ee Provozovatel zpracov\u00e1vat osobn\u00ed \u00fadaje nad r\u00e1mec \u010dl. 4.2. a 4.3. Podm\u00ednek, pokud je takov\u00e9to zpracov\u00e1n\u00ed nezbytn\u00e9 pro \u00fa\u010dely opr\u00e1vn\u011bn\u00fdch z\u00e1jm\u016f Provozovatele nebo t\u0159et\u00edch osob, a to v\u017edy v souladu se z\u00e1konn\u00fdmi po\u017eadavky na zpracov\u00e1v\u00e1n\u00ed osobn\u00edch \u00fadaj\u016f.&nbsp;<\/p>\n\n\n\n<p>4.5.&nbsp;&nbsp; U\u017eivatel t\u00edmto ve smyslu z\u00e1kona \u010d. 480\/2004 Sb., o n\u011bkter\u00fdch slu\u017eb\u00e1ch informa\u010dn\u00ed spole\u010dnosti ud\u011bluje Provozovateli souhlas se zas\u00edl\u00e1n\u00edm obchodn\u00edch sd\u011blen\u00ed s informacemi o slu\u017eb\u00e1ch a produktech Provozovatele, a to na U\u017eivatelem poskytnut\u00e9 e-mailov\u00e9 adresy. Tento souhlas je poskytov\u00e1n U\u017eivatelem i v p\u0159\u00edpad\u011b zas\u00edl\u00e1n\u00ed obchodn\u00edch sd\u011blen\u00ed t\u0159et\u00edch stran, pokud si U\u017eivatel nastavil v nastaven\u00ed Slu\u017eby zas\u00edl\u00e1n\u00ed informa\u010dn\u00edch sd\u011blen\u00ed t\u0159et\u00edch stran. V takov\u00e9m p\u0159\u00edpad\u011b Provozovatel neposkytuje osobn\u00ed \u00fadaje U\u017eivatel\u016f t\u0159et\u00edm stran\u00e1m.&nbsp;<\/p>\n\n\n\n<p>4.6.&nbsp;&nbsp; V r\u00e1mci samotn\u00e9ho poskytov\u00e1n\u00ed slu\u017eeb on-line reklamy v\u0161ak nedoch\u00e1z\u00ed k \u017e\u00e1dn\u00e9mu zpracov\u00e1n\u00ed osobn\u00edch \u00fadaj\u016f ve smyslu v\u00fd\u0161e uveden\u00fdch pr\u00e1vn\u00edch p\u0159edpis\u016f.&nbsp;<\/p>\n\n\n\n<p>4.7.&nbsp;&nbsp;&nbsp; Pokud U\u017eivatel p\u0159edal \u010di p\u0159ed\u00e1 Provozovateli osobn\u00ed \u00fadaje jin\u00fdch fyzick\u00fdch osob, je U\u017eivatel povinen tyto fyzick\u00e9 osoby informovat o zpracov\u00e1n\u00ed osobn\u00edch \u00fadaj\u016f a zas\u00edl\u00e1n\u00ed obchodn\u00edch sd\u011blen\u00ed Provozovatele v rozsahu zde uveden\u00e9m a zajistit tak z\u00e1konnost zpracov\u00e1n\u00ed osobn\u00edch \u00fadaj\u016f. V opa\u010dn\u00e9m p\u0159\u00edpad\u011b U\u017eivatel odpov\u00edd\u00e1 Provozovateli za zp\u016fsobenou \u0161kodu.&nbsp;<\/p>\n\n\n\n<p>4.8.&nbsp;&nbsp; Podrobn\u011bj\u0161\u00ed informace o nakl\u00e1d\u00e1n\u00ed s osobn\u00edmi \u00fadaji jsou uvedeny na internetov\u00fdch str\u00e1nk\u00e1ch Provozovatele, a to v p\u0159\u00edslu\u0161n\u00e9 sekci.&nbsp;<\/p>\n<\/div>\n\n\n\n<div class=\"wp-block-group is-layout-constrained wp-block-group-is-layout-constrained\">\n<p><strong>5.&nbsp;&nbsp;&nbsp; Z\u00e1v\u011bre\u010dn\u00e1 ustanoven\u00ed&nbsp;&nbsp;<\/strong><\/p>\n\n\n\n<p>5.1.&nbsp;&nbsp;&nbsp; Na poskytov\u00e1n\u00ed Slu\u017eby se podp\u016frn\u011b pou\u017eij\u00ed Smluvn\u00ed podm\u00ednky pro registraci u\u017eivatel\u016f slu\u017eeb poskytovan\u00fdch spole\u010dnost\u00ed Seznam.cz. Ustanoven\u00ed t\u011bchto Podm\u00ednek maj\u00ed p\u0159ed ustanoven\u00edmi Smluvn\u00edch podm\u00ednek pro registraci u\u017eivatel\u016f slu\u017eeb poskytovan\u00fdch spole\u010dnost\u00ed Seznam.cz p\u0159ednost.&nbsp;<\/p>\n\n\n\n<p>5.2.&nbsp;&nbsp;&nbsp; V\u011bci t\u011bmito Podm\u00ednkami neupraven\u00e9 se podp\u016frn\u011b \u0159\u00edd\u00ed Obchodn\u00edmi podm\u00ednkami pro um\u00eds\u0165ov\u00e1n\u00ed reklamn\u00edch sd\u011blen\u00ed a jin\u00fdch reklamn\u00edch prvk\u016f do internetov\u00fdch server\u016f provozovan\u00fdch spole\u010dnost\u00ed Seznam.cz, a.s., a p\u0159\u00edslu\u0161nou pr\u00e1vn\u00ed \u00fapravou.&nbsp;<\/p>\n\n\n\n<p>5.3.&nbsp;&nbsp;&nbsp; Provozovatel si vyhrazuje pr\u00e1vo v p\u0159im\u011b\u0159en\u00e9m rozsahu jednostrann\u011b tyto Podm\u00ednky zm\u011bnit, zejm\u00e9na p\u0159i zm\u011bn\u011b legislativy, technick\u00e9 zm\u011bn\u011b Slu\u017eby \u010di slu\u017eeb souvisej\u00edc\u00edch se Slu\u017ebou \u010di v p\u0159\u00edpad\u011b zm\u011bny provozn\u00edch, organiza\u010dn\u00edch \u010di obchodn\u00edch proces\u016f u Provozovatele. Provozovatel ozn\u00e1m\u00ed zm\u011bnu U\u017eivateli prost\u0159ednictv\u00edm rozhran\u00ed Slu\u017eby nebo e-mailem minim\u00e1ln\u011b 7 dn\u00ed p\u0159ed \u00fa\u010dinnost\u00ed t\u00e9to zm\u011bny. U\u017eivatel m\u00e1 pr\u00e1vo odm\u00edtnout zm\u011bnu Podm\u00ednek a vymazat svoj\u00ed E-mailovou schr\u00e1nku. Pokud U\u017eivatel u\u017e\u00edv\u00e1 po \u00fa\u010dinnosti zm\u011bny Podm\u00ednek i nad\u00e1le Slu\u017ebu, m\u00e1 se za to, \u017ee t\u00edm zm\u011bnu Podm\u00ednek p\u0159ij\u00edm\u00e1.&nbsp;<\/p>\n<\/div>\n\n\n\n<p>Tyto Podm\u00ednky nab\u00fdvaj\u00ed platnosti a \u00fa\u010dinnosti dne 2. 6. 2025.\u00a0<\/p>\n<\/div>\n","protected":false},"excerpt":{"rendered":"<p>Smluvn\u00ed podm\u00ednky slu\u017eby Email.cz 1. \u00davod 1.1.&nbsp;&nbsp;&nbsp; Spole\u010dnost Seznam.cz, a. s., se s\u00eddlem na adrese Praha 5, Radlick\u00e1 3294\/10, PS\u010c: 150 00, I\u010cO: 26168685, zapsan\u00e1 v obchodn\u00edm rejst\u0159\u00edku veden\u00e9m M\u011bstsk\u00fdm soudem v Praze, odd\u00edl B, vlo\u017eka 6493 (d\u00e1le jen \u201eProvozovatel\u201c), je provozovatelem internetov\u00e9ho serveru email.seznam.cz, dostupn\u00e9ho z internetov\u00e9 adresy (URL) https:\/\/email.seznam.cz (d\u00e1le jen \u201eServer\u201c) a [&hellip;]<\/p>\n","protected":false},"author":13,"featured_media":0,"parent":0,"menu_order":101,"comment_status":"closed","ping_status":"closed","template":"page-sidemenu","meta":{"_acf_changed":false,"_relevanssi_hide_post":"","_relevanssi_hide_content":"","_relevanssi_pin_for_all":"","_relevanssi_pin_keywords":"","_relevanssi_unpin_keywords":"","_relevanssi_related_keywords":"","_relevanssi_related_include_ids":"","_relevanssi_related_exclude_ids":"","_relevanssi_related_no_append":"","_relevanssi_related_not_related":"","_relevanssi_related_posts":"","_relevanssi_noindex_reason":"","footnotes":""},"page_category":[4],"page_tag":[],"service_status_category":[],"class_list":["post-1459","page","type-page","status-publish","hentry"],"acf":[],"_links":{"self":[{"href":"https:\/\/o-seznam.cz\/napoveda\/email\/wp-json\/wp\/v2\/pages\/1459","targetHints":{"allow":["GET"]}}],"collection":[{"href":"https:\/\/o-seznam.cz\/napoveda\/email\/wp-json\/wp\/v2\/pages"}],"about":[{"href":"https:\/\/o-seznam.cz\/napoveda\/email\/wp-json\/wp\/v2\/types\/page"}],"author":[{"embeddable":true,"href":"https:\/\/o-seznam.cz\/napoveda\/email\/wp-json\/wp\/v2\/users\/13"}],"replies":[{"embeddable":true,"href":"https:\/\/o-seznam.cz\/napoveda\/email\/wp-json\/wp\/v2\/comments?post=1459"}],"version-history":[{"count":13,"href":"https:\/\/o-seznam.cz\/napoveda\/email\/wp-json\/wp\/v2\/pages\/1459\/revisions"}],"predecessor-version":[{"id":1539,"href":"https:\/\/o-seznam.cz\/napoveda\/email\/wp-json\/wp\/v2\/pages\/1459\/revisions\/1539"}],"wp:attachment":[{"href":"https:\/\/o-seznam.cz\/napoveda\/email\/wp-json\/wp\/v2\/media?parent=1459"}],"wp:term":[{"taxonomy":"page_category","embeddable":true,"href":"https:\/\/o-seznam.cz\/napoveda\/email\/wp-json\/wp\/v2\/page_category?post=1459"},{"taxonomy":"page_tag","embeddable":true,"href":"https:\/\/o-seznam.cz\/napoveda\/email\/wp-json\/wp\/v2\/page_tag?post=1459"},{"taxonomy":"service_status_category","embeddable":true,"href":"https:\/\/o-seznam.cz\/napoveda\/email\/wp-json\/wp\/v2\/service_status_category?post=1459"}],"curies":[{"name":"wp","href":"https:\/\/api.w.org\/{rel}","templated":true}]}}