{"id":1436,"date":"2025-04-09T14:53:38","date_gmt":"2025-04-09T12:53:38","guid":{"rendered":"https:\/\/o-seznam.cz\/napoveda\/email\/?page_id=1436"},"modified":"2025-07-15T16:24:54","modified_gmt":"2025-07-15T14:24:54","slug":"volby-funkci","status":"publish","type":"page","link":"https:\/\/o-seznam.cz\/napoveda\/email\/moznosti-nastaveni\/volby-funkci\/","title":{"rendered":"Volby funkc\u00ed"},"content":{"rendered":"\n<div class=\"wp-block-group is-layout-constrained wp-block-group-is-layout-constrained\">\n<p>Pro vstup do&nbsp;<strong>Nastaven\u00ed<\/strong>&nbsp;vyu\u017eijte ikonu ozuben\u00e9ho kola v lev\u00e9 doln\u00ed \u010d\u00e1sti obrazovky. V sekci&nbsp;<strong>Volby funkc\u00ed<\/strong> m\u016f\u017eete spravovat n\u011bkter\u00e9 pokro\u010dilej\u0161\u00ed volby a funkce v e-mailov\u00e9 schr\u00e1nce. Nastaven\u00ed zm\u011bn\u00edte jednodu\u0161e za\u0161krtnut\u00edm \u010dtvere\u010dku vedle konkr\u00e9tn\u00ed mo\u017enosti.&nbsp;<\/p>\n\n\n\n<div class=\"wp-block-group is-layout-constrained wp-block-group-is-layout-constrained\">\n<h2 class=\"wp-block-heading\">Detail e-mailu<\/h2>\n\n\n\n<p>V t\u00e9to \u010d\u00e1sti je mo\u017en\u00e9 upravit volby zobrazen\u00ed n\u011bkter\u00fdch prvk\u016f v p\u0159\u00edchoz\u00edch zpr\u00e1v\u00e1ch. Funkce umo\u017e\u0148uj\u00ed snaz\u0161\u00ed orientaci v obsahu a rychlej\u0161\u00ed p\u0159\u00edstup k p\u0159ipojen\u00fdm informac\u00edm.<\/p>\n\n\n\n<ul class=\"wp-block-list\">\n<li>Zobrazovat v detailu zpr\u00e1vy obr\u00e1zkov\u00e9 smajl\u00edky&nbsp;<\/li>\n\n\n\n<li>Zkracovat odkazy&nbsp;<\/li>\n\n\n\n<li>Zobrazovat n\u00e1hledy odkaz\u016f na mapy&nbsp;<\/li>\n\n\n\n<li>Zobrazovat n\u00e1hledy odkaz\u016f na videa&nbsp;<\/li>\n\n\n\n<li>Zobrazovat obsah .eml p\u0159\u00edloh v t\u011ble zpr\u00e1vy&nbsp;<\/li>\n<\/ul>\n<\/div>\n\n\n\n<div class=\"wp-block-group is-layout-constrained wp-block-group-is-layout-constrained\">\n<h2 class=\"wp-block-heading\">Dal\u0161\u00ed funkce<\/h2>\n\n\n\n<p>V t\u00e9to \u010d\u00e1sti je mo\u017en\u00e9 spravovat dal\u0161\u00ed funkce dostupn\u00e9 v e-mailov\u00e9 schr\u00e1nce.<\/p>\n\n\n\n<div class=\"wp-block-group is-layout-constrained wp-block-group-is-layout-constrained\">\n<ul class=\"wp-block-list\">\n<li>Neozna\u010dovat zpr\u00e1vy po otev\u0159en\u00ed jako p\u0159e\u010dten\u00e9&nbsp;<\/li>\n\n\n\n<li>Vytv\u00e1\u0159et nov\u00e9 zpr\u00e1vy z mailto v Seznam Emailu&nbsp;<\/li>\n\n\n\n<li>Povolit AI funkce ve schr\u00e1nce (p\u0159e\u010dt\u011bte si v\u00edce o <a href=\"https:\/\/o-seznam.cz\/napoveda\/email\/mohlo-by-se-hodit\/seznam-ai-v-emailu\/\" data-type=\"link\" data-id=\"https:\/\/o-seznam.cz\/napoveda\/email\/mohlo-by-se-hodit\/seznam-ai-v-emailu\/\">Seznam AI v Emailu<\/a>)<\/li>\n<\/ul>\n<\/div>\n<\/div>\n\n\n\n<div class=\"wp-block-group is-layout-constrained wp-block-group-is-layout-constrained\">\n<div class=\"wp-block-seznam-box is-layout-flow wp-block-seznam-box-is-layout-flow\">\n<div class=\"wp-block-group is-layout-constrained wp-block-group-is-layout-constrained\">\n<p><strong>Tip:<\/strong> Pokud v\u00e1m nevyhovuje ur\u010dit\u00e9 chov\u00e1n\u00ed va\u0161\u00ed schr\u00e1nky, zkontrolujte v <strong>Nastaven\u00ed <\/strong>v sekci <strong>Volby funkc\u00ed<\/strong>, zda nelze chov\u00e1n\u00ed upravit.<\/p>\n\n\n\n<p>P\u0159ejete-li si vid\u011bt v t\u011ble zpr\u00e1vy cel\u00fd odkaz, od\u0161krtn\u011bte pole u volby &#8222;Zkracovat odkazy&#8220;.<\/p>\n\n\n\n<p>Jestli\u017ee v\u00e1s p\u0159i \u010dten\u00ed zpr\u00e1v ru\u0161\u00ed n\u00e1hledy na mapy nebo videa, m\u016f\u017eete zobrazov\u00e1n\u00ed jejich n\u00e1hled\u016f vypnout. <\/p>\n\n\n\n<p>Pokud zpr\u00e1vy ve va\u0161\u00ed schr\u00e1nce z\u016fst\u00e1vaj\u00ed i po otev\u0159en\u00ed nep\u0159e\u010dten\u00e9, ujist\u011bte se, \u017ee nem\u00e1te v <strong>Nastaven\u00ed <\/strong>v sekci <strong>Volby funkc\u00ed<\/strong> za\u0161krtnut\u00e9 pole \u201cNeozna\u010dovat zpr\u00e1vy po otev\u0159en\u00ed jako p\u0159e\u010dten\u00e9\u201d. &nbsp;<\/p>\n\n\n\n<p>D\u00e1le se m\u016f\u017eete setkat se situac\u00ed, kdy v\u00e1m n\u011bkdo ode\u0161le e-mail s p\u0159\u00edlohou ve form\u00e1tu .eml. V takov\u00e9m p\u0159\u00edpad\u011b se v\u00e1m m\u016f\u017ee p\u0159\u00edloha zobrazit p\u0159\u00edmo v t\u011ble zpr\u00e1vy. Aby se zobrazovala jako p\u0159\u00edloha, sta\u010d\u00ed v nastaven\u00ed schr\u00e1nky v sekci&nbsp;<strong>Volby funkc\u00ed&nbsp;<\/strong>od\u0161krtnout pole \u201cZobrazovat obsah .eml p\u0159\u00edloh v t\u011ble zpr\u00e1vy\u201d.&nbsp;<\/p>\n<\/div>\n<\/div>\n<\/div>\n<\/div>\n","protected":false},"excerpt":{"rendered":"<p>Pro vstup do&nbsp;Nastaven\u00ed&nbsp;vyu\u017eijte ikonu ozuben\u00e9ho kola v lev\u00e9 doln\u00ed \u010d\u00e1sti obrazovky. V sekci&nbsp;Volby funkc\u00ed m\u016f\u017eete spravovat n\u011bkter\u00e9 pokro\u010dilej\u0161\u00ed volby a funkce v e-mailov\u00e9 schr\u00e1nce. Nastaven\u00ed zm\u011bn\u00edte jednodu\u0161e za\u0161krtnut\u00edm \u010dtvere\u010dku vedle konkr\u00e9tn\u00ed mo\u017enosti.&nbsp; Detail e-mailu V t\u00e9to \u010d\u00e1sti je mo\u017en\u00e9 upravit volby zobrazen\u00ed n\u011bkter\u00fdch prvk\u016f v p\u0159\u00edchoz\u00edch zpr\u00e1v\u00e1ch. Funkce umo\u017e\u0148uj\u00ed snaz\u0161\u00ed orientaci v obsahu a rychlej\u0161\u00ed [&hellip;]<\/p>\n","protected":false},"author":13,"featured_media":0,"parent":107,"menu_order":3,"comment_status":"closed","ping_status":"closed","template":"page-sidemenu","meta":{"_acf_changed":false,"_relevanssi_hide_post":"","_relevanssi_hide_content":"","_relevanssi_pin_for_all":"","_relevanssi_pin_keywords":"","_relevanssi_unpin_keywords":"","_relevanssi_related_keywords":"","_relevanssi_related_include_ids":"","_relevanssi_related_exclude_ids":"","_relevanssi_related_no_append":"","_relevanssi_related_not_related":"","_relevanssi_related_posts":"","_relevanssi_noindex_reason":"","footnotes":""},"page_category":[4],"page_tag":[],"service_status_category":[],"class_list":["post-1436","page","type-page","status-publish","hentry"],"acf":[],"_links":{"self":[{"href":"https:\/\/o-seznam.cz\/napoveda\/email\/wp-json\/wp\/v2\/pages\/1436","targetHints":{"allow":["GET"]}}],"collection":[{"href":"https:\/\/o-seznam.cz\/napoveda\/email\/wp-json\/wp\/v2\/pages"}],"about":[{"href":"https:\/\/o-seznam.cz\/napoveda\/email\/wp-json\/wp\/v2\/types\/page"}],"author":[{"embeddable":true,"href":"https:\/\/o-seznam.cz\/napoveda\/email\/wp-json\/wp\/v2\/users\/13"}],"replies":[{"embeddable":true,"href":"https:\/\/o-seznam.cz\/napoveda\/email\/wp-json\/wp\/v2\/comments?post=1436"}],"version-history":[{"count":6,"href":"https:\/\/o-seznam.cz\/napoveda\/email\/wp-json\/wp\/v2\/pages\/1436\/revisions"}],"predecessor-version":[{"id":1574,"href":"https:\/\/o-seznam.cz\/napoveda\/email\/wp-json\/wp\/v2\/pages\/1436\/revisions\/1574"}],"up":[{"embeddable":true,"href":"https:\/\/o-seznam.cz\/napoveda\/email\/wp-json\/wp\/v2\/pages\/107"}],"wp:attachment":[{"href":"https:\/\/o-seznam.cz\/napoveda\/email\/wp-json\/wp\/v2\/media?parent=1436"}],"wp:term":[{"taxonomy":"page_category","embeddable":true,"href":"https:\/\/o-seznam.cz\/napoveda\/email\/wp-json\/wp\/v2\/page_category?post=1436"},{"taxonomy":"page_tag","embeddable":true,"href":"https:\/\/o-seznam.cz\/napoveda\/email\/wp-json\/wp\/v2\/page_tag?post=1436"},{"taxonomy":"service_status_category","embeddable":true,"href":"https:\/\/o-seznam.cz\/napoveda\/email\/wp-json\/wp\/v2\/service_status_category?post=1436"}],"curies":[{"name":"wp","href":"https:\/\/api.w.org\/{rel}","templated":true}]}}