{"id":1427,"date":"2025-05-21T13:57:53","date_gmt":"2025-05-21T11:57:53","guid":{"rendered":"https:\/\/o-seznam.cz\/napoveda\/email\/?page_id=1427"},"modified":"2026-04-21T10:31:59","modified_gmt":"2026-04-21T08:31:59","slug":"seznam-ai-v-emailu","status":"publish","type":"page","link":"https:\/\/o-seznam.cz\/napoveda\/email\/funkce-ve-schrance\/seznam-ai-v-emailu\/","title":{"rendered":"Seznam AI v Emailu"},"content":{"rendered":"\n<div class=\"wp-block-group is-layout-constrained wp-block-group-is-layout-constrained\">\n<p>V e-mailov\u00e9 schr\u00e1nce od Seznamu si m\u016f\u017eete nechat vygenerovat p\u0159edm\u011bt nov\u00e9 zpr\u00e1vy pomoc\u00ed um\u011bl\u00e9 inteligence. Dal\u0161\u00ed u\u017eite\u010dn\u00e9 funkce, kter\u00e9 ji vyu\u017e\u00edvaj\u00ed, budou postupn\u011b p\u0159ib\u00fdvat. P\u0159in\u00e1\u0161\u00edme v\u00e1m odpov\u011bdi na ot\u00e1zky, co to vlastn\u011b je AI, co um\u00ed a jak nakl\u00e1d\u00e1 s va\u0161imi e-maily.<\/p>\n\n\n\n<div class=\"wp-block-group is-layout-constrained wp-block-group-is-layout-constrained\">\n<h2 class=\"wp-block-heading\">Co je to AI a co um\u00ed ta od Seznamu?<\/h2>\n\n\n\n<p>Um\u011bl\u00e1 inteligence (AI), konkr\u00e9tn\u011b jej\u00ed jazykov\u00e1 forma, je technologie, kter\u00e1 dok\u00e1\u017ee generovat text a reagovat na vstupn\u00ed podn\u011bty zp\u016fsobem p\u0159ipom\u00ednaj\u00edc\u00edm lidskou komunikaci. Vyu\u017e\u00edv\u00e1 k tomu velk\u00e9 jazykov\u00e9 modely (LLM), kter\u00e9 byly natr\u00e9novan\u00e9 na rozs\u00e1hl\u00fdch souborech text\u016f. Na z\u00e1klad\u011b vzor\u016f z dat, na kter\u00fdch se u\u010dila, vytv\u00e1\u0159\u00ed statisticky nejpravd\u011bpodobn\u011bj\u0161\u00ed odpov\u011b\u010f na u\u017eivatelem zadan\u00fd vstup (prompt).<\/p>\n\n\n\n<p>V Seznamu dlouhodob\u011b vyv\u00edj\u00edme n\u00e1\u0161 vlastn\u00ed velk\u00fd jazykov\u00fd model nazvan\u00fd SeLLMa, jeho\u017e p\u0159ednost\u00ed je perfektn\u00ed znalost \u010de\u0161tiny a bezpe\u010dn\u00e9 um\u00edst\u011bn\u00ed dat na serverech v na\u0161ich vlastn\u00edch datov\u00fdch centrech v Horn\u00edch Po\u010dernic\u00edch a Ben\u00e1tk\u00e1ch nad Jizerou.<\/p>\n\n\n\n<p>V\u00edce o vyu\u017eit\u00ed um\u011bl\u00e9 inteligence v Seznam.cz se do\u010dtete <a href=\"https:\/\/o-seznam.cz\/pravni-informace\/ai\/\" data-type=\"link\" data-id=\"https:\/\/o-seznam.cz\/pravni-informace\/ai\/\">v samostatn\u00e9m \u010dl\u00e1nku<\/a>.<\/p>\n<\/div>\n\n\n\n<div class=\"wp-block-group is-layout-constrained wp-block-group-is-layout-constrained\">\n<h2 class=\"wp-block-heading\">AI sumarizuje obsah a nap\u00ed\u0161e p\u0159edm\u011bt zpr\u00e1vy<\/h2>\n\n\n\n<p>AI slou\u017e\u00ed jako chytr\u00fd pomocn\u00edk, kter\u00fd \u0161et\u0159\u00ed \u010das a zjednodu\u0161uje pr\u00e1ci. V sou\u010dasn\u00e9 dob\u011b obstar\u00e1v\u00e1 v e-mailu tyto funkce<\/p>\n\n\n\n<ul class=\"wp-block-list\">\n<li><strong>Vygenerov\u00e1n\u00ed p\u0159edm\u011btu nov\u00e9 zpr\u00e1vy<\/strong> &#8211; Sta\u010d\u00ed, aby v\u00e1mi napsan\u00fd text tvo\u0159ilo minim\u00e1ln\u011b deset slov. Po kliknut\u00ed na tla\u010d\u00edtko <strong>Navrhnout pomoc\u00ed AI<\/strong> se p\u0159edm\u011bt automaticky dopln\u00ed p\u0159\u00edmo do p\u0159\u00edslu\u0161n\u00e9ho pole. N\u00e1sledn\u011b ho m\u016f\u017eete libovoln\u011b upravit. Pokud dopln\u011bn\u00fd text nevyhovuje, m\u016f\u017eete ho smazat a vygenerovat novou variantu.<\/li>\n\n\n\n<li><strong>Shrnut\u00ed zpr\u00e1vy<\/strong> &#8211; U p\u0159\u00edchoz\u00edch zpr\u00e1v del\u0161\u00edch ne\u017e 10 slov se automaticky zobraz\u00ed tla\u010d\u00edtko pro shrnut\u00ed e-mailu. Tato volba provede sumarizaci otev\u0159en\u00e9 p\u0159\u00edchoz\u00ed zpr\u00e1vy.<\/li>\n\n\n\n<li><strong>Shrnut\u00ed e-mailov\u00e9ho vl\u00e1kna<\/strong> &#8211; Pokud je p\u0159\u00edchoz\u00ed zpr\u00e1va sou\u010d\u00e1st\u00ed del\u0161\u00edho vl\u00e1kna zpr\u00e1v, vedle mo\u017enosti shrnout posledn\u00ed e-mail schr\u00e1nka nab\u00eddne tak\u00e9 mo\u017enost shrnout celou konverzaci.<\/li>\n<\/ul>\n\n\n\n<h2 class=\"wp-block-heading\">Dal\u0161\u00ed funkce budou p\u0159ib\u00fdvat<\/h2>\n\n\n\n<p>Postupn\u011b budou ve schr\u00e1nce p\u0159ib\u00fdvat i dal\u0161\u00ed vychyt\u00e1vky vyu\u017e\u00edvaj\u00edc\u00ed um\u011blou inteligenci. Na dostupnost nov\u00e9 funkce v\u00e1s v\u017edy upozorn\u00ed informa\u010dn\u00ed prou\u017eek. M\u016f\u017eete se t\u011b\u0161it nap\u0159\u00edklad na:<\/p>\n\n\n\n<ul class=\"wp-block-list\">\n<li>Vylep\u0161en\u00e1 kontrola pravopisu<\/li>\n\n\n\n<li>N\u00e1vrh stru\u010dn\u00e9 odpov\u011bdi<\/li>\n\n\n\n<li>Chytr\u00e9 propojen\u00ed s kalend\u00e1\u0159em<\/li>\n\n\n\n<li>P\u0159eklad cizojazy\u010dn\u00fdch zpr\u00e1v do \u010de\u0161tiny<\/li>\n\n\n\n<li>a dal\u0161\u00ed<\/li>\n<\/ul>\n\n\n\n<p>Pro v\u0161echny nov\u00e9 dovednosti plat\u00ed, \u017ee je m\u00e1te pln\u011b pod svou kontrolou. Provedou se pouze tehdy, pokud je vyvol\u00e1te kliknut\u00edm na p\u0159\u00edslu\u0161n\u00e9 tla\u010d\u00edtko nebo odkaz. AI ve schr\u00e1nce neprov\u00e1d\u00ed a nebude prov\u00e1d\u011bt \u017e\u00e1dn\u00e9 operace bez va\u0161eho v\u011bdom\u00ed, nebude rozhodovat, kter\u00e9 zpr\u00e1vy jsou d\u016fle\u017eit\u011bj\u0161\u00ed ne\u017e jin\u00e9, t\u0159\u00eddit, mazat nebo sama zpr\u00e1vy odes\u00edlat.<\/p>\n<\/div>\n\n\n\n<div class=\"wp-block-group is-layout-constrained wp-block-group-is-layout-constrained\">\n<h2 class=\"wp-block-heading\">Jak Seznam AI nakl\u00e1d\u00e1 s m\u00fdmi daty?<\/h2>\n\n\n\n<p>Zaveden\u00ed AI funkc\u00ed nijak nenaru\u0161uje d\u016fv\u011brnost dat obsa\u017een\u00fdch v e-mailov\u00fdch zpr\u00e1v\u00e1ch. Kdykoli se rozhodnete n\u011bkterou z  AI funkc\u00ed pou\u017e\u00edt, pro z\u00edsk\u00e1n\u00ed v\u00fdsledku je sice pot\u0159eba jazykov\u00e9mu modelu p\u0159edat text e-mailov\u00e9 zpr\u00e1vy, cel\u00e1 operace ale prob\u00edh\u00e1 p\u0159es zabezpe\u010den\u00e9 syst\u00e9my a v jej\u00edm pr\u016fb\u011bhu se neukl\u00e1daj\u00ed \u017e\u00e1dn\u00e1 vstupn\u00ed ani v\u00fdstupn\u00ed data. To znamen\u00e1, \u017ee jazykov\u00fd model si va\u0161e e-maily nepamatuje a neu\u010d\u00ed se z nich. <\/p>\n<\/div>\n\n\n\n<div class=\"wp-block-group is-layout-constrained wp-block-group-is-layout-constrained\">\n<h2 class=\"wp-block-heading\">Co kdy\u017e AI ve schr\u00e1nce nechci?<\/h2>\n\n\n\n<p>Pokud AI ve sv\u00e9 schr\u00e1nce nechcete, m\u016f\u017eete ji jednodu\u0161e vypnout v <strong>Nastaven\u00ed<\/strong>, v sekci <strong>Volby funkc\u00ed<\/strong>. Od\u0161krtnut\u00edm volby <strong>Povolit AI funkce ve schr\u00e1nce<\/strong> se funkce s vyu\u017eit\u00edm AI ve va\u0161\u00ed schr\u00e1nce deaktivuj\u00ed.<\/p>\n\n\n\n<p>Pokud sv\u016fj n\u00e1zor zm\u011bn\u00edte, m\u016f\u017eete je kdykoli pozd\u011bji op\u011bt zapnout.<\/p>\n<\/div>\n\n\n\n<div class=\"wp-block-group is-layout-constrained wp-block-group-is-layout-constrained\">\n<h2 class=\"wp-block-heading\">Odpov\u011bdnost<\/h2>\n\n\n\n<p>Slu\u017eeb a funkc\u00ed vyu\u017e\u00edvaj\u00edc\u00edch AI v cel\u00e9m sv\u011bt\u011b ka\u017ed\u00fdm dnem p\u0159ib\u00fdv\u00e1. Obvykle p\u0159in\u00e1\u0161\u00ed vy\u0161\u0161\u00ed pohodl\u00ed a v\u011bt\u0161\u00ed efektivitu, a\u0165 u\u017e je vyu\u017e\u00edv\u00e1na v jak\u00e9koli oblasti. P\u0159i jej\u00edm pou\u017e\u00edv\u00e1n\u00ed ale nikdy nezapom\u00ednejte, \u017ee jazykov\u00fd model funguje na z\u00e1klad\u011b pravd\u011bpodobnostn\u00edho generov\u00e1n\u00ed textu a <strong>neprov\u00e1d\u00ed ov\u011b\u0159ov\u00e1n\u00ed fakt\u016f<\/strong>. Kvalita v\u00fdstup\u016f z\u00e1vis\u00ed na p\u0159esnosti, vhodnosti a srozumitelnosti zadan\u00fdch vstupn\u00edch dat (prompt\u016f). Za nepravdiv\u00e9, zav\u00e1d\u011bj\u00edc\u00ed nebo jinak nevhodn\u00e9 v\u00fdstupy, zejm\u00e9na pokud vznikly v d\u016fsledku manipulace s pokyny pro jazykov\u00fd model nebo pou\u017eit\u00edm nevhodn\u00fdch vstup\u016f, proto nem\u016f\u017eeme n\u00e9st odpov\u011bdnost. V\u00fdstupy generovan\u00e9 jazykov\u00fdm modelem nereprezentuj\u00ed n\u00e1zory ani stanoviska spole\u010dnosti Seznam.cz nebo jej\u00edch p\u0159edstavitel\u016f.<\/p>\n<\/div>\n\n\n\n<div class=\"wp-block-group is-layout-constrained wp-block-group-is-layout-constrained\">\n<h2 class=\"wp-block-heading\">Chcete si nov\u00e9 funkce vyzkou\u0161et mezi prvn\u00edmi?<\/h2>\n\n\n\n<p>V\u011bt\u0161inu nov\u00fdch funkc\u00ed maj\u00ed p\u0159ednostn\u011b mo\u017enost pou\u017e\u00edvat ti u\u017eivatel\u00e9, kte\u0159\u00ed sv\u00e9 schr\u00e1nky p\u0159ihl\u00e1sili do ve\u0159ejn\u00e9ho testovac\u00edho prost\u0159ed\u00ed Email Lab. <br><a href=\"https:\/\/o-seznam.cz\/napoveda\/email\/mohlo-by-se-hodit\/email-lab\/\" data-type=\"link\" data-id=\"https:\/\/o-seznam.cz\/napoveda\/email\/mohlo-by-se-hodit\/email-lab\/\">V\u00edce o Email Labu<\/a><\/p>\n<\/div>\n<\/div>\n\n\n\n<p><\/p>\n","protected":false},"excerpt":{"rendered":"<p>V e-mailov\u00e9 schr\u00e1nce od Seznamu si m\u016f\u017eete nechat vygenerovat p\u0159edm\u011bt nov\u00e9 zpr\u00e1vy pomoc\u00ed um\u011bl\u00e9 inteligence. Dal\u0161\u00ed u\u017eite\u010dn\u00e9 funkce, kter\u00e9 ji vyu\u017e\u00edvaj\u00ed, budou postupn\u011b p\u0159ib\u00fdvat. P\u0159in\u00e1\u0161\u00edme v\u00e1m odpov\u011bdi na ot\u00e1zky, co to vlastn\u011b je AI, co um\u00ed a jak nakl\u00e1d\u00e1 s va\u0161imi e-maily. Co je to AI a co um\u00ed ta od Seznamu? Um\u011bl\u00e1 inteligence (AI), [&hellip;]<\/p>\n","protected":false},"author":13,"featured_media":0,"parent":1682,"menu_order":40,"comment_status":"closed","ping_status":"closed","template":"page-sidemenu","meta":{"_acf_changed":false,"_relevanssi_hide_post":"on","_relevanssi_hide_content":"on","_relevanssi_pin_for_all":"","_relevanssi_pin_keywords":"","_relevanssi_unpin_keywords":"","_relevanssi_related_keywords":"","_relevanssi_related_include_ids":"","_relevanssi_related_exclude_ids":"","_relevanssi_related_no_append":"","_relevanssi_related_not_related":"","_relevanssi_related_posts":"","_relevanssi_noindex_reason":"SEO Framework Relevanssi index exclude","footnotes":""},"page_category":[4],"page_tag":[],"service_status_category":[],"class_list":["post-1427","page","type-page","status-publish","hentry"],"acf":[],"_links":{"self":[{"href":"https:\/\/o-seznam.cz\/napoveda\/email\/wp-json\/wp\/v2\/pages\/1427","targetHints":{"allow":["GET"]}}],"collection":[{"href":"https:\/\/o-seznam.cz\/napoveda\/email\/wp-json\/wp\/v2\/pages"}],"about":[{"href":"https:\/\/o-seznam.cz\/napoveda\/email\/wp-json\/wp\/v2\/types\/page"}],"author":[{"embeddable":true,"href":"https:\/\/o-seznam.cz\/napoveda\/email\/wp-json\/wp\/v2\/users\/13"}],"replies":[{"embeddable":true,"href":"https:\/\/o-seznam.cz\/napoveda\/email\/wp-json\/wp\/v2\/comments?post=1427"}],"version-history":[{"count":19,"href":"https:\/\/o-seznam.cz\/napoveda\/email\/wp-json\/wp\/v2\/pages\/1427\/revisions"}],"predecessor-version":[{"id":1649,"href":"https:\/\/o-seznam.cz\/napoveda\/email\/wp-json\/wp\/v2\/pages\/1427\/revisions\/1649"}],"up":[{"embeddable":true,"href":"https:\/\/o-seznam.cz\/napoveda\/email\/wp-json\/wp\/v2\/pages\/1682"}],"wp:attachment":[{"href":"https:\/\/o-seznam.cz\/napoveda\/email\/wp-json\/wp\/v2\/media?parent=1427"}],"wp:term":[{"taxonomy":"page_category","embeddable":true,"href":"https:\/\/o-seznam.cz\/napoveda\/email\/wp-json\/wp\/v2\/page_category?post=1427"},{"taxonomy":"page_tag","embeddable":true,"href":"https:\/\/o-seznam.cz\/napoveda\/email\/wp-json\/wp\/v2\/page_tag?post=1427"},{"taxonomy":"service_status_category","embeddable":true,"href":"https:\/\/o-seznam.cz\/napoveda\/email\/wp-json\/wp\/v2\/service_status_category?post=1427"}],"curies":[{"name":"wp","href":"https:\/\/api.w.org\/{rel}","templated":true}]}}