{"id":1364,"date":"2025-02-04T15:11:14","date_gmt":"2025-02-04T14:11:14","guid":{"rendered":"https:\/\/o-seznam.cz\/napoveda\/email\/?page_id=1364"},"modified":"2025-04-09T15:03:57","modified_gmt":"2025-04-09T13:03:57","slug":"vzhled","status":"publish","type":"page","link":"https:\/\/o-seznam.cz\/napoveda\/email\/moznosti-nastaveni\/vzhled\/","title":{"rendered":"Vzhled\u00a0"},"content":{"rendered":"\n<div class=\"wp-block-group is-layout-constrained wp-block-group-is-layout-constrained\">\n<p>Pro vstup do <strong>Nastaven\u00ed<\/strong> vyu\u017eijte ikonu ozuben\u00e9ho kola v lev\u00e9 doln\u00ed \u010d\u00e1sti obrazovky. V sekci <strong>Vzhled <\/strong>si<strong> <\/strong>m\u016f\u017eete upravit rozlo\u017een\u00ed a barevn\u00e9 motivy schr\u00e1nky. Nicm\u00e9n\u011b zde najdete i nastaven\u00ed preferovan\u00e9ho zobrazen\u00ed&nbsp;e-mail\u016f a jejich obsahu.&nbsp;<\/p>\n\n\n\n<h2 class=\"wp-block-heading\">Rozlo\u017een\u00ed schr\u00e1nky<\/h2>\n\n\n\n<p>U rozlo\u017een\u00ed schr\u00e1nky si m\u016f\u017eete vybrat ze dvou typ\u016f: <strong>Z\u00e1kladn\u00ed<\/strong> a <strong>Roz\u0161\u00ed\u0159en\u00e9<\/strong>. <strong>Z\u00e1kladn\u00ed rozlo\u017een\u00ed<\/strong> umo\u017e\u0148uje soust\u0159edit se na jeden e-mail, zat\u00edmco Roz\u0161\u00ed\u0159en\u00e9 rozlo\u017een\u00ed nab\u00edz\u00ed komplexn\u011bj\u0161\u00ed pohled. S <strong>Roz\u0161\u00ed\u0159en\u00fdm rozlo\u017een\u00edm<\/strong> m\u016f\u017eete \u010d\u00edst e-mail a z\u00e1rove\u0148 vid\u011bt seznam dal\u0161\u00edch doru\u010den\u00fdch e-mail\u016f, co\u017e usnad\u0148uje p\u0159ech\u00e1zen\u00ed mezi zpr\u00e1vami a zlep\u0161uje organizaci va\u0161\u00ed schr\u00e1nky.&nbsp;<\/p>\n\n\n\n<h2 class=\"wp-block-heading\">Vzhledy schr\u00e1nky<\/h2>\n\n\n\n<p>Na v\u00fdb\u011br m\u00e1te hned z n\u011bkolika r\u016fzn\u011b barevn\u00fdch motiv\u016f a styl\u016f, nechyb\u00ed samoz\u0159ejm\u011b ani tmav\u00e9 vzhledy. Vyzkou\u0161ejte si je a vyberte si ten, co v\u00e1m vyhovuje nejv\u00edce.&nbsp;<\/p>\n\n\n\n<p>Nastavit si r\u016fzn\u00e9 vzhledy je praktick\u00e9 zejm\u00e9na tehdy, pokud pou\u017e\u00edv\u00e1te v\u00edce schr\u00e1nek. Na prvn\u00ed pohled tak v\u017edy pozn\u00e1te, ve kter\u00e9 pr\u00e1v\u011b jste.<br><\/p>\n<\/div>\n","protected":false},"excerpt":{"rendered":"<p>Pro vstup do Nastaven\u00ed vyu\u017eijte ikonu ozuben\u00e9ho kola v lev\u00e9 doln\u00ed \u010d\u00e1sti obrazovky. V sekci Vzhled si m\u016f\u017eete upravit rozlo\u017een\u00ed a barevn\u00e9 motivy schr\u00e1nky. Nicm\u00e9n\u011b zde najdete i nastaven\u00ed preferovan\u00e9ho zobrazen\u00ed&nbsp;e-mail\u016f a jejich obsahu.&nbsp; Rozlo\u017een\u00ed schr\u00e1nky U rozlo\u017een\u00ed schr\u00e1nky si m\u016f\u017eete vybrat ze dvou typ\u016f: Z\u00e1kladn\u00ed a Roz\u0161\u00ed\u0159en\u00e9. Z\u00e1kladn\u00ed rozlo\u017een\u00ed umo\u017e\u0148uje soust\u0159edit se na jeden [&hellip;]<\/p>\n","protected":false},"author":11,"featured_media":0,"parent":107,"menu_order":2,"comment_status":"closed","ping_status":"closed","template":"page-sidemenu","meta":{"_acf_changed":false,"_relevanssi_hide_post":"","_relevanssi_hide_content":"","_relevanssi_pin_for_all":"","_relevanssi_pin_keywords":"","_relevanssi_unpin_keywords":"","_relevanssi_related_keywords":"","_relevanssi_related_include_ids":"","_relevanssi_related_exclude_ids":"","_relevanssi_related_no_append":"","_relevanssi_related_not_related":"","_relevanssi_related_posts":"","_relevanssi_noindex_reason":"","footnotes":""},"page_category":[4],"page_tag":[],"service_status_category":[],"class_list":["post-1364","page","type-page","status-publish","hentry"],"acf":[],"_links":{"self":[{"href":"https:\/\/o-seznam.cz\/napoveda\/email\/wp-json\/wp\/v2\/pages\/1364","targetHints":{"allow":["GET"]}}],"collection":[{"href":"https:\/\/o-seznam.cz\/napoveda\/email\/wp-json\/wp\/v2\/pages"}],"about":[{"href":"https:\/\/o-seznam.cz\/napoveda\/email\/wp-json\/wp\/v2\/types\/page"}],"author":[{"embeddable":true,"href":"https:\/\/o-seznam.cz\/napoveda\/email\/wp-json\/wp\/v2\/users\/11"}],"replies":[{"embeddable":true,"href":"https:\/\/o-seznam.cz\/napoveda\/email\/wp-json\/wp\/v2\/comments?post=1364"}],"version-history":[{"count":5,"href":"https:\/\/o-seznam.cz\/napoveda\/email\/wp-json\/wp\/v2\/pages\/1364\/revisions"}],"predecessor-version":[{"id":1449,"href":"https:\/\/o-seznam.cz\/napoveda\/email\/wp-json\/wp\/v2\/pages\/1364\/revisions\/1449"}],"up":[{"embeddable":true,"href":"https:\/\/o-seznam.cz\/napoveda\/email\/wp-json\/wp\/v2\/pages\/107"}],"wp:attachment":[{"href":"https:\/\/o-seznam.cz\/napoveda\/email\/wp-json\/wp\/v2\/media?parent=1364"}],"wp:term":[{"taxonomy":"page_category","embeddable":true,"href":"https:\/\/o-seznam.cz\/napoveda\/email\/wp-json\/wp\/v2\/page_category?post=1364"},{"taxonomy":"page_tag","embeddable":true,"href":"https:\/\/o-seznam.cz\/napoveda\/email\/wp-json\/wp\/v2\/page_tag?post=1364"},{"taxonomy":"service_status_category","embeddable":true,"href":"https:\/\/o-seznam.cz\/napoveda\/email\/wp-json\/wp\/v2\/service_status_category?post=1364"}],"curies":[{"name":"wp","href":"https:\/\/api.w.org\/{rel}","templated":true}]}}