{"id":1361,"date":"2025-02-05T10:42:25","date_gmt":"2025-02-05T09:42:25","guid":{"rendered":"https:\/\/o-seznam.cz\/napoveda\/email\/?page_id=1361"},"modified":"2025-02-05T10:42:26","modified_gmt":"2025-02-05T09:42:26","slug":"skupiny","status":"publish","type":"page","link":"https:\/\/o-seznam.cz\/napoveda\/email\/profi\/organizace-domeny-a-schranky\/skupiny\/","title":{"rendered":"Skupiny"},"content":{"rendered":"\n<div class=\"wp-block-group is-layout-constrained wp-block-group-is-layout-constrained\">\n<div class=\"wp-block-group is-layout-constrained wp-block-group-is-layout-constrained\">\n<p>Pomoc\u00ed skupiny vytvo\u0159\u00edte e-mailovou adresu, ze kter\u00e9 se do\u0161l\u00e1 po\u0161ta automaticky roze\u0161le do v\u0161ech schr\u00e1nek, kter\u00e9 jsou \u010dleny t\u00e9to skupiny. M\u016f\u017eete tak kontaktovat v\u011bt\u0161\u00ed mno\u017estv\u00ed lid\u00ed najednou, ani\u017e by bylo nutn\u00e9 vypisovat jejich jednotliv\u00e9 adresy do pole pro p\u0159\u00edjemce. <\/p>\n\n\n\n<p>Do skupiny m\u016f\u017eete za\u0159adit:<\/p>\n\n\n\n<ul class=\"wp-block-list\">\n<li>schr\u00e1nky na dom\u00e9n\u011b<\/li>\n\n\n\n<li>adresy jin\u00fdch skupin (tzn. m\u016f\u017eete vytv\u00e1\u0159et vno\u0159en\u00e9 skupiny),<\/li>\n\n\n\n<li>jak\u00e9koliv jin\u00e9 e-mailov\u00e9 adresy mimo spravovanou dom\u00e9nu.<\/li>\n<\/ul>\n<\/div>\n\n\n\n<div class=\"wp-block-group is-layout-constrained wp-block-group-is-layout-constrained\">\n<h2 class=\"wp-block-heading\">Vytvo\u0159en\u00ed skupiny<\/h2>\n\n\n\n<ul class=\"wp-block-list\">\n<li>P\u0159ihlaste se\u00a0na Email Profi\u00a0spr\u00e1vcovsk\u00fdm \u00fa\u010dtem a otev\u0159ete p\u0159\u00edslu\u0161nou organizaci.<\/li>\n\n\n\n<li>V z\u00e1lo\u017ece <strong>Skupiny <\/strong>klikn\u011bte vpravo naho\u0159e na odkaz <strong>Vytvo\u0159it novou skupinu<\/strong>.<\/li>\n\n\n\n<li>V dal\u0161\u00edm kroku vypl\u0148te n\u00e1zev skupiny a vyberte, na jak\u00e9 dom\u00e9n\u011b z organizace chcete skupinu vytvo\u0159it.<\/li>\n\n\n\n<li>Nastaven\u00ed potvr\u010fte tla\u010d\u00edtkem <strong>Vytvo\u0159it skupinu<\/strong>.<\/li>\n<\/ul>\n<\/div>\n\n\n\n<div class=\"wp-block-group is-layout-constrained wp-block-group-is-layout-constrained\">\n<h2 class=\"wp-block-heading\">Spr\u00e1va skupin<\/h2>\n\n\n\n<p>Spr\u00e1vu skupin m\u016f\u017eete prov\u00e1d\u011bt v administraci Emailu Profi v z\u00e1lo\u017ece <strong>Skupiny<\/strong>. Zde m\u016f\u017eete do existuj\u00edc\u00edch skupin p\u0159idat schr\u00e1nky nebo je naopak odebrat a upravovat nastaven\u00ed.<\/p>\n\n\n\n<p>V sekci <strong>Nastaven\u00ed skupiny<\/strong> m\u016f\u017eete prov\u00e1d\u011bt n\u00e1sleduj\u00edc\u00ed zm\u011bny<\/p>\n\n\n\n<ul class=\"wp-block-list\">\n<li><strong>Povolen\u00e9 adresy pro doru\u010dov\u00e1n\u00ed e-mail\u016f<\/strong> &#8211; tato volba umo\u017e\u0148uje nastavit, z jak\u00fdch adres m\u016f\u017ee p\u0159\u00edslu\u0161n\u00e1 skupina p\u0159ij\u00edmat e-maily. Zpr\u00e1vy z jin\u00fdch adres nebudou doru\u010deny. Doru\u010dov\u00e1n\u00ed je mo\u017en\u00e9 omezit na konkr\u00e9tn\u00ed e-mailov\u00e9 adresy, na celou organizaci, nebo ponechat bez omezen\u00ed.<\/li>\n\n\n\n<li><strong>Viditelnost v na\u0161ept\u00e1va\u010di adres<\/strong> &#8211; toto nastaven\u00ed ovlivn\u00ed, zda adresu schr\u00e1nky uvid\u00ed ostatn\u00ed \u010dlenov\u00e9 organizace p\u0159i psan\u00ed zpr\u00e1v jako n\u00e1vrh p\u0159i zad\u00e1v\u00e1n\u00ed adresy p\u0159\u00edjemce do adresn\u00edho \u0159\u00e1dku.<\/li>\n\n\n\n<li><strong>Pos\u00edl\u00e1n\u00ed automatick\u00fdch odpov\u011bd\u00ed<\/strong> &#8211; ur\u010duje, zda se m\u00e1 ze schr\u00e1nek, kter\u00e9 jsou \u010dleny skupiny, p\u0159i p\u0159ijet\u00ed nov\u00e9 zpr\u00e1vy poslat automatick\u00e1 odpov\u011b\u010f, pokud maj\u00ed n\u011bjakou nastavenou (nap\u0159\u00edklad Automatick\u00e1 odpov\u011b\u010f v nep\u0159\u00edtomnosti). Tuto volbu doporu\u010dujeme vypnout nap\u0159\u00edklad v p\u0159\u00edpad\u011b, \u017ee adresu skupiny vystav\u00edte na sv\u00fdch webov\u00fdch str\u00e1nk\u00e1ch a klienti, kte\u0159\u00ed na ni budou ps\u00e1t, netu\u0161\u00ed, \u017ee jde o skupinovou adresu.  <\/li>\n\n\n\n<li><strong>P\u0159ejmenov\u00e1n\u00ed skupiny<\/strong><\/li>\n\n\n\n<li><strong>Odstran\u011bn\u00ed skupiny<\/strong><\/li>\n<\/ul>\n<\/div>\n<\/div>\n\n\n\n<p><\/p>\n\n\n\n<p><\/p>\n\n\n\n<p><\/p>\n","protected":false},"excerpt":{"rendered":"<p>Pomoc\u00ed skupiny vytvo\u0159\u00edte e-mailovou adresu, ze kter\u00e9 se do\u0161l\u00e1 po\u0161ta automaticky roze\u0161le do v\u0161ech schr\u00e1nek, kter\u00e9 jsou \u010dleny t\u00e9to skupiny. M\u016f\u017eete tak kontaktovat v\u011bt\u0161\u00ed mno\u017estv\u00ed lid\u00ed najednou, ani\u017e by bylo nutn\u00e9 vypisovat jejich jednotliv\u00e9 adresy do pole pro p\u0159\u00edjemce. Do skupiny m\u016f\u017eete za\u0159adit: Vytvo\u0159en\u00ed skupiny Spr\u00e1va skupin Spr\u00e1vu skupin m\u016f\u017eete prov\u00e1d\u011bt v administraci Emailu Profi [&hellip;]<\/p>\n","protected":false},"author":13,"featured_media":0,"parent":442,"menu_order":20,"comment_status":"closed","ping_status":"closed","template":"page-sidemenu","meta":{"_acf_changed":false,"_relevanssi_hide_post":"","_relevanssi_hide_content":"","_relevanssi_pin_for_all":"","_relevanssi_pin_keywords":"","_relevanssi_unpin_keywords":"","_relevanssi_related_keywords":"","_relevanssi_related_include_ids":"","_relevanssi_related_exclude_ids":"","_relevanssi_related_no_append":"","_relevanssi_related_not_related":"","_relevanssi_related_posts":"","_relevanssi_noindex_reason":"","footnotes":""},"page_category":[12],"page_tag":[],"service_status_category":[],"class_list":["post-1361","page","type-page","status-publish","hentry"],"acf":[],"_links":{"self":[{"href":"https:\/\/o-seznam.cz\/napoveda\/email\/wp-json\/wp\/v2\/pages\/1361","targetHints":{"allow":["GET"]}}],"collection":[{"href":"https:\/\/o-seznam.cz\/napoveda\/email\/wp-json\/wp\/v2\/pages"}],"about":[{"href":"https:\/\/o-seznam.cz\/napoveda\/email\/wp-json\/wp\/v2\/types\/page"}],"author":[{"embeddable":true,"href":"https:\/\/o-seznam.cz\/napoveda\/email\/wp-json\/wp\/v2\/users\/13"}],"replies":[{"embeddable":true,"href":"https:\/\/o-seznam.cz\/napoveda\/email\/wp-json\/wp\/v2\/comments?post=1361"}],"version-history":[{"count":1,"href":"https:\/\/o-seznam.cz\/napoveda\/email\/wp-json\/wp\/v2\/pages\/1361\/revisions"}],"predecessor-version":[{"id":1362,"href":"https:\/\/o-seznam.cz\/napoveda\/email\/wp-json\/wp\/v2\/pages\/1361\/revisions\/1362"}],"up":[{"embeddable":true,"href":"https:\/\/o-seznam.cz\/napoveda\/email\/wp-json\/wp\/v2\/pages\/442"}],"wp:attachment":[{"href":"https:\/\/o-seznam.cz\/napoveda\/email\/wp-json\/wp\/v2\/media?parent=1361"}],"wp:term":[{"taxonomy":"page_category","embeddable":true,"href":"https:\/\/o-seznam.cz\/napoveda\/email\/wp-json\/wp\/v2\/page_category?post=1361"},{"taxonomy":"page_tag","embeddable":true,"href":"https:\/\/o-seznam.cz\/napoveda\/email\/wp-json\/wp\/v2\/page_tag?post=1361"},{"taxonomy":"service_status_category","embeddable":true,"href":"https:\/\/o-seznam.cz\/napoveda\/email\/wp-json\/wp\/v2\/service_status_category?post=1361"}],"curies":[{"name":"wp","href":"https:\/\/api.w.org\/{rel}","templated":true}]}}