{"id":1355,"date":"2025-02-05T10:42:31","date_gmt":"2025-02-05T09:42:31","guid":{"rendered":"https:\/\/o-seznam.cz\/napoveda\/email\/?page_id=1355"},"modified":"2025-02-05T10:42:32","modified_gmt":"2025-02-05T09:42:32","slug":"aliasy","status":"publish","type":"page","link":"https:\/\/o-seznam.cz\/napoveda\/email\/profi\/organizace-domeny-a-schranky\/aliasy\/","title":{"rendered":"Aliasy"},"content":{"rendered":"\n<div class=\"wp-block-group is-layout-constrained wp-block-group-is-layout-constrained\">\n<p>Alias slou\u017e\u00ed k vytvo\u0159en\u00ed alternativn\u00ed e-mailov\u00e9 adresy k ji\u017e existuj\u00edc\u00ed schr\u00e1nce na dom\u00e9n\u011b. Zasl\u00e1n\u00edm e-mailu na alias dojde k p\u0159esm\u011brov\u00e1n\u00ed na p\u0159i\u0159azenou c\u00edlovou schr\u00e1nku. Alias lze vyu\u017e\u00edvat p\u0159i zm\u011bn\u011b jm\u00e9na po svatb\u011b, nap\u0159\u00edklad z <em>novakova@mojefirma.cz<\/em> na <em>novotna@mojefirma.cz<\/em>, nebo pro \u00fa\u010dely pou\u017eit\u00ed p\u0159ezd\u00edvek jako <em>borec@novak.cz<\/em> a jejich sm\u011brov\u00e1n\u00ed na <em>info@novak.cz<\/em>.<\/p>\n\n\n\n<div class=\"wp-block-group is-layout-constrained wp-block-group-is-layout-constrained\">\n<h2 class=\"wp-block-heading\">Vytvo\u0159en\u00ed aliasu<\/h2>\n\n\n\n<ul class=\"wp-block-list\">\n<li>V <a class=\"is-style-link-external\" href=\"https:\/\/emailprofi.seznam.cz\/\" target=\"_blank\" rel=\"noreferrer noopener\">administraci Emailu Profi<\/a> otev\u0159ete spr\u00e1vu organizace, kde se nach\u00e1z\u00ed schr\u00e1nka, ke kter\u00e9 chcete nastavit alias.<\/li>\n\n\n\n<li>Otev\u0159ete z\u00e1lo\u017eku <strong>Aliasy<\/strong>.<\/li>\n\n\n\n<li>Klikn\u011bte vpravo naho\u0159e na tla\u010d\u00edtko <strong>Vytvo\u0159it nov\u00fd alias<\/strong>.<br><br><img decoding=\"async\" alt=\"\" src=\"https:\/\/napoveda.seznam.cz\/soubory\/Email\/emailprofi\/administrace\/profi-vytvorit-alias.png\"><br><\/li>\n\n\n\n<li>Ve formul\u00e1\u0159i vypl\u0148te\n<ul class=\"wp-block-list\">\n<li>N\u00e1zev aliasu \u2013 v adrese, ze kter\u00e9 se bude po\u0161ta p\u0159esm\u011brov\u00e1vat, bude pou\u017eit jako \u010d\u00e1st p\u0159ed zavin\u00e1\u010dem<\/li>\n\n\n\n<li>Vyberte dom\u00e9nu \u2013 na jak\u00e9 dom\u00e9n\u011b alias je (co je za zavin\u00e1\u010dem)<\/li>\n\n\n\n<li>C\u00edlov\u00e1 schr\u00e1nka \u2013 c\u00edl p\u0159esm\u011brov\u00e1n\u00ed, do kter\u00e9 se zpr\u00e1va zaslan\u00e1 na alias p\u0159epo\u0161le<br><br><img decoding=\"async\" alt=\"\" src=\"https:\/\/napoveda.seznam.cz\/soubory\/Email\/emailprofi\/administrace\/profi-novy-alias.png\"><\/li>\n<\/ul>\n<\/li>\n<\/ul>\n\n\n\n<p>Kliknut\u00edm na <strong>Vytvo\u0159it alias<\/strong> se dokon\u010d\u00ed nastaven\u00ed, vytvo\u0159\u00ed se e-mailov\u00e1 schr\u00e1nka <em>nazev-aliasu@domena.cz<\/em> a ta je automaticky p\u0159esm\u011brovan\u00e1 na adresu, kterou jste vybrali jako c\u00edlovou schr\u00e1nku.<\/p>\n\n\n\n<p>Nastaven\u00e9 aliasy m\u016f\u017eete kdykoli spravovat \u2013 editovat \u010di mazat \u2013 v z\u00e1lo\u017ece <strong>Aliasy<\/strong> ve spr\u00e1v\u011b organizace. Mezi aliasy m\u016f\u017eete rovn\u011b\u017e vyhled\u00e1vat pomoc\u00ed lupy.<\/p>\n\n\n\n<p>Jak\u00e9 aliasy m\u00e1 nastaven\u00e1 konkr\u00e9tn\u00ed schr\u00e1nka m\u016f\u017eete zjistit a spravovat tak\u00e9 z detailu p\u0159\u00edslu\u0161n\u00e9 c\u00edlov\u00e9 adresy v z\u00e1lo\u017ece <strong>Schr\u00e1nky<\/strong>.<\/p>\n<\/div>\n<\/div>\n\n\n\n<p><\/p>\n","protected":false},"excerpt":{"rendered":"<p>Alias slou\u017e\u00ed k vytvo\u0159en\u00ed alternativn\u00ed e-mailov\u00e9 adresy k ji\u017e existuj\u00edc\u00ed schr\u00e1nce na dom\u00e9n\u011b. Zasl\u00e1n\u00edm e-mailu na alias dojde k p\u0159esm\u011brov\u00e1n\u00ed na p\u0159i\u0159azenou c\u00edlovou schr\u00e1nku. Alias lze vyu\u017e\u00edvat p\u0159i zm\u011bn\u011b jm\u00e9na po svatb\u011b, nap\u0159\u00edklad z novakova@mojefirma.cz na novotna@mojefirma.cz, nebo pro \u00fa\u010dely pou\u017eit\u00ed p\u0159ezd\u00edvek jako borec@novak.cz a jejich sm\u011brov\u00e1n\u00ed na info@novak.cz. Vytvo\u0159en\u00ed aliasu Kliknut\u00edm na Vytvo\u0159it alias [&hellip;]<\/p>\n","protected":false},"author":13,"featured_media":0,"parent":442,"menu_order":30,"comment_status":"closed","ping_status":"closed","template":"page-sidemenu","meta":{"_acf_changed":false,"_relevanssi_hide_post":"","_relevanssi_hide_content":"","_relevanssi_pin_for_all":"","_relevanssi_pin_keywords":"","_relevanssi_unpin_keywords":"","_relevanssi_related_keywords":"","_relevanssi_related_include_ids":"","_relevanssi_related_exclude_ids":"","_relevanssi_related_no_append":"","_relevanssi_related_not_related":"","_relevanssi_related_posts":"","_relevanssi_noindex_reason":"","footnotes":""},"page_category":[12],"page_tag":[],"service_status_category":[],"class_list":["post-1355","page","type-page","status-publish","hentry"],"acf":[],"_links":{"self":[{"href":"https:\/\/o-seznam.cz\/napoveda\/email\/wp-json\/wp\/v2\/pages\/1355","targetHints":{"allow":["GET"]}}],"collection":[{"href":"https:\/\/o-seznam.cz\/napoveda\/email\/wp-json\/wp\/v2\/pages"}],"about":[{"href":"https:\/\/o-seznam.cz\/napoveda\/email\/wp-json\/wp\/v2\/types\/page"}],"author":[{"embeddable":true,"href":"https:\/\/o-seznam.cz\/napoveda\/email\/wp-json\/wp\/v2\/users\/13"}],"replies":[{"embeddable":true,"href":"https:\/\/o-seznam.cz\/napoveda\/email\/wp-json\/wp\/v2\/comments?post=1355"}],"version-history":[{"count":5,"href":"https:\/\/o-seznam.cz\/napoveda\/email\/wp-json\/wp\/v2\/pages\/1355\/revisions"}],"predecessor-version":[{"id":1360,"href":"https:\/\/o-seznam.cz\/napoveda\/email\/wp-json\/wp\/v2\/pages\/1355\/revisions\/1360"}],"up":[{"embeddable":true,"href":"https:\/\/o-seznam.cz\/napoveda\/email\/wp-json\/wp\/v2\/pages\/442"}],"wp:attachment":[{"href":"https:\/\/o-seznam.cz\/napoveda\/email\/wp-json\/wp\/v2\/media?parent=1355"}],"wp:term":[{"taxonomy":"page_category","embeddable":true,"href":"https:\/\/o-seznam.cz\/napoveda\/email\/wp-json\/wp\/v2\/page_category?post=1355"},{"taxonomy":"page_tag","embeddable":true,"href":"https:\/\/o-seznam.cz\/napoveda\/email\/wp-json\/wp\/v2\/page_tag?post=1355"},{"taxonomy":"service_status_category","embeddable":true,"href":"https:\/\/o-seznam.cz\/napoveda\/email\/wp-json\/wp\/v2\/service_status_category?post=1355"}],"curies":[{"name":"wp","href":"https:\/\/api.w.org\/{rel}","templated":true}]}}