{"id":1346,"date":"2025-02-05T10:41:43","date_gmt":"2025-02-05T09:41:43","guid":{"rendered":"https:\/\/o-seznam.cz\/napoveda\/email\/?page_id=1346"},"modified":"2025-03-17T09:57:24","modified_gmt":"2025-03-17T08:57:24","slug":"schranky","status":"publish","type":"page","link":"https:\/\/o-seznam.cz\/napoveda\/email\/profi\/organizace-domeny-a-schranky\/schranky\/","title":{"rendered":"Schr\u00e1nky"},"content":{"rendered":"\n<div class=\"wp-block-group is-layout-constrained wp-block-group-is-layout-constrained\">\n<p class=\"is-style-link-external\">Spr\u00e1vu schr\u00e1nek prov\u00e1d\u00ed administr\u00e1tor na \u00farovni organizace. Po otev\u0159en\u00ed organizace z hlavn\u00ed str\u00e1nky <a href=\"https:\/\/emailprofi.seznam.cz\/\" data-type=\"link\" data-id=\"https:\/\/emailprofi.seznam.cz\/\">administrace Email Profi<\/a> se automaticky otev\u0159e z\u00e1lo\u017eka <strong>Schr\u00e1nky<\/strong>, ve kter\u00e9 lze vytv\u00e1\u0159et, upravovat a odstra\u0148ovat schr\u00e1nky (u\u017eivatele) v cel\u00e9 organizaci.<\/p>\n\n\n\n<p>M\u00e1te-li v organizaci v\u00edce dom\u00e9n, v \u010d\u00e1sti <strong>Schr\u00e1nky<\/strong> najdete seznam v\u0161ech schr\u00e1nek na t\u011bchto dom\u00e9n\u00e1ch. Pomoc\u00ed hledac\u00edho pole lze podle dom\u00e9nov\u00e9ho jm\u00e9na filtrovat a zobrazit si tak pouze u\u017eivatele na konkr\u00e9tn\u00ed dom\u00e9n\u011b.<\/p>\n\n\n\n<p>Po\u010det dom\u00e9n ani schr\u00e1nek v organizaci nen\u00ed omezen.<\/p>\n\n\n\n<div class=\"wp-block-group is-layout-constrained wp-block-group-is-layout-constrained\">\n<p>V z\u00e1lo\u017ece <strong>Schr\u00e1nky<\/strong> m\u016f\u017ee administr\u00e1tor<\/p>\n\n\n\n<ul class=\"wp-block-list\">\n<li>vytv\u00e1\u0159et nov\u00e9 schr\u00e1nky na dom\u00e9n\u00e1ch v organizaci<\/li>\n\n\n\n<li>upravovat nastaven\u00ed existuj\u00edc\u00edch schr\u00e1nek, nap\u0159\u00edklad zm\u011bnu hesla nebo osobn\u00edch \u00fadaj\u016f<\/li>\n\n\n\n<li>vytv\u00e1\u0159et schr\u00e1nk\u00e1m aliasy<\/li>\n\n\n\n<li>p\u0159id\u00e1vat schr\u00e1nky do skupin<\/li>\n\n\n\n<li>importovat do schr\u00e1nek zpr\u00e1vy z jin\u00fdch e-mailov\u00fdch adres<\/li>\n\n\n\n<li>p\u0159i\u0159azovat nevlastn\u00ed schr\u00e1nky (star\u00e9 \u00fa\u010dty na dom\u00e9n\u011b, registrovan\u00e9 jako b\u011b\u017en\u00fd Seznam \u00fa\u010det)<\/li>\n<\/ul>\n<\/div>\n<\/div>\n\n\n\n<div class=\"wp-block-group is-layout-constrained wp-block-group-is-layout-constrained\">\n<h2 class=\"wp-block-heading\">Vytvo\u0159en\u00ed nov\u00e9 schr\u00e1nky<\/h2>\n\n\n\n<p>Pro vytvo\u0159en\u00ed nov\u00e9 Email Profi schr\u00e1nky postupujte n\u00e1sledovn\u011b:<\/p>\n\n\n\n<ul class=\"wp-block-list\">\n<li>Na \u00favodn\u00ed str\u00e1nce <a class=\"is-style-link-external\" href=\"https:\/\/emailprofi.seznam.cz\/\" target=\"_blank\" rel=\"noreferrer noopener\">administrace Emailu Profi<\/a> najd\u011bte organizaci, do kter\u00e9 pat\u0159\u00ed dom\u00e9na, na kter\u00e9 chcete vytv\u00e1\u0159et schr\u00e1nku. U t\u00e9to organizace klikn\u011bte na odkaz <strong>Spravovat organizaci<\/strong>. Otev\u0159e se z\u00e1lo\u017eka <strong>Schr\u00e1nky<\/strong>, kde se nach\u00e1z\u00ed soupis v\u0161ech schr\u00e1nek v organizaci.<br><br><img decoding=\"async\" alt=\"\" src=\"https:\/\/napoveda.seznam.cz\/soubory\/Email\/emailprofi\/administrace\/profi-organizace.png\"><br><\/li>\n\n\n\n<li>Klikn\u011bte na tla\u010d\u00edtko <strong>P\u0159idat novou schr\u00e1nku<\/strong><br><br><img decoding=\"async\" alt=\"\" src=\"https:\/\/napoveda.seznam.cz\/soubory\/Email\/emailprofi\/administrace\/profi-nova-schranka1.png\"><br><\/li>\n\n\n\n<li>V dal\u0161\u00edm kroku vypl\u0148te pot\u0159ebn\u00e9 \u00fadaje o schr\u00e1nce\n<ul class=\"wp-block-list\">\n<li>Polo\u017eka <strong>Jm\u00e9no nebo n\u00e1zev firmy<\/strong> nen\u00ed povinn\u00e1, m\u016f\u017eete ji p\u0159\u00edpadn\u011b vyplnit kdykoli pozd\u011bji nebo nechat pr\u00e1zdnou. \u00dadaj, kter\u00fd do n\u00ed vypln\u00edte, bude v nov\u011b vytvo\u0159en\u00e9m \u00fa\u010dtu pou\u017eito jako jm\u00e9no. Neprojev\u00ed se ale jako jm\u00e9no odes\u00edlatele e-mailov\u00fdch zpr\u00e1v.<\/li>\n\n\n\n<li><strong>U\u017eivatelsk\u00e9 jm\u00e9no<\/strong> je povinn\u00e1 polo\u017eka, kter\u00e1 se v adrese nov\u00e9 schr\u00e1nky pou\u017eije jako \u010d\u00e1st p\u0159ed zavin\u00e1\u010dem<\/li>\n\n\n\n<li>Nov\u00e9 schr\u00e1nce je t\u0159eba zvolit <a href=\"https:\/\/o-seznam.cz\/napoveda\/ucet\/zabezpeceni-uctu\/bezpecne-heslo\/\" data-type=\"link\" data-id=\"https:\/\/o-seznam.cz\/napoveda\/ucet\/zabezpeceni-uctu\/bezpecne-heslo\/\">dostate\u010dn\u011b siln\u00e9 heslo<\/a> a potvrdit ho opakovan\u00fdm zad\u00e1n\u00edm, p\u0159i\u010dem\u017e hesla se v obou pol\u00edch mus\u00ed shodovat<\/li>\n<\/ul>\n<\/li>\n\n\n\n<li>Po vypln\u011bn\u00ed v\u0161ech \u00fadaj\u016f si m\u016f\u017eete zvolit, zda si p\u0159ejete do nov\u00e9 schr\u00e1nky p\u0159en\u00e9st zpr\u00e1vy z jin\u00e9 schr\u00e1nky u Seznamu<\/li>\n\n\n\n<li>Nastaven\u00ed a volby potvr\u010fte tla\u010d\u00edtkem <strong>Pokra\u010dovat d\u00e1l<\/strong>e<\/li>\n<\/ul>\n\n\n\n<figure class=\"wp-block-image size-full\"><img loading=\"lazy\" decoding=\"async\" width=\"491\" height=\"851\" src=\"https:\/\/o-seznam.cz\/napoveda\/email\/wp-content\/uploads\/sites\/9\/2025\/01\/vystrizek.png\" alt=\"\" class=\"wp-image-1352\" srcset=\"https:\/\/o-seznam.cz\/napoveda\/email\/wp-content\/uploads\/sites\/9\/2025\/01\/vystrizek.png 491w, https:\/\/o-seznam.cz\/napoveda\/email\/wp-content\/uploads\/sites\/9\/2025\/01\/vystrizek-185x320.png 185w\" sizes=\"auto, (max-width: 491px) 100vw, 491px\" \/><\/figure>\n\n\n\n<p><br>Pokud si p\u0159ejete naimportovat zpr\u00e1vy z jin\u00e9 schr\u00e1nky a za\u0161krtli jste <strong>P\u0159eji si p\u0159en\u00e9st e-maily z jin\u00e9 schr\u00e1nky<\/strong>, p\u0159ed vytvo\u0159en\u00edm schr\u00e1nky v\u00e1s nasm\u011brujeme do pr\u016fvodce importem. <\/p>\n<\/div>\n\n\n\n<div class=\"wp-block-group is-layout-constrained wp-block-group-is-layout-constrained\">\n<h2 class=\"wp-block-heading\">Rezervovan\u00e9 adresy<\/h2>\n\n\n\n<p>N\u011bkter\u00e1 u\u017eivatelsk\u00e1 jm\u00e9na na v\u0161ech dom\u00e9n\u00e1ch rezervujeme a nep\u016fjdou vytvo\u0159it ru\u010dn\u011b. Zpr\u00e1vy zaslan\u00e9 na tyto adresy automaticky p\u0159epos\u00edl\u00e1me do e-mailov\u00e9 schr\u00e1nky spr\u00e1vce dom\u00e9ny. Slou\u017e\u00ed toti\u017e pro technick\u00e9 \u00fa\u010dely, nikoli pro u\u017eivatele. Jedn\u00e1 se o tato u\u017eivatelsk\u00e1 jm\u00e9na:<\/p>\n\n\n\n<ul class=\"wp-block-list\">\n<li>abuse<\/li>\n\n\n\n<li>hostmaster<\/li>\n\n\n\n<li>postmaster<\/li>\n\n\n\n<li>noc<\/li>\n<\/ul>\n<\/div>\n\n\n\n<div class=\"wp-block-group is-layout-constrained wp-block-group-is-layout-constrained\">\n<h2 class=\"wp-block-heading\">\u00daprava nastaven\u00ed schr\u00e1nky<\/h2>\n\n\n\n<p>Spr\u00e1vce organizace m\u00e1 mo\u017enost m\u011bnit n\u011bkter\u00e1 nastaven\u00ed schr\u00e1nek p\u0159\u00edmo z administrace Emailu Profi. Pro vstup do editace schr\u00e1nky klikn\u011bte na odkaz <strong>Spravovat organizaci<\/strong> na \u00favodn\u00ed str\u00e1nce administrace Emailu Profi. V z\u00e1lo\u017ece <strong>Schr\u00e1nky<\/strong> vyhledejte schr\u00e1nku, jej\u00ed\u017e nastaven\u00ed chcete upravit, a klikn\u011bte na ikonu \u0161ipky, kter\u00e1 se nach\u00e1z\u00ed vpravo od n\u00e1zvu schr\u00e1nky ve v\u00fdpisu. <\/p>\n\n\n\n<p>V edita\u010dn\u00edm formul\u00e1\u0159i m\u016f\u017ee spr\u00e1vce prov\u00e9st n\u00e1sleduj\u00edc\u00ed akce:<\/p>\n\n\n\n<ul class=\"wp-block-list\">\n<li>Zm\u011bnit jm\u00e9no, kter\u00e9 bude zobrazen\u00e9 jako jm\u00e9no p\u0159\u00edslu\u0161n\u00e9ho \u00fa\u010dtu<\/li>\n\n\n\n<li>Nastavit aliasy<\/li>\n\n\n\n<li>Za\u0159adit schr\u00e1nku do skupin nebo ji ze skupin odebrat<\/li>\n\n\n\n<li>Prov\u00e9st import zpr\u00e1v z jin\u00e9 schr\u00e1nky<\/li>\n\n\n\n<li>Zm\u011bnit p\u0159\u00edstupov\u00e9 heslo<\/li>\n\n\n\n<li>Skr\u00fdt nebo zobrazit adresu z na\u0161ept\u00e1va\u010de adres; toto nastaven\u00ed ovlivn\u00ed, zda adresu schr\u00e1nky uvid\u00ed ostatn\u00ed \u010dlenov\u00e9 organizace p\u0159i psan\u00ed zpr\u00e1v jako n\u00e1vrh p\u0159i zad\u00e1v\u00e1n\u00ed adresy p\u0159\u00edjemce do adresn\u00edho \u0159\u00e1dku<\/li>\n\n\n\n<li>Odstranit schr\u00e1nku<\/li>\n<\/ul>\n\n\n\n<p>Ostatn\u00ed nastaven\u00ed m\u016f\u017ee m\u011bnit pouze u\u017eivatel schr\u00e1nky v nastaven\u00ed \u00fa\u010dtu nebo e-mailov\u00e9 schr\u00e1nky.<\/p>\n\n\n\n<div class=\"wp-block-group is-layout-constrained wp-block-group-is-layout-constrained\">\n<h2 class=\"wp-block-heading\">Odstran\u011bn\u00ed schr\u00e1nky<\/h2>\n\n\n\n<p>Spr\u00e1vce organizace m\u00e1 mo\u017enost \u00fa\u010det odstranit. Spolu s \u00fa\u010dtem jsou nen\u00e1vratn\u011b odstran\u011bna tak\u00e9 v\u0161echna data v\u010detn\u011b informac\u00ed v Seznam \u00da\u010dtu, nastaven\u00ed a obsahu na v\u0161ech Seznam slu\u017eb\u00e1ch (nap\u0159. reklamn\u00ed kampan\u011b, inzerce) a e-mail\u016f ulo\u017een\u00fdch ve schr\u00e1nce. <strong>Takto smazan\u00e1 data ji\u017e nelze nijak obnovit!<\/strong><br><br>Pro smaz\u00e1n\u00ed \u00fa\u010dtu p\u0159es administraci  Emailu Profi postupujte takto:<\/p>\n\n\n\n<ul class=\"wp-block-list\">\n<li>V detailu schr\u00e1nky klikn\u011bte v \u0159\u00e1dku <strong>Odstran\u011bn\u00ed schr\u00e1nky<\/strong> na ikonu ko\u0161e vpravo.<\/li>\n\n\n\n<li>V dialogov\u00e9m okn\u011b potvr\u010fte smaz\u00e1n\u00ed pomoc\u00ed tla\u010d\u00edtka <strong>Odstranit \u00fa\u010det<\/strong>.&nbsp;T\u00edm jsou \u00fa\u010det a jeho \u00fadaje ji\u017e odstran\u011bny.<\/li>\n\n\n\n<li>Pokud jsou pod dom\u00e9nou&nbsp;je\u0161t\u011b dal\u0161\u00ed \u00fa\u010dty, zobraz\u00ed se nav\u00edc mo\u017enost aktivovat p\u0159esm\u011brov\u00e1n\u00ed. Zpr\u00e1vy zaslan\u00e9 na odstran\u011bnou schr\u00e1nku se mohou&nbsp;automaticky p\u0159epos\u00edlat do jin\u00e9 schr\u00e1nky na dom\u00e9n\u011b.<\/li>\n\n\n\n<li>Nastaven\u00ed p\u0159esm\u011brov\u00e1n\u00ed vytvo\u0159\u00ed pro zvolenou schr\u00e1nku alias. Spravovat tato p\u0159esm\u011brov\u00e1n\u00ed m\u016f\u017eete v administraci Email Profi v \u010d\u00e1sti Virtu\u00e1ln\u00ed adresy, kde m\u016f\u017eete p\u0159idat dal\u0161\u00ed c\u00edlov\u00e9 schr\u00e1nky p\u0159esm\u011brov\u00e1n\u00ed nebo p\u0159esm\u011brov\u00e1n\u00ed ru\u0161it. <\/li>\n\n\n\n<li>Jestli\u017ee p\u0159esm\u011brov\u00e1n\u00ed neaktivujete, zpr\u00e1vy zaslan\u00e9 na adresu smazan\u00e9 schr\u00e1nky m\u016f\u017eete zachyt\u00e1vat pomoc\u00ed&nbsp;dom\u00e9nov\u00e9ho ko\u0161e, pokud je aktivov\u00e1n.<\/li>\n<\/ul>\n<\/div>\n<\/div>\n","protected":false},"excerpt":{"rendered":"<p>Spr\u00e1vu schr\u00e1nek prov\u00e1d\u00ed administr\u00e1tor na \u00farovni organizace. Po otev\u0159en\u00ed organizace z hlavn\u00ed str\u00e1nky administrace Email Profi se automaticky otev\u0159e z\u00e1lo\u017eka Schr\u00e1nky, ve kter\u00e9 lze vytv\u00e1\u0159et, upravovat a odstra\u0148ovat schr\u00e1nky (u\u017eivatele) v cel\u00e9 organizaci. M\u00e1te-li v organizaci v\u00edce dom\u00e9n, v \u010d\u00e1sti Schr\u00e1nky najdete seznam v\u0161ech schr\u00e1nek na t\u011bchto dom\u00e9n\u00e1ch. Pomoc\u00ed hledac\u00edho pole lze podle dom\u00e9nov\u00e9ho jm\u00e9na [&hellip;]<\/p>\n","protected":false},"author":13,"featured_media":0,"parent":442,"menu_order":10,"comment_status":"closed","ping_status":"closed","template":"page-sidemenu","meta":{"_acf_changed":false,"_relevanssi_hide_post":"","_relevanssi_hide_content":"","_relevanssi_pin_for_all":"","_relevanssi_pin_keywords":"","_relevanssi_unpin_keywords":"","_relevanssi_related_keywords":"","_relevanssi_related_include_ids":"","_relevanssi_related_exclude_ids":"","_relevanssi_related_no_append":"","_relevanssi_related_not_related":"","_relevanssi_related_posts":"","_relevanssi_noindex_reason":"","footnotes":""},"page_category":[12],"page_tag":[],"service_status_category":[],"class_list":["post-1346","page","type-page","status-publish","hentry"],"acf":[],"_links":{"self":[{"href":"https:\/\/o-seznam.cz\/napoveda\/email\/wp-json\/wp\/v2\/pages\/1346","targetHints":{"allow":["GET"]}}],"collection":[{"href":"https:\/\/o-seznam.cz\/napoveda\/email\/wp-json\/wp\/v2\/pages"}],"about":[{"href":"https:\/\/o-seznam.cz\/napoveda\/email\/wp-json\/wp\/v2\/types\/page"}],"author":[{"embeddable":true,"href":"https:\/\/o-seznam.cz\/napoveda\/email\/wp-json\/wp\/v2\/users\/13"}],"replies":[{"embeddable":true,"href":"https:\/\/o-seznam.cz\/napoveda\/email\/wp-json\/wp\/v2\/comments?post=1346"}],"version-history":[{"count":6,"href":"https:\/\/o-seznam.cz\/napoveda\/email\/wp-json\/wp\/v2\/pages\/1346\/revisions"}],"predecessor-version":[{"id":1400,"href":"https:\/\/o-seznam.cz\/napoveda\/email\/wp-json\/wp\/v2\/pages\/1346\/revisions\/1400"}],"up":[{"embeddable":true,"href":"https:\/\/o-seznam.cz\/napoveda\/email\/wp-json\/wp\/v2\/pages\/442"}],"wp:attachment":[{"href":"https:\/\/o-seznam.cz\/napoveda\/email\/wp-json\/wp\/v2\/media?parent=1346"}],"wp:term":[{"taxonomy":"page_category","embeddable":true,"href":"https:\/\/o-seznam.cz\/napoveda\/email\/wp-json\/wp\/v2\/page_category?post=1346"},{"taxonomy":"page_tag","embeddable":true,"href":"https:\/\/o-seznam.cz\/napoveda\/email\/wp-json\/wp\/v2\/page_tag?post=1346"},{"taxonomy":"service_status_category","embeddable":true,"href":"https:\/\/o-seznam.cz\/napoveda\/email\/wp-json\/wp\/v2\/service_status_category?post=1346"}],"curies":[{"name":"wp","href":"https:\/\/api.w.org\/{rel}","templated":true}]}}