{"id":1342,"date":"2025-02-05T10:42:38","date_gmt":"2025-02-05T09:42:38","guid":{"rendered":"https:\/\/o-seznam.cz\/napoveda\/email\/?page_id=1342"},"modified":"2025-02-05T10:42:56","modified_gmt":"2025-02-05T09:42:56","slug":"domenovy-kos","status":"publish","type":"page","link":"https:\/\/o-seznam.cz\/napoveda\/email\/profi\/organizace-domeny-a-schranky\/domenovy-kos\/","title":{"rendered":"Dom\u00e9nov\u00fd ko\u0161"},"content":{"rendered":"\n<div class=\"wp-block-group is-layout-constrained wp-block-group-is-layout-constrained\">\n<p>Dom\u00e9nov\u00fd ko\u0161 je speci\u00e1ln\u011b nastaven\u00e1 e-mailov\u00e1 schr\u00e1nka. Jsou do n\u00ed p\u0159esm\u011brov\u00e1ny v\u0161echny zpr\u00e1vy, kter\u00e9 m\u00ed\u0159\u00ed na neexistuj\u00edc\u00ed adresy na va\u0161\u00ed dom\u00e9n\u011b. Zachyt\u00ed tedy nap\u0159\u00edklad zpr\u00e1vy poslan\u00e9 do zru\u0161en\u00fdch e-mailov\u00fdch schr\u00e1nek nebo na adresy s p\u0159eklepem.<\/p>\n\n\n\n<p>Ve v\u00fdchoz\u00edm nastaven\u00ed je dom\u00e9nov\u00fd ko\u0161 vypnut\u00fd. V takov\u00e9m p\u0159\u00edpad\u011b jsou zpr\u00e1vy m\u00ed\u0159\u00edc\u00ed na neexistuj\u00edc\u00ed adresy na dom\u00e9n\u011b zahozeny a odes\u00edlateli se vrac\u00ed chybov\u00e9 hl\u00e1\u0161en\u00ed o neexistenci takov\u00e9 adresy (Mailer Daemon).<\/p>\n\n\n\n<div class=\"wp-block-group is-layout-constrained wp-block-group-is-layout-constrained\">\n<p><strong>Zapnut\u00ed dom\u00e9nov\u00e9ho ko\u0161e:<\/strong><\/p>\n\n\n\n<ul class=\"wp-block-list\">\n<li>Na hlavn\u00ed str\u00e1nce administrace Email Profi otev\u0159ete dom\u00e9nu, u kter\u00e9 chcete dom\u00e9nov\u00fd ko\u0161 nastavit.<\/li>\n\n\n\n<li>P\u0159esv\u011bd\u010dte se, \u017ee se nach\u00e1z\u00edte v z\u00e1lo\u017ece <strong>Nastaven\u00ed<\/strong>, p\u0159\u00edpadn\u011b jej zvolte v menu.<\/li>\n\n\n\n<li>Najd\u011bte polo\u017eku <strong>Dom\u00e9nov\u00fd ko\u0161<\/strong>, p\u0159epn\u011bte u n\u00ed p\u0159ep\u00edna\u010d do stavu zapnuto.<\/li>\n\n\n\n<li>V dialogov\u00e9m okn\u011b zadejte c\u00edlovou adresu, kam chcete, abychom zpr\u00e1vy na neexistuj\u00edc\u00ed adresy doru\u010dovali.<\/li>\n\n\n\n<li>Potvr\u010fte adresu tla\u010d\u00edtkem <strong>Ulo\u017eit<\/strong>.<br><br><img decoding=\"async\" alt=\"\" src=\"https:\/\/napoveda.seznam.cz\/soubory\/Email\/emailprofi\/profi-domenovy-kos3.png\"><\/li>\n<\/ul>\n<\/div>\n<\/div>\n","protected":false},"excerpt":{"rendered":"<p>Dom\u00e9nov\u00fd ko\u0161 je speci\u00e1ln\u011b nastaven\u00e1 e-mailov\u00e1 schr\u00e1nka. Jsou do n\u00ed p\u0159esm\u011brov\u00e1ny v\u0161echny zpr\u00e1vy, kter\u00e9 m\u00ed\u0159\u00ed na neexistuj\u00edc\u00ed adresy na va\u0161\u00ed dom\u00e9n\u011b. Zachyt\u00ed tedy nap\u0159\u00edklad zpr\u00e1vy poslan\u00e9 do zru\u0161en\u00fdch e-mailov\u00fdch schr\u00e1nek nebo na adresy s p\u0159eklepem. Ve v\u00fdchoz\u00edm nastaven\u00ed je dom\u00e9nov\u00fd ko\u0161 vypnut\u00fd. V takov\u00e9m p\u0159\u00edpad\u011b jsou zpr\u00e1vy m\u00ed\u0159\u00edc\u00ed na neexistuj\u00edc\u00ed adresy na dom\u00e9n\u011b zahozeny a [&hellip;]<\/p>\n","protected":false},"author":13,"featured_media":0,"parent":442,"menu_order":40,"comment_status":"closed","ping_status":"closed","template":"page-sidemenu","meta":{"_acf_changed":false,"_relevanssi_hide_post":"","_relevanssi_hide_content":"","_relevanssi_pin_for_all":"","_relevanssi_pin_keywords":"","_relevanssi_unpin_keywords":"","_relevanssi_related_keywords":"","_relevanssi_related_include_ids":"","_relevanssi_related_exclude_ids":"","_relevanssi_related_no_append":"","_relevanssi_related_not_related":"","_relevanssi_related_posts":"","_relevanssi_noindex_reason":"","footnotes":""},"page_category":[12],"page_tag":[],"service_status_category":[],"class_list":["post-1342","page","type-page","status-publish","hentry"],"acf":[],"_links":{"self":[{"href":"https:\/\/o-seznam.cz\/napoveda\/email\/wp-json\/wp\/v2\/pages\/1342","targetHints":{"allow":["GET"]}}],"collection":[{"href":"https:\/\/o-seznam.cz\/napoveda\/email\/wp-json\/wp\/v2\/pages"}],"about":[{"href":"https:\/\/o-seznam.cz\/napoveda\/email\/wp-json\/wp\/v2\/types\/page"}],"author":[{"embeddable":true,"href":"https:\/\/o-seznam.cz\/napoveda\/email\/wp-json\/wp\/v2\/users\/13"}],"replies":[{"embeddable":true,"href":"https:\/\/o-seznam.cz\/napoveda\/email\/wp-json\/wp\/v2\/comments?post=1342"}],"version-history":[{"count":3,"href":"https:\/\/o-seznam.cz\/napoveda\/email\/wp-json\/wp\/v2\/pages\/1342\/revisions"}],"predecessor-version":[{"id":1372,"href":"https:\/\/o-seznam.cz\/napoveda\/email\/wp-json\/wp\/v2\/pages\/1342\/revisions\/1372"}],"up":[{"embeddable":true,"href":"https:\/\/o-seznam.cz\/napoveda\/email\/wp-json\/wp\/v2\/pages\/442"}],"wp:attachment":[{"href":"https:\/\/o-seznam.cz\/napoveda\/email\/wp-json\/wp\/v2\/media?parent=1342"}],"wp:term":[{"taxonomy":"page_category","embeddable":true,"href":"https:\/\/o-seznam.cz\/napoveda\/email\/wp-json\/wp\/v2\/page_category?post=1342"},{"taxonomy":"page_tag","embeddable":true,"href":"https:\/\/o-seznam.cz\/napoveda\/email\/wp-json\/wp\/v2\/page_tag?post=1342"},{"taxonomy":"service_status_category","embeddable":true,"href":"https:\/\/o-seznam.cz\/napoveda\/email\/wp-json\/wp\/v2\/service_status_category?post=1342"}],"curies":[{"name":"wp","href":"https:\/\/api.w.org\/{rel}","templated":true}]}}