{"id":1308,"date":"2025-01-16T01:07:41","date_gmt":"2025-01-16T00:07:41","guid":{"rendered":"https:\/\/o-seznam.cz\/napoveda\/email\/?page_id=1308"},"modified":"2025-01-16T07:21:32","modified_gmt":"2025-01-16T06:21:32","slug":"podminky-registrace-domeny","status":"publish","type":"page","link":"https:\/\/o-seznam.cz\/napoveda\/email\/profi\/smluvni-podminky\/podminky-registrace-domeny\/","title":{"rendered":"Podm\u00ednky registrace dom\u00e9ny"},"content":{"rendered":"\n<div class=\"wp-block-group is-layout-constrained wp-block-group-is-layout-constrained\">\n<p>1.\u00a0\u00a0 \u00a0Spole\u010dnost Seznam.cz, a.s., se s\u00eddlem: Praha 5 &#8211; Sm\u00edchov, Radlick\u00e1 3294\/10, PS\u010c: 15000, I\u010cO: 26168685 (d\u00e1le \u201e<strong>provozovatel<\/strong>\u201c), je provozovatelem internetov\u00e9ho serveru Email Profi, dostupn\u00e9ho z internetov\u00e9 adresy (URL) <a class=\"is-style-link-external\" href=\"https:\/\/emailprofi.seznam.cz\" target=\"_blank\" rel=\"noreferrer noopener\">https:\/\/emailprofi.seznam.cz<\/a>.<br><br>2.\u00a0\u00a0 \u00a0Provozovatel d\u00e1v\u00e1 u\u017eivateli mo\u017enost, aby si v r\u00e1mci slu\u017eby Email Proti zalo\u017eil e-mailovou adresu na vlastn\u00ed, nov\u00e9 dom\u00e9n\u011b, kterou si u\u017eivatel prost\u0159ednictv\u00edm provozovatele zaregistruje p\u0159i procesu zakl\u00e1d\u00e1n\u00ed e-mailov\u00e9 adresy u <strong>CZ.NIC, z.s.p.o.<\/strong>, se s\u00eddlem: Praha 3 &#8211; Vinohrady, Mile\u0161ovsk\u00e1 1136\/5, PS\u010c: 13000, I\u010cO: 67985726 (d\u00e1le \u201e<strong>registr<\/strong>\u201c), tedy registru, kter\u00fd je pov\u011b\u0159en spr\u00e1vou a provozem dom\u00e9n nejvy\u0161\u0161\u00ed \u00farovn\u011b.<br><br>3.\u00a0\u00a0 \u00a0Tyto podm\u00ednky upravuj\u00ed pravidla pro registraci, prodlou\u017een\u00ed, p\u0159eregistraci a zm\u011bnu dom\u00e9n.<br><br>4.\u00a0\u00a0 \u00a0Na u\u017e\u00edv\u00e1n\u00ed slu\u017eby Email Profi se uplatn\u00ed tak\u00e9 smluvn\u00ed podm\u00ednky t\u00e9to slu\u017eby dostupn\u00e9 na adrese <a href=\"https:\/\/o-seznam.cz\/napoveda\/email\/profi\/smluvni-podminky\">https:\/\/o-seznam.cz\/napoveda\/email\/profi\/smluvni-podminky<\/a>.<br><br>5.\u00a0\u00a0 \u00a0U\u017eivatel souhlas\u00ed s pravidly registru, s nimi\u017e se sezn\u00e1mil.<br><br>6.\u00a0\u00a0 \u00a0S dom\u00e9nou bude u\u017eivatel nakl\u00e1dat na z\u00e1klad\u011b opr\u00e1vn\u011bn\u00ed ud\u011blen\u00e9ho ze strany registru, p\u0159i\u010dem\u017e u\u017eivatel bere na v\u011bdom\u00ed, \u017ee provozovatel je pouze zprost\u0159edkovatelem a technick\u00fdm spr\u00e1vcem dom\u00e9ny, nikoliv jej\u00edm vlastn\u00edkem, ani osobou, kter\u00e1 je povinna za registraci, u\u017e\u00edv\u00e1n\u00ed a spr\u00e1vu dom\u00e9ny platit poplatky.<br><br>7.\u00a0\u00a0 \u00a0U\u017eivatel prov\u00e1d\u00ed registraci, prodlou\u017een\u00ed, p\u0159eregistraci \u010di zm\u011bny dom\u00e9ny v r\u00e1mci rozhran\u00ed slu\u017eby Email Profi.<br><br>8.\u00a0\u00a0 \u00a0Poplatky za registraci, prodlou\u017een\u00ed, p\u0159eregistraci a zm\u011bnu dom\u00e9n, o jejich\u017e v\u00fd\u0161i je u\u017eivatel v\u017edy p\u0159edem informov\u00e1n v r\u00e1mci slu\u017eby Email Profi, jsou hrazeny <strong>prost\u0159ednictv\u00edm slu\u017eby Pen\u011b\u017eenka<\/strong>. Bli\u017e\u0161\u00ed informace o platebn\u00edch mo\u017enostech provozovatele jsou uvedeny na adrese <a href=\"https:\/\/o-seznam.cz\/napoveda\/klientska-zona\/smluvni-podminky-sluzby\/smluvni-podminky-sluzby-klientska-zona-a-penezenka-od-4-11-2024\">https:\/\/o-seznam.cz\/napoveda\/klientska-zona\/smluvni-podminky-sluzby\/smluvni-podminky-sluzby-klientska-zona-a-penezenka-od-4-11-2024<\/a>.<br><br>9.\u00a0\u00a0 \u00a0Pokud u\u017eivatel prov\u00e1d\u00ed registraci dom\u00e9ny ve prosp\u011bch t\u0159et\u00ed osoby, je povinen zajistit z\u00edsk\u00e1n\u00ed souhlasu s t\u011bmito podm\u00ednkami a podm\u00ednkami registru od t\u00e9to t\u0159et\u00ed osoby a na p\u00edsemn\u00e9 vy\u017e\u00e1d\u00e1n\u00ed je povinen tento souhlas dolo\u017eit, jinak m\u016f\u017ee b\u00fdt dom\u00e9na bez n\u00e1hrady zru\u0161ena. Ustanoven\u00ed t\u011bchto podm\u00ednek o u\u017eivateli se tedy p\u0159im\u011b\u0159en\u011b pou\u017eij\u00ed tak\u00e9 na dr\u017eitele dom\u00e9ny.<br><br>10.\u00a0\u00a0 \u00a0Provozovatel je opr\u00e1vn\u011bn p\u0159ed\u00e1vat informace o u\u017eivateli registru.<br><br>11.\u00a0\u00a0 \u00a0U\u017eivatel zajist\u00ed, aby u dom\u00e9ny byly uvedeny prav\u00e9 a aktu\u00e1ln\u00ed \u00fadaje a o ka\u017ed\u00e9 zm\u011bn\u011b \u00fadaj\u016f bude informovat provozovatele. V opa\u010dn\u00e9m p\u0159\u00edpad\u011b u\u017eivatel bere na v\u011bdom\u00ed, \u017ee dom\u00e9na m\u016f\u017ee b\u00fdt zru\u0161ena bez n\u00e1roku na jakoukoliv n\u00e1hradu finan\u010dn\u00edch prost\u0159edk\u016f \u010di zp\u016fsoben\u00fdch \u0161kod.<br><br>12.\u00a0\u00a0 \u00a0U\u017eivatel nese plnou odpov\u011bdnost za u\u017e\u00edv\u00e1n\u00ed dom\u00e9ny.<br><br>13.\u00a0\u00a0 \u00a0Provozovatel neodpov\u00edd\u00e1 za \u0161kodu zp\u016fsobenou nemo\u017enost\u00ed registrovat, prodlou\u017eit, p\u0159eregistrovat \u010di zm\u011bnit dom\u00e9nu nebo za \u0161kodu zp\u016fsobenou u\u017e\u00edv\u00e1n\u00edm dom\u00e9ny.<br><br>14.\u00a0\u00a0 \u00a0Provozovatel neprov\u00e1d\u00ed kontrolu \u017e\u00e1dost\u00ed u\u017eivatele o registraci dom\u00e9ny. Pokud registrac\u00ed a u\u017e\u00edv\u00e1n\u00edm dom\u00e9ny vznikne t\u0159et\u00ed stran\u011b \u0161koda (nap\u0159. z d\u016fvodu kolize dom\u00e9ny s ochrannou zn\u00e1mkou, firmou \u010di soudn\u00edm \u010di spr\u00e1vn\u00edm rozhodnut\u00edm), odpov\u00edd\u00e1 za ni u\u017eivatel, nikoli provozovatel.<br><br>15.\u00a0\u00a0 \u00a0V p\u0159\u00edpad\u011b, \u017ee soudn\u00ed, spr\u00e1vn\u00ed \u010di jin\u00e9 obdobn\u00e9 rozhodnut\u00ed p\u0159ik\u00e1\u017ee provozovateli zablokovat \u010di zm\u011bnit dom\u00e9nu, nem\u00e1 u\u017eivatel pr\u00e1vo po provozovateli po\u017eadovat n\u00e1hradu \u0161kody.<br><br>16.\u00a0\u00a0 \u00a0U\u017eivatel m\u016f\u017ee po\u017e\u00e1dat o storno po\u017eadavku na registraci, prodlou\u017een\u00ed, p\u0159eregistraci \u010di zm\u011bnu dom\u00e9n, pokud ji\u017e takov\u00e9to po\u017eadavky nebyly realizov\u00e1ny. V p\u0159\u00edpad\u011b, \u017ee storno po\u017eadavku u\u017eivatele nen\u00ed mo\u017en\u00e9 vyhov\u011bt, nem\u00e1 u\u017eivatel pr\u00e1vo na vr\u00e1cen\u00ed uhrazen\u00fdch poplatk\u016f.<br><br>17.\u00a0\u00a0 \u00a0Spolupr\u00e1ce p\u0159i registraci, u\u017e\u00edv\u00e1n\u00ed a spr\u00e1v\u011b dom\u00e9ny se sjedn\u00e1v\u00e1 na obdob\u00ed, kter\u00e9 u\u017eivatel zvol\u00ed v r\u00e1mci \u017e\u00e1dosti o registraci dom\u00e9ny nebo p\u0159i jej\u00edm prodlou\u017een\u00ed, pokud u\u017eivatel pro tato obdob\u00ed uhradil p\u0159\u00edslu\u0161n\u00e9 poplatky.<br><br>18.\u00a0\u00a0 \u00a0Provozovatel m\u00e1 pr\u00e1vo po\u017e\u00e1dat u\u017eivatele o sd\u011blen\u00ed informac\u00ed a p\u0159edlo\u017een\u00ed podklad\u016f, kter\u00e9 jsou nezbytn\u00e9 pro registraci, u\u017e\u00edv\u00e1n\u00ed a spr\u00e1vu dom\u00e9ny.<br><br>19.\u00a0\u00a0 \u00a0Pokud ze strany u\u017eivatele dojde k jak\u00e9koli editaci DNS z\u00e1znam\u016f, nenese provozovatel za tyto zm\u011bny jakoukoli odpov\u011bdnost.<br><br>20.\u00a0\u00a0 \u00a0Pokud u\u017eivatel provede p\u0159eregistraci dom\u00e9ny od provozovatele k jin\u00e9 spole\u010dnosti, pozb\u00fdv\u00e1 smluvn\u00ed vztah mezi u\u017eivatelem a provozovatelem v souvislosti s touto konkr\u00e9tn\u00ed dom\u00e9nou platnosti. U\u017eivatel nem\u00e1 v tomto p\u0159\u00edpad\u011b n\u00e1rok na vr\u00e1cen\u00ed poplatk\u016f za zb\u00fdvaj\u00edc\u00ed nevyu\u017eit\u00e9 obdob\u00ed provozu dom\u00e9ny u provozovatele.<br><br>21.\u00a0\u00a0 \u00a0V p\u0159\u00edpad\u011b p\u0159ed\u010dasn\u00e9ho ukon\u010den\u00ed spolupr\u00e1ce nem\u00e1 u\u017eivatel v\u016f\u010di provozovateli n\u00e1rok na vr\u00e1cen\u00ed poplatk\u016f za zb\u00fdvaj\u00edc\u00ed nevyu\u017eit\u00e9 obdob\u00ed provozu dom\u00e9ny u provozovatele.<br><br><br><strong>Registrace dom\u00e9ny<\/strong><br><br>1.\u00a0\u00a0 \u00a0U\u017eivatel objedn\u00e1v\u00e1 dom\u00e9nu, na n\u00ed\u017e m\u00e1 z\u00e1jem provozovat svou e-mailovou adresu, vypln\u011bn\u00edm formul\u00e1\u0159e v r\u00e1mci slu\u017eby Email Profi. U\u017eivatel uvede konkr\u00e9tn\u00ed zn\u011bn\u00ed dom\u00e9ny, na jak\u00e9 \u010dasov\u00e9 obdob\u00ed dom\u00e9nu po\u017eaduje a dal\u0161\u00ed skute\u010dnosti pot\u0159ebn\u00e9 pro registraci dom\u00e9ny.<br><br>2.\u00a0\u00a0 \u00a0Proces registrace dom\u00e9ny bude zah\u00e1jen p\u0159i spln\u011bn\u00ed v\u0161ech t\u011bchto podm\u00ednek:<br>        a)\u00a0\u00a0 \u00a0u\u017eivatel uhradil poplatek za registraci dom\u00e9ny;<br>        b)\u00a0\u00a0 \u00a0dom\u00e9na je v okam\u017eiku registrace voln\u011b dostupn\u00e1 k registraci a konkr\u00e9tn\u00ed zn\u011bn\u00ed dom\u00e9ny nen\u00ed nijak blokov\u00e1no, rezervov\u00e1no \u010di zak\u00e1z\u00e1no;<br>        c)\u00a0\u00a0 \u00a0u\u017eivatel splnil v\u0161echny podm\u00ednky provozovatele a registru k registraci dom\u00e9ny.<br><br>3.\u00a0\u00a0 \u00a0Dom\u00e9na je pro u\u017eivatele registrovan\u00e1 a\u017e v okam\u017eiku, kdy registr povol\u00ed a potvrd\u00ed registraci po\u017eadovan\u00e9 dom\u00e9ny.<br><br>4.\u00a0\u00a0 \u00a0Dom\u00e9nu nen\u00ed mo\u017en\u00e9 vypln\u011bn\u00edm formul\u00e1\u0159e nijak rezervovat \u010di blokovat.<br><br>5.\u00a0\u00a0 \u00a0Po proveden\u00ed registrace dom\u00e9ny mohou b\u00fdt n\u011bkter\u00e9 \u00fadaje o majiteli uvedeny ve ve\u0159ejn\u011b dostupn\u00fdch informac\u00edch o dom\u00e9n\u00e1ch.<br><br><br><strong>Expirace a prodlou\u017een\u00ed dom\u00e9ny<\/strong><br><br>1.\u00a0\u00a0 \u00a0Pokud m\u00e1 u\u017eivatel z\u00e1jem o prodlou\u017een\u00ed dom\u00e9ny, mus\u00ed splnit stanoven\u00e9 podm\u00ednky provozovatele a registru, uv\u00e9st po\u017eadovanou dobu prodlou\u017een\u00ed a uhradit p\u0159\u00edslu\u0161n\u00fd poplatek pro dal\u0161\u00ed obdob\u00ed. V opa\u010dn\u00e9m p\u0159\u00edpad\u011b se u\u017eivatel vystavuje riziku zru\u0161en\u00ed dom\u00e9ny.<br><br>2.\u00a0\u00a0 \u00a0U\u017eivatel je povinen s\u00e1m sledovat dobu platnosti sv\u00fdch dom\u00e9n. Pokud to okolnosti na stran\u011b provozovatele umo\u017e\u0148uj\u00ed, provozovatel upozorn\u00ed u\u017eivatele \u010di dr\u017eitele dom\u00e9ny na bl\u00ed\u017e\u00edc\u00ed se expiraci dom\u00e9ny. Nejedn\u00e1 se v\u0161ak o povinnost provozovatele, kter\u00fd neodpov\u00edd\u00e1 u\u017eivateli za \u0161kodu v p\u0159\u00edpad\u011b, \u017ee jej na bl\u00ed\u017e\u00edc\u00ed se expiraci dom\u00e9ny neupozornil.<br><br>3.\u00a0\u00a0 \u00a0Proces prodlou\u017een\u00ed dom\u00e9ny bude zah\u00e1jen p\u0159i spln\u011bn\u00ed v\u0161ech t\u011bchto podm\u00ednek:<br>        a)\u00a0\u00a0 \u00a0u\u017eivatel uhradil poplatek za prodlou\u017een\u00ed dom\u00e9ny;<br>        b)\u00a0\u00a0 \u00a0po\u017eadovan\u00fd dom\u00e9nov\u00fd n\u00e1zev ji\u017e nen\u00ed obsazen jin\u00fdm z\u00e1jemcem pot\u00e9, co byla dom\u00e9na pro neprodlou\u017een\u00ed zru\u0161ena;<br>        c)\u00a0\u00a0 \u00a0u\u017eivatel splnil v\u0161echny podm\u00ednky provozovatele a registru k prodlou\u017een\u00ed dom\u00e9ny.<br><br>4.\u00a0\u00a0 \u00a0Dom\u00e9na je pro u\u017eivatele prodlou\u017eena a\u017e v okam\u017eiku, kdy registr povol\u00ed a potvrd\u00ed prodlou\u017een\u00ed po\u017eadovan\u00e9 dom\u00e9ny.<br><br><br><strong>P\u0159eregistrace dom\u00e9ny<\/strong><br><br>1.\u00a0\u00a0 \u00a0Pokud m\u00e1 u\u017eivatel z\u00e1jem o p\u0159eregistraci dom\u00e9ny, mus\u00ed splnit stanoven\u00e9 podm\u00ednky provozovatele a registru a uhradit p\u0159\u00edpadn\u00fd poplatek za p\u0159eregistraci.<br><br>2.\u00a0\u00a0 \u00a0U\u017eivatel m\u00e1 mo\u017enost po\u017e\u00e1dat o p\u0159eregistraci a uhradit p\u0159\u00edslu\u0161n\u00fd poplatek v r\u00e1mci slu\u017eby Email Profi.<br><br>3.\u00a0\u00a0 \u00a0Dom\u00e9na je p\u0159eregistrov\u00e1na a\u017e v okam\u017eiku, kdy registr povol\u00ed p\u0159eregistraci po\u017eadovan\u00e9 dom\u00e9ny a potvrd\u00ed p\u0159eregistraci dan\u00e9 dom\u00e9ny.<br><br><br><strong>Zm\u011bny dom\u00e9ny<\/strong><br><br>1.\u00a0\u00a0 \u00a0Zm\u011bny u dom\u00e9ny sm\u00ed prov\u00e1d\u011bt pouze u\u017eivatel, a to po p\u0159ihl\u00e1\u0161en\u00ed do slu\u017eby Email Profi.<br><br>2.\u00a0\u00a0 \u00a0Zm\u011bny z dom\u00e9ny mohou b\u00fdt prov\u00e1d\u011bny, pokud:<br><br>        a)\u00a0\u00a0 \u00a0u\u017eivatel uhrad\u00ed poplatek za takovouto zm\u011bnu;<br>        b)\u00a0\u00a0 \u00a0u\u017eivatel spln\u00ed v\u0161echny podm\u00ednky provozovatele a registru;<br>        c)\u00a0\u00a0 \u00a0pokud registr takovouto zm\u011bnu umo\u017e\u0148uje.<br><br>Tyto smluvn\u00ed podm\u00ednky nab\u00fdvaj\u00ed platnosti a \u00fa\u010dinnosti dne 31.10.2018.<\/p>\n<\/div>\n","protected":false},"excerpt":{"rendered":"<p>1.\u00a0\u00a0 \u00a0Spole\u010dnost Seznam.cz, a.s., se s\u00eddlem: Praha 5 &#8211; Sm\u00edchov, Radlick\u00e1 3294\/10, PS\u010c: 15000, I\u010cO: 26168685 (d\u00e1le \u201eprovozovatel\u201c), je provozovatelem internetov\u00e9ho serveru Email Profi, dostupn\u00e9ho z internetov\u00e9 adresy (URL) https:\/\/emailprofi.seznam.cz. 2.\u00a0\u00a0 \u00a0Provozovatel d\u00e1v\u00e1 u\u017eivateli mo\u017enost, aby si v r\u00e1mci slu\u017eby Email Proti zalo\u017eil e-mailovou adresu na vlastn\u00ed, nov\u00e9 dom\u00e9n\u011b, kterou si u\u017eivatel prost\u0159ednictv\u00edm provozovatele zaregistruje [&hellip;]<\/p>\n","protected":false},"author":13,"featured_media":0,"parent":590,"menu_order":0,"comment_status":"closed","ping_status":"closed","template":"page-sidemenu","meta":{"_acf_changed":false,"_relevanssi_hide_post":"","_relevanssi_hide_content":"","_relevanssi_pin_for_all":"","_relevanssi_pin_keywords":"","_relevanssi_unpin_keywords":"","_relevanssi_related_keywords":"","_relevanssi_related_include_ids":"","_relevanssi_related_exclude_ids":"","_relevanssi_related_no_append":"","_relevanssi_related_not_related":"","_relevanssi_related_posts":"","_relevanssi_noindex_reason":"","footnotes":""},"page_category":[12],"page_tag":[],"service_status_category":[],"class_list":["post-1308","page","type-page","status-publish","hentry"],"acf":[],"_links":{"self":[{"href":"https:\/\/o-seznam.cz\/napoveda\/email\/wp-json\/wp\/v2\/pages\/1308","targetHints":{"allow":["GET"]}}],"collection":[{"href":"https:\/\/o-seznam.cz\/napoveda\/email\/wp-json\/wp\/v2\/pages"}],"about":[{"href":"https:\/\/o-seznam.cz\/napoveda\/email\/wp-json\/wp\/v2\/types\/page"}],"author":[{"embeddable":true,"href":"https:\/\/o-seznam.cz\/napoveda\/email\/wp-json\/wp\/v2\/users\/13"}],"replies":[{"embeddable":true,"href":"https:\/\/o-seznam.cz\/napoveda\/email\/wp-json\/wp\/v2\/comments?post=1308"}],"version-history":[{"count":3,"href":"https:\/\/o-seznam.cz\/napoveda\/email\/wp-json\/wp\/v2\/pages\/1308\/revisions"}],"predecessor-version":[{"id":1311,"href":"https:\/\/o-seznam.cz\/napoveda\/email\/wp-json\/wp\/v2\/pages\/1308\/revisions\/1311"}],"up":[{"embeddable":true,"href":"https:\/\/o-seznam.cz\/napoveda\/email\/wp-json\/wp\/v2\/pages\/590"}],"wp:attachment":[{"href":"https:\/\/o-seznam.cz\/napoveda\/email\/wp-json\/wp\/v2\/media?parent=1308"}],"wp:term":[{"taxonomy":"page_category","embeddable":true,"href":"https:\/\/o-seznam.cz\/napoveda\/email\/wp-json\/wp\/v2\/page_category?post=1308"},{"taxonomy":"page_tag","embeddable":true,"href":"https:\/\/o-seznam.cz\/napoveda\/email\/wp-json\/wp\/v2\/page_tag?post=1308"},{"taxonomy":"service_status_category","embeddable":true,"href":"https:\/\/o-seznam.cz\/napoveda\/email\/wp-json\/wp\/v2\/service_status_category?post=1308"}],"curies":[{"name":"wp","href":"https:\/\/api.w.org\/{rel}","templated":true}]}}