{"id":1258,"date":"2025-01-15T11:49:44","date_gmt":"2025-01-15T10:49:44","guid":{"rendered":"https:\/\/o-seznam.cz\/napoveda\/email\/?page_id=1258"},"modified":"2025-01-15T14:45:44","modified_gmt":"2025-01-15T13:45:44","slug":"prodlouzeni-domeny","status":"publish","type":"page","link":"https:\/\/o-seznam.cz\/napoveda\/email\/profi\/pridani-domeny\/prodlouzeni-domeny\/","title":{"rendered":"Prodlou\u017een\u00ed dom\u00e9ny"},"content":{"rendered":"\n<div class=\"wp-block-group is-layout-constrained wp-block-group-is-layout-constrained\">\n<p><strong>Tato \u010d\u00e1st nastaven\u00ed je dostupn\u00e1&nbsp;pouze spr\u00e1vc\u016fm, kte\u0159\u00ed si dom\u00e9nu zakoupili p\u0159\u00edmo u Seznamu nebo ji k Seznamu p\u0159evedli.<\/strong><\/p>\n\n\n\n<p>Vlastn\u00edk a majitel dom\u00e9ny zde m\u016f\u017ee z\u00edskat informace k n\u00e1kupu, platnosti a p\u0159\u00edpadn\u011b i prodlou\u017een\u00ed zakoupen\u00e9 dom\u00e9ny.<\/p>\n\n\n\n<h2 class=\"wp-block-heading\">Prodlou\u017een\u00ed dom\u00e9ny<\/h2>\n\n\n\n<ul class=\"wp-block-list\">\n<li>P\u0159ihlaste se k <a class=\"is-style-link-external\" href=\"https:\/\/emailprofi.seznam.cz\" target=\"_blank\" rel=\"noreferrer noopener\">Email Profi<\/a> sv\u00fdm spr\u00e1vcovsk\u00fdm \u00fa\u010dtem&nbsp;a klikn\u011bte na dom\u00e9nu, kterou chcete prodlou\u017eit.<\/li>\n\n\n\n<li>V horn\u00edm menu otev\u0159ete z\u00e1lo\u017eku <strong>Prodlou\u017een\u00ed<\/strong>. Zde u n\u00e1zvu dom\u00e9ny uvid\u00edte p\u0159ehledn\u011b datum expirace dom\u00e9ny a kolik dn\u00ed do expiraxce zb\u00fdv\u00e1.<\/li>\n\n\n\n<li>Pro prodlou\u017een\u00ed klikn\u011bte na&nbsp;<strong>Prodlou\u017eit dom\u00e9nu<\/strong>.<\/li>\n\n\n\n<li>V zobrazen\u00e9m okn\u011b si navolte po\u010det let, kter\u00e9 chcete dokoupit. N\u00ed\u017ee se dle po\u010dtu let automaticky upravuje datum expirace i celkov\u00e1 \u010d\u00e1stka k \u00fahrad\u011b.<\/li>\n\n\n\n<li>Tla\u010d\u00edtkem <strong>Pokra\u010dovat k platb\u011b<\/strong> se p\u0159esunute k&nbsp;v\u00fdb\u011bru zp\u016fsobu \u00fahrady.<\/li>\n\n\n\n<li>Zde ji\u017e sta\u010d\u00ed jen \u010d\u00e1stku za prodlu\u017eovanou dom\u00e9nu zaplatit.<\/li>\n\n\n\n<li>Zaplatit m\u016f\u017eete z va\u0161eho kreditu dobit\u00e9ho do <a class=\"is-style-link-external\" href=\"https:\/\/klient.seznam.cz\/wallet\/credit\" target=\"_blank\" rel=\"noreferrer noopener\">Seznam Pen\u011b\u017eenky<\/a> nebo platebn\u00ed kartou. Po zaplacen\u00ed se zobraz\u00ed potvrzovac\u00ed obrazovka. Dom\u00e9nu t\u00edmto m\u00e1te prodlou\u017eenou.<\/li>\n\n\n\n<li>Kliknut\u00edm na tla\u010d\u00edtko <strong>Pokra\u010dovat<\/strong> se p\u0159esunete zp\u011bt do nastaven\u00ed v \u010d\u00e1sti <strong>Prodlou\u017een\u00ed<\/strong>.<\/li>\n<\/ul>\n<\/div>\n\n\n\n<div class=\"wp-block-group is-layout-constrained wp-block-group-is-layout-constrained\">\n<h2 class=\"wp-block-heading\">Objedn\u00e1vky a faktury<\/h2>\n\n\n\n<p>V t\u00e9to \u010d\u00e1sti se nach\u00e1z\u00ed souhrn a historie proveden\u00fdch plateb za n\u00e1kup a prodlu\u017eov\u00e1n\u00ed dom\u00e9n.<br>Pokud bude platba \u00fasp\u011b\u0161n\u011b dokon\u010dena, zobraz\u00ed se mezi informacemi i odkaz na sta\u017een\u00ed PDF souboru s fakturou za provedenou platbu.<\/p>\n<\/div>\n","protected":false},"excerpt":{"rendered":"<p>Tato \u010d\u00e1st nastaven\u00ed je dostupn\u00e1&nbsp;pouze spr\u00e1vc\u016fm, kte\u0159\u00ed si dom\u00e9nu zakoupili p\u0159\u00edmo u Seznamu nebo ji k Seznamu p\u0159evedli. Vlastn\u00edk a majitel dom\u00e9ny zde m\u016f\u017ee z\u00edskat informace k n\u00e1kupu, platnosti a p\u0159\u00edpadn\u011b i prodlou\u017een\u00ed zakoupen\u00e9 dom\u00e9ny. Prodlou\u017een\u00ed dom\u00e9ny Objedn\u00e1vky a faktury V t\u00e9to \u010d\u00e1sti se nach\u00e1z\u00ed souhrn a historie proveden\u00fdch plateb za n\u00e1kup a prodlu\u017eov\u00e1n\u00ed dom\u00e9n.Pokud [&hellip;]<\/p>\n","protected":false},"author":12,"featured_media":0,"parent":411,"menu_order":24,"comment_status":"closed","ping_status":"closed","template":"page-sidemenu","meta":{"_acf_changed":false,"_relevanssi_hide_post":"","_relevanssi_hide_content":"","_relevanssi_pin_for_all":"","_relevanssi_pin_keywords":"","_relevanssi_unpin_keywords":"","_relevanssi_related_keywords":"","_relevanssi_related_include_ids":"","_relevanssi_related_exclude_ids":"","_relevanssi_related_no_append":"","_relevanssi_related_not_related":"","_relevanssi_related_posts":"","_relevanssi_noindex_reason":"","footnotes":""},"page_category":[12],"page_tag":[],"service_status_category":[20],"class_list":["post-1258","page","type-page","status-publish","hentry"],"acf":[],"_links":{"self":[{"href":"https:\/\/o-seznam.cz\/napoveda\/email\/wp-json\/wp\/v2\/pages\/1258","targetHints":{"allow":["GET"]}}],"collection":[{"href":"https:\/\/o-seznam.cz\/napoveda\/email\/wp-json\/wp\/v2\/pages"}],"about":[{"href":"https:\/\/o-seznam.cz\/napoveda\/email\/wp-json\/wp\/v2\/types\/page"}],"author":[{"embeddable":true,"href":"https:\/\/o-seznam.cz\/napoveda\/email\/wp-json\/wp\/v2\/users\/12"}],"replies":[{"embeddable":true,"href":"https:\/\/o-seznam.cz\/napoveda\/email\/wp-json\/wp\/v2\/comments?post=1258"}],"version-history":[{"count":3,"href":"https:\/\/o-seznam.cz\/napoveda\/email\/wp-json\/wp\/v2\/pages\/1258\/revisions"}],"predecessor-version":[{"id":1303,"href":"https:\/\/o-seznam.cz\/napoveda\/email\/wp-json\/wp\/v2\/pages\/1258\/revisions\/1303"}],"up":[{"embeddable":true,"href":"https:\/\/o-seznam.cz\/napoveda\/email\/wp-json\/wp\/v2\/pages\/411"}],"wp:attachment":[{"href":"https:\/\/o-seznam.cz\/napoveda\/email\/wp-json\/wp\/v2\/media?parent=1258"}],"wp:term":[{"taxonomy":"page_category","embeddable":true,"href":"https:\/\/o-seznam.cz\/napoveda\/email\/wp-json\/wp\/v2\/page_category?post=1258"},{"taxonomy":"page_tag","embeddable":true,"href":"https:\/\/o-seznam.cz\/napoveda\/email\/wp-json\/wp\/v2\/page_tag?post=1258"},{"taxonomy":"service_status_category","embeddable":true,"href":"https:\/\/o-seznam.cz\/napoveda\/email\/wp-json\/wp\/v2\/service_status_category?post=1258"}],"curies":[{"name":"wp","href":"https:\/\/api.w.org\/{rel}","templated":true}]}}