{"id":118,"date":"2024-09-12T16:13:48","date_gmt":"2024-09-12T14:13:48","guid":{"rendered":"https:\/\/o-seznam.cz\/napoveda\/email\/?page_id=118"},"modified":"2026-04-21T11:00:33","modified_gmt":"2026-04-21T09:00:33","slug":"mohlo-by-se-hodit","status":"publish","type":"page","link":"https:\/\/o-seznam.cz\/napoveda\/email\/mohlo-by-se-hodit\/","title":{"rendered":"Mohlo by se hodit"},"content":{"rendered":"\n<div class=\"wp-block-group is-layout-constrained wp-block-group-is-layout-constrained\">\n<p>V t\u00e9to sekci najdete informace k pokro\u010dilej\u0161\u00edmu vyu\u017e\u00edv\u00e1n\u00ed e-mailov\u00e9 schr\u00e1nky.<\/p>\n\n\n\n<div class=\"wp-block-group is-layout-constrained wp-block-group-is-layout-constrained\">\n<p class=\"is-style-next\"><a href=\"https:\/\/o-seznam.cz\/napoveda\/email\/mohlo-by-se-hodit\/postovni-programy-a-aplikace\/\">Nastaven\u00ed po\u0161tovn\u00edch program\u016f a aplikac\u00ed<\/a><\/p>\n\n\n\n<p class=\"is-style-next\"><a href=\"https:\/\/o-seznam.cz\/napoveda\/email\/mohlo-by-se-hodit\/hlavicka-e-mailu\/\">Jak \u010d\u00edst hlavi\u010dku e-mailu<\/a><\/p>\n\n\n\n<p class=\"is-style-next\"><a href=\"https:\/\/o-seznam.cz\/napoveda\/email\/mohlo-by-se-hodit\/chyby-v-postovnich-programech\/\">Chyby v po\u0161tovn\u00edch programech<\/a><\/p>\n\n\n\n<p class=\"is-style-next\"><a href=\"https:\/\/o-seznam.cz\/napoveda\/email\/mohlo-by-se-hodit\/email-lab\/\" data-type=\"link\" data-id=\"https:\/\/o-seznam.cz\/napoveda\/email\/mohlo-by-se-hodit\/email-lab\/\">Email Lab<\/a><\/p>\n\n\n\n<p class=\"is-style-next\"><a href=\"https:\/\/o-seznam.cz\/napoveda\/email\/mohlo-by-se-hodit\/informace-k-pristupnosti\/\" data-type=\"link\" data-id=\"https:\/\/o-seznam.cz\/napoveda\/email\/mohlo-by-se-hodit\/informace-k-pristupnosti\/\">Informace k p\u0159\u00edstupnosti<\/a><\/p>\n\n\n\n<p class=\"is-style-next\"><a href=\"https:\/\/o-seznam.cz\/napoveda\/email\/mohlo-by-se-hodit\/limity-schranky\/\" data-type=\"link\" data-id=\"https:\/\/o-seznam.cz\/napoveda\/email\/mohlo-by-se-hodit\/limity-schranky\/\">Limity e-mailov\u00e9 schr\u00e1nky<\/a><\/p>\n<\/div>\n<\/div>\n","protected":false},"excerpt":{"rendered":"<p>V t\u00e9to sekci najdete informace k pokro\u010dilej\u0161\u00edmu vyu\u017e\u00edv\u00e1n\u00ed e-mailov\u00e9 schr\u00e1nky. Nastaven\u00ed po\u0161tovn\u00edch program\u016f a aplikac\u00ed Jak \u010d\u00edst hlavi\u010dku e-mailu Chyby v po\u0161tovn\u00edch programech Email Lab Informace k p\u0159\u00edstupnosti Limity e-mailov\u00e9 schr\u00e1nky<\/p>\n","protected":false},"author":13,"featured_media":0,"parent":0,"menu_order":80,"comment_status":"closed","ping_status":"closed","template":"page-sidemenu","meta":{"_acf_changed":false,"_relevanssi_hide_post":"","_relevanssi_hide_content":"","_relevanssi_pin_for_all":"","_relevanssi_pin_keywords":"","_relevanssi_unpin_keywords":"","_relevanssi_related_keywords":"","_relevanssi_related_include_ids":"","_relevanssi_related_exclude_ids":"","_relevanssi_related_no_append":"","_relevanssi_related_not_related":"","_relevanssi_related_posts":"","_relevanssi_noindex_reason":"","footnotes":""},"page_category":[4],"page_tag":[],"service_status_category":[],"class_list":["post-118","page","type-page","status-publish","hentry"],"acf":[],"_links":{"self":[{"href":"https:\/\/o-seznam.cz\/napoveda\/email\/wp-json\/wp\/v2\/pages\/118","targetHints":{"allow":["GET"]}}],"collection":[{"href":"https:\/\/o-seznam.cz\/napoveda\/email\/wp-json\/wp\/v2\/pages"}],"about":[{"href":"https:\/\/o-seznam.cz\/napoveda\/email\/wp-json\/wp\/v2\/types\/page"}],"author":[{"embeddable":true,"href":"https:\/\/o-seznam.cz\/napoveda\/email\/wp-json\/wp\/v2\/users\/13"}],"replies":[{"embeddable":true,"href":"https:\/\/o-seznam.cz\/napoveda\/email\/wp-json\/wp\/v2\/comments?post=118"}],"version-history":[{"count":9,"href":"https:\/\/o-seznam.cz\/napoveda\/email\/wp-json\/wp\/v2\/pages\/118\/revisions"}],"predecessor-version":[{"id":1792,"href":"https:\/\/o-seznam.cz\/napoveda\/email\/wp-json\/wp\/v2\/pages\/118\/revisions\/1792"}],"wp:attachment":[{"href":"https:\/\/o-seznam.cz\/napoveda\/email\/wp-json\/wp\/v2\/media?parent=118"}],"wp:term":[{"taxonomy":"page_category","embeddable":true,"href":"https:\/\/o-seznam.cz\/napoveda\/email\/wp-json\/wp\/v2\/page_category?post=118"},{"taxonomy":"page_tag","embeddable":true,"href":"https:\/\/o-seznam.cz\/napoveda\/email\/wp-json\/wp\/v2\/page_tag?post=118"},{"taxonomy":"service_status_category","embeddable":true,"href":"https:\/\/o-seznam.cz\/napoveda\/email\/wp-json\/wp\/v2\/service_status_category?post=118"}],"curies":[{"name":"wp","href":"https:\/\/api.w.org\/{rel}","templated":true}]}}