{"id":115,"date":"2024-09-12T16:13:49","date_gmt":"2024-09-12T14:13:49","guid":{"rendered":"https:\/\/o-seznam.cz\/napoveda\/email\/?page_id=115"},"modified":"2025-01-17T14:49:16","modified_gmt":"2025-01-17T13:49:16","slug":"pro-odesilatele-hromadnych-zprav","status":"publish","type":"page","link":"https:\/\/o-seznam.cz\/napoveda\/email\/pro-odesilatele-hromadnych-zprav\/","title":{"rendered":"Informace pro odes\u00edlatele zpr\u00e1v"},"content":{"rendered":"\n<div class=\"wp-block-group is-layout-constrained wp-block-group-is-layout-constrained\">\n<p>E-mail p\u0159edstavuje v\u00fdznamn\u00fd kan\u00e1l nejen pro osobn\u00ed, ale tak\u00e9 pro obchodn\u00ed a marketingov\u00fd kontakt. Pro \u00fasp\u011b\u0161n\u00e9 doru\u010den\u00ed zpr\u00e1v zas\u00edlan\u00fdch v r\u00e1mci B2B nebo B2C komunikace je pot\u0159eba spl\u0148ovat technick\u00e9 n\u00e1le\u017eitosti a dodr\u017eovat legislativn\u00ed a etick\u00e9 z\u00e1sady e-mailingu. Jejich z\u00e1kladn\u00ed p\u0159ehled najdete n\u00ed\u017ee.<\/p>\n\n\n<div class=\"wp-block-seznam-list-pages\"><div>\n<div style=\"--seznam-tiles--columns:3\" class=\"wp-block-seznam-tiles has-columns-3\"><div class=\"inner-blocks\">\n<div class=\"block-boxlink\"><a class=\"boxlink boxlink--icon-arrow boxlink--align-y-center px-f8 py-f4\" href=\"https:\/\/o-seznam.cz\/napoveda\/email\/pro-odesilatele-hromadnych-zprav\/limity-pro-velikost-rozesilky\/\"><div class=\"inner-blocks\">Limity<\/div><\/a><\/div><div class=\"block-boxlink\"><a class=\"boxlink boxlink--icon-arrow boxlink--align-y-center px-f8 py-f4\" href=\"https:\/\/o-seznam.cz\/napoveda\/email\/pro-odesilatele-hromadnych-zprav\/povinne-technicke-nalezitosti\/\"><div class=\"inner-blocks\">Autentifikace<\/div><\/a><\/div><div class=\"block-boxlink\"><a class=\"boxlink boxlink--icon-arrow boxlink--align-y-center px-f8 py-f4\" href=\"https:\/\/o-seznam.cz\/napoveda\/email\/pro-odesilatele-hromadnych-zprav\/doporucene-nastaveni-odesilacich-domen\/\"><div class=\"inner-blocks\">Nastaven\u00ed dom\u00e9n<\/div><\/a><\/div><div class=\"block-boxlink\"><a class=\"boxlink boxlink--icon-arrow boxlink--align-y-center px-f8 py-f4\" href=\"https:\/\/o-seznam.cz\/napoveda\/email\/pro-odesilatele-hromadnych-zprav\/zasady-prace-s-databazi-kontaktu-a-vyhodnoceni-uzivatelskeho-signalu\/\"><div class=\"inner-blocks\">Datab\u00e1ze kontakt\u016f<\/div><\/a><\/div><div class=\"block-boxlink\"><a class=\"boxlink boxlink--icon-arrow boxlink--align-y-center px-f8 py-f4\" href=\"https:\/\/o-seznam.cz\/napoveda\/email\/pro-odesilatele-hromadnych-zprav\/feedback-loop-fbl\/\"><div class=\"inner-blocks\">Seznam Feedback Loop<\/div><\/a><\/div><div class=\"block-boxlink\"><a class=\"boxlink boxlink--icon-arrow boxlink--align-y-center px-f8 py-f4\" href=\"https:\/\/o-seznam.cz\/napoveda\/email\/pro-odesilatele-hromadnych-zprav\/dalsi-tipy-a-doporuceni\/\"><div class=\"inner-blocks\">Dal\u0161\u00ed tipy<\/div><\/a><\/div><\/div><\/div>\n\n<\/div><\/div>\n<\/div>\n","protected":false},"excerpt":{"rendered":"<p>E-mail p\u0159edstavuje v\u00fdznamn\u00fd kan\u00e1l nejen pro osobn\u00ed, ale tak\u00e9 pro obchodn\u00ed a marketingov\u00fd kontakt. Pro \u00fasp\u011b\u0161n\u00e9 doru\u010den\u00ed zpr\u00e1v zas\u00edlan\u00fdch v r\u00e1mci B2B nebo B2C komunikace je pot\u0159eba spl\u0148ovat technick\u00e9 n\u00e1le\u017eitosti a dodr\u017eovat legislativn\u00ed a etick\u00e9 z\u00e1sady e-mailingu. Jejich z\u00e1kladn\u00ed p\u0159ehled najdete n\u00ed\u017ee.<\/p>\n","protected":false},"author":13,"featured_media":0,"parent":0,"menu_order":90,"comment_status":"closed","ping_status":"closed","template":"page-sidemenu","meta":{"_acf_changed":false,"_relevanssi_hide_post":"","_relevanssi_hide_content":"","_relevanssi_pin_for_all":"","_relevanssi_pin_keywords":"","_relevanssi_unpin_keywords":"","_relevanssi_related_keywords":"","_relevanssi_related_include_ids":"","_relevanssi_related_exclude_ids":"","_relevanssi_related_no_append":"","_relevanssi_related_not_related":"","_relevanssi_related_posts":"","_relevanssi_noindex_reason":"","footnotes":""},"page_category":[4],"page_tag":[],"service_status_category":[],"class_list":["post-115","page","type-page","status-publish","hentry"],"acf":[],"_links":{"self":[{"href":"https:\/\/o-seznam.cz\/napoveda\/email\/wp-json\/wp\/v2\/pages\/115","targetHints":{"allow":["GET"]}}],"collection":[{"href":"https:\/\/o-seznam.cz\/napoveda\/email\/wp-json\/wp\/v2\/pages"}],"about":[{"href":"https:\/\/o-seznam.cz\/napoveda\/email\/wp-json\/wp\/v2\/types\/page"}],"author":[{"embeddable":true,"href":"https:\/\/o-seznam.cz\/napoveda\/email\/wp-json\/wp\/v2\/users\/13"}],"replies":[{"embeddable":true,"href":"https:\/\/o-seznam.cz\/napoveda\/email\/wp-json\/wp\/v2\/comments?post=115"}],"version-history":[{"count":25,"href":"https:\/\/o-seznam.cz\/napoveda\/email\/wp-json\/wp\/v2\/pages\/115\/revisions"}],"predecessor-version":[{"id":1318,"href":"https:\/\/o-seznam.cz\/napoveda\/email\/wp-json\/wp\/v2\/pages\/115\/revisions\/1318"}],"wp:attachment":[{"href":"https:\/\/o-seznam.cz\/napoveda\/email\/wp-json\/wp\/v2\/media?parent=115"}],"wp:term":[{"taxonomy":"page_category","embeddable":true,"href":"https:\/\/o-seznam.cz\/napoveda\/email\/wp-json\/wp\/v2\/page_category?post=115"},{"taxonomy":"page_tag","embeddable":true,"href":"https:\/\/o-seznam.cz\/napoveda\/email\/wp-json\/wp\/v2\/page_tag?post=115"},{"taxonomy":"service_status_category","embeddable":true,"href":"https:\/\/o-seznam.cz\/napoveda\/email\/wp-json\/wp\/v2\/service_status_category?post=115"}],"curies":[{"name":"wp","href":"https:\/\/api.w.org\/{rel}","templated":true}]}}