{"id":113,"date":"2024-09-12T16:13:49","date_gmt":"2024-09-12T14:13:49","guid":{"rendered":"https:\/\/o-seznam.cz\/napoveda\/email\/?page_id=113"},"modified":"2024-11-14T14:34:30","modified_gmt":"2024-11-14T13:34:30","slug":"zasady-bezpecnosti","status":"publish","type":"page","link":"https:\/\/o-seznam.cz\/napoveda\/email\/zasady-bezpecnosti\/","title":{"rendered":"Z\u00e1sady bezpe\u010dnosti"},"content":{"rendered":"\n<div class=\"wp-block-group is-layout-constrained wp-block-group-is-layout-constrained\">\n<p>Antispamov\u00e9 \u0159e\u0161en\u00ed Emailu od Seznamu se sna\u017e\u00ed u\u017eivatele maxim\u00e1ln\u011b chr\u00e1nit p\u0159ed \u0161kodliv\u00fdmi e-maily jako jsou phishingov\u00e9 zpr\u00e1vy, fale\u0161n\u00e9 v\u00fdhru\u017en\u00e9 e-maily a zpr\u00e1vy s p\u0159\u00edlohami obsahuj\u00edc\u00edmi viry nebo \u0161kodliv\u00fd software. P\u0159esto doporu\u010dujeme pracovat ve schr\u00e1nce s obez\u0159etnost\u00ed a dodr\u017eovat n\u00e1sleduj\u00edc\u00ed z\u00e1sady bezpe\u010dnosti:<\/p>\n\n\n\n<ul class=\"wp-block-list\">\n<li>V\u017edy si zkontrolujte, \u017ee zpr\u00e1va byla odesl\u00e1na z adresy a dom\u00e9ny toho, kdo je uveden jako odes\u00edlatel<\/li>\n\n\n\n<li>P\u0159i otev\u00edr\u00e1n\u00ed odkaz\u016f zkontrolujte v lev\u00e9m doln\u00edm rohu obrazovky c\u00edlovou adresu, kam v\u00e1s odkaz sm\u011b\u0159uje. Pokud str\u00e1nku otev\u0159ete, zkontrolujte, \u017ee je zabezpe\u010dena d\u016fv\u011bryhodn\u00fdm a platn\u00fdm certifik\u00e1tem, ne\u017e na n\u00ed budete d\u00e1le pracovat<\/li>\n\n\n\n<li>Nikdy nepos\u00edlejte e-mailem sv\u00e1 hesla nebo \u010d\u00edslo platebn\u00ed karty<\/li>\n\n\n\n<li>Nereagujte na e-maily, kter\u00e9 nesou zn\u00e1mky podvodn\u00fdch zpr\u00e1v. Mezi ty mimo jin\u00e9 pat\u0159\u00ed\n<ul class=\"wp-block-list\">\n<li>\u0160patn\u00e1 \u010de\u0161tina<\/li>\n\n\n\n<li>Nena\u010dten\u00e9 obr\u00e1zky<\/li>\n\n\n\n<li>Nal\u00e9havost (vyz\u00fdvaj\u00ed k okam\u017eit\u00e9mu proveden\u00ed akce)<\/li>\n\n\n\n<li>Hrozba zru\u0161en\u00ed nebo pozastaven\u00ed \u00fa\u010dtu, pokud nevypln\u00edte heslo, osobn\u00ed \u00fadaje nebo \u010d\u00edslo karty do formul\u00e1\u0159e, na kter\u00fd vede p\u0159ilo\u017een\u00fd odkaz<\/li>\n<\/ul>\n<\/li>\n<\/ul>\n\n\n\n<p>Nejste-li si jisti, zda jste se p\u0159es odkaz dostali na spr\u00e1vnou str\u00e1nku, zav\u0159ete ji a v nov\u00e9m okn\u011b prohl\u00ed\u017ee\u010de ji otev\u0159ete zp\u016fsobem, kter\u00fdm jste zvykl\u00ed (nap\u0159\u00edklad str\u00e1nku banky si otev\u0159ete pomoc\u00ed odkazu v z\u00e1lo\u017ek\u00e1ch), p\u0159\u00edpadn\u011b kontaktujte p\u0159\u00edslu\u0161nou instituci pomoc\u00ed odkaz\u016f na jejich ofici\u00e1ln\u00ed str\u00e1nce a ov\u011b\u0159te si, zda je informace ve zpr\u00e1v\u011b pravdiv\u00e1. <\/p>\n<\/div>\n","protected":false},"excerpt":{"rendered":"<p>Antispamov\u00e9 \u0159e\u0161en\u00ed Emailu od Seznamu se sna\u017e\u00ed u\u017eivatele maxim\u00e1ln\u011b chr\u00e1nit p\u0159ed \u0161kodliv\u00fdmi e-maily jako jsou phishingov\u00e9 zpr\u00e1vy, fale\u0161n\u00e9 v\u00fdhru\u017en\u00e9 e-maily a zpr\u00e1vy s p\u0159\u00edlohami obsahuj\u00edc\u00edmi viry nebo \u0161kodliv\u00fd software. P\u0159esto doporu\u010dujeme pracovat ve schr\u00e1nce s obez\u0159etnost\u00ed a dodr\u017eovat n\u00e1sleduj\u00edc\u00ed z\u00e1sady bezpe\u010dnosti: Nejste-li si jisti, zda jste se p\u0159es odkaz dostali na spr\u00e1vnou str\u00e1nku, zav\u0159ete ji [&hellip;]<\/p>\n","protected":false},"author":13,"featured_media":0,"parent":0,"menu_order":70,"comment_status":"closed","ping_status":"closed","template":"page-sidemenu","meta":{"_acf_changed":false,"_relevanssi_hide_post":"","_relevanssi_hide_content":"","_relevanssi_pin_for_all":"","_relevanssi_pin_keywords":"","_relevanssi_unpin_keywords":"","_relevanssi_related_keywords":"","_relevanssi_related_include_ids":"","_relevanssi_related_exclude_ids":"","_relevanssi_related_no_append":"","_relevanssi_related_not_related":"","_relevanssi_related_posts":"","_relevanssi_noindex_reason":"","footnotes":""},"page_category":[4],"page_tag":[],"service_status_category":[],"class_list":["post-113","page","type-page","status-publish","hentry"],"acf":[],"_links":{"self":[{"href":"https:\/\/o-seznam.cz\/napoveda\/email\/wp-json\/wp\/v2\/pages\/113","targetHints":{"allow":["GET"]}}],"collection":[{"href":"https:\/\/o-seznam.cz\/napoveda\/email\/wp-json\/wp\/v2\/pages"}],"about":[{"href":"https:\/\/o-seznam.cz\/napoveda\/email\/wp-json\/wp\/v2\/types\/page"}],"author":[{"embeddable":true,"href":"https:\/\/o-seznam.cz\/napoveda\/email\/wp-json\/wp\/v2\/users\/13"}],"replies":[{"embeddable":true,"href":"https:\/\/o-seznam.cz\/napoveda\/email\/wp-json\/wp\/v2\/comments?post=113"}],"version-history":[{"count":2,"href":"https:\/\/o-seznam.cz\/napoveda\/email\/wp-json\/wp\/v2\/pages\/113\/revisions"}],"predecessor-version":[{"id":372,"href":"https:\/\/o-seznam.cz\/napoveda\/email\/wp-json\/wp\/v2\/pages\/113\/revisions\/372"}],"wp:attachment":[{"href":"https:\/\/o-seznam.cz\/napoveda\/email\/wp-json\/wp\/v2\/media?parent=113"}],"wp:term":[{"taxonomy":"page_category","embeddable":true,"href":"https:\/\/o-seznam.cz\/napoveda\/email\/wp-json\/wp\/v2\/page_category?post=113"},{"taxonomy":"page_tag","embeddable":true,"href":"https:\/\/o-seznam.cz\/napoveda\/email\/wp-json\/wp\/v2\/page_tag?post=113"},{"taxonomy":"service_status_category","embeddable":true,"href":"https:\/\/o-seznam.cz\/napoveda\/email\/wp-json\/wp\/v2\/service_status_category?post=113"}],"curies":[{"name":"wp","href":"https:\/\/api.w.org\/{rel}","templated":true}]}}