{"id":1102,"date":"2024-12-11T13:13:45","date_gmt":"2024-12-11T12:13:45","guid":{"rendered":"https:\/\/o-seznam.cz\/napoveda\/email\/?page_id=1102"},"modified":"2025-08-28T08:52:59","modified_gmt":"2025-08-28T06:52:59","slug":"nastaveni-pravidel","status":"publish","type":"page","link":"https:\/\/o-seznam.cz\/napoveda\/email\/moznosti-nastaveni\/pravidla-pro-zpracovani-zprav\/nastaveni-pravidel\/","title":{"rendered":"Nastaven\u00ed pravidel"},"content":{"rendered":"\n<div class=\"wp-block-group is-layout-constrained wp-block-group-is-layout-constrained\">\n<div class=\"wp-block-group is-layout-constrained wp-block-group-is-layout-constrained\">\n<p>S pomoc\u00ed pravidel si m\u016f\u017eete nechat p\u0159\u00edchoz\u00ed zpr\u00e1vy t\u0159\u00eddit, promaz\u00e1vat, zas\u00edlat SMS upozorn\u011bn\u00ed na mobiln\u00ed telefon (T-Mobile), nastavit automatickou odpov\u011b\u010f \u010di p\u0159esm\u011brovat zpr\u00e1vy na jinou e-mailovou adresu.<\/p>\n\n\n\n<p>V\u0161echna pravidla se aplikuj\u00ed pouze na nov\u011b p\u0159\u00edchoz\u00ed zpr\u00e1vy do slo\u017eky Doru\u010den\u00e9 a Hromadn\u00e9.<\/p>\n<\/div>\n\n\n\n<div class=\"wp-block-group is-layout-constrained wp-block-group-is-layout-constrained\">\n<h2 class=\"wp-block-heading\">Nastaven\u00ed pravidla<\/h2>\n\n\n\n<p>Pro nastaven\u00ed nov\u00e9ho pravidla klikn\u011bte na ikonu <strong>Nastaven\u00ed<\/strong> (ozuben\u00e9 kolo) v&nbsp;lev\u00e9 doln\u00ed \u010d\u00e1sti obrazovky. Zde v \u010d\u00e1sti <strong>Pravidla<\/strong> klikn\u011bte na tla\u010d\u00edtko <strong>Vytvo\u0159it nov\u00e9 pravidlo<\/strong>. V zobrazen\u00e9m formul\u00e1\u0159i zvolte:<\/p>\n\n\n\n<ul class=\"wp-block-list\">\n<li><strong>N\u00e1zev pravidla<\/strong> &#8211; pokud \u017e\u00e1dn\u00fd nezad\u00e1te, automaticky bude vytvo\u0159en z n\u00e1sledn\u00fdch zadan\u00fdch podm\u00ednek a akc\u00ed<\/li>\n\n\n\n<li><strong>Pravidlo je aktivn\u00ed<\/strong> &#8211; zru\u0161en\u00edm zatrhnut\u00ed m\u016f\u017eete pravidlo do\u010dasn\u011b vypnout a nastaven\u00e9 akce tak nebudou prov\u00e1d\u011bny<\/li>\n\n\n\n<li><strong>Podm\u00ednky<\/strong> &#8211; nastavte po\u017eadovan\u00e9 podm\u00ednky, kter\u00e9 se maj\u00ed aplikovat na p\u0159\u00edchoz\u00ed zpr\u00e1vy<\/li>\n\n\n\n<li><strong>Akce<\/strong> &#8211; nastavte, jak\u00e9 akce se maj\u00ed p\u0159i spln\u011bn\u00ed podm\u00ednek prov\u00e9st<\/li>\n<\/ul>\n\n\n\n<p>Tla\u010d\u00edtky <strong>P\u0159idat podm\u00ednku<\/strong> a <strong>P\u0159idat akci<\/strong> m\u016f\u017eete do nastaven\u00e9ho filtru p\u0159idat v\u00edce ne\u017e jednu podm\u00ednku a akci. M\u016f\u017eete tak vytvo\u0159it i velmi komplexn\u00ed filtry pro zpracov\u00e1n\u00ed p\u0159\u00edchoz\u00edch zpr\u00e1v.<\/p>\n\n\n\n<p>Vytvo\u0159en\u00e9 pravidlo pot\u00e9 ulo\u017ete pomoc\u00ed tla\u010d\u00edtka <strong>Ulo\u017eit<\/strong>.<\/p>\n<\/div>\n\n\n\n<div class=\"wp-block-group is-layout-constrained wp-block-group-is-layout-constrained\">\n<h2 class=\"wp-block-heading\">\u00dapravy pravidel<\/h2>\n\n\n\n<p>Pro zm\u011bnu parametr\u016f pravidla sta\u010d\u00ed v seznamu vytvo\u0159en\u00fdch pravidel kliknout na odkaz <strong>Upravit<\/strong> a prov\u00e9st po\u017eadovan\u00e9 zm\u011bny. Pot\u00e9 nezapome\u0148te proveden\u00e9 zm\u011bny znovu ulo\u017eit tla\u010d\u00edtkem <strong>Ulo\u017eit<\/strong>.<\/p>\n\n\n\n<p>Napravo od n\u00e1zvu filtru je zobrazena informace, zda je nastaven\u00fd filtr aktivn\u00ed <em>(Zapnut\u00fd)<\/em> nebo neaktivn\u00ed <em>(Vypnut\u00fd)<\/em>. Vedle t\u00e9to informace se nach\u00e1z\u00ed odkaz <strong>Odstranit<\/strong>, kter\u00fd slou\u017e\u00ed ke smaz\u00e1n\u00ed pravidla.<\/p>\n<\/div>\n\n\n\n<div class=\"wp-block-group is-layout-constrained wp-block-group-is-layout-constrained\">\n<h2 class=\"wp-block-heading\" id=\"priorita\">Priorita pravidel<\/h2>\n\n\n\n<p>Prioritu neboli v\u00e1hu pravidel je mo\u017en\u00e9 nastavit po jejich vytvo\u0159en\u00ed. Pravidlo, kter\u00e9&nbsp;je v seznamu v\u00fd\u0161e, je zpracov\u00e1no jako prvn\u00ed. Ostatn\u00ed pravidla&nbsp;jsou zpracov\u00e1v\u00e1na&nbsp;postupn\u011b jedno&nbsp;po druh\u00e9m. Lze tedy nastavit, aby se nap\u0159. zpr\u00e1va od ur\u010dit\u00e9ho odes\u00edlatele nejprve p\u0159eposlala na mobiln\u00ed telefon, pot\u00e9 p\u0159esunula do ur\u010den\u00e9 slo\u017eky a nakonec ozna\u010dila \u0161t\u00edtkem. Prioritu pravidla zm\u011bn\u00edte uchopen\u00edm ikony vlevo od n\u00e1zvu lev\u00fdm tla\u010d\u00edtkem my\u0161i a ta\u017een\u00edm nahoru nebo dol\u016f. Jakmile tla\u010d\u00edtko my\u0161i uvoln\u00edte, pravidlo se na po\u017eadovanou pozici p\u0159em\u00edst\u00ed a zm\u011bn\u00ed se jeho priorita.<\/p>\n<\/div>\n<\/div>\n","protected":false},"excerpt":{"rendered":"<p>S pomoc\u00ed pravidel si m\u016f\u017eete nechat p\u0159\u00edchoz\u00ed zpr\u00e1vy t\u0159\u00eddit, promaz\u00e1vat, zas\u00edlat SMS upozorn\u011bn\u00ed na mobiln\u00ed telefon (T-Mobile), nastavit automatickou odpov\u011b\u010f \u010di p\u0159esm\u011brovat zpr\u00e1vy na jinou e-mailovou adresu. V\u0161echna pravidla se aplikuj\u00ed pouze na nov\u011b p\u0159\u00edchoz\u00ed zpr\u00e1vy do slo\u017eky Doru\u010den\u00e9 a Hromadn\u00e9. Nastaven\u00ed pravidla Pro nastaven\u00ed nov\u00e9ho pravidla klikn\u011bte na ikonu Nastaven\u00ed (ozuben\u00e9 kolo) v&nbsp;lev\u00e9 doln\u00ed [&hellip;]<\/p>\n","protected":false},"author":12,"featured_media":0,"parent":854,"menu_order":0,"comment_status":"closed","ping_status":"closed","template":"page-sidemenu","meta":{"_acf_changed":false,"_relevanssi_hide_post":"","_relevanssi_hide_content":"","_relevanssi_pin_for_all":"","_relevanssi_pin_keywords":"","_relevanssi_unpin_keywords":"","_relevanssi_related_keywords":"","_relevanssi_related_include_ids":"","_relevanssi_related_exclude_ids":"","_relevanssi_related_no_append":"","_relevanssi_related_not_related":"","_relevanssi_related_posts":"","_relevanssi_noindex_reason":"","footnotes":""},"page_category":[4],"page_tag":[],"service_status_category":[],"class_list":["post-1102","page","type-page","status-publish","hentry"],"acf":[],"_links":{"self":[{"href":"https:\/\/o-seznam.cz\/napoveda\/email\/wp-json\/wp\/v2\/pages\/1102","targetHints":{"allow":["GET"]}}],"collection":[{"href":"https:\/\/o-seznam.cz\/napoveda\/email\/wp-json\/wp\/v2\/pages"}],"about":[{"href":"https:\/\/o-seznam.cz\/napoveda\/email\/wp-json\/wp\/v2\/types\/page"}],"author":[{"embeddable":true,"href":"https:\/\/o-seznam.cz\/napoveda\/email\/wp-json\/wp\/v2\/users\/12"}],"replies":[{"embeddable":true,"href":"https:\/\/o-seznam.cz\/napoveda\/email\/wp-json\/wp\/v2\/comments?post=1102"}],"version-history":[{"count":5,"href":"https:\/\/o-seznam.cz\/napoveda\/email\/wp-json\/wp\/v2\/pages\/1102\/revisions"}],"predecessor-version":[{"id":1595,"href":"https:\/\/o-seznam.cz\/napoveda\/email\/wp-json\/wp\/v2\/pages\/1102\/revisions\/1595"}],"up":[{"embeddable":true,"href":"https:\/\/o-seznam.cz\/napoveda\/email\/wp-json\/wp\/v2\/pages\/854"}],"wp:attachment":[{"href":"https:\/\/o-seznam.cz\/napoveda\/email\/wp-json\/wp\/v2\/media?parent=1102"}],"wp:term":[{"taxonomy":"page_category","embeddable":true,"href":"https:\/\/o-seznam.cz\/napoveda\/email\/wp-json\/wp\/v2\/page_category?post=1102"},{"taxonomy":"page_tag","embeddable":true,"href":"https:\/\/o-seznam.cz\/napoveda\/email\/wp-json\/wp\/v2\/page_tag?post=1102"},{"taxonomy":"service_status_category","embeddable":true,"href":"https:\/\/o-seznam.cz\/napoveda\/email\/wp-json\/wp\/v2\/service_status_category?post=1102"}],"curies":[{"name":"wp","href":"https:\/\/api.w.org\/{rel}","templated":true}]}}