{"id":1092,"date":"2024-12-11T12:57:19","date_gmt":"2024-12-11T11:57:19","guid":{"rendered":"https:\/\/o-seznam.cz\/napoveda\/email\/?page_id=1092"},"modified":"2025-01-28T12:56:38","modified_gmt":"2025-01-28T11:56:38","slug":"blokovane-a-duveryhodne-adresy","status":"publish","type":"page","link":"https:\/\/o-seznam.cz\/napoveda\/email\/kontakty-a-skupiny\/blokovane-a-duveryhodne-adresy\/","title":{"rendered":"Blokovan\u00e9 a d\u016fv\u011bryhodn\u00e9 adresy"},"content":{"rendered":"\n<div class=\"wp-block-group is-layout-constrained wp-block-group-is-layout-constrained\">\n<p><strong>Blokovan\u00e9 (spamov\u00e9) adresy<\/strong>: M\u016f\u017ee nastat situace, kdy v\u00e1m p\u00ed\u0161e n\u011bkdo, od koho zpr\u00e1vy p\u0159ij\u00edmat a \u010d\u00edst nechcete. V takov\u00e9m p\u0159\u00edpad\u011b je mo\u017en\u00e9 blokovat adresu odes\u00edlatele zpr\u00e1vy. Dal\u0161\u00ed zpr\u00e1vy z blokovan\u00e9 adresy v\u00e1m ji\u017e do schr\u00e1nky nedoraz\u00ed, a to ani do Spamu. Odes\u00edlatel o va\u0161\u00ed blokaci jeho adresy nebude nijak informov\u00e1n.<\/p>\n\n\n\n<p><strong>D\u016fv\u011bryhodn\u00e9 adresy<\/strong>: Naopak, m\u016f\u017ee nastat i situace, kdy jsou v\u00e1m do slo\u017eek <strong>Spam<\/strong> nebo <strong>Hromadn\u00e9<\/strong> doru\u010dov\u00e1ny zpr\u00e1vy, kter\u00e9 jsou pro v\u00e1s d\u016fle\u017eit\u00e9 a chcete, aby byly doru\u010dov\u00e1ny do <strong>Doru\u010den\u00e9<\/strong>. Takov\u00e9 adresy si lze nastavit jako <strong>D\u016fv\u011bryhodn\u00e9<\/strong>, na kter\u00e9 se nad\u00e1le nebudou uplat\u0148ovat automatick\u00e1 pravidla vyhodnocov\u00e1n\u00ed mj. antispamov\u00fdch\u00a0pravidel.<\/p>\n<\/div>\n\n\n\n<div class=\"wp-block-group is-layout-constrained wp-block-group-is-layout-constrained\">\n<h2 class=\"wp-block-heading\" id=\"blokovane-adresy\"><strong>Blokovan\u00e9 (spamov\u00e9) adresy<\/strong><\/h2>\n\n\n\n<p>Za\u0159adit adresu na seznam <strong>Blokovan\u00fdch (spamov\u00fdch) adres<\/strong> m\u016f\u017eete n\u011bkolika zp\u016fsoby:<\/p>\n\n\n\n<ul class=\"wp-block-list\">\n<li>V\u00a0lev\u00e9m doln\u00edm rohu obrazovky klikn\u011bte na ikonu <strong>Nastaven\u00ed<\/strong> (ozuben\u00e9 kolo).<\/li>\n\n\n\n<li>V lev\u00e9 nab\u00eddce zvolte mo\u017enost\u00a0<strong>Spam<\/strong>, zde se nach\u00e1z\u00ed ve\u0161ker\u00e9 <strong>Nastaven\u00ed filtrov\u00e1n\u00ed spamu<\/strong>. Zde tak\u00e9 vid\u00edte seznam v\u0161ech adres, kter\u00e9 byly v minulosti ozna\u010deny jako <strong>Blokovan\u00e9<\/strong>, <strong>Hromadn\u00e9 <\/strong>nebo <strong>D\u016fv\u011bryhodn\u00e9<\/strong>.<\/li>\n\n\n\n<li>V \u010d\u00e1sti <strong>Blokovan\u00e9 (spamov\u00e9) adresy<\/strong> klikn\u011bte na tla\u010d\u00edtko <strong>P\u0159idat adresu<\/strong>.<\/li>\n\n\n\n<li>Do pole vepi\u0161te nebo zkop\u00edrujte adresu odes\u00edlatele, od kter\u00e9ho nechcete zpr\u00e1vy p\u0159ij\u00edmat, a potvr\u010fte tla\u010d\u00edtkem <strong>P\u0159idat<\/strong>.<\/li>\n\n\n\n<li>Od t\u00e9to chv\u00edle budou zpr\u00e1vy od odes\u00edlatel\u016f, jejich\u017e adresy jsou uvedeny v tomto seznamu, doru\u010dov\u00e1ny automaticky do slo\u017eky <strong>Spam<\/strong>.<\/li>\n\n\n\n<li>Pokud nechcete zpr\u00e1vy od t\u011bchto p\u0159\u00edjemc\u016f p\u0159ij\u00edmat\u00a0v\u016fbec, zatrhn\u011bte volbu <strong>Automaticky mazat zpr\u00e1vy od kontakt\u016f v tomto adres\u00e1\u0159i.<\/strong><br>Zpr\u00e1vy tak ji\u017e budou ihned p\u0159i doru\u010den\u00ed maz\u00e1ny, nebude je mo\u017en\u00e9 obnovit a odes\u00edlatel z\u00e1rove\u0148 nebude dost\u00e1vat \u017e\u00e1dnou informace o odstran\u011bn\u00ed jeho zpr\u00e1vy.<\/li>\n\n\n\n<li>U ka\u017ed\u00e9 vlo\u017een\u00e9 adresy v seznamu se zobrazuje odkaz\u00a0<strong>Odstranit<\/strong>. Kliknut\u00edm na tento odkaz adresu z Blokovan\u00fdch vy\u0159ad\u00edte a znovu z t\u00e9to odblokovan\u00e9 adresy budete moci p\u0159ij\u00edmat\u00a0zpr\u00e1vy.<\/li>\n<\/ul>\n\n\n\n<p>Zpr\u00e1vy, kter\u00e9 ji\u017e byly do schr\u00e1nky doru\u010deny p\u0159ed nastaven\u00edm adresy jako <strong>Blokovan\u00e9 <\/strong>(nebo <strong>Hromadn\u00e9<\/strong>), budou m\u00edt vedle adresy v otev\u0159en\u00e9 zpr\u00e1v\u011b zobrazenu ikonku \u010derven\u00e9ho vyk\u0159i\u010dn\u00edku nebo oran\u017eov\u00e9ho &#8222;i&#8220;.<\/p>\n\n\n\n<p>Zablokovat kontakt m\u016f\u017eete tak\u00e9 p\u0159\u00edmo z e-mailov\u00e9 zpr\u00e1vy, kter\u00e1 v\u00e1m z jeho adresy p\u0159i\u0161la. Postupovat m\u016f\u017eete n\u00e1sledovn\u011b:<\/p>\n\n\n\n<ul class=\"wp-block-list\">\n<li>Otev\u0159ete si e-mailovou zpr\u00e1vu od kontaktu, kter\u00fd chcete zablokovat, a klikn\u011bte my\u0161\u00ed na e-mailovou adresu v poli <strong>Od<\/strong> v hlavi\u010dce zpr\u00e1vy.<\/li>\n\n\n\n<li>Zobraz\u00ed se ok\u00e9nko s nab\u00eddkou dal\u0161\u00edch akc\u00ed.<\/li>\n\n\n\n<li>Zvolte mo\u017enost <strong>Blokovan\u00e1 (spam) adresa<\/strong>.<\/li>\n\n\n\n<li>T\u00edmto postupem dojde ke stejn\u00e9 akci, jako je pops\u00e1no v\u00fd\u0161e: kontakt je za\u0159azen do seznamu <strong>Blokovan\u00fdch (spamov\u00fdch) adres<\/strong> a zpr\u00e1vy od n\u011bj budou doru\u010dov\u00e1ny do slo\u017eky <strong>Spam<\/strong>, p\u0159\u00edpadn\u011b\u00a0jsou zcela blokov\u00e1ny\u00a0a maz\u00e1ny.<\/li>\n<\/ul>\n\n\n\n<p>T\u0159et\u00edm zp\u016fsobem zablokov\u00e1n\u00ed kontaktu je p\u0159esunut\u00ed zpr\u00e1vy od n\u011bj do slo\u017eky <strong>Spam<\/strong>. T\u00edm se jeho adresa rovn\u011b\u017e zap\u00ed\u0161e na seznam <strong>Blokovan\u00fdch (spamov\u00fdch) adres<\/strong> a dal\u0161\u00ed zpr\u00e1vy od n\u011bj budou doru\u010dov\u00e1ny do slo\u017eky <strong>Spam<\/strong>.<\/p>\n\n\n\n<p>Stejn\u00fdmi postupy lze zablokovan\u00fd kontakt odblokovat kliknut\u00edm na mo\u017enosti <strong>D\u016fv\u011bryhodn\u00e1 adresa<\/strong> nebo <strong>Neozna\u010den\u00e1<\/strong>.<\/p>\n<\/div>\n\n\n\n<div class=\"wp-block-group is-layout-constrained wp-block-group-is-layout-constrained\">\n<h2 class=\"wp-block-heading\" id=\"duveryhodne-adresy\"><strong>D\u016fv\u011bryhodn\u00e9 adresy<\/strong><\/h2>\n\n\n\n<p>Ozna\u010den\u00edm adresy jako <strong>D\u016fv\u011bryhodn\u00e9<\/strong> zajist\u00edte, \u017ee zpr\u00e1vy od tohoto odes\u00edlatele budou ve va\u0161\u00ed schr\u00e1nce v\u017edy za\u0159azeny do slo\u017eky <strong>Doru\u010den\u00e9<\/strong> bez ohledu na to, kam by je za\u0159adila automatick\u00e1 klasifikace, a to v\u010detn\u011b zpr\u00e1v, kter\u00e9 by byly jinak \u0159azeny do Spamu.<\/p>\n\n\n\n<p>Pro ozna\u010den\u00ed adresy za D\u016fv\u011bryhodnou postupujte takto:<\/p>\n\n\n\n<ul class=\"wp-block-list\">\n<li>Otev\u0159ete <strong>Nastaven\u00ed<\/strong> schr\u00e1nky a<strong> <\/strong>v lev\u00e9 nab\u00eddce zvolte z\u00e1lo\u017eku <strong>Spam<\/strong>.<\/li>\n\n\n\n<li>V \u010d\u00e1sti <strong>D\u016fv\u011bryhodn\u00e9 adresy<\/strong> klikn\u011bte na tla\u010d\u00edtko <strong>P\u0159idat adresu<\/strong>.<\/li>\n\n\n\n<li>Do pole vepi\u0161te nebo zkop\u00edrujte adresu odes\u00edlatele, jeho\u017e zpr\u00e1vy chcete dost\u00e1vat v\u017edy do slo\u017eky <strong>Doru\u010den\u00e9<\/strong>, a potvr\u010fte tla\u010d\u00edtkem <strong>P\u0159idat<\/strong>.<\/li>\n\n\n\n<li>Od t\u00e9to chv\u00edle budou zpr\u00e1vy od odes\u00edlatel\u016f, jejich\u017e adresy jsou uvedeny v tomto seznamu, doru\u010dov\u00e1ny automaticky do slo\u017eky <strong>Doru\u010den\u00e9<\/strong>.<\/li>\n<\/ul>\n\n\n\n<p>Ozna\u010dit adresu jako d\u016fv\u011bryhodnou m\u016f\u017eete tak\u00e9 p\u0159\u00edmo z doru\u010den\u00e9 zpr\u00e1vy kliknut\u00edm na adresu odes\u00edlatele\u00a0a v\u00fdb\u011brem mo\u017enosti <strong>D\u016fv\u011bryhodn\u00e1 adresa<\/strong>, p\u0159\u00edpadn\u011b p\u0159esunut\u00edm zpr\u00e1vy od tohoto kontaktu do slo\u017eky <strong>Doru\u010den\u00e9<\/strong>.<\/p>\n\n\n\n<p>Ve zpr\u00e1v\u00e1ch od d\u016fv\u011bryhodn\u00fdch adres se od t\u00e9to chv\u00edle bude zobrazovat ikonka zelen\u00e9 fajfky.<\/p>\n\n\n\n<p>Odebr\u00e1n\u00ed adresy ze seznamu <strong>D\u016fv\u011bryhodn\u00fdch <\/strong>provedete v <strong>Nastaven\u00ed <\/strong>v z\u00e1lo\u017ece <strong>Spam <\/strong>kliknut\u00edm na odkaz <strong>Odebrat<\/strong> vedle p\u0159\u00edslu\u0161n\u00e9 adresy v boxu <strong>D\u016fv\u011bryhodn\u00e9 adresy<\/strong>.<\/p>\n<\/div>\n","protected":false},"excerpt":{"rendered":"<p>Blokovan\u00e9 (spamov\u00e9) adresy: M\u016f\u017ee nastat situace, kdy v\u00e1m p\u00ed\u0161e n\u011bkdo, od koho zpr\u00e1vy p\u0159ij\u00edmat a \u010d\u00edst nechcete. V takov\u00e9m p\u0159\u00edpad\u011b je mo\u017en\u00e9 blokovat adresu odes\u00edlatele zpr\u00e1vy. Dal\u0161\u00ed zpr\u00e1vy z blokovan\u00e9 adresy v\u00e1m ji\u017e do schr\u00e1nky nedoraz\u00ed, a to ani do Spamu. Odes\u00edlatel o va\u0161\u00ed blokaci jeho adresy nebude nijak informov\u00e1n. D\u016fv\u011bryhodn\u00e9 adresy: Naopak, m\u016f\u017ee nastat [&hellip;]<\/p>\n","protected":false},"author":12,"featured_media":0,"parent":111,"menu_order":0,"comment_status":"closed","ping_status":"closed","template":"page-sidemenu","meta":{"_acf_changed":false,"_relevanssi_hide_post":"","_relevanssi_hide_content":"","_relevanssi_pin_for_all":"","_relevanssi_pin_keywords":"","_relevanssi_unpin_keywords":"","_relevanssi_related_keywords":"","_relevanssi_related_include_ids":"","_relevanssi_related_exclude_ids":"","_relevanssi_related_no_append":"","_relevanssi_related_not_related":"","_relevanssi_related_posts":"","_relevanssi_noindex_reason":"","footnotes":""},"page_category":[4],"page_tag":[],"service_status_category":[],"class_list":["post-1092","page","type-page","status-publish","hentry"],"acf":[],"_links":{"self":[{"href":"https:\/\/o-seznam.cz\/napoveda\/email\/wp-json\/wp\/v2\/pages\/1092","targetHints":{"allow":["GET"]}}],"collection":[{"href":"https:\/\/o-seznam.cz\/napoveda\/email\/wp-json\/wp\/v2\/pages"}],"about":[{"href":"https:\/\/o-seznam.cz\/napoveda\/email\/wp-json\/wp\/v2\/types\/page"}],"author":[{"embeddable":true,"href":"https:\/\/o-seznam.cz\/napoveda\/email\/wp-json\/wp\/v2\/users\/12"}],"replies":[{"embeddable":true,"href":"https:\/\/o-seznam.cz\/napoveda\/email\/wp-json\/wp\/v2\/comments?post=1092"}],"version-history":[{"count":2,"href":"https:\/\/o-seznam.cz\/napoveda\/email\/wp-json\/wp\/v2\/pages\/1092\/revisions"}],"predecessor-version":[{"id":1172,"href":"https:\/\/o-seznam.cz\/napoveda\/email\/wp-json\/wp\/v2\/pages\/1092\/revisions\/1172"}],"up":[{"embeddable":true,"href":"https:\/\/o-seznam.cz\/napoveda\/email\/wp-json\/wp\/v2\/pages\/111"}],"wp:attachment":[{"href":"https:\/\/o-seznam.cz\/napoveda\/email\/wp-json\/wp\/v2\/media?parent=1092"}],"wp:term":[{"taxonomy":"page_category","embeddable":true,"href":"https:\/\/o-seznam.cz\/napoveda\/email\/wp-json\/wp\/v2\/page_category?post=1092"},{"taxonomy":"page_tag","embeddable":true,"href":"https:\/\/o-seznam.cz\/napoveda\/email\/wp-json\/wp\/v2\/page_tag?post=1092"},{"taxonomy":"service_status_category","embeddable":true,"href":"https:\/\/o-seznam.cz\/napoveda\/email\/wp-json\/wp\/v2\/service_status_category?post=1092"}],"curies":[{"name":"wp","href":"https:\/\/api.w.org\/{rel}","templated":true}]}}