{"id":107,"date":"2024-09-12T16:13:48","date_gmt":"2024-09-12T14:13:48","guid":{"rendered":"https:\/\/o-seznam.cz\/napoveda\/email\/?page_id=107"},"modified":"2025-04-09T14:59:58","modified_gmt":"2025-04-09T12:59:58","slug":"moznosti-nastaveni","status":"publish","type":"page","link":"https:\/\/o-seznam.cz\/napoveda\/email\/moznosti-nastaveni\/","title":{"rendered":"Nastaven\u00ed"},"content":{"rendered":"\n<div class=\"wp-block-group is-layout-constrained wp-block-group-is-layout-constrained\">\n<p>Aby se v\u00e1m se schr\u00e1nkou pracovalo co nejl\u00e9pe, v <strong>Nastaven\u00ed <\/strong>si m\u016f\u017eete schr\u00e1nku p\u0159izp\u016fsobit. Pro vstup do Nastaven\u00ed vyu\u017eijte ikonu ozuben\u00e9ho kola v lev\u00e9m doln\u00edm rohu rozhran\u00ed schr\u00e1nky.<\/p>\n\n\n\n<div class=\"wp-block-group is-layout-constrained wp-block-group-is-layout-constrained\">\n<p><strong>Nastaven\u00ed schr\u00e1nky umo\u017e\u0148uje nap\u0159\u00edklad<\/strong><\/p>\n\n\n\n<ul class=\"wp-block-list\">\n<li>Nastavit <a href=\"https:\/\/o-seznam.cz\/napoveda\/email\/moznosti-nastaveni\/nastaveni-odesilatele\/\">profilov\u00fd obr\u00e1zek<\/a>, pokud jste si ho zat\u00edm nenastavili v Seznam \u00fa\u010dtu<\/li>\n\n\n\n<li>Vyplnit jm\u00e9no a podpis, kter\u00e9 se budou zobrazovat u v\u00e1mi odeslan\u00fdch zpr\u00e1v<\/li>\n\n\n\n<li>Zvolit <a href=\"https:\/\/o-seznam.cz\/napoveda\/email\/moznosti-nastaveni\/vzhled\/\" data-type=\"page\" data-id=\"1364\">vzhled a rozlo\u017een\u00ed schr\u00e1nky<\/a><\/li>\n\n\n\n<li>Upravit volby n\u011bkter\u00fdch <a href=\"https:\/\/o-seznam.cz\/napoveda\/email\/moznosti-nastaveni\/volby-funkci\/\">pokro\u010dilej\u0161\u00edch funkc\u00ed<\/a><\/li>\n\n\n\n<li>Nastavit <a href=\"https:\/\/o-seznam.cz\/napoveda\/email\/moznosti-nastaveni\/pravidla-pro-zpracovani-zprav\/\">pravidla <\/a>pro automatick\u00e9 t\u0159\u00edd\u011bn\u00ed zpr\u00e1v a automatick\u00e9 odpov\u011bdi<\/li>\n\n\n\n<li>P\u0159en\u00e9st zpr\u00e1vy z jin\u00e9 schr\u00e1nky nebo schr\u00e1nky <a href=\"https:\/\/o-seznam.cz\/napoveda\/email\/moznosti-nastaveni\/prace-s-vice-schrankami\/\">propojit<\/a><\/li>\n\n\n\n<li>Vytvo\u0159it si vlastn\u00ed <a href=\"https:\/\/o-seznam.cz\/napoveda\/email\/moznosti-nastaveni\/vlastni-slozky\/\">slo\u017eky<\/a> a <a href=\"https:\/\/o-seznam.cz\/napoveda\/email\/moznosti-nastaveni\/stitky\/\">\u0161t\u00edtky<\/a><\/li>\n\n\n\n<li>Upravit frekvenci maz\u00e1n\u00ed ko\u0161e a hromadn\u00fdch zpr\u00e1v<\/li>\n<\/ul>\n\n\n\n<p><\/p>\n<\/div>\n<\/div>\n","protected":false},"excerpt":{"rendered":"<p>Aby se v\u00e1m se schr\u00e1nkou pracovalo co nejl\u00e9pe, v Nastaven\u00ed si m\u016f\u017eete schr\u00e1nku p\u0159izp\u016fsobit. Pro vstup do Nastaven\u00ed vyu\u017eijte ikonu ozuben\u00e9ho kola v lev\u00e9m doln\u00edm rohu rozhran\u00ed schr\u00e1nky. Nastaven\u00ed schr\u00e1nky umo\u017e\u0148uje nap\u0159\u00edklad<\/p>\n","protected":false},"author":13,"featured_media":0,"parent":0,"menu_order":40,"comment_status":"closed","ping_status":"closed","template":"page-sidemenu","meta":{"_acf_changed":false,"_relevanssi_hide_post":"","_relevanssi_hide_content":"","_relevanssi_pin_for_all":"","_relevanssi_pin_keywords":"","_relevanssi_unpin_keywords":"","_relevanssi_related_keywords":"","_relevanssi_related_include_ids":"","_relevanssi_related_exclude_ids":"","_relevanssi_related_no_append":"","_relevanssi_related_not_related":"","_relevanssi_related_posts":"","_relevanssi_noindex_reason":"","footnotes":""},"page_category":[4],"page_tag":[],"service_status_category":[],"class_list":["post-107","page","type-page","status-publish","hentry"],"acf":[],"_links":{"self":[{"href":"https:\/\/o-seznam.cz\/napoveda\/email\/wp-json\/wp\/v2\/pages\/107","targetHints":{"allow":["GET"]}}],"collection":[{"href":"https:\/\/o-seznam.cz\/napoveda\/email\/wp-json\/wp\/v2\/pages"}],"about":[{"href":"https:\/\/o-seznam.cz\/napoveda\/email\/wp-json\/wp\/v2\/types\/page"}],"author":[{"embeddable":true,"href":"https:\/\/o-seznam.cz\/napoveda\/email\/wp-json\/wp\/v2\/users\/13"}],"replies":[{"embeddable":true,"href":"https:\/\/o-seznam.cz\/napoveda\/email\/wp-json\/wp\/v2\/comments?post=107"}],"version-history":[{"count":24,"href":"https:\/\/o-seznam.cz\/napoveda\/email\/wp-json\/wp\/v2\/pages\/107\/revisions"}],"predecessor-version":[{"id":1446,"href":"https:\/\/o-seznam.cz\/napoveda\/email\/wp-json\/wp\/v2\/pages\/107\/revisions\/1446"}],"wp:attachment":[{"href":"https:\/\/o-seznam.cz\/napoveda\/email\/wp-json\/wp\/v2\/media?parent=107"}],"wp:term":[{"taxonomy":"page_category","embeddable":true,"href":"https:\/\/o-seznam.cz\/napoveda\/email\/wp-json\/wp\/v2\/page_category?post=107"},{"taxonomy":"page_tag","embeddable":true,"href":"https:\/\/o-seznam.cz\/napoveda\/email\/wp-json\/wp\/v2\/page_tag?post=107"},{"taxonomy":"service_status_category","embeddable":true,"href":"https:\/\/o-seznam.cz\/napoveda\/email\/wp-json\/wp\/v2\/service_status_category?post=107"}],"curies":[{"name":"wp","href":"https:\/\/api.w.org\/{rel}","templated":true}]}}