{"id":1067,"date":"2024-12-11T09:50:48","date_gmt":"2024-12-11T08:50:48","guid":{"rendered":"https:\/\/o-seznam.cz\/napoveda\/email\/?page_id=1067"},"modified":"2024-12-14T00:24:46","modified_gmt":"2024-12-13T23:24:46","slug":"nebezpecne-odkazy","status":"publish","type":"page","link":"https:\/\/o-seznam.cz\/napoveda\/email\/zasady-bezpecnosti\/nebezpecne-odkazy\/","title":{"rendered":"Nebezpe\u010dn\u00e9 odkazy"},"content":{"rendered":"\n<div class=\"wp-block-group is-layout-constrained wp-block-group-is-layout-constrained\">\n<div class=\"wp-block-group is-layout-constrained wp-block-group-is-layout-constrained\">\n<p>Slu\u017eba <strong>Email.cz<\/strong> v\u00e1s upozorn\u00ed na podez\u0159el\u00e9 odkazy. To v\u00e1m umo\u017e\u0148uje si zkontrolovat, kam po kliknut\u00ed na odkaz v do\u0161l\u00e9 e-mailov\u00e9 zpr\u00e1v\u011b vlastn\u011b p\u0159ech\u00e1z\u00edte. V upozorn\u011bn\u00ed je zd\u016frazn\u011bna i dom\u00e9na c\u00edlov\u00e9 webov\u00e9 str\u00e1nky odkazu \u2013 tu je d\u016fle\u017eit\u00e9 si zkontrolovat, abyste m\u011bli jistotu, \u017ee p\u0159ech\u00e1z\u00edte na adresu, na kterou si mysl\u00edte, \u017ee odkaz vede.<\/p>\n\n\n\n<h2 class=\"wp-block-heading\"><strong>Pro\u010d se upozorn\u011bn\u00ed zobrazuje?<\/strong><\/h2>\n\n\n\n<p>Odkazy jsou naprosto b\u011b\u017en\u00e1 v\u011bc, kterou zn\u00e1 ka\u017ed\u00fd u\u017eivatel internetu. Ne ka\u017ed\u00fd ov\u0161em p\u0159esn\u011b v\u00ed, jak se tvo\u0159\u00ed a na co si p\u0159i jejich pou\u017e\u00edv\u00e1n\u00ed d\u00e1vat pozor. Odkaz na webov\u00e9 str\u00e1nce nebo v e-mailu m\u016f\u017ee m\u00edt jin\u00fd text ne\u017e jak\u00fd je jeho skute\u010dn\u00fd c\u00edl. Pokud tedy klik\u00e1te na odkaz ve zpr\u00e1v\u011b, kter\u00e1 v\u00e1m p\u0159i\u0161la do slo\u017eky <strong>Spam<\/strong>, upozorn\u00edme v\u00e1s na re\u00e1lnou c\u00edlovou adresu, kam odkaz vede.<br><br>Uka\u017eme si na p\u0159\u00edkladu, jak takov\u00fd nebezpe\u010dn\u00fd odkaz ve zcela nevinn\u00e9 zpr\u00e1v\u011b m\u016f\u017ee vypadat:<\/p>\n\n\n\n<div class=\"wp-block-seznam-box is-layout-flow wp-block-seznam-box-is-layout-flow\">\n<p>Ahoj Jaru\u0161ko,<br><br>V\u00edm, \u017ee miluje\u0161 zmrzlinu a na\u0161la jsem naprosto super slu\u017ebu <a href=\"http:\/\/napoveda.seznam.cz\/cz\/toto-neni-stranka-kterou-hledate.html\">www.zmrzlinaonline.cz<\/a> \ud83d\ude42 Zkus to, to\u010d\u00ed tam opravdu nejlep\u0161\u00ed.<br><br>Papa, zdrav\u00ed P\u00e1ja \ud83d\ude42<\/p>\n<\/div>\n\n\n\n<p>Kliknut\u00edm na odkaz se adres\u00e1t nedostane na webov\u00e9 str\u00e1nky <em>www.zmrzlinaonline.cz<\/em>, jak by se mohlo zd\u00e1t. To je toti\u017e pouze text odkazu, kter\u00fd m\u016f\u017ee m\u00edt nastavenou\u00a0jinou c\u00edlovou adresu.\u00a0<br><br>Kliknut\u00edm na odkaz se dostanete jinam ne\u017e jste cht\u011bli. M\u00edsto nevinn\u00e9 str\u00e1nky v na\u0161em p\u0159\u00edkladu se m\u016f\u017ee v e-mailu, kter\u00fd se v\u00e1s sna\u017e\u00ed oklamat, jednat o podvodnou str\u00e1nku. Odkazem na <em>www.seznam.cz<\/em> v\u00e1s tak n\u011bkdo m\u016f\u017ee nav\u00e9st t\u0159eba na adresu <em>www.seznem.cz<\/em>, na kterou um\u00edst\u00ed podvodn\u00e9 p\u0159ihla\u0161ov\u00e1n\u00ed. Nev\u0161imnete-li si, \u017ee jste na jin\u00e9 webov\u00e9 adrese, a zad\u00e1te sv\u00e9 p\u0159ihla\u0161ovac\u00ed \u00fadaje na Seznam, z\u00edsk\u00e1 je \u00fato\u010dn\u00edk a m\u016f\u017ee je lehce zneu\u017e\u00edt.<br><br>A proto plat\u00ed \u2013 v\u017edy si p\u0159ed p\u0159ihla\u0161ov\u00e1n\u00edm na internetu zkontrolujte adresu str\u00e1nky, na n\u00ed\u017e se nach\u00e1z\u00edte.<\/p>\n\n\n\n<div class=\"wp-block-group is-layout-constrained wp-block-group-is-layout-constrained\">\n<p>Str\u00e1nka, na kter\u00e9 se p\u0159ihla\u0161ujete, by m\u011bla:<\/p>\n\n\n\n<ul class=\"wp-block-list\">\n<li>m\u00edt v\u00e1m zn\u00e1mou adresu<\/li>\n\n\n\n<li>b\u00fdt zabezpe\u010dena d\u016fv\u011bryhodn\u00fdm a platn\u00fdm certifik\u00e1tem,\u00a0tj. adresa za\u010d\u00edn\u00e1 na <strong>HTTPS<\/strong>\u00a0a v adresn\u00edm \u0159\u00e1dku prohl\u00ed\u017ee\u010de je symbol z\u00e1mku, na kter\u00fd kdy\u017e kliknete, uvid\u00edte \u00fadaje o entit\u011b, kter\u00e9 byl certifik\u00e1t vyd\u00e1n \u2013 nap\u0159. na t\u00e9to str\u00e1nce je to n\u00e1zev <em>o-seznam.cz<\/em><\/li>\n<\/ul>\n<\/div>\n\n\n\n<p>Nejste-li si jisti, zda je str\u00e1nka, na kterou jste p\u0159i\u0161li p\u0159es odkaz, spr\u00e1vn\u00e1, zav\u0159ete ji a dosta\u0148te se na ni zp\u016fsobem, kter\u00fd zn\u00e1te. Nap\u0159\u00edklad nam\u00edsto kliknut\u00ed na odkaz pro p\u0159ihl\u00e1\u0161en\u00ed v e-mailu, kter\u00fd v\u00e1m p\u0159i\u0161el, jd\u011bte na www.seznam.cz a p\u0159ihlaste se do e-mailu p\u0159es box\u00edk na t\u00e9to hlavn\u00ed str\u00e1nce.<\/p>\n<\/div>\n<\/div>\n","protected":false},"excerpt":{"rendered":"<p>Slu\u017eba Email.cz v\u00e1s upozorn\u00ed na podez\u0159el\u00e9 odkazy. To v\u00e1m umo\u017e\u0148uje si zkontrolovat, kam po kliknut\u00ed na odkaz v do\u0161l\u00e9 e-mailov\u00e9 zpr\u00e1v\u011b vlastn\u011b p\u0159ech\u00e1z\u00edte. V upozorn\u011bn\u00ed je zd\u016frazn\u011bna i dom\u00e9na c\u00edlov\u00e9 webov\u00e9 str\u00e1nky odkazu \u2013 tu je d\u016fle\u017eit\u00e9 si zkontrolovat, abyste m\u011bli jistotu, \u017ee p\u0159ech\u00e1z\u00edte na adresu, na kterou si mysl\u00edte, \u017ee odkaz vede. Pro\u010d se [&hellip;]<\/p>\n","protected":false},"author":12,"featured_media":0,"parent":113,"menu_order":0,"comment_status":"closed","ping_status":"closed","template":"page-sidemenu","meta":{"_acf_changed":false,"_relevanssi_hide_post":"","_relevanssi_hide_content":"","_relevanssi_pin_for_all":"","_relevanssi_pin_keywords":"","_relevanssi_unpin_keywords":"","_relevanssi_related_keywords":"","_relevanssi_related_include_ids":"","_relevanssi_related_exclude_ids":"","_relevanssi_related_no_append":"","_relevanssi_related_not_related":"","_relevanssi_related_posts":"","_relevanssi_noindex_reason":"","footnotes":""},"page_category":[4],"page_tag":[],"service_status_category":[],"class_list":["post-1067","page","type-page","status-publish","hentry"],"acf":[],"_links":{"self":[{"href":"https:\/\/o-seznam.cz\/napoveda\/email\/wp-json\/wp\/v2\/pages\/1067","targetHints":{"allow":["GET"]}}],"collection":[{"href":"https:\/\/o-seznam.cz\/napoveda\/email\/wp-json\/wp\/v2\/pages"}],"about":[{"href":"https:\/\/o-seznam.cz\/napoveda\/email\/wp-json\/wp\/v2\/types\/page"}],"author":[{"embeddable":true,"href":"https:\/\/o-seznam.cz\/napoveda\/email\/wp-json\/wp\/v2\/users\/12"}],"replies":[{"embeddable":true,"href":"https:\/\/o-seznam.cz\/napoveda\/email\/wp-json\/wp\/v2\/comments?post=1067"}],"version-history":[{"count":2,"href":"https:\/\/o-seznam.cz\/napoveda\/email\/wp-json\/wp\/v2\/pages\/1067\/revisions"}],"predecessor-version":[{"id":1176,"href":"https:\/\/o-seznam.cz\/napoveda\/email\/wp-json\/wp\/v2\/pages\/1067\/revisions\/1176"}],"up":[{"embeddable":true,"href":"https:\/\/o-seznam.cz\/napoveda\/email\/wp-json\/wp\/v2\/pages\/113"}],"wp:attachment":[{"href":"https:\/\/o-seznam.cz\/napoveda\/email\/wp-json\/wp\/v2\/media?parent=1067"}],"wp:term":[{"taxonomy":"page_category","embeddable":true,"href":"https:\/\/o-seznam.cz\/napoveda\/email\/wp-json\/wp\/v2\/page_category?post=1067"},{"taxonomy":"page_tag","embeddable":true,"href":"https:\/\/o-seznam.cz\/napoveda\/email\/wp-json\/wp\/v2\/page_tag?post=1067"},{"taxonomy":"service_status_category","embeddable":true,"href":"https:\/\/o-seznam.cz\/napoveda\/email\/wp-json\/wp\/v2\/service_status_category?post=1067"}],"curies":[{"name":"wp","href":"https:\/\/api.w.org\/{rel}","templated":true}]}}