{"id":1063,"date":"2024-12-11T09:43:47","date_gmt":"2024-12-11T08:43:47","guid":{"rendered":"https:\/\/o-seznam.cz\/napoveda\/email\/?page_id=1063"},"modified":"2024-12-14T00:33:48","modified_gmt":"2024-12-13T23:33:48","slug":"soubor-winmail-dat","status":"publish","type":"page","link":"https:\/\/o-seznam.cz\/napoveda\/email\/mohlo-by-se-hodit\/chyby-v-postovnich-programech\/soubor-winmail-dat\/","title":{"rendered":"Soubor winmail.dat"},"content":{"rendered":"\n<div class=\"wp-block-group is-layout-constrained wp-block-group-is-layout-constrained\">\n<p>Soubor winmail.dat je RTF soubor odeslan\u00fd po\u0161tovn\u00edm programem Microsoft Outlook. Emailov\u00e1 schr\u00e1nka takov\u00e9 soubory zobrazit neum\u00ed.<\/p>\n\n\n\n<p>Pokud jste&nbsp;p\u0159\u00edjemce, m\u016f\u017eete soubor otev\u0159\u00edt pomoc\u00ed extern\u00edho programu, kter\u00fd lze zdarma st\u00e1hnout nap\u0159 <a class=\"is-style-link-external\" href=\"http:\/\/www.eolsoft.com\/freeware\/winmail_opener\/\" target=\"_blank\" rel=\"noreferrer noopener\">zde<\/a>&nbsp;(Windows) nebo <a class=\"is-style-link-external\" href=\"http:\/\/www.joshjacob.com\/mac-development\/tnef.php\" target=\"_blank\" rel=\"noreferrer noopener\">zde<\/a> (MacOS).<\/p>\n<\/div>\n","protected":false},"excerpt":{"rendered":"<p>Soubor winmail.dat je RTF soubor odeslan\u00fd po\u0161tovn\u00edm programem Microsoft Outlook. Emailov\u00e1 schr\u00e1nka takov\u00e9 soubory zobrazit neum\u00ed. Pokud jste&nbsp;p\u0159\u00edjemce, m\u016f\u017eete soubor otev\u0159\u00edt pomoc\u00ed extern\u00edho programu, kter\u00fd lze zdarma st\u00e1hnout nap\u0159 zde&nbsp;(Windows) nebo zde (MacOS).<\/p>\n","protected":false},"author":12,"featured_media":0,"parent":1054,"menu_order":0,"comment_status":"closed","ping_status":"closed","template":"page-sidemenu","meta":{"_acf_changed":false,"_relevanssi_hide_post":"","_relevanssi_hide_content":"","_relevanssi_pin_for_all":"","_relevanssi_pin_keywords":"","_relevanssi_unpin_keywords":"","_relevanssi_related_keywords":"","_relevanssi_related_include_ids":"","_relevanssi_related_exclude_ids":"","_relevanssi_related_no_append":"","_relevanssi_related_not_related":"","_relevanssi_related_posts":"","_relevanssi_noindex_reason":"","footnotes":""},"page_category":[4],"page_tag":[],"service_status_category":[],"class_list":["post-1063","page","type-page","status-publish","hentry"],"acf":[],"_links":{"self":[{"href":"https:\/\/o-seznam.cz\/napoveda\/email\/wp-json\/wp\/v2\/pages\/1063","targetHints":{"allow":["GET"]}}],"collection":[{"href":"https:\/\/o-seznam.cz\/napoveda\/email\/wp-json\/wp\/v2\/pages"}],"about":[{"href":"https:\/\/o-seznam.cz\/napoveda\/email\/wp-json\/wp\/v2\/types\/page"}],"author":[{"embeddable":true,"href":"https:\/\/o-seznam.cz\/napoveda\/email\/wp-json\/wp\/v2\/users\/12"}],"replies":[{"embeddable":true,"href":"https:\/\/o-seznam.cz\/napoveda\/email\/wp-json\/wp\/v2\/comments?post=1063"}],"version-history":[{"count":2,"href":"https:\/\/o-seznam.cz\/napoveda\/email\/wp-json\/wp\/v2\/pages\/1063\/revisions"}],"predecessor-version":[{"id":1182,"href":"https:\/\/o-seznam.cz\/napoveda\/email\/wp-json\/wp\/v2\/pages\/1063\/revisions\/1182"}],"up":[{"embeddable":true,"href":"https:\/\/o-seznam.cz\/napoveda\/email\/wp-json\/wp\/v2\/pages\/1054"}],"wp:attachment":[{"href":"https:\/\/o-seznam.cz\/napoveda\/email\/wp-json\/wp\/v2\/media?parent=1063"}],"wp:term":[{"taxonomy":"page_category","embeddable":true,"href":"https:\/\/o-seznam.cz\/napoveda\/email\/wp-json\/wp\/v2\/page_category?post=1063"},{"taxonomy":"page_tag","embeddable":true,"href":"https:\/\/o-seznam.cz\/napoveda\/email\/wp-json\/wp\/v2\/page_tag?post=1063"},{"taxonomy":"service_status_category","embeddable":true,"href":"https:\/\/o-seznam.cz\/napoveda\/email\/wp-json\/wp\/v2\/service_status_category?post=1063"}],"curies":[{"name":"wp","href":"https:\/\/api.w.org\/{rel}","templated":true}]}}