{"id":1060,"date":"2024-12-11T09:39:32","date_gmt":"2024-12-11T08:39:32","guid":{"rendered":"https:\/\/o-seznam.cz\/napoveda\/email\/?page_id=1060"},"modified":"2024-12-14T00:35:41","modified_gmt":"2024-12-13T23:35:41","slug":"not-authenticated","status":"publish","type":"page","link":"https:\/\/o-seznam.cz\/napoveda\/email\/mohlo-by-se-hodit\/chyby-v-postovnich-programech\/not-authenticated\/","title":{"rendered":"Not authenticated, please use AUTH first"},"content":{"rendered":"\n<div class=\"wp-block-group is-layout-constrained wp-block-group-is-layout-constrained\">\n<p>Zpr\u00e1vu nelze odeslat, proto\u017ee server odm\u00edtl e-mailovou adresu odes\u00edlatele. Adresa odes\u00edlatele byla jmeno.prijmeni@seznam.cz. P\u0159edm\u011bt &#8220;, \u00da\u010det: &#8218;pop3.seznam.cz&#8216;, Server: &#8218;smtp.seznam.cz&#8216;, Protokol: SMTP, Odezva serveru: &#8218;550 5.7.1 Not authenticated, please use AUTH first.&#8216;, Port: 465, Zabezpe\u010den\u00ed (SSL): Ano, Chyba serveru: 550, \u010c\u00edslo chyby: 0x800CCC78<\/p>\n\n\n\n<p>Pokud se zobraz\u00ed toto chybov\u00e9 hl\u00e1\u0161en\u00ed, mohla&nbsp;nastat n\u011bkter\u00e1 z t\u011bchto situac\u00ed.<\/p>\n\n\n\n<ul class=\"wp-block-list\">\n<li>V po\u0161tovn\u00edm programu nen\u00ed&nbsp;v nastaven\u00ed \u00fa\u010dtu zapnuto&nbsp;&#8222;<strong>Server po\u017eaduje ov\u011b\u0159en\u00ed<\/strong>&#8220; v \u010d\u00e1sti Odchoz\u00ed po\u0161ta.&nbsp;P\u0159ekontrolujte si nastaven\u00ed sv\u00e9ho programu dle p\u0159\u00edslu\u0161n\u00e9ho n\u00e1vodu v \u010d\u00e1sti <strong>Po\u0161tovn\u00ed programy<\/strong> v lev\u00e9m menu t\u00e9to n\u00e1pov\u011bdy. Aby v\u00e1m \u0161lo odes\u00edlat p\u0159es smtp.seznam.cz, ov\u011b\u0159en\u00ed u\u017eivatele mus\u00ed b\u00fdt zapnuto.<\/li>\n\n\n\n<li>V po\u0161tovn\u00edm programu m\u00e1te ke sv\u00e9mu \u00fa\u010dtu p\u0159i\u0159azen&nbsp;<strong>profil s nastaven\u00edm odchoz\u00ed po\u0161ty<\/strong>, ve kter\u00e9m jsou <strong>vypln\u011bn\u00e9 \u00fadaje k jin\u00e9 e-mailov\u00e9 adrese<\/strong>. To se m\u016f\u017ee st\u00e1t zejm\u00e9na, pokud nastavujete do po\u0161tovn\u00edho klienta druh\u00fd e-mailov\u00fd \u00fa\u010det a v \u010d\u00e1sti Odchoz\u00ed po\u0161ta zvol\u00edte&nbsp;ji\u017e d\u0159\u00edve ulo\u017een\u00e9 nastaven\u00ed pro SMTP. T\u00fdk\u00e1 se to zejm\u00e9na po\u0161tovn\u00edch klient\u016f Mozilla Thunderbird, Apple Mail a p\u00e1r dal\u0161\u00edch (v programu Microsoft Outlook probl\u00e9m nenast\u00e1v\u00e1).&nbsp;<\/li>\n\n\n\n<li>Doporu\u010dujeme pro ka\u017ed\u00fd \u00fa\u010det e-mailov\u00e9 po\u0161ty v klientovi vytvo\u0159it i nov\u00e9 nastaven\u00ed SMTP. \u00dadaje pro odchoz\u00ed po\u0161tu m\u016f\u017eete&nbsp;opravit i dodate\u010dn\u011b v nastaven\u00ed \u00fa\u010dtu.<\/li>\n\n\n\n<li>Ujist\u011bte se, \u017ee m\u00e1te pro ka\u017ed\u00fd nastaven\u00fd po\u0161tovn\u00ed \u00fa\u010det i zvl\u00e1\u0161\u0165 vytvo\u0159en\u00fd profil pro SMTP s \u00fadaji ke stejn\u00e9mu \u00fa\u010dtu a \u017ee je tento profil u \u00fa\u010dtu v \u010d\u00e1sti Odchoz\u00ed po\u0161ta p\u0159i\u0159azen.<\/li>\n\n\n\n<li>V po\u0161tovn\u00edm klientovi v \u010d\u00e1sti Odchoz\u00ed po\u0161ta je \u0161patn\u011b uveden\u00e1 e-mailov\u00e1 adresa v poli U\u017eivatel.\n<ul class=\"wp-block-list\">\n<li>Adresa mus\u00ed b\u00fdt naps\u00e1na\u00a0<strong>v cel\u00e9m tvaru, v\u010detn\u011b dom\u00e9ny za @<\/strong>. Tak\u00e9 by m\u011bla b\u00fdt bu\u010f stejn\u00e1 jako ta pro p\u0159\u00edchoz\u00ed po\u0161tu a nebo se mus\u00ed jednat o adresu, kter\u00e1 je v nastaven\u00ed e-mailov\u00e9 schr\u00e1nky na Email.cz povolen\u00e1 jako tzv. <a href=\"https:\/\/o-seznam.cz\/napoveda\/email\/moznosti-nastaveni\/nastaveni-odesilatele\/\">Adresa pro odes\u00edl\u00e1n\u00ed<\/a>. V\u00edce najdete k ov\u011b\u0159ov\u00e1n\u00ed na SMTP serveru najdete tak\u00e9 v \u010dl\u00e1nku k chyb\u011b\u00a0<a href=\"https:\/\/o-seznam.cz\/napoveda\/email\/mohlo-by-se-hodit\/chyby-v-postovnich-programech\/use-your-own\/\">5.1.0 Use your own address, please<\/a>.<\/li>\n<\/ul>\n<\/li>\n<\/ul>\n<\/div>\n","protected":false},"excerpt":{"rendered":"<p>Zpr\u00e1vu nelze odeslat, proto\u017ee server odm\u00edtl e-mailovou adresu odes\u00edlatele. Adresa odes\u00edlatele byla jmeno.prijmeni@seznam.cz. P\u0159edm\u011bt &#8220;, \u00da\u010det: &#8218;pop3.seznam.cz&#8216;, Server: &#8218;smtp.seznam.cz&#8216;, Protokol: SMTP, Odezva serveru: &#8218;550 5.7.1 Not authenticated, please use AUTH first.&#8216;, Port: 465, Zabezpe\u010den\u00ed (SSL): Ano, Chyba serveru: 550, \u010c\u00edslo chyby: 0x800CCC78 Pokud se zobraz\u00ed toto chybov\u00e9 hl\u00e1\u0161en\u00ed, mohla&nbsp;nastat n\u011bkter\u00e1 z t\u011bchto situac\u00ed.<\/p>\n","protected":false},"author":12,"featured_media":0,"parent":1054,"menu_order":0,"comment_status":"closed","ping_status":"closed","template":"page-sidemenu","meta":{"_acf_changed":false,"_relevanssi_hide_post":"","_relevanssi_hide_content":"","_relevanssi_pin_for_all":"","_relevanssi_pin_keywords":"","_relevanssi_unpin_keywords":"","_relevanssi_related_keywords":"","_relevanssi_related_include_ids":"","_relevanssi_related_exclude_ids":"","_relevanssi_related_no_append":"","_relevanssi_related_not_related":"","_relevanssi_related_posts":"","_relevanssi_noindex_reason":"","footnotes":""},"page_category":[4],"page_tag":[],"service_status_category":[34],"class_list":["post-1060","page","type-page","status-publish","hentry"],"acf":[],"_links":{"self":[{"href":"https:\/\/o-seznam.cz\/napoveda\/email\/wp-json\/wp\/v2\/pages\/1060","targetHints":{"allow":["GET"]}}],"collection":[{"href":"https:\/\/o-seznam.cz\/napoveda\/email\/wp-json\/wp\/v2\/pages"}],"about":[{"href":"https:\/\/o-seznam.cz\/napoveda\/email\/wp-json\/wp\/v2\/types\/page"}],"author":[{"embeddable":true,"href":"https:\/\/o-seznam.cz\/napoveda\/email\/wp-json\/wp\/v2\/users\/12"}],"replies":[{"embeddable":true,"href":"https:\/\/o-seznam.cz\/napoveda\/email\/wp-json\/wp\/v2\/comments?post=1060"}],"version-history":[{"count":2,"href":"https:\/\/o-seznam.cz\/napoveda\/email\/wp-json\/wp\/v2\/pages\/1060\/revisions"}],"predecessor-version":[{"id":1183,"href":"https:\/\/o-seznam.cz\/napoveda\/email\/wp-json\/wp\/v2\/pages\/1060\/revisions\/1183"}],"up":[{"embeddable":true,"href":"https:\/\/o-seznam.cz\/napoveda\/email\/wp-json\/wp\/v2\/pages\/1054"}],"wp:attachment":[{"href":"https:\/\/o-seznam.cz\/napoveda\/email\/wp-json\/wp\/v2\/media?parent=1060"}],"wp:term":[{"taxonomy":"page_category","embeddable":true,"href":"https:\/\/o-seznam.cz\/napoveda\/email\/wp-json\/wp\/v2\/page_category?post=1060"},{"taxonomy":"page_tag","embeddable":true,"href":"https:\/\/o-seznam.cz\/napoveda\/email\/wp-json\/wp\/v2\/page_tag?post=1060"},{"taxonomy":"service_status_category","embeddable":true,"href":"https:\/\/o-seznam.cz\/napoveda\/email\/wp-json\/wp\/v2\/service_status_category?post=1060"}],"curies":[{"name":"wp","href":"https:\/\/api.w.org\/{rel}","templated":true}]}}