{"id":1058,"date":"2024-12-11T09:34:34","date_gmt":"2024-12-11T08:34:34","guid":{"rendered":"https:\/\/o-seznam.cz\/napoveda\/email\/?page_id=1058"},"modified":"2024-12-14T00:36:45","modified_gmt":"2024-12-13T23:36:45","slug":"use-your-own","status":"publish","type":"page","link":"https:\/\/o-seznam.cz\/napoveda\/email\/mohlo-by-se-hodit\/chyby-v-postovnich-programech\/use-your-own\/","title":{"rendered":"5.1.0 Use your own address, please"},"content":{"rendered":"\n<div class=\"wp-block-group is-content-justification-left is-layout-constrained wp-container-core-group-is-layout-12dd3699 wp-block-group-is-layout-constrained\">\n<p>Chybov\u00e9 hl\u00e1\u0161en\u00ed&nbsp;<strong>5.1.0 Use your own address, please<\/strong>&nbsp;se objevuje v po\u0161tovn\u00edm klientovi z\u00e1hy pot\u00e9, co z n\u011bj zkus\u00edte odeslat zpr\u00e1vu. Zna\u010d\u00ed, \u017ee jste se pokusili p\u0159es server smtp.seznam.cz odeslat zpr\u00e1vu, kter\u00e1 m\u011bla v poli Odes\u00edlatel adresu, kter\u00e1 nen\u00ed pro odes\u00edl\u00e1n\u00ed t\u00edmto po\u0161tovn\u00edm \u00fa\u010dtem povolena.<\/p>\n\n\n\n<h2 class=\"wp-block-heading\">Jak probl\u00e9m vznik\u00e1?<\/h2>\n\n\n\n<p>P\u0159i nastavov\u00e1n\u00ed \u00fa\u010dtu do po\u0161tovn\u00edho programu vypl\u0148ujete <strong>\u00fadaje pro p\u0159\u00edchoz\u00ed po\u0161tu (POP3, IMAP) i odchoz\u00ed po\u0161tu (SMTP)<\/strong>. Kdy\u017e pak z klienta odes\u00edl\u00e1te po\u0161tu, klient se na serveru odchoz\u00ed po\u0161ty <strong>mus\u00ed autorizovat p\u0159ihla\u0161ovac\u00edmi \u00fadaji,<\/strong> kter\u00e9 jste mu v \u010d\u00e1sti SMTP nastavili. Existuje v\u0161ak mo\u017enost se na na\u0161em SMTP p\u0159ihla\u0161ovat Seznam \u00fa\u010dtem, ale odeslat zpr\u00e1vu se zcela jinou adresou v poli Odes\u00edlatel.\u00a0<br><br>Chcete-li t\u00edmto zp\u016fsobem skrze na\u0161e SMTP servery a sv\u016fj \u00fa\u010det na Seznamu pos\u00edlat zpr\u00e1vy i z jin\u00fdch adres, je nutn\u00e9 tyto adresy nejprve v nastaven\u00ed e-mailov\u00e9 schr\u00e1nky vyplnit jako tzv. <a href=\"https:\/\/o-seznam.cz\/napoveda\/email\/moznosti-nastaveni\/nastaveni-odesilatele\/\">adresy pro odes\u00edl\u00e1n\u00ed<\/a>. Pak z nich m\u016f\u017eete odes\u00edlat i z po\u0161tovn\u00edch klient\u016f.<br><br>Pokud ov\u0161em zkus\u00edte z klienta p\u0159es smtp.sezam.cz odeslat zpr\u00e1vu, kter\u00e1 m\u00e1 <strong>v poli Odes\u00edlatel jinou adresu<\/strong>\u00a0ne\u017e je ta, kter\u00e1 se pou\u017e\u00edv\u00e1 <strong>pro autorizaci na SMTP<\/strong> serveru, a tato adresa nen\u00ed povolena jako <a href=\"https:\/\/o-seznam.cz\/napoveda\/email\/moznosti-nastaveni\/nastaveni-odesilatele\/\">adresa pro odes\u00edl\u00e1n\u00ed<\/a>, n\u00e1\u0161 server klientovi vr\u00e1t\u00ed chybu\u00a05.1.0 Use your own address, please.<\/p>\n\n\n\n<h3 class=\"wp-block-heading\">P\u0159\u00edklad:&nbsp;<\/h3>\n\n\n\n<p>M\u00e1m e-mailovou schr\u00e1nku vesely.uzivatel@seznam.cz a zcela jinou adresu dalsi.adresa@jinymail.com. Nastavil jsem e-mailovou schr\u00e1nku&nbsp;vesely.uzivatel@seznam.cz do po\u0161tovn\u00edho klienta, t\u00edmto u\u010dtem a jeho p\u0159ihla\u0161ovac\u00edmi \u00fadaji se autorizuji p\u0159i odes\u00edl\u00e1n\u00ed po\u0161ty p\u0159es smtp.seznam.cz.&nbsp;<\/p>\n\n\n\n<ol class=\"wp-block-list\">\n<li>Pokud nyn\u00ed nap\u00ed\u0161u zpr\u00e1vu a zm\u011bn\u00edm adresu v poli Odes\u00edlatel na&nbsp;<em>dalsi.adresa@jinymail.com<\/em>, tato zpr\u00e1va nep\u016fjde odeslat p\u0159es smtp.seznam.cz prost\u0159ednictv\u00edm \u00fa\u010dtu&nbsp;<em>vesely.uzivatel@seznam.cz<\/em>. Server zahl\u00e1s\u00ed chybu&nbsp;<strong>5.1.0 Use your own address, please<\/strong>.<\/li>\n\n\n\n<li>Pokud adresu\u00a0<em>dalsi.adresa@jinymail.com<\/em> nastav\u00edm v nastaven\u00ed e-mailov\u00e9 schr\u00e1nky <em>vesely.uzivatel@seznam.cz <\/em>na Email.cz jako <a href=\"https:\/\/o-seznam.cz\/napoveda\/email\/moznosti-nastaveni\/nastaveni-odesilatele\/\">adresu pro odes\u00edl\u00e1n\u00ed<\/a>, zpr\u00e1vu s odes\u00edlatelem\u00a0<em>dalsi.adresa@jinymail.com<\/em> p\u016fjde p\u0159es tento \u00fa\u010det v po\u0159\u00e1dku odeslat.<\/li>\n<\/ol>\n<\/div>\n","protected":false},"excerpt":{"rendered":"<p>Chybov\u00e9 hl\u00e1\u0161en\u00ed&nbsp;5.1.0 Use your own address, please&nbsp;se objevuje v po\u0161tovn\u00edm klientovi z\u00e1hy pot\u00e9, co z n\u011bj zkus\u00edte odeslat zpr\u00e1vu. Zna\u010d\u00ed, \u017ee jste se pokusili p\u0159es server smtp.seznam.cz odeslat zpr\u00e1vu, kter\u00e1 m\u011bla v poli Odes\u00edlatel adresu, kter\u00e1 nen\u00ed pro odes\u00edl\u00e1n\u00ed t\u00edmto po\u0161tovn\u00edm \u00fa\u010dtem povolena. Jak probl\u00e9m vznik\u00e1? P\u0159i nastavov\u00e1n\u00ed \u00fa\u010dtu do po\u0161tovn\u00edho programu vypl\u0148ujete \u00fadaje pro [&hellip;]<\/p>\n","protected":false},"author":12,"featured_media":0,"parent":1054,"menu_order":0,"comment_status":"closed","ping_status":"closed","template":"page-sidemenu","meta":{"_acf_changed":false,"_relevanssi_hide_post":"","_relevanssi_hide_content":"","_relevanssi_pin_for_all":"","_relevanssi_pin_keywords":"","_relevanssi_unpin_keywords":"","_relevanssi_related_keywords":"","_relevanssi_related_include_ids":"","_relevanssi_related_exclude_ids":"","_relevanssi_related_no_append":"","_relevanssi_related_not_related":"","_relevanssi_related_posts":"","_relevanssi_noindex_reason":"","footnotes":""},"page_category":[4],"page_tag":[],"service_status_category":[],"class_list":["post-1058","page","type-page","status-publish","hentry"],"acf":[],"_links":{"self":[{"href":"https:\/\/o-seznam.cz\/napoveda\/email\/wp-json\/wp\/v2\/pages\/1058","targetHints":{"allow":["GET"]}}],"collection":[{"href":"https:\/\/o-seznam.cz\/napoveda\/email\/wp-json\/wp\/v2\/pages"}],"about":[{"href":"https:\/\/o-seznam.cz\/napoveda\/email\/wp-json\/wp\/v2\/types\/page"}],"author":[{"embeddable":true,"href":"https:\/\/o-seznam.cz\/napoveda\/email\/wp-json\/wp\/v2\/users\/12"}],"replies":[{"embeddable":true,"href":"https:\/\/o-seznam.cz\/napoveda\/email\/wp-json\/wp\/v2\/comments?post=1058"}],"version-history":[{"count":2,"href":"https:\/\/o-seznam.cz\/napoveda\/email\/wp-json\/wp\/v2\/pages\/1058\/revisions"}],"predecessor-version":[{"id":1184,"href":"https:\/\/o-seznam.cz\/napoveda\/email\/wp-json\/wp\/v2\/pages\/1058\/revisions\/1184"}],"up":[{"embeddable":true,"href":"https:\/\/o-seznam.cz\/napoveda\/email\/wp-json\/wp\/v2\/pages\/1054"}],"wp:attachment":[{"href":"https:\/\/o-seznam.cz\/napoveda\/email\/wp-json\/wp\/v2\/media?parent=1058"}],"wp:term":[{"taxonomy":"page_category","embeddable":true,"href":"https:\/\/o-seznam.cz\/napoveda\/email\/wp-json\/wp\/v2\/page_category?post=1058"},{"taxonomy":"page_tag","embeddable":true,"href":"https:\/\/o-seznam.cz\/napoveda\/email\/wp-json\/wp\/v2\/page_tag?post=1058"},{"taxonomy":"service_status_category","embeddable":true,"href":"https:\/\/o-seznam.cz\/napoveda\/email\/wp-json\/wp\/v2\/service_status_category?post=1058"}],"curies":[{"name":"wp","href":"https:\/\/api.w.org\/{rel}","templated":true}]}}