{"id":1056,"date":"2024-12-11T09:31:19","date_gmt":"2024-12-11T08:31:19","guid":{"rendered":"https:\/\/o-seznam.cz\/napoveda\/email\/?page_id=1056"},"modified":"2025-11-19T11:31:44","modified_gmt":"2025-11-19T10:31:44","slug":"pripojeni-k-serveru-se-nezdarilo","status":"publish","type":"page","link":"https:\/\/o-seznam.cz\/napoveda\/email\/mohlo-by-se-hodit\/chyby-v-postovnich-programech\/pripojeni-k-serveru-se-nezdarilo\/","title":{"rendered":"P\u0159ipojen\u00ed k serveru se nezda\u0159ilo"},"content":{"rendered":"\n<div class=\"wp-block-group is-layout-constrained wp-block-group-is-layout-constrained\">\n<p>P\u0159ipojen\u00ed k serveru se nezda\u0159ilo. \u00da\u010det: &#8218;Seznam Email &#8211; abcdabcdx&#8216;, Server: &#8218;smtp.seznam.cz&#8216;, Protokol: SMTP, Port: 25, Zabezpe\u010den\u00ed (SSL): Ne, Chyba z\u00e1suvky: 10061, \u010c\u00edslo chyby: 0x800CCC0E<\/p>\n\n\n\n<p>Pokud se setk\u00e1te s touto chybou p\u0159i odes\u00edl\u00e1n\u00ed ve va\u0161em po\u0161tovn\u00edm programu, zkuste n\u00e1sleduj\u00edc\u00ed kroky:<\/p>\n\n\n\n<ul class=\"wp-block-list\">\n<li>Je-li to mo\u017en\u00e9, aktualizujte sv\u00e9 za\u0159\u00edzen\u00ed a po\u0161tovn\u00ed program na nejnov\u011bj\u0161\u00ed mo\u017enou verzi a zkuste to znovu.<\/li>\n\n\n\n<li>Vyzkou\u0161ejte nastavit alternativn\u00ed porty. Pro \u0161ifrovan\u00e9 spojen\u00ed m\u016f\u017eete nastavit i <strong>port 587<\/strong>, pro ne\u0161ifrovan\u00e9 spojen\u00ed je mo\u017en\u00e9 nastavit <strong>port 25<\/strong>.<\/li>\n\n\n\n<li>Ujist\u011bte se, \u017ee v <strong>nastaven\u00ed serveru pro odchoz\u00ed po\u0161t<\/strong>u m\u00e1te v poli u\u017eivatelsk\u00e9 jm\u00e9no vypln\u011bnou<strong> celou e-mailovou adresu<\/strong> a <strong>heslo<\/strong>. N\u011bkter\u00e9 po\u0161tovn\u00ed programy uv\u00e1d\u00ed tato pole jako nepovinn\u00e1, nicm\u00e9n\u011b pro spr\u00e1vn\u00e9 fungov\u00e1n\u00ed a mo\u017enost odes\u00edlat zpr\u00e1vy skrze po\u0161tovn\u00ed program je pot\u0159eba tyto \u00fadaje vyplnit.<\/li>\n\n\n\n<li>Star\u00e1 za\u0159\u00edzen\u00ed a po\u0161tovn\u00ed programy, kter\u00e9&nbsp;ji\u017e nedost\u00e1vaj\u00ed&nbsp;pravideln\u00e9 aktualizace, pravd\u011bpodobn\u011b&nbsp;nepodporuj\u00ed&nbsp;pot\u0159ebn\u00e9 nejnov\u011bj\u0161\u00ed bezpe\u010dnostn\u00ed protokoly a odesl\u00e1n\u00ed na nich ji\u017e nebude fungovat.<\/li>\n\n\n\n<li>Ve vlastnostech po\u0161tovn\u00edho \u00fa\u010dtu adresu serveru &#8222;<strong>smtp.seznam.cz<\/strong>&#8220; zkuste nahradit jednou z uveden\u00fdch IP adres: <em><strong>77.75.78.48<\/strong><\/em> nebo <em><strong>77.75.76.48<\/strong><\/em>.&nbsp;<\/li>\n<\/ul>\n\n\n\n<p>Uveden\u00ed konkr\u00e9tn\u00ed IP adresy serveru je <strong>pouze z\u00e1lo\u017en\u00edm \u0159e\u0161en\u00edm<\/strong>&nbsp;v p\u0159\u00edpad\u011b \u0159e\u0161en\u00ed pot\u00ed\u017e\u00ed se spojen\u00edm. IP adresy&nbsp;server\u016f se v\u0161ak mohou m\u011bnit&nbsp;a po\u0161tovn\u00ed program tak op\u011bt nebude moci nav\u00e1zat spojen\u00ed.<br>Pro b\u011b\u017en\u00fd provoz a nastaven\u00ed po\u0161tovn\u00edch program\u016f tak v\u017edy doporu\u010dujeme nastavovat adresu <strong>smtp.seznam.cz<\/strong>.<\/p>\n\n\n\n<p>Pokud pot\u00ed\u017ee p\u0159etrv\u00e1vaj\u00ed, ov\u011b\u0159te n\u00e1strojem <strong>Telnet\/Netcat<\/strong>, zda m\u00e1te povolen p\u0159\u00edstup k SMTP serveru.<br><br>Jestli\u017ee se pomoc\u00ed Telnetu\/Netcatu nedok\u00e1\u017eete k na\u0161emu SMTP serveru p\u0159ipojit, kontaktujte v t\u00e9to z\u00e1le\u017eitosti sv\u00e9ho spr\u00e1vce syst\u00e9mu\/s\u00edt\u011b \u010di poskytovatele Internetu a p\u0159ekontrolujte nap\u0159. nastaven\u00ed antivirov\u00e9ho programu a firewallu, kter\u00e9 by mohly spojen\u00ed se serverem blokovat.<\/p>\n<\/div>\n","protected":false},"excerpt":{"rendered":"<p>P\u0159ipojen\u00ed k serveru se nezda\u0159ilo. \u00da\u010det: &#8218;Seznam Email &#8211; abcdabcdx&#8216;, Server: &#8218;smtp.seznam.cz&#8216;, Protokol: SMTP, Port: 25, Zabezpe\u010den\u00ed (SSL): Ne, Chyba z\u00e1suvky: 10061, \u010c\u00edslo chyby: 0x800CCC0E Pokud se setk\u00e1te s touto chybou p\u0159i odes\u00edl\u00e1n\u00ed ve va\u0161em po\u0161tovn\u00edm programu, zkuste n\u00e1sleduj\u00edc\u00ed kroky: Uveden\u00ed konkr\u00e9tn\u00ed IP adresy serveru je pouze z\u00e1lo\u017en\u00edm \u0159e\u0161en\u00edm&nbsp;v p\u0159\u00edpad\u011b \u0159e\u0161en\u00ed pot\u00ed\u017e\u00ed se spojen\u00edm. IP [&hellip;]<\/p>\n","protected":false},"author":12,"featured_media":0,"parent":1054,"menu_order":0,"comment_status":"closed","ping_status":"closed","template":"page-sidemenu","meta":{"_acf_changed":false,"_relevanssi_hide_post":"","_relevanssi_hide_content":"","_relevanssi_pin_for_all":"","_relevanssi_pin_keywords":"","_relevanssi_unpin_keywords":"","_relevanssi_related_keywords":"","_relevanssi_related_include_ids":"","_relevanssi_related_exclude_ids":"","_relevanssi_related_no_append":"","_relevanssi_related_not_related":"","_relevanssi_related_posts":"","_relevanssi_noindex_reason":"","footnotes":""},"page_category":[4],"page_tag":[],"service_status_category":[],"class_list":["post-1056","page","type-page","status-publish","hentry"],"acf":[],"_links":{"self":[{"href":"https:\/\/o-seznam.cz\/napoveda\/email\/wp-json\/wp\/v2\/pages\/1056","targetHints":{"allow":["GET"]}}],"collection":[{"href":"https:\/\/o-seznam.cz\/napoveda\/email\/wp-json\/wp\/v2\/pages"}],"about":[{"href":"https:\/\/o-seznam.cz\/napoveda\/email\/wp-json\/wp\/v2\/types\/page"}],"author":[{"embeddable":true,"href":"https:\/\/o-seznam.cz\/napoveda\/email\/wp-json\/wp\/v2\/users\/12"}],"replies":[{"embeddable":true,"href":"https:\/\/o-seznam.cz\/napoveda\/email\/wp-json\/wp\/v2\/comments?post=1056"}],"version-history":[{"count":6,"href":"https:\/\/o-seznam.cz\/napoveda\/email\/wp-json\/wp\/v2\/pages\/1056\/revisions"}],"predecessor-version":[{"id":1645,"href":"https:\/\/o-seznam.cz\/napoveda\/email\/wp-json\/wp\/v2\/pages\/1056\/revisions\/1645"}],"up":[{"embeddable":true,"href":"https:\/\/o-seznam.cz\/napoveda\/email\/wp-json\/wp\/v2\/pages\/1054"}],"wp:attachment":[{"href":"https:\/\/o-seznam.cz\/napoveda\/email\/wp-json\/wp\/v2\/media?parent=1056"}],"wp:term":[{"taxonomy":"page_category","embeddable":true,"href":"https:\/\/o-seznam.cz\/napoveda\/email\/wp-json\/wp\/v2\/page_category?post=1056"},{"taxonomy":"page_tag","embeddable":true,"href":"https:\/\/o-seznam.cz\/napoveda\/email\/wp-json\/wp\/v2\/page_tag?post=1056"},{"taxonomy":"service_status_category","embeddable":true,"href":"https:\/\/o-seznam.cz\/napoveda\/email\/wp-json\/wp\/v2\/service_status_category?post=1056"}],"curies":[{"name":"wp","href":"https:\/\/api.w.org\/{rel}","templated":true}]}}