{"id":1048,"date":"2024-12-11T12:43:42","date_gmt":"2024-12-11T11:43:42","guid":{"rendered":"https:\/\/o-seznam.cz\/napoveda\/email\/?page_id=1048"},"modified":"2025-02-14T16:20:56","modified_gmt":"2025-02-14T15:20:56","slug":"sdileni-schranky","status":"publish","type":"page","link":"https:\/\/o-seznam.cz\/napoveda\/email\/moznosti-nastaveni\/prace-s-vice-schrankami\/sdileni-schranky\/","title":{"rendered":"Sd\u00edlen\u00ed schr\u00e1nky"},"content":{"rendered":"\n<p>Sd\u00edlen\u00ed schr\u00e1nky je funkce, kter\u00e1 umo\u017en\u00ed p\u0159\u00edstup v\u00edce u\u017eivatel\u016f do jedn\u00e9 schr\u00e1nky. Sd\u00edlet schr\u00e1nku je mo\u017en\u00e9 s jin\u00fdm u\u017eivatelem e-mailov\u00e9 schr\u00e1nky na Seznamu. U\u017eivatel s povolen\u00fdm p\u0159\u00edstupem m\u016f\u017ee ve schr\u00e1nce \u010d\u00edst, odes\u00edlat i mazat zpr\u00e1vy, spravovat kontakty a m\u011bnit nastaven\u00ed, nem\u016f\u017ee ov\u0161em p\u0159ej\u00edt do jin\u00fdch slu\u017eeb Seznam.cz dan\u00e9ho \u00fa\u010dtu, krom\u011b kalend\u00e1\u0159e, a ani zm\u011bnit p\u0159\u00edstupov\u00e9 heslo.<\/p>\n\n\n\n<div class=\"wp-block-group is-layout-constrained wp-block-group-is-layout-constrained\">\n<h2 class=\"wp-block-heading\">Povolen\u00ed p\u0159\u00edstupu do schr\u00e1nky<\/h2>\n\n\n\n<p>Pokud chcete n\u011bkomu povolit p\u0159\u00edstup do sv\u00e9 schr\u00e1nky, postupujte n\u00e1sledovn\u011b:<\/p>\n\n\n\n<ul class=\"wp-block-list\">\n<li>Ve sv\u00e9 schr\u00e1nce klikn\u011bte na ikonu <strong>Nastaven\u00ed<\/strong> (ozuben\u00e9 kolo) v lev\u00e9 doln\u00ed \u010d\u00e1sti obrazovky.<\/li>\n\n\n\n<li>V lev\u00e9m menu str\u00e1nky s nastaven\u00edm klikn\u011bte na mo\u017enost <strong>Sd\u00edlen\u00ed p\u0159\u00edstupu<\/strong>.<\/li>\n\n\n\n<li>Pro p\u0159id\u00e1n\u00ed nov\u00e9ho sd\u00edlen\u00ed klikn\u011bte na tla\u010d\u00edtko <strong>Sd\u00edlet p\u0159\u00edstup<\/strong>.<\/li>\n\n\n\n<li>Do pole zadejte e-mailovou adresu, kter\u00e9 chcete p\u0159\u00edstup povolit, a z nab\u00eddky vyberte, jak\u00e1 bude m\u00edt ve va\u0161\u00ed schr\u00e1nce pr\u00e1va. Pot\u00e9 klikn\u011bte na <strong>Ulo\u017eit<\/strong>.<\/li>\n\n\n\n<li>V seznamu se n\u00e1sledn\u011b zobraz\u00ed e-mailov\u00e9 schr\u00e1nky, kter\u00fdm byl p\u0159\u00edstup ud\u011blen. Takto m\u016f\u017eete p\u0159edat p\u0159\u00edstup do sv\u00e9 schr\u00e1nky a\u017e 10 dal\u0161\u00edm schr\u00e1nk\u00e1m.<\/li>\n\n\n\n<li>Jestli\u017ee v tomto seznamu najdete adresu, o kter\u00e9 si nejste v\u011bdomi, \u017ee jste j\u00ed p\u0159\u00edstup nasd\u00edleli, doporu\u010dujeme ji okam\u017eit\u011b odebrat a n\u00e1sledn\u011b zm\u011bnit heslo k va\u0161\u00ed schr\u00e1nce.<\/li>\n<\/ul>\n<\/div>\n\n\n\n<div class=\"wp-block-group is-layout-constrained wp-block-group-is-layout-constrained\">\n<h2 class=\"wp-block-heading\">Vstup do sd\u00edlen\u00e9 schr\u00e1nky<\/h2>\n\n\n\n<p>Soupis schr\u00e1nek, do kter\u00fdch m\u00e1te&nbsp;p\u0159\u00edstup, uvid\u00edte ve sv\u00e9 schr\u00e1nce v lev\u00e9m naviga\u010dn\u00edm menu&nbsp;v sekci <strong>Moje schr\u00e1nky<\/strong>. Zde se tak\u00e9 m\u016f\u017eete mezi jednotliv\u00fdmi schr\u00e1nkami&nbsp;p\u0159ep\u00ednat. Pro vstup do dan\u00e9 schr\u00e1nky sta\u010d\u00ed <strong>kliknout na jej\u00ed adresu<\/strong> ve v\u00fdpisu.<br>Schr\u00e1nka, ve kter\u00e9 se pr\u00e1v\u011b nach\u00e1z\u00edte, je podbarven\u00e1 a ozna\u010dena ikonou \u2714.<br>U ka\u017ed\u00e9 schr\u00e1nky z\u00e1rove\u0148 vid\u00edte <strong>po\u010det nep\u0159e\u010dten\u00fdch zpr\u00e1v<\/strong>, kter\u00e9 se v n\u00ed aktu\u00e1ln\u011b nach\u00e1z\u00ed.&nbsp;<\/p>\n\n\n\n<p>\u0160ipka u nadpisu <strong>Moje schr\u00e1nky<\/strong> umo\u017e\u0148uje soupis schr\u00e1nek zabalit. Viditeln\u00e1 pak z\u016fst\u00e1v\u00e1 pouze adresa schr\u00e1nky, ve kter\u00e9 se aktu\u00e1ln\u011b nach\u00e1z\u00edte. Pro p\u0159epnut\u00ed do jin\u00e9 schr\u00e1nky je tedy v\u017edy pot\u0159eba soupis nejprve rozbalit kliknut\u00edm na \u0161ipku vedle nadpisu a n\u00e1sledn\u011b na adresu zvolen\u00e9 schr\u00e1nky.&nbsp;<br>P\u0159i sbalen\u00e9m soupisu nen\u00ed u n\u00e1zvu schr\u00e1nky vid\u011bt po\u010det nep\u0159e\u010dten\u00fdch zpr\u00e1v.<\/p>\n\n\n\n<p>Soupis schr\u00e1nek, do kter\u00fdch m\u00e1te nasd\u00edlen\u00fd p\u0159istup, najdete tak\u00e9 v\u00a0<strong>Nastaven\u00ed<\/strong> > <strong>Sd\u00edlen\u00ed p\u0159\u00edstupu<\/strong>\u00a0v \u010d\u00e1sti <strong>\u00a0\u00da\u010dty, k jejich\u017e schr\u00e1nk\u00e1m a kalend\u00e1\u0159\u016fm m\u00e1te p\u0159\u00edstup<\/strong>.<br>Zde se tak\u00e9 m\u016f\u017eete vzd\u00e1t p\u0159\u00edstupu do kter\u00e9koli z nasd\u00edlen\u00fdch schr\u00e1nek. Pokud tak u\u010din\u00edte, abyste znovu p\u0159\u00edstup z\u00edskali, majitel schr\u00e1nky v\u00e1s mus\u00ed p\u0159es nastaven\u00ed sv\u00e9 schr\u00e1nky p\u0159idat a t\u00edm ji znovu nasd\u00edlet.<\/p>\n\n\n\n<p>P\u0159ep\u00edn\u00e1n\u00ed mezi sd\u00edlen\u00fdmi schr\u00e1nkami nem\u00e1 vliv na p\u0159ihl\u00e1\u0161en\u00e9ho u\u017eivatele, kter\u00fd je indikov\u00e1n v medailonku v prav\u00e9m horn\u00edm rohu obrazovky, a tedy ani na p\u0159ihl\u00e1\u0161en\u00ed do jin\u00fdch slu\u017eeb Seznam.cz. Pokud pou\u017e\u00edv\u00e1te p\u0159ihl\u00e1\u0161en\u00ed v\u00edce \u00fa\u010dty, ka\u017ed\u00fd \u00fa\u010det m\u016f\u017ee m\u00edt nasd\u00edlen\u00fd p\u0159\u00edstup do jin\u00e9 schr\u00e1nky nebo schr\u00e1nek.<\/p>\n\n\n\n<div class=\"wp-block-group is-layout-constrained wp-block-group-is-layout-constrained\">\n<h2 class=\"wp-block-heading\">Odebr\u00e1n\u00ed p\u0159\u00edstupu do schr\u00e1nky<\/h2>\n\n\n\n<ul class=\"wp-block-list\">\n<li>Pokud chcete zru\u0161it mo\u017enost p\u0159istupovat do va\u0161\u00ed schr\u00e1nky \u00fa\u010dtu, kter\u00e9mu jste d\u0159\u00edve toto pr\u00e1vo ud\u011blili, ve sv\u00e9 schr\u00e1nce klikn\u011bte na ikonu <strong>Nastaven\u00ed<\/strong> (ozuben\u00e9 kolo) v lev\u00e9 doln\u00ed \u010d\u00e1sti obrazovky.<\/li>\n\n\n\n<li>V lev\u00e9m menu str\u00e1nky s nastaven\u00edm klikn\u011bte na mo\u017enost&nbsp;<strong>Sd\u00edlen\u00ed schr\u00e1nky<\/strong>.<\/li>\n\n\n\n<li>V seznamu schr\u00e1nek, kter\u00e9 maj\u00ed p\u0159\u00edstup do va\u0161\u00ed schr\u00e1nky, klikn\u011bte u p\u0159\u00edslu\u0161n\u00e9 adresy na&nbsp; <strong>Odebrat p\u0159\u00edstup<\/strong>. Schr\u00e1nka ze seznamu zmiz\u00ed a nebude m\u00edt nad\u00e1le mo\u017enost p\u0159evt\u011blen\u00ed do va\u0161\u00ed schr\u00e1nky.<\/li>\n<\/ul>\n<\/div>\n\n\n\n<h2 class=\"wp-block-heading\"><strong>Sd\u00edlen\u00ed schr\u00e1nky vs. P\u0159ihla\u0161ov\u00e1n\u00ed v\u00edce \u00fa\u010dty<\/strong><\/h2>\n\n\n\n<p>Mo\u017enosti <strong>P\u0159idat dal\u0161\u00ed \u00fa\u010det<\/strong> a <strong>Spravovat \u00fa\u010dty<\/strong> v medailonku odkazuji na <a href=\"https:\/\/o-seznam.cz\/napoveda\/ucet\/prihlasovani\/vice-ucty\/\">P\u0159ihla\u0161ov\u00e1n\u00ed v\u00edce \u00fa\u010dty<\/a>, d\u00edky kter\u00e9mu se m\u016f\u017eete v r\u00e1mci prohl\u00ed\u017ee\u010de kompletn\u011b p\u0159ep\u00ednat mezi p\u0159ihl\u00e1\u0161en\u00fdmi Seznam \u00fa\u010dty. U p\u0159epnut\u00e9ho \u00fa\u010dtu m\u016f\u017eete vyu\u017e\u00edvat v\u0161echny slu\u017eby Seznamu a bez omezen\u00ed m\u011bnit jeho nastaven\u00ed, v\u010detn\u011b hesla.<\/p>\n\n\n\n<p>P\u0159i vyu\u017eit\u00ed funkce <strong>Sd\u00edlen\u00ed schr\u00e1nky<\/strong> popsan\u00e9 v tomto \u010dl\u00e1nku oproti tomu z\u016fst\u00e1v\u00e1te p\u0159ihl\u00e1\u0161eni ke sv\u00e9mu \u00fa\u010dtu, ale pouze vzd\u00e1len\u011b nahl\u00ed\u017e\u00edte do obsah\u016f dal\u0161\u00edch e-mailov\u00fdch schr\u00e1nek. Nejde o plnohodnotn\u00e9 p\u0159ihl\u00e1\u0161en\u00ed k t\u011bmto \u00fa\u010dt\u016fm, proto p\u0159i p\u0159echodu na jinou slu\u017ebu Seznamu z\u016fst\u00e1v\u00e1te p\u0159ihl\u00e1\u0161eni ke sv\u00e9mu p\u016fvodn\u00edmu \u00fa\u010dtu.<\/p>\n\n\n\n<p><\/p>\n<\/div>\n","protected":false},"excerpt":{"rendered":"<p>Sd\u00edlen\u00ed schr\u00e1nky je funkce, kter\u00e1 umo\u017en\u00ed p\u0159\u00edstup v\u00edce u\u017eivatel\u016f do jedn\u00e9 schr\u00e1nky. Sd\u00edlet schr\u00e1nku je mo\u017en\u00e9 s jin\u00fdm u\u017eivatelem e-mailov\u00e9 schr\u00e1nky na Seznamu. U\u017eivatel s povolen\u00fdm p\u0159\u00edstupem m\u016f\u017ee ve schr\u00e1nce \u010d\u00edst, odes\u00edlat i mazat zpr\u00e1vy, spravovat kontakty a m\u011bnit nastaven\u00ed, nem\u016f\u017ee ov\u0161em p\u0159ej\u00edt do jin\u00fdch slu\u017eeb Seznam.cz dan\u00e9ho \u00fa\u010dtu, krom\u011b kalend\u00e1\u0159e, a ani zm\u011bnit p\u0159\u00edstupov\u00e9 [&hellip;]<\/p>\n","protected":false},"author":12,"featured_media":0,"parent":552,"menu_order":0,"comment_status":"closed","ping_status":"closed","template":"page-sidemenu","meta":{"_acf_changed":false,"_relevanssi_hide_post":"","_relevanssi_hide_content":"","_relevanssi_pin_for_all":"","_relevanssi_pin_keywords":"","_relevanssi_unpin_keywords":"","_relevanssi_related_keywords":"","_relevanssi_related_include_ids":"","_relevanssi_related_exclude_ids":"","_relevanssi_related_no_append":"","_relevanssi_related_not_related":"","_relevanssi_related_posts":"","_relevanssi_noindex_reason":"","footnotes":""},"page_category":[4],"page_tag":[],"service_status_category":[],"class_list":["post-1048","page","type-page","status-publish","hentry"],"acf":[],"_links":{"self":[{"href":"https:\/\/o-seznam.cz\/napoveda\/email\/wp-json\/wp\/v2\/pages\/1048","targetHints":{"allow":["GET"]}}],"collection":[{"href":"https:\/\/o-seznam.cz\/napoveda\/email\/wp-json\/wp\/v2\/pages"}],"about":[{"href":"https:\/\/o-seznam.cz\/napoveda\/email\/wp-json\/wp\/v2\/types\/page"}],"author":[{"embeddable":true,"href":"https:\/\/o-seznam.cz\/napoveda\/email\/wp-json\/wp\/v2\/users\/12"}],"replies":[{"embeddable":true,"href":"https:\/\/o-seznam.cz\/napoveda\/email\/wp-json\/wp\/v2\/comments?post=1048"}],"version-history":[{"count":5,"href":"https:\/\/o-seznam.cz\/napoveda\/email\/wp-json\/wp\/v2\/pages\/1048\/revisions"}],"predecessor-version":[{"id":1382,"href":"https:\/\/o-seznam.cz\/napoveda\/email\/wp-json\/wp\/v2\/pages\/1048\/revisions\/1382"}],"up":[{"embeddable":true,"href":"https:\/\/o-seznam.cz\/napoveda\/email\/wp-json\/wp\/v2\/pages\/552"}],"wp:attachment":[{"href":"https:\/\/o-seznam.cz\/napoveda\/email\/wp-json\/wp\/v2\/media?parent=1048"}],"wp:term":[{"taxonomy":"page_category","embeddable":true,"href":"https:\/\/o-seznam.cz\/napoveda\/email\/wp-json\/wp\/v2\/page_category?post=1048"},{"taxonomy":"page_tag","embeddable":true,"href":"https:\/\/o-seznam.cz\/napoveda\/email\/wp-json\/wp\/v2\/page_tag?post=1048"},{"taxonomy":"service_status_category","embeddable":true,"href":"https:\/\/o-seznam.cz\/napoveda\/email\/wp-json\/wp\/v2\/service_status_category?post=1048"}],"curies":[{"name":"wp","href":"https:\/\/api.w.org\/{rel}","templated":true}]}}