{"id":1040,"date":"2024-12-11T12:44:04","date_gmt":"2024-12-11T11:44:04","guid":{"rendered":"https:\/\/o-seznam.cz\/napoveda\/email\/?page_id=1040"},"modified":"2024-12-13T22:25:07","modified_gmt":"2024-12-13T21:25:07","slug":"hromadne-e-maily","status":"publish","type":"page","link":"https:\/\/o-seznam.cz\/napoveda\/email\/moznosti-nastaveni\/nastaveni-systemovych-slozek\/hromadne-e-maily\/","title":{"rendered":"Hromadn\u00e9 e-maily"},"content":{"rendered":"\n<p>Do slo\u017eky <strong>Hromadn\u00e9<\/strong> se automaticky \u0159ad\u00ed hromadn\u00e9 zpr\u00e1vy a obchodn\u00ed \u010di reklamn\u00ed sd\u011blen\u00ed.<\/p>\n\n\n\n<div class=\"wp-block-group is-layout-constrained wp-block-group-is-layout-constrained\">\n<h2 class=\"wp-block-heading\">Vypnut\u00ed slo\u017eky Hromadn\u00e9<\/h2>\n\n\n\n<p>Pokud si nep\u0159ejete t\u0159\u00eddit obchodn\u00ed sd\u011blen\u00ed do zvl\u00e1\u0161tn\u00ed slo\u017eky, m\u016f\u017eete slo\u017eku <strong>Hromadn\u00e9 <\/strong>vypnout.\u00a0T\u00edm\u00a0se\u00a0slo\u017eka odstran\u00ed z v\u00fdpisu syst\u00e9mov\u00fdch slo\u017eek a v\u0161echna hromadn\u00e1 sd\u011blen\u00ed\u00a0pak budou chodit do slo\u017eky <strong>Doru\u010den\u00e9<\/strong>. Pro jej\u00ed vypnut\u00ed postupujte takto:<\/p>\n\n\n\n<ul class=\"wp-block-list\">\n<li>V lev\u00e9m doln\u00edm rohu obrazovky klikn\u011bte na ikonu <strong>Nastaven\u00ed<\/strong> (ozuben\u00e9 kolo)\u00a0a n\u00e1sledn\u011b zvolte \u010d\u00e1st\u00a0<strong>Hromadn\u00e9<\/strong>.<\/li>\n\n\n\n<li>Od\u0161krtn\u011bte volbu<strong> Doru\u010dovat hromadn\u00e9 e\u2011maily do slo\u017eky Hromadn\u00e9<\/strong><\/li>\n<\/ul>\n<\/div>\n\n\n\n<h2 class=\"wp-block-heading\">Automatick\u00e9 maz\u00e1n\u00ed hromadn\u00fdch zpr\u00e1v<\/h2>\n\n\n\n<div class=\"wp-block-group is-layout-constrained wp-block-group-is-layout-constrained\">\n<p>Informa\u010dn\u00ed hodnota obchodn\u00edch sd\u011blen\u00ed m\u00e1 obvykle \u010dasov\u011b omezenou platnost, proto se zpr\u00e1vy, kter\u00e9 jsou v t\u00e9to\u00a0slo\u017ece d\u00e9le ne\u017e 90 dn\u00ed, automaticky sma\u017eou. Takto smazan\u00e9 zpr\u00e1vy nelze obnovit. V nastaven\u00ed schr\u00e1nky lze automatick\u00e9 promaz\u00e1v\u00e1n\u00ed slo\u017eky <strong>Hromadn\u00e9<\/strong> vypnout:<\/p>\n\n\n\n<ul class=\"wp-block-list\">\n<li>V lev\u00e9m doln\u00edm rohu obrazovky klikn\u011bte na ikonu <strong>Nastaven\u00ed<\/strong> (ozuben\u00e9 kolo)\u00a0a n\u00e1sledn\u011b zvolte \u010d\u00e1st\u00a0<strong>Hromadn\u00e9<\/strong>.<\/li>\n\n\n\n<li>Od\u0161krtn\u011bte volbu <strong>Automaticky mazat e\u2011maily ve slo\u017ece Hromadn\u00e9 po 90 dnech<\/strong><\/li>\n<\/ul>\n\n\n\n<p>Term\u00edn automatick\u00e9ho maz\u00e1n\u00ed je dynamick\u00fd a odli\u0161n\u00fd u ka\u017ed\u00e9 e-mailov\u00e9 schr\u00e1nky.<br>Doba automatick\u00e9ho odmaz\u00e1n\u00ed zpr\u00e1v tak m\u016f\u017ee b\u00fdt i del\u0161\u00ed.<\/p>\n<\/div>\n\n\n\n<figure class=\"wp-block-image size-full\"><img loading=\"lazy\" decoding=\"async\" width=\"461\" height=\"113\" src=\"https:\/\/o-seznam.cz\/napoveda\/email\/wp-content\/uploads\/sites\/9\/2024\/12\/hromadne.png\" alt=\"\" class=\"wp-image-1041\" srcset=\"https:\/\/o-seznam.cz\/napoveda\/email\/wp-content\/uploads\/sites\/9\/2024\/12\/hromadne.png 461w, https:\/\/o-seznam.cz\/napoveda\/email\/wp-content\/uploads\/sites\/9\/2024\/12\/hromadne-320x78.png 320w\" sizes=\"auto, (max-width: 461px) 100vw, 461px\" \/><\/figure>\n\n\n\n<div class=\"wp-block-group is-layout-constrained wp-block-group-is-layout-constrained\">\n<h2 class=\"wp-block-heading\">Odhl\u00e1\u0161en\u00ed z odb\u011bru hromadn\u00fdch zpr\u00e1v<\/h2>\n\n\n\n<p>Pokud zpr\u00e1va z\u00e1rove\u0148 obsahuje hlavi\u010dku s tzv. metodou one-click unsubscribe, zobraz\u00ed se v horn\u00ed \u010d\u00e1sti e-mailu odkaz <strong>Odhl\u00e1sit odb\u011br<\/strong>. Kliknut\u00edm na tento odkaz a potvrzen\u00edm odhl\u00e1\u0161en\u00ed v n\u00e1sleduj\u00edc\u00edm dialogov\u00e9m okn\u011b dojde k odhl\u00e1\u0161en\u00ed obchodn\u00edch sd\u011blen\u00ed z p\u0159\u00edslu\u0161n\u00e9 adresy.\u00a0<\/p>\n\n\n\n<figure class=\"wp-block-image size-full\"><img loading=\"lazy\" decoding=\"async\" width=\"927\" height=\"372\" src=\"https:\/\/o-seznam.cz\/napoveda\/email\/wp-content\/uploads\/sites\/9\/2024\/12\/unsub-detail.png\" alt=\"\" class=\"wp-image-1042\" srcset=\"https:\/\/o-seznam.cz\/napoveda\/email\/wp-content\/uploads\/sites\/9\/2024\/12\/unsub-detail.png 927w, https:\/\/o-seznam.cz\/napoveda\/email\/wp-content\/uploads\/sites\/9\/2024\/12\/unsub-detail-320x128.png 320w, https:\/\/o-seznam.cz\/napoveda\/email\/wp-content\/uploads\/sites\/9\/2024\/12\/unsub-detail-768x308.png 768w\" sizes=\"auto, (max-width: 927px) 100vw, 927px\" \/><\/figure>\n\n\n\n<p>Odes\u00edlatel hromadn\u00fdch sd\u011blen\u00ed mus\u00ed ze z\u00e1kona umo\u017enit p\u0159\u00edjemc\u016fm odb\u011br jeho hromadn\u00fdch zpr\u00e1v odhl\u00e1sit. V\u011bt\u0161ina hromadn\u00fdch sd\u011blen\u00ed proto obsahuje pati\u010dku, ve kter\u00e9 je um\u00edst\u011bn odkaz na odhl\u00e1\u0161en\u00ed nebo \u00fapravu nastaven\u00ed e-mailov\u00fdch ozn\u00e1men\u00ed.<\/p>\n\n\n\n<p>Odhl\u00e1\u0161en\u00ed z odb\u011bru neovliv\u0148uje doru\u010den\u00ed transak\u010dn\u00edch e-mail\u016f jako jsou potvrzen\u00ed objedn\u00e1vek, faktury, \u010di d\u016fle\u017eit\u00e1 ozn\u00e1men\u00ed jako jsou nap\u0159\u00edklad zm\u011bny podm\u00ednek.<\/p>\n<\/div>\n","protected":false},"excerpt":{"rendered":"<p>Do slo\u017eky Hromadn\u00e9 se automaticky \u0159ad\u00ed hromadn\u00e9 zpr\u00e1vy a obchodn\u00ed \u010di reklamn\u00ed sd\u011blen\u00ed. Vypnut\u00ed slo\u017eky Hromadn\u00e9 Pokud si nep\u0159ejete t\u0159\u00eddit obchodn\u00ed sd\u011blen\u00ed do zvl\u00e1\u0161tn\u00ed slo\u017eky, m\u016f\u017eete slo\u017eku Hromadn\u00e9 vypnout.\u00a0T\u00edm\u00a0se\u00a0slo\u017eka odstran\u00ed z v\u00fdpisu syst\u00e9mov\u00fdch slo\u017eek a v\u0161echna hromadn\u00e1 sd\u011blen\u00ed\u00a0pak budou chodit do slo\u017eky Doru\u010den\u00e9. Pro jej\u00ed vypnut\u00ed postupujte takto: Automatick\u00e9 maz\u00e1n\u00ed hromadn\u00fdch zpr\u00e1v Informa\u010dn\u00ed hodnota obchodn\u00edch [&hellip;]<\/p>\n","protected":false},"author":12,"featured_media":0,"parent":555,"menu_order":0,"comment_status":"closed","ping_status":"closed","template":"page-sidemenu","meta":{"_acf_changed":false,"_relevanssi_hide_post":"","_relevanssi_hide_content":"","_relevanssi_pin_for_all":"","_relevanssi_pin_keywords":"","_relevanssi_unpin_keywords":"","_relevanssi_related_keywords":"","_relevanssi_related_include_ids":"","_relevanssi_related_exclude_ids":"","_relevanssi_related_no_append":"","_relevanssi_related_not_related":"","_relevanssi_related_posts":"","_relevanssi_noindex_reason":"","footnotes":""},"page_category":[4],"page_tag":[],"service_status_category":[],"class_list":["post-1040","page","type-page","status-publish","hentry"],"acf":[],"_links":{"self":[{"href":"https:\/\/o-seznam.cz\/napoveda\/email\/wp-json\/wp\/v2\/pages\/1040","targetHints":{"allow":["GET"]}}],"collection":[{"href":"https:\/\/o-seznam.cz\/napoveda\/email\/wp-json\/wp\/v2\/pages"}],"about":[{"href":"https:\/\/o-seznam.cz\/napoveda\/email\/wp-json\/wp\/v2\/types\/page"}],"author":[{"embeddable":true,"href":"https:\/\/o-seznam.cz\/napoveda\/email\/wp-json\/wp\/v2\/users\/12"}],"replies":[{"embeddable":true,"href":"https:\/\/o-seznam.cz\/napoveda\/email\/wp-json\/wp\/v2\/comments?post=1040"}],"version-history":[{"count":2,"href":"https:\/\/o-seznam.cz\/napoveda\/email\/wp-json\/wp\/v2\/pages\/1040\/revisions"}],"predecessor-version":[{"id":1155,"href":"https:\/\/o-seznam.cz\/napoveda\/email\/wp-json\/wp\/v2\/pages\/1040\/revisions\/1155"}],"up":[{"embeddable":true,"href":"https:\/\/o-seznam.cz\/napoveda\/email\/wp-json\/wp\/v2\/pages\/555"}],"wp:attachment":[{"href":"https:\/\/o-seznam.cz\/napoveda\/email\/wp-json\/wp\/v2\/media?parent=1040"}],"wp:term":[{"taxonomy":"page_category","embeddable":true,"href":"https:\/\/o-seznam.cz\/napoveda\/email\/wp-json\/wp\/v2\/page_category?post=1040"},{"taxonomy":"page_tag","embeddable":true,"href":"https:\/\/o-seznam.cz\/napoveda\/email\/wp-json\/wp\/v2\/page_tag?post=1040"},{"taxonomy":"service_status_category","embeddable":true,"href":"https:\/\/o-seznam.cz\/napoveda\/email\/wp-json\/wp\/v2\/service_status_category?post=1040"}],"curies":[{"name":"wp","href":"https:\/\/api.w.org\/{rel}","templated":true}]}}