{"id":1035,"date":"2024-12-11T12:44:04","date_gmt":"2024-12-11T11:44:04","guid":{"rendered":"https:\/\/o-seznam.cz\/napoveda\/email\/?page_id=1035"},"modified":"2025-09-15T13:22:10","modified_gmt":"2025-09-15T11:22:10","slug":"presmerovani-zprav","status":"publish","type":"page","link":"https:\/\/o-seznam.cz\/napoveda\/email\/moznosti-nastaveni\/pravidla-pro-zpracovani-zprav\/presmerovani-zprav\/","title":{"rendered":"P\u0159esm\u011brov\u00e1n\u00ed zpr\u00e1v"},"content":{"rendered":"\n<div class=\"wp-block-group is-layout-constrained wp-block-group-is-layout-constrained\">\n<p>Pokud se pot\u0159ebujete dozv\u011bd\u011bt o nov\u00fdch zpr\u00e1v\u00e1ch ve schr\u00e1nce, kterou nekontrolujete pravideln\u011b, m\u016f\u017eete si v n\u00ed nastavit automatick\u00e9 pravidlo pro p\u0159epos\u00edl\u00e1n\u00ed zpr\u00e1v na adresu jin\u00e9 sv\u00e9 schr\u00e1nky. Pokud si v c\u00edlov\u00e9 schr\u00e1nce v sekci <strong>Nastaven\u00ed odes\u00edlatele<\/strong> z\u00e1rove\u0148 nastav\u00edte mo\u017enost odpov\u00eddat jm\u00e9nem p\u016fvodn\u00ed schr\u00e1nky, m\u016f\u017eete p\u0159\u00edpadn\u00e9 odpov\u011bdi na takto p\u0159eposlan\u00e9 zpr\u00e1vy pos\u00edlat z adresy, na kterou byla zpr\u00e1va p\u016fvodn\u011b zasl\u00e1na, ani\u017e byste se museli do t\u00e9to schr\u00e1nky p\u0159ihla\u0161ovat.<\/p>\n\n\n\n<div class=\"wp-block-group is-layout-constrained wp-block-group-is-layout-constrained\">\n<p>Pokud pot\u0159ebujete p\u0159esm\u011brovat doru\u010dovan\u00e9 zpr\u00e1vy do jin\u00e9 schr\u00e1nky, m\u016f\u017eete si takto nastavit pravidlo:<\/p>\n\n\n\n<ul class=\"wp-block-list\">\n<li>V lev\u00e9 doln\u00ed \u010d\u00e1sti obrazovky klikn\u011bte na ikonu <strong>Nastaven\u00ed<\/strong> (ozuben\u00e9 kolo).<\/li>\n\n\n\n<li>V lev\u00e9 nab\u00eddce zvolte \u010d\u00e1st <strong>Pravidla<\/strong>.<\/li>\n\n\n\n<li>Pro nastaven\u00ed nov\u00e9ho pravidla klikn\u011bte na tla\u010d\u00edtko <strong>Vytvo\u0159it nov\u00e9 pravidlo<\/strong>.<\/li>\n\n\n\n<li>Ov\u011b\u0159te, zda je zatr\u017eena volba <strong>Pravidlo&nbsp;je aktivn\u00ed<\/strong>.<\/li>\n\n\n\n<li>Nastavte <strong>Pokud <u>v\u0161echny<\/u> podm\u00ednky souhlas\u00ed<\/strong>.<\/li>\n\n\n\n<li>Z nab\u00eddky pole <strong>???<\/strong> zvolte <strong>Ka\u017ed\u00e1 zpr\u00e1va<\/strong>.<\/li>\n\n\n\n<li>V \u010d\u00e1sti <strong>Prove\u010f tuto akci<\/strong> zvolte <strong>Po\u0161li kopii<\/strong> (v takov\u00e9m p\u0159\u00edpad\u011b p\u0159esm\u011brovan\u00e1 zpr\u00e1va z\u016fstane i v aktu\u00e1ln\u00ed schr\u00e1nce) nebo <strong>P\u0159esm\u011bruj a sma\u017e<\/strong> (v takov\u00e9m p\u0159\u00edpad\u011b se zpr\u00e1va p\u0159epo\u0161le a v aktu\u00e1ln\u00ed schr\u00e1nce se n\u00e1sledn\u011b sma\u017ee).<\/li>\n\n\n\n<li>Do n\u00e1sleduj\u00edc\u00edho pol\u00ed\u010dka zadejte adresu, na kterou budou zpr\u00e1vy p\u0159esm\u011brov\u00e1ny.<\/li>\n\n\n\n<li>Klikn\u011bte na tla\u010d\u00edtko <strong>Ulo\u017eit<\/strong>.<\/li>\n<\/ul>\n<\/div>\n\n\n\n<figure class=\"wp-block-image size-full\"><img loading=\"lazy\" decoding=\"async\" width=\"513\" height=\"520\" src=\"https:\/\/o-seznam.cz\/napoveda\/email\/wp-content\/uploads\/sites\/9\/2024\/12\/presmerovani-zprav.png\" alt=\"\" class=\"wp-image-1036\" srcset=\"https:\/\/o-seznam.cz\/napoveda\/email\/wp-content\/uploads\/sites\/9\/2024\/12\/presmerovani-zprav.png 513w, https:\/\/o-seznam.cz\/napoveda\/email\/wp-content\/uploads\/sites\/9\/2024\/12\/presmerovani-zprav-316x320.png 316w\" sizes=\"auto, (max-width: 513px) 100vw, 513px\" \/><\/figure>\n<\/div>\n\n\n\n<ul class=\"wp-block-list\">\n<li>Zru\u0161it p\u0159epos\u00edl\u00e1n\u00ed zpr\u00e1v m\u016f\u017eete od\u0161krtnut\u00edm tla\u010d\u00edtka &#8222;Pravidlo je aktivn\u00ed&#8220;, nebo smaz\u00e1n\u00edm cel\u00e9ho pravidla.<\/li>\n<\/ul>\n","protected":false},"excerpt":{"rendered":"<p>Pokud se pot\u0159ebujete dozv\u011bd\u011bt o nov\u00fdch zpr\u00e1v\u00e1ch ve schr\u00e1nce, kterou nekontrolujete pravideln\u011b, m\u016f\u017eete si v n\u00ed nastavit automatick\u00e9 pravidlo pro p\u0159epos\u00edl\u00e1n\u00ed zpr\u00e1v na adresu jin\u00e9 sv\u00e9 schr\u00e1nky. Pokud si v c\u00edlov\u00e9 schr\u00e1nce v sekci Nastaven\u00ed odes\u00edlatele z\u00e1rove\u0148 nastav\u00edte mo\u017enost odpov\u00eddat jm\u00e9nem p\u016fvodn\u00ed schr\u00e1nky, m\u016f\u017eete p\u0159\u00edpadn\u00e9 odpov\u011bdi na takto p\u0159eposlan\u00e9 zpr\u00e1vy pos\u00edlat z adresy, na kterou [&hellip;]<\/p>\n","protected":false},"author":12,"featured_media":0,"parent":854,"menu_order":0,"comment_status":"closed","ping_status":"closed","template":"page-sidemenu","meta":{"_acf_changed":false,"_relevanssi_hide_post":"","_relevanssi_hide_content":"","_relevanssi_pin_for_all":"","_relevanssi_pin_keywords":"","_relevanssi_unpin_keywords":"","_relevanssi_related_keywords":"","_relevanssi_related_include_ids":"","_relevanssi_related_exclude_ids":"","_relevanssi_related_no_append":"","_relevanssi_related_not_related":"","_relevanssi_related_posts":"","_relevanssi_noindex_reason":"","footnotes":""},"page_category":[4],"page_tag":[],"service_status_category":[],"class_list":["post-1035","page","type-page","status-publish","hentry"],"acf":[],"_links":{"self":[{"href":"https:\/\/o-seznam.cz\/napoveda\/email\/wp-json\/wp\/v2\/pages\/1035","targetHints":{"allow":["GET"]}}],"collection":[{"href":"https:\/\/o-seznam.cz\/napoveda\/email\/wp-json\/wp\/v2\/pages"}],"about":[{"href":"https:\/\/o-seznam.cz\/napoveda\/email\/wp-json\/wp\/v2\/types\/page"}],"author":[{"embeddable":true,"href":"https:\/\/o-seznam.cz\/napoveda\/email\/wp-json\/wp\/v2\/users\/12"}],"replies":[{"embeddable":true,"href":"https:\/\/o-seznam.cz\/napoveda\/email\/wp-json\/wp\/v2\/comments?post=1035"}],"version-history":[{"count":3,"href":"https:\/\/o-seznam.cz\/napoveda\/email\/wp-json\/wp\/v2\/pages\/1035\/revisions"}],"predecessor-version":[{"id":1608,"href":"https:\/\/o-seznam.cz\/napoveda\/email\/wp-json\/wp\/v2\/pages\/1035\/revisions\/1608"}],"up":[{"embeddable":true,"href":"https:\/\/o-seznam.cz\/napoveda\/email\/wp-json\/wp\/v2\/pages\/854"}],"wp:attachment":[{"href":"https:\/\/o-seznam.cz\/napoveda\/email\/wp-json\/wp\/v2\/media?parent=1035"}],"wp:term":[{"taxonomy":"page_category","embeddable":true,"href":"https:\/\/o-seznam.cz\/napoveda\/email\/wp-json\/wp\/v2\/page_category?post=1035"},{"taxonomy":"page_tag","embeddable":true,"href":"https:\/\/o-seznam.cz\/napoveda\/email\/wp-json\/wp\/v2\/page_tag?post=1035"},{"taxonomy":"service_status_category","embeddable":true,"href":"https:\/\/o-seznam.cz\/napoveda\/email\/wp-json\/wp\/v2\/service_status_category?post=1035"}],"curies":[{"name":"wp","href":"https:\/\/api.w.org\/{rel}","templated":true}]}}