{"id":1032,"date":"2024-12-11T12:44:04","date_gmt":"2024-12-11T11:44:04","guid":{"rendered":"https:\/\/o-seznam.cz\/napoveda\/email\/?page_id=1032"},"modified":"2024-12-13T10:17:50","modified_gmt":"2024-12-13T09:17:50","slug":"automaticka-odpoved-v-nepritomnosti","status":"publish","type":"page","link":"https:\/\/o-seznam.cz\/napoveda\/email\/moznosti-nastaveni\/pravidla-pro-zpracovani-zprav\/automaticka-odpoved-v-nepritomnosti\/","title":{"rendered":"Automatick\u00e1 odpov\u011b\u010f v nep\u0159itomnosti"},"content":{"rendered":"\n<div class=\"wp-block-group is-layout-constrained wp-block-group-is-layout-constrained\">\n<div class=\"wp-block-group is-layout-constrained wp-block-group-is-layout-constrained\">\n<p>V p\u0159\u00edpad\u011b, \u017ee nap\u0159. odj\u00ed\u017ed\u00edte na dovolenou a nebudete moci na zpr\u00e1vy reagovat, si m\u016f\u017eete nastavit filtr, kter\u00fd automaticky za\u0161le odes\u00edlateli odpov\u011b\u010f. Postup je n\u00e1sleduj\u00edc\u00ed:<\/p>\n\n\n\n<ul class=\"wp-block-list\">\n<li>V lev\u00e9 doln\u00ed \u010d\u00e1sti obrazovky klikn\u011bte na ikonu <strong>Nastaven\u00ed<\/strong> (ozuben\u00e9 kolo).<\/li>\n\n\n\n<li>V lev\u00e9 nab\u00eddce zvolte \u010d\u00e1st <strong>Pravidla<\/strong>.<\/li>\n\n\n\n<li>V sekci <strong>Automatick\u00e9 odpov\u011bdi v nep\u0159\u00edtomnosti<\/strong> klikn\u011bte na tla\u010d\u00edtko <strong>Vytvo\u0159it novou odpov\u011b\u010f<\/strong>.<\/li>\n<\/ul>\n\n\n\n<ul class=\"wp-block-list\">\n<li>P\u0159edvolen\u00fd n\u00e1zev i p\u0159edm\u011bt (&#8222;Mimo kancel\u00e1\u0159&#8220;) m\u016f\u017eete libovoln\u011b zm\u011bnit. N\u00e1zev slou\u017e\u00ed jen pro v\u00e1\u0161 p\u0159ehled, p\u0159edm\u011bt bude sou\u010d\u00e1st\u00ed automatick\u00e9 odpov\u011bdi.<\/li>\n\n\n\n<li>Funkce m\u00e1 p\u0159edvolen\u00e9 podm\u00ednky a hodnoty tak, aby se automatick\u00e1 odpov\u011b\u010f odeslala na ka\u017edou p\u0159\u00edchoz\u00ed zpr\u00e1vu, lze je ale rovn\u011b\u017e libovoln\u011b upravit.<\/li>\n\n\n\n<li>V poli <strong>Zpr\u00e1va<\/strong> dopl\u0148te nebo upravte po\u017eadovan\u00fd text automatick\u00e9 odpov\u011bdi.<\/li>\n\n\n\n<li>Zvolte <strong>\u010dasov\u00e9 rozmez\u00ed<\/strong>, b\u011bhem kter\u00e9ho se m\u00e1 automatick\u00e1 odpov\u011b\u010f pos\u00edlat. O p\u016flnoci zvolen\u00e9ho dne konce bude pravidlo automaticky deaktivov\u00e1no.\u00a0\u00a0<\/li>\n\n\n\n<li>Klikn\u011bte na tla\u010d\u00edtko <strong>Ulo\u017eit<\/strong><\/li>\n\n\n\n<li>Deaktivovan\u00e9 automatick\u00e9 odpov\u011bdi m\u016f\u017eete v budoucnu znovu aktivovat tak, \u017ee aktualizujete \u010dasov\u00e9 obdob\u00ed, b\u011bhem kter\u00e9ho se m\u00e1 odpov\u011b\u010f pos\u00edlat.<\/li>\n<\/ul>\n<\/div>\n<\/div>\n\n\n\n<figure class=\"wp-block-image size-full\"><img loading=\"lazy\" decoding=\"async\" width=\"661\" height=\"846\" src=\"https:\/\/o-seznam.cz\/napoveda\/email\/wp-content\/uploads\/sites\/9\/2024\/12\/webmail-settings-rules-autoreply.png\" alt=\"\" class=\"wp-image-1033\" srcset=\"https:\/\/o-seznam.cz\/napoveda\/email\/wp-content\/uploads\/sites\/9\/2024\/12\/webmail-settings-rules-autoreply.png 661w, https:\/\/o-seznam.cz\/napoveda\/email\/wp-content\/uploads\/sites\/9\/2024\/12\/webmail-settings-rules-autoreply-250x320.png 250w\" sizes=\"auto, (max-width: 661px) 100vw, 661px\" \/><\/figure>\n","protected":false},"excerpt":{"rendered":"<p>V p\u0159\u00edpad\u011b, \u017ee nap\u0159. odj\u00ed\u017ed\u00edte na dovolenou a nebudete moci na zpr\u00e1vy reagovat, si m\u016f\u017eete nastavit filtr, kter\u00fd automaticky za\u0161le odes\u00edlateli odpov\u011b\u010f. Postup je n\u00e1sleduj\u00edc\u00ed:<\/p>\n","protected":false},"author":12,"featured_media":0,"parent":854,"menu_order":0,"comment_status":"closed","ping_status":"closed","template":"page-sidemenu","meta":{"_acf_changed":false,"_relevanssi_hide_post":"","_relevanssi_hide_content":"","_relevanssi_pin_for_all":"","_relevanssi_pin_keywords":"","_relevanssi_unpin_keywords":"","_relevanssi_related_keywords":"","_relevanssi_related_include_ids":"","_relevanssi_related_exclude_ids":"","_relevanssi_related_no_append":"","_relevanssi_related_not_related":"","_relevanssi_related_posts":"","_relevanssi_noindex_reason":"","footnotes":""},"page_category":[4],"page_tag":[],"service_status_category":[],"class_list":["post-1032","page","type-page","status-publish","hentry"],"acf":[],"_links":{"self":[{"href":"https:\/\/o-seznam.cz\/napoveda\/email\/wp-json\/wp\/v2\/pages\/1032","targetHints":{"allow":["GET"]}}],"collection":[{"href":"https:\/\/o-seznam.cz\/napoveda\/email\/wp-json\/wp\/v2\/pages"}],"about":[{"href":"https:\/\/o-seznam.cz\/napoveda\/email\/wp-json\/wp\/v2\/types\/page"}],"author":[{"embeddable":true,"href":"https:\/\/o-seznam.cz\/napoveda\/email\/wp-json\/wp\/v2\/users\/12"}],"replies":[{"embeddable":true,"href":"https:\/\/o-seznam.cz\/napoveda\/email\/wp-json\/wp\/v2\/comments?post=1032"}],"version-history":[{"count":2,"href":"https:\/\/o-seznam.cz\/napoveda\/email\/wp-json\/wp\/v2\/pages\/1032\/revisions"}],"predecessor-version":[{"id":1133,"href":"https:\/\/o-seznam.cz\/napoveda\/email\/wp-json\/wp\/v2\/pages\/1032\/revisions\/1133"}],"up":[{"embeddable":true,"href":"https:\/\/o-seznam.cz\/napoveda\/email\/wp-json\/wp\/v2\/pages\/854"}],"wp:attachment":[{"href":"https:\/\/o-seznam.cz\/napoveda\/email\/wp-json\/wp\/v2\/media?parent=1032"}],"wp:term":[{"taxonomy":"page_category","embeddable":true,"href":"https:\/\/o-seznam.cz\/napoveda\/email\/wp-json\/wp\/v2\/page_category?post=1032"},{"taxonomy":"page_tag","embeddable":true,"href":"https:\/\/o-seznam.cz\/napoveda\/email\/wp-json\/wp\/v2\/page_tag?post=1032"},{"taxonomy":"service_status_category","embeddable":true,"href":"https:\/\/o-seznam.cz\/napoveda\/email\/wp-json\/wp\/v2\/service_status_category?post=1032"}],"curies":[{"name":"wp","href":"https:\/\/api.w.org\/{rel}","templated":true}]}}