{"id":1019,"date":"2024-12-07T19:42:23","date_gmt":"2024-12-07T18:42:23","guid":{"rendered":"https:\/\/o-seznam.cz\/napoveda\/email\/?page_id=1019"},"modified":"2026-04-08T17:20:29","modified_gmt":"2026-04-08T15:20:29","slug":"novinky-android","status":"publish","type":"page","link":"https:\/\/o-seznam.cz\/napoveda\/email\/aplikace\/novinky-v-aplikaci\/novinky-android\/","title":{"rendered":"Zapojen\u00ed pro u\u017eivatele syst\u00e9mu Android"},"content":{"rendered":"\n<div class=\"wp-block-group is-layout-constrained wp-block-group-is-layout-constrained\">\n<div class=\"wp-block-group is-layout-constrained wp-block-group-is-layout-constrained\">\n<div class=\"wp-block-group is-layout-constrained wp-block-group-is-layout-constrained\">\n<h2 class=\"wp-block-heading\">Jak nainstalovat beta verzi&nbsp;<\/h2>\n\n\n\n<ul class=\"wp-block-list\">\n<li>Otev\u0159ete <a href=\"https:\/\/play.google.com\/store\/apps\/details?id=cz.seznam.email\" data-type=\"link\" data-id=\"https:\/\/play.google.com\/store\/apps\/details?id=cz.seznam.email\">str\u00e1nku aplikace\u00a0Email.cz<\/a>\u00a0v Google Play.\u00a0<\/li>\n\n\n\n<li>Ve spodn\u00ed \u010d\u00e1sti str\u00e1nky najd\u011bte sekci<strong>\u00a0Zapojit se do beta programu<\/strong>.\u00a0<\/li>\n\n\n\n<li>Klepn\u011bte na <strong>P\u0159ipojit se<\/strong>.\u00a0<\/li>\n\n\n\n<li>Po kr\u00e1tk\u00e9 chv\u00edli se v\u00e1m nab\u00eddne aktualizace na beta verzi aplikace.&nbsp;<\/li>\n<\/ul>\n\n\n\n<p>Pot\u00e9 budete dost\u00e1vat nov\u00e9 beta aktualizace automaticky p\u0159es Google Play.&nbsp;<\/p>\n<\/div>\n<\/div>\n\n\n\n<div class=\"wp-block-group is-layout-constrained wp-block-group-is-layout-constrained\">\n<h2 class=\"wp-block-heading\">Jak beta verzi opustit&nbsp;<\/h2>\n\n\n\n<div class=\"wp-block-group is-layout-constrained wp-block-group-is-layout-constrained\">\n<p>Pokud se kdykoliv rozhodnete vr\u00e1tit zp\u011bt ke stabiln\u00ed verzi:&nbsp;<\/p>\n\n\n\n<ul class=\"wp-block-list\">\n<li>Otev\u0159ete <a href=\"https:\/\/play.google.com\/store\/apps\/details?id=cz.seznam.email\" data-type=\"link\" data-id=\"https:\/\/play.google.com\/store\/apps\/details?id=cz.seznam.email\">str\u00e1nku aplikace\u00a0Email.cz<\/a>\u00a0v Google Play.\u00a0<\/li>\n\n\n\n<li>V sekci Beta program zvolte <strong>Opustit program<\/strong>.\u00a0<\/li>\n\n\n\n<li>N\u00e1sledn\u011b aktualizujte aplikaci na posledn\u00ed stabiln\u00ed verzi (p\u0159\u00edpadn\u011b aplikaci p\u0159einstalujte)<\/li>\n<\/ul>\n<\/div>\n<\/div>\n\n\n\n<div class=\"wp-block-group is-layout-constrained wp-block-group-is-layout-constrained\">\n<h2 class=\"wp-block-heading\">Pocit bezpe\u010d\u00ed&nbsp;<\/h2>\n\n\n\n<div class=\"wp-block-group is-layout-constrained wp-block-group-is-layout-constrained\">\n<p>Beta testov\u00e1n\u00ed je zcela dobrovoln\u00e9 a bezpe\u010dn\u00e9.\u00a0<\/p>\n\n\n\n<p>Va\u0161e e-maily, kontakty i nastaven\u00ed z\u016fst\u00e1vaj\u00ed zachovan\u00e9.\u00a0Data jsou ulo\u017eena ve va\u0161em \u00fa\u010dtu, nikoli pouze v aplikaci. Kdykoliv se m\u016f\u017eete vr\u00e1tit ke stabiln\u00ed verzi aplikace.\u00a0\u00a0<\/p>\n<\/div>\n<\/div>\n<\/div>\n","protected":false},"excerpt":{"rendered":"<p>Jak nainstalovat beta verzi&nbsp; Pot\u00e9 budete dost\u00e1vat nov\u00e9 beta aktualizace automaticky p\u0159es Google Play.&nbsp; Jak beta verzi opustit&nbsp; Pokud se kdykoliv rozhodnete vr\u00e1tit zp\u011bt ke stabiln\u00ed verzi:&nbsp; Pocit bezpe\u010d\u00ed&nbsp; Beta testov\u00e1n\u00ed je zcela dobrovoln\u00e9 a bezpe\u010dn\u00e9.\u00a0 Va\u0161e e-maily, kontakty i nastaven\u00ed z\u016fst\u00e1vaj\u00ed zachovan\u00e9.\u00a0Data jsou ulo\u017eena ve va\u0161em \u00fa\u010dtu, nikoli pouze v aplikaci. Kdykoliv se m\u016f\u017eete [&hellip;]<\/p>\n","protected":false},"author":12,"featured_media":0,"parent":169,"menu_order":0,"comment_status":"closed","ping_status":"closed","template":"page-sidemenu","meta":{"_acf_changed":false,"_relevanssi_hide_post":"","_relevanssi_hide_content":"","_relevanssi_pin_for_all":"","_relevanssi_pin_keywords":"","_relevanssi_unpin_keywords":"","_relevanssi_related_keywords":"","_relevanssi_related_include_ids":"","_relevanssi_related_exclude_ids":"","_relevanssi_related_no_append":"","_relevanssi_related_not_related":"","_relevanssi_related_posts":"","_relevanssi_noindex_reason":"","footnotes":""},"page_category":[5],"page_tag":[],"service_status_category":[],"class_list":["post-1019","page","type-page","status-publish","hentry"],"acf":[],"_links":{"self":[{"href":"https:\/\/o-seznam.cz\/napoveda\/email\/wp-json\/wp\/v2\/pages\/1019","targetHints":{"allow":["GET"]}}],"collection":[{"href":"https:\/\/o-seznam.cz\/napoveda\/email\/wp-json\/wp\/v2\/pages"}],"about":[{"href":"https:\/\/o-seznam.cz\/napoveda\/email\/wp-json\/wp\/v2\/types\/page"}],"author":[{"embeddable":true,"href":"https:\/\/o-seznam.cz\/napoveda\/email\/wp-json\/wp\/v2\/users\/12"}],"replies":[{"embeddable":true,"href":"https:\/\/o-seznam.cz\/napoveda\/email\/wp-json\/wp\/v2\/comments?post=1019"}],"version-history":[{"count":11,"href":"https:\/\/o-seznam.cz\/napoveda\/email\/wp-json\/wp\/v2\/pages\/1019\/revisions"}],"predecessor-version":[{"id":1775,"href":"https:\/\/o-seznam.cz\/napoveda\/email\/wp-json\/wp\/v2\/pages\/1019\/revisions\/1775"}],"up":[{"embeddable":true,"href":"https:\/\/o-seznam.cz\/napoveda\/email\/wp-json\/wp\/v2\/pages\/169"}],"wp:attachment":[{"href":"https:\/\/o-seznam.cz\/napoveda\/email\/wp-json\/wp\/v2\/media?parent=1019"}],"wp:term":[{"taxonomy":"page_category","embeddable":true,"href":"https:\/\/o-seznam.cz\/napoveda\/email\/wp-json\/wp\/v2\/page_category?post=1019"},{"taxonomy":"page_tag","embeddable":true,"href":"https:\/\/o-seznam.cz\/napoveda\/email\/wp-json\/wp\/v2\/page_tag?post=1019"},{"taxonomy":"service_status_category","embeddable":true,"href":"https:\/\/o-seznam.cz\/napoveda\/email\/wp-json\/wp\/v2\/service_status_category?post=1019"}],"curies":[{"name":"wp","href":"https:\/\/api.w.org\/{rel}","templated":true}]}}