{"id":101,"date":"2024-09-12T16:13:49","date_gmt":"2024-09-12T14:13:49","guid":{"rendered":"https:\/\/o-seznam.cz\/napoveda\/email\/?page_id=101"},"modified":"2024-12-14T00:53:02","modified_gmt":"2024-12-13T23:53:02","slug":"zalozeni-schranky","status":"publish","type":"page","link":"https:\/\/o-seznam.cz\/napoveda\/email\/zalozeni-schranky\/","title":{"rendered":"Zalo\u017een\u00ed schr\u00e1nky"},"content":{"rendered":"\n<div class=\"wp-block-group is-layout-constrained wp-block-group-is-layout-constrained\">\n<h3 class=\"wp-block-heading\">Registrace<\/h3>\n\n\n\n<div class=\"wp-block-group is-layout-constrained wp-block-group-is-layout-constrained\">\n<p>Pro zalo\u017een\u00ed nov\u00e9 e-mailov\u00e9 schr\u00e1nky nav\u0161tivte str\u00e1nku <a class=\"is-style-link-external\" href=\"https:\/\/registrace.seznam.cz\/\" target=\"_blank\" rel=\"noreferrer noopener\">registrace.seznam.cz<\/a> a zvolte mo\u017enost <strong>E-mail od Seznamu<\/strong>. Vypln\u011bn\u00edm registra\u010dn\u00edho formul\u00e1\u0159e si zalo\u017e\u00edte Seznam \u00fa\u010det, kter\u00fd slou\u017e\u00ed pro p\u0159ihl\u00e1\u0161en\u00ed do v\u0161ech slu\u017eeb Seznamu a jeho\u017e sou\u010d\u00e1st\u00ed je e-mailov\u00e1 schr\u00e1nka se zvolenou adresou.<\/p>\n<\/div>\n<\/div>\n\n\n\n<div class=\"wp-block-group is-layout-constrained wp-block-group-is-layout-constrained\">\n<div class=\"wp-block-group is-layout-constrained wp-block-group-is-layout-constrained\">\n<h3 class=\"wp-block-heading\">P\u0159ihl\u00e1\u0161en\u00ed do schr\u00e1nky<\/h3>\n<\/div>\n\n\n\n<p>Do sv\u00e9 e-mailov\u00e9 schr\u00e1nky m\u016f\u017eete p\u0159istupovat z prohl\u00ed\u017ee\u010de p\u0159es webov\u00e9 rozhran\u00ed, kter\u00e9 je dostupn\u00e9 na adrese <a class=\"is-style-link-external\" href=\"https:\/\/email.seznam.cz\" target=\"_blank\" rel=\"noreferrer noopener\">email.seznam.cz<\/a>. Pro vstup do schr\u00e1nky m\u016f\u017ee rovn\u011b\u017e slou\u017eit e-mailov\u00fd box\u00edk na hlavn\u00ed str\u00e1nce Seznam.cz nebo odkaz <strong>Email <\/strong>v nab\u00eddce p\u0159ihla\u0161ovac\u00edho medailonku.<\/p>\n\n\n\n<p>Schr\u00e1nku si rovn\u011b\u017e m\u016f\u017eete napojit do <a href=\"https:\/\/o-seznam.cz\/napoveda\/email\/mohlo-by-se-hodit\/postovni-programy-a-aplikace\/\">po\u0161tovn\u00edho programu<\/a>. Pro mobiln\u00ed za\u0159\u00edzen\u00ed doporu\u010dujeme st\u00e1hnout mobiln\u00ed <a href=\"https:\/\/o-seznam.cz\/napoveda\/email\/aplikace\/\">aplikaci Email.cz<\/a> pro Android nebo iOS.<\/p>\n<\/div>\n\n\n\n<p><\/p>\n","protected":false},"excerpt":{"rendered":"<p>Registrace Pro zalo\u017een\u00ed nov\u00e9 e-mailov\u00e9 schr\u00e1nky nav\u0161tivte str\u00e1nku registrace.seznam.cz a zvolte mo\u017enost E-mail od Seznamu. Vypln\u011bn\u00edm registra\u010dn\u00edho formul\u00e1\u0159e si zalo\u017e\u00edte Seznam \u00fa\u010det, kter\u00fd slou\u017e\u00ed pro p\u0159ihl\u00e1\u0161en\u00ed do v\u0161ech slu\u017eeb Seznamu a jeho\u017e sou\u010d\u00e1st\u00ed je e-mailov\u00e1 schr\u00e1nka se zvolenou adresou. P\u0159ihl\u00e1\u0161en\u00ed do schr\u00e1nky Do sv\u00e9 e-mailov\u00e9 schr\u00e1nky m\u016f\u017eete p\u0159istupovat z prohl\u00ed\u017ee\u010de p\u0159es webov\u00e9 rozhran\u00ed, kter\u00e9 je [&hellip;]<\/p>\n","protected":false},"author":13,"featured_media":0,"parent":0,"menu_order":20,"comment_status":"closed","ping_status":"closed","template":"page-sidemenu","meta":{"_acf_changed":false,"_relevanssi_hide_post":"","_relevanssi_hide_content":"","_relevanssi_pin_for_all":"","_relevanssi_pin_keywords":"","_relevanssi_unpin_keywords":"","_relevanssi_related_keywords":"","_relevanssi_related_include_ids":"","_relevanssi_related_exclude_ids":"","_relevanssi_related_no_append":"","_relevanssi_related_not_related":"","_relevanssi_related_posts":"","_relevanssi_noindex_reason":"","footnotes":""},"page_category":[4],"page_tag":[],"service_status_category":[],"class_list":["post-101","page","type-page","status-publish","hentry"],"acf":[],"_links":{"self":[{"href":"https:\/\/o-seznam.cz\/napoveda\/email\/wp-json\/wp\/v2\/pages\/101","targetHints":{"allow":["GET"]}}],"collection":[{"href":"https:\/\/o-seznam.cz\/napoveda\/email\/wp-json\/wp\/v2\/pages"}],"about":[{"href":"https:\/\/o-seznam.cz\/napoveda\/email\/wp-json\/wp\/v2\/types\/page"}],"author":[{"embeddable":true,"href":"https:\/\/o-seznam.cz\/napoveda\/email\/wp-json\/wp\/v2\/users\/13"}],"replies":[{"embeddable":true,"href":"https:\/\/o-seznam.cz\/napoveda\/email\/wp-json\/wp\/v2\/comments?post=101"}],"version-history":[{"count":14,"href":"https:\/\/o-seznam.cz\/napoveda\/email\/wp-json\/wp\/v2\/pages\/101\/revisions"}],"predecessor-version":[{"id":1191,"href":"https:\/\/o-seznam.cz\/napoveda\/email\/wp-json\/wp\/v2\/pages\/101\/revisions\/1191"}],"wp:attachment":[{"href":"https:\/\/o-seznam.cz\/napoveda\/email\/wp-json\/wp\/v2\/media?parent=101"}],"wp:term":[{"taxonomy":"page_category","embeddable":true,"href":"https:\/\/o-seznam.cz\/napoveda\/email\/wp-json\/wp\/v2\/page_category?post=101"},{"taxonomy":"page_tag","embeddable":true,"href":"https:\/\/o-seznam.cz\/napoveda\/email\/wp-json\/wp\/v2\/page_tag?post=101"},{"taxonomy":"service_status_category","embeddable":true,"href":"https:\/\/o-seznam.cz\/napoveda\/email\/wp-json\/wp\/v2\/service_status_category?post=101"}],"curies":[{"name":"wp","href":"https:\/\/api.w.org\/{rel}","templated":true}]}}