{"id":1004,"date":"2024-12-07T19:14:59","date_gmt":"2024-12-07T18:14:59","guid":{"rendered":"https:\/\/o-seznam.cz\/napoveda\/email\/?page_id=1004"},"modified":"2026-03-31T11:48:32","modified_gmt":"2026-03-31T09:48:32","slug":"nastaveni-pro-android","status":"publish","type":"page","link":"https:\/\/o-seznam.cz\/napoveda\/email\/aplikace\/nastaveni-aplikace\/nastaveni-pro-android\/","title":{"rendered":"Nastaven\u00ed pro Android"},"content":{"rendered":"\n<div class=\"wp-block-group is-layout-constrained wp-block-group-is-layout-constrained\">\n<div class=\"wp-block-group is-layout-constrained wp-block-group-is-layout-constrained\">\n<p>Do <strong>Nastaven\u00ed <\/strong>aplikace se dostanete p\u0159es ikonu menu, kter\u00e1 se nach\u00e1z\u00ed v prav\u00e9m horn\u00edm rohu obrazovky vedle n\u00e1zvu aktu\u00e1ln\u00ed slo\u017eky. Kliknut\u00ed na ikonu otev\u0159e panel se soupisem va\u0161ich \u00fa\u010dt\u016f, slo\u017eek a \u0161t\u00edtk\u016f. Vstup do <strong>Nastaven\u00ed <\/strong>se nach\u00e1z\u00ed ve spodn\u00ed \u010d\u00e1sti pod t\u011bmito soupisy.<\/p>\n\n\n\n<p>V <strong>Nastaven\u00ed<\/strong> aplikace lze spravovat n\u00e1sleduj\u00edc\u00ed polo\u017eky:<\/p>\n<\/div>\n\n\n\n<h3 class=\"wp-block-heading\">Vzhled aplikace<\/h3>\n\n\n\n<p>Zde naleznete 3 druhy vzhledu a p\u0159ep\u00edna\u010d na tmav\u00fd\/sv\u011btl\u00fd  podle za\u0159\u00edzen\u00ed.<\/p>\n\n\n\n<ul class=\"wp-block-list\">\n<li>V\u00fdchoz\u00ed <\/li>\n\n\n\n<li>Sv\u011btl\u00fd<\/li>\n\n\n\n<li>Tmav\u00fd<\/li>\n\n\n\n<li>P\u0159ep\u00edna\u010d re\u017eimu dle motivu za\u0159\u00edzen\u00ed &#8211; Aktivov\u00e1n\u00edm t\u00e9to volby se re\u017eim aplikace v\u017edy p\u0159izp\u016fsob\u00ed nastaven\u00ed telefonu.<\/li>\n<\/ul>\n<\/div>\n\n\n\n<div class=\"wp-block-group is-layout-constrained wp-block-group-is-layout-constrained\">\n<h3 class=\"wp-block-heading\">Syst\u00e9mov\u00e1 ozn\u00e1men\u00ed<\/h3>\n\n\n\n<p>Tato polo\u017eka slou\u017e\u00ed k rychl\u00e9mu syst\u00e9mov\u00e9mu nastaven\u00ed pro celou aplikaci. Pokud chcete pouze vypnout upozorn\u011bn\u00ed pro jednotliv\u00e9 \u00fa\u010dty, doporu\u010dujeme nastaven\u00ed \u00fa\u010dtu. Toto ozn\u00e1men\u00ed deaktivuje celou aplikaci.<\/p>\n<\/div>\n\n\n\n<div class=\"wp-block-group is-layout-constrained wp-block-group-is-layout-constrained\">\n<h3 class=\"wp-block-heading\">Zabezpe\u010den\u00ed PIN kodem<\/h3>\n\n\n\n<p>P\u0159\u00edstup do emailov\u00e9 schr\u00e1nky m\u016f\u017ee b\u00fdt je\u0161t\u011b nad r\u00e1mec hesla k emailu a zabezpe\u010den\u00ed telefonu chr\u00e1n\u011bn PIN k\u00f3dem. Zde jej lze nastavit i aktivovat. Pokud jej zapomenete tak bohu\u017eel nen\u00ed cesta jak jej obnovit, doporu\u010dujeme tedy nastaven\u00ed s rozmyslem.<\/p>\n<\/div>\n\n\n\n<div class=\"wp-block-group is-layout-constrained wp-block-group-is-layout-constrained\">\n<h3 class=\"wp-block-heading\">Nastaven\u00ed \u00fa\u010dt\u016f<\/h3>\n\n\n\n<p>Zde je vyps\u00e1n seznam schr\u00e1nek p\u0159ipojen\u00fdch do va\u0161\u00ed aplikace. Lze zde prov\u00e9st:<\/p>\n\n\n\n<ul class=\"wp-block-list\">\n<li>Vypnout nebo zapnout  upozorn\u011bn\u00ed na nov\u00fd e-mail. S v\u00fdb\u011brem konkr\u00e9tn\u00edch slo\u017eek.<\/li>\n\n\n\n<li>Nastaven\u00ed podpisu<\/li>\n<\/ul>\n<\/div>\n\n\n\n<div class=\"wp-block-group is-layout-constrained wp-block-group-is-layout-constrained\">\n<h2 class=\"wp-block-heading\">Nastavujete aplikaci t\u0159et\u00ed strany?<\/h2>\n\n\n\n<p class=\"is-style-next\">Pokud se nejedn\u00e1 o na\u0161\u00ed aplikaci Email.cz, ale o aplikaci t\u0159et\u00ed strany, bude pot\u0159eba vyplnit jednotliv\u00e9 adresy server\u016f a jejich porty. V\u0161echny pot\u0159ebn\u00e9 informace naleznete&nbsp;<a href=\"https:\/\/o-seznam.cz\/napoveda\/email\/mohlo-by-se-hodit\/postovni-programy-a-aplikace\/\">v samostatn\u00e9m \u010dl\u00e1nku zde<\/a>.<\/p>\n<\/div>\n","protected":false},"excerpt":{"rendered":"<p>Do Nastaven\u00ed aplikace se dostanete p\u0159es ikonu menu, kter\u00e1 se nach\u00e1z\u00ed v prav\u00e9m horn\u00edm rohu obrazovky vedle n\u00e1zvu aktu\u00e1ln\u00ed slo\u017eky. Kliknut\u00ed na ikonu otev\u0159e panel se soupisem va\u0161ich \u00fa\u010dt\u016f, slo\u017eek a \u0161t\u00edtk\u016f. Vstup do Nastaven\u00ed se nach\u00e1z\u00ed ve spodn\u00ed \u010d\u00e1sti pod t\u011bmito soupisy. V Nastaven\u00ed aplikace lze spravovat n\u00e1sleduj\u00edc\u00ed polo\u017eky: Vzhled aplikace Zde naleznete 3 [&hellip;]<\/p>\n","protected":false},"author":12,"featured_media":0,"parent":153,"menu_order":0,"comment_status":"closed","ping_status":"closed","template":"page-sidemenu","meta":{"_acf_changed":false,"_relevanssi_hide_post":"","_relevanssi_hide_content":"","_relevanssi_pin_for_all":"","_relevanssi_pin_keywords":"","_relevanssi_unpin_keywords":"","_relevanssi_related_keywords":"","_relevanssi_related_include_ids":"","_relevanssi_related_exclude_ids":"","_relevanssi_related_no_append":"","_relevanssi_related_not_related":"","_relevanssi_related_posts":"","_relevanssi_noindex_reason":"","footnotes":""},"page_category":[5],"page_tag":[],"service_status_category":[],"class_list":["post-1004","page","type-page","status-publish","hentry"],"acf":[],"_links":{"self":[{"href":"https:\/\/o-seznam.cz\/napoveda\/email\/wp-json\/wp\/v2\/pages\/1004","targetHints":{"allow":["GET"]}}],"collection":[{"href":"https:\/\/o-seznam.cz\/napoveda\/email\/wp-json\/wp\/v2\/pages"}],"about":[{"href":"https:\/\/o-seznam.cz\/napoveda\/email\/wp-json\/wp\/v2\/types\/page"}],"author":[{"embeddable":true,"href":"https:\/\/o-seznam.cz\/napoveda\/email\/wp-json\/wp\/v2\/users\/12"}],"replies":[{"embeddable":true,"href":"https:\/\/o-seznam.cz\/napoveda\/email\/wp-json\/wp\/v2\/comments?post=1004"}],"version-history":[{"count":10,"href":"https:\/\/o-seznam.cz\/napoveda\/email\/wp-json\/wp\/v2\/pages\/1004\/revisions"}],"predecessor-version":[{"id":1753,"href":"https:\/\/o-seznam.cz\/napoveda\/email\/wp-json\/wp\/v2\/pages\/1004\/revisions\/1753"}],"up":[{"embeddable":true,"href":"https:\/\/o-seznam.cz\/napoveda\/email\/wp-json\/wp\/v2\/pages\/153"}],"wp:attachment":[{"href":"https:\/\/o-seznam.cz\/napoveda\/email\/wp-json\/wp\/v2\/media?parent=1004"}],"wp:term":[{"taxonomy":"page_category","embeddable":true,"href":"https:\/\/o-seznam.cz\/napoveda\/email\/wp-json\/wp\/v2\/page_category?post=1004"},{"taxonomy":"page_tag","embeddable":true,"href":"https:\/\/o-seznam.cz\/napoveda\/email\/wp-json\/wp\/v2\/page_tag?post=1004"},{"taxonomy":"service_status_category","embeddable":true,"href":"https:\/\/o-seznam.cz\/napoveda\/email\/wp-json\/wp\/v2\/service_status_category?post=1004"}],"curies":[{"name":"wp","href":"https:\/\/api.w.org\/{rel}","templated":true}]}}