{"id":1002,"date":"2024-12-07T19:07:02","date_gmt":"2024-12-07T18:07:02","guid":{"rendered":"https:\/\/o-seznam.cz\/napoveda\/email\/?page_id=1002"},"modified":"2026-02-27T14:19:57","modified_gmt":"2026-02-27T13:19:57","slug":"nastaveni-pro-ios","status":"publish","type":"page","link":"https:\/\/o-seznam.cz\/napoveda\/email\/aplikace\/nastaveni-aplikace\/nastaveni-pro-ios\/","title":{"rendered":"Nastaven\u00ed pro iOS"},"content":{"rendered":"\n<div class=\"wp-block-group is-layout-constrained wp-block-group-is-layout-constrained\">\n<h2 class=\"wp-block-heading\">Nastaven\u00ed<\/h2>\n\n\n\n<p>Po kliknut\u00ed na Nastaven\u00ed se dostanete na hlavn\u00ed str\u00e1nku, kde najdete v\u00fd\u010det sv\u00fdch \u00fa\u010dt\u016f, nastaven\u00ed syst\u00e9mov\u00fdch ozn\u00e1men\u00ed, profil (kde je mo\u017en\u00e9 zm\u011bnit heslo) a d\u016fle\u017eit\u00e9 pr\u00e1vn\u00ed dokumenty, jako jsou licen\u010dn\u00ed podm\u00ednky nebo z\u00e1sady ochrany osobn\u00edch \u00fadaj\u016f.<\/p>\n<\/div>\n\n\n\n<div class=\"wp-block-group is-layout-constrained wp-block-group-is-layout-constrained\">\n<h3 class=\"wp-block-heading\">Nastaven\u00ed ozn\u00e1men\u00ed<\/h3>\n\n\n\n<p>Tato polo\u017eka slou\u017e\u00ed k rychl\u00e9mu syst\u00e9mov\u00e9mu nastaven\u00ed ozn\u00e1men\u00ed pro celou aplikaci.<br>Pokud chcete vypnout upozorn\u011bn\u00ed pouze pro konkr\u00e9tn\u00ed \u00fa\u010det, doporu\u010dujeme prov\u00e9st nastaven\u00ed p\u0159\u00edmo u dan\u00e9ho \u00fa\u010dtu.<\/p>\n<\/div>\n\n\n\n<div class=\"wp-block-group is-layout-constrained wp-block-group-is-layout-constrained\">\n<h3 class=\"wp-block-heading\">Profil u\u017eivatele<\/h3>\n\n\n\n<p class=\"is-style-next\">Profil nebo tak\u00e9 u\u010det, slou\u017e\u00ed ke kompletn\u00edmu p\u0159ehledu <a href=\"https:\/\/o-seznam.cz\/napoveda\/ucet\/\" data-type=\"link\" data-id=\"https:\/\/o-seznam.cz\/napoveda\/ucet\/\">informac\u00ed<\/a>.<br>Nalezne tu nap\u0159\u00edklad:<\/p>\n\n\n\n<ul class=\"wp-block-list is-style-default\">\n<li>Zm\u011bnu hesla <a class=\"is-style-link-external\" href=\"https:\/\/o-seznam.cz\/napoveda\/ucet\/zabezpeceni-uctu\/\" data-type=\"link\" data-id=\"https:\/\/o-seznam.cz\/napoveda\/ucet\/zabezpeceni-uctu\/\">Zabezpe\u010den\u00ed u\u010dtu<\/a><\/li>\n\n\n\n<li>Zm\u011bnu osobn\u00edch <a class=\"is-style-link-external\" href=\"https:\/\/o-seznam.cz\/napoveda\/ucet\/osobni-udaje\/zmena\/\" data-type=\"link\" data-id=\"https:\/\/o-seznam.cz\/napoveda\/ucet\/osobni-udaje\/zmena\/\">\u00fadaj\u016f<\/a><\/li>\n\n\n\n<li>Mo\u017enost zru\u0161en\u00ed \u00fa\u010dtu a jin\u00e1 d\u016fle\u017eit\u00e1 nastaven\u00ed a volby.<\/li>\n<\/ul>\n<\/div>\n\n\n\n<div class=\"wp-block-group is-layout-constrained wp-block-group-is-layout-constrained\">\n<h2 class=\"wp-block-heading\" id=\"Nastaven\u00ed-\u00fa\u010dtu\">P\u0159ej\u00edt na n\u00e1pov\u011bdu aplikace<\/h2>\n\n\n\n<p>Tato volba v\u00e1s odvede na str\u00e1nky s n\u00e1pov\u011bdou<\/p>\n\n\n\n<div class=\"wp-block-group is-layout-constrained wp-block-group-is-layout-constrained\">\n<h3 class=\"wp-block-heading\">Napsat zp\u011btnou vazbu<\/h3>\n\n\n\n<p>Zde je mo\u017en\u00e9 n\u00e1s kontaktovat jak s n\u011bjak\u00fdm n\u00e1padem nebo popsat chybu v aplikaci.<br>V tom p\u0159\u00edpad\u011b pros\u00edme, abyste n\u00e1m poskytli n\u00e1sleduj\u00edc\u00ed \u00fadaje:<br>D\u00edky t\u011bmto informac\u00edm budeme schopni v\u00e1\u0161 probl\u00e9m analyzovat a poskytnout v\u00e1m konkr\u00e9tn\u00ed a efektivn\u00ed \u0159e\u0161en\u00ed.<\/p>\n<\/div>\n\n\n\n<ul class=\"wp-block-list\">\n<li><strong>Popis probl\u00e9mu:<\/strong> Co p\u0159esn\u011b se d\u011bje? Jak\u00e9 kroky vedly k probl\u00e9mu?<\/li>\n\n\n\n<li><strong>Verze aplikace:<\/strong> Kterou verzi aplikace pou\u017e\u00edv\u00e1te? (Pokud nev\u00edte, kde tuto informaci naj\u00edt, r\u00e1di v\u00e1m porad\u00edme.)<\/li>\n\n\n\n<li><strong>Opera\u010dn\u00ed syst\u00e9m:<\/strong> Jak\u00fd opera\u010dn\u00ed syst\u00e9m pou\u017e\u00edv\u00e1te? (Windows, macOS, Linux, Android, iOS)<\/li>\n\n\n\n<li><strong>\u010cas a datum v\u00fdskytu probl\u00e9mu:<\/strong> Kdy se probl\u00e9m poprv\u00e9 objevil a jak \u010dasto k n\u011bmu doch\u00e1z\u00ed?<\/li>\n\n\n\n<li><strong>Dal\u0161\u00ed relevantn\u00ed informace:<\/strong> Jak\u00e9koli dal\u0161\u00ed informace, kter\u00e9 by mohly b\u00fdt u\u017eite\u010dn\u00e9 pro identifikaci a \u0159e\u0161en\u00ed probl\u00e9mu.<\/li>\n<\/ul>\n\n\n\n<div class=\"wp-block-group is-layout-constrained wp-block-group-is-layout-constrained\">\n<h3 class=\"wp-block-heading\"><strong>Licen\u010dn\u00ed podm\u00ednky<\/strong>&nbsp;<\/h3>\n\n\n\n<p class=\"is-style-next\">Tyto podm\u00ednky jste odsouhlasili, pro zp\u011btnou kontrolu jsou k dohled\u00e1n\u00ed\u00a0<a href=\"https:\/\/o-seznam.cz\/napoveda\/email\/smluvni-podminky\/\">zde<\/a>.\u00a0<\/p>\n<\/div>\n\n\n\n<div class=\"wp-block-group is-layout-constrained wp-block-group-is-layout-constrained\">\n<h3 class=\"wp-block-heading\"><strong>Ochrana osobn\u00edch \u00fadaj\u016f<\/strong>&nbsp;<\/h3>\n\n\n\n<p class=\"is-style-link-external\">Informace o tom, jak chr\u00e1n\u00edme va\u0161e osobn\u00ed \u00fadaje, naleznete&nbsp;<a href=\"https:\/\/o-seznam.cz\/pravni-informace\/ochrana-udaju\/\" target=\"_blank\" rel=\"noreferrer noopener\">zde<\/a>.<\/p>\n<\/div>\n<\/div>\n\n\n\n<div class=\"wp-block-group is-layout-constrained wp-block-group-is-layout-constrained\">\n<h2 class=\"wp-block-heading\">Nastavujete aplikaci t\u0159et\u00ed strany?<\/h2>\n\n\n\n<div class=\"wp-block-group is-layout-constrained wp-block-group-is-layout-constrained\">\n<h3 class=\"wp-block-heading\">Podpis<\/h3>\n\n\n\n<p>Nastaven\u00ed podpisu pro tento \u00fa\u010det se nep\u0159id\u00e1v\u00e1 do e-mail\u016f odes\u00edlan\u00fdch z PC. Toto nastaven\u00ed podpisu plat\u00ed pouze pro odes\u00edl\u00e1n\u00ed e-mail\u016f z aplikace.<br>Pokud chcete pou\u017e\u00edvat stejn\u00fd podpis jako v e-mailov\u00e9 schr\u00e1nce, m\u016f\u017eete jej zde zvolit.<\/p>\n<\/div>\n\n\n\n<div class=\"wp-block-group is-layout-constrained wp-block-group-is-layout-constrained\">\n<h2 class=\"wp-block-heading\">Upozorn\u011bn\u00ed na nov\u00e9 zpr\u00e1vy<\/h2>\n\n\n\n<p>Toto nastaven\u00ed upravuje upozorn\u011bn\u00ed pouze pro konkr\u00e9tn\u00ed \u00fa\u010det. U sd\u00edlen\u00fdch schr\u00e1nek je pot\u0159eba upozorn\u011bn\u00ed vypnout samostatn\u011b.&nbsp;<\/p>\n\n\n\n<p>N\u00e1sleduj\u00edc\u00ed sekce nastavuj\u00ed chov\u00e1n\u00ed cel\u00e9 e-mailov\u00e9 schr\u00e1nky, nikoliv pouze aplikace. Jsou tedy dostupn\u00e9 pouze p\u0159i aktivn\u00edm internetov\u00e9m p\u0159ipojen\u00ed.&nbsp;<\/p>\n\n\n\n<p class=\"is-style-link-external\">Podrobnosti o nastaven\u00ed naleznete zde. Nastavit lze t\u00e9m\u011b\u0159 v\u0161e, nicm\u00e9n\u011b spr\u00e1va je na webu p\u0159ehledn\u011bj\u0161\u00ed. Na&nbsp;<a href=\"http:\/\/www.email.cz\/\" target=\"_blank\" rel=\"noreferrer noopener\">www.email.cz<\/a>&nbsp;je nastaven\u00ed pohodln\u011bj\u0161\u00ed d\u00edky v\u011bt\u0161\u00edmu displeji a lep\u0161\u00edmu rozlo\u017een\u00ed ovl\u00e1dac\u00edch prvk\u016f.&nbsp;<\/p>\n<\/div>\n\n\n\n<div class=\"wp-block-group is-layout-constrained wp-block-group-is-layout-constrained\">\n<h3 class=\"wp-block-heading\">Sekce pravidla<\/h3>\n\n\n\n<p>Tato sekce umo\u017e\u0148uje nastavit automatick\u00e1 pravidla pro t\u0159\u00edd\u011bn\u00ed p\u0159\u00edchoz\u00edch zpr\u00e1v.<br>M\u016f\u017eete ur\u010dit podm\u00ednky, podle kter\u00fdch se e-maily p\u0159esunou do vybran\u00e9 slo\u017eky, ozna\u010d\u00ed \u0161t\u00edtkem nebo jinak zpracuj\u00ed.<\/p>\n<\/div>\n\n\n\n<div class=\"wp-block-group is-layout-constrained wp-block-group-is-layout-constrained\">\n<h3 class=\"wp-block-heading\">Sekce hromadn\u00e9<\/h3>\n\n\n\n<p>Zde m\u016f\u017eete nastavit, zda se e-maily vyhodnocen\u00e9 jako hromadn\u00e9 budou doru\u010dovat do slo\u017eky Hromadn\u00e9 a zda bude aktivn\u00ed jejich automatick\u00e9 maz\u00e1n\u00ed.<br>Pom\u00e1h\u00e1me tak odd\u011blit b\u011b\u017enou komunikaci od reklamn\u00edch sd\u011blen\u00ed a udr\u017eet hlavn\u00ed doru\u010denou po\u0161tu p\u0159ehlednou.<\/p>\n<\/div>\n\n\n\n<div class=\"wp-block-group is-layout-constrained wp-block-group-is-layout-constrained\">\n<h3 class=\"wp-block-heading\">Sekce spam<\/h3>\n\n\n\n<p>Do slo\u017eky Spam za\u0159azujeme zpr\u00e1vy, kter\u00e9 byly vyhodnoceny jako z\u00e1vadn\u00e9 nebo nevy\u017e\u00e1dan\u00e9.<br>Pat\u0159\u00ed mezi n\u011b zpr\u00e1vy vykazuj\u00edc\u00ed znaky podvodu (phishing), ale i zpr\u00e1vy od komer\u010dn\u00edch odes\u00edlatel\u016f, kte\u0159\u00ed nedodr\u017euj\u00ed pravidla a z\u00e1sady e-mailingu.<\/p>\n\n\n\n<p>Zde si m\u016f\u017eete nastavit vlastn\u00ed pravidla:<\/p>\n\n\n\n<ul class=\"wp-block-list\">\n<li>ur\u010dit odes\u00edlatele, jejich\u017e e-maily budou automaticky za\u0159azov\u00e1ny do slo\u017eky Spam<\/li>\n\n\n\n<li>ur\u010dit odes\u00edlatele, jejich\u017e e-maily budou za\u0159azov\u00e1ny do slo\u017eky Hromadn\u00e9<\/li>\n\n\n\n<li>p\u0159idat adresy do seznamu povolen\u00fdch kontakt\u016f (adresy, kter\u00fdm pln\u011b d\u016fv\u011b\u0159ujete a jejich\u017e zpr\u00e1vy nebudou automaticky t\u0159\u00edd\u011bny)<\/li>\n<\/ul>\n<\/div>\n\n\n\n<div class=\"wp-block-group is-layout-constrained wp-block-group-is-layout-constrained\">\n<h3 class=\"wp-block-heading\"><strong>Sekce ko\u0161&nbsp;<\/strong>&nbsp;<\/h3>\n\n\n\n<p>Zde je mo\u017en\u00e9 nastavit automatick\u00e9 odstra\u0148ov\u00e1n\u00ed e-mailov\u00fdch zpr\u00e1v ze slo\u017eky Ko\u0161.&nbsp;<\/p>\n<\/div>\n\n\n\n<div class=\"wp-block-group is-layout-constrained wp-block-group-is-layout-constrained\">\n<h3 class=\"wp-block-heading\"><strong>Sekce vlastn\u00ed slo\u017eky<\/strong>&nbsp;<\/h3>\n\n\n\n<p>Tato sekce umo\u017e\u0148uje vytv\u00e1\u0159et a spravovat vlastn\u00ed slo\u017eky podle va\u0161ich pot\u0159eb. Pom\u00e1h\u00e1 l\u00e9pe organizovat e-maily nap\u0159\u00edklad podle projekt\u016f, z\u00e1kazn\u00edk\u016f nebo t\u00e9mat.&nbsp;<\/p>\n<\/div>\n\n\n\n<div class=\"wp-block-group is-layout-constrained wp-block-group-is-layout-constrained\">\n<h3 class=\"wp-block-heading\"><strong>Sekce \u0161t\u00edtky<\/strong>&nbsp;<\/h3>\n\n\n\n<p>\u0160t\u00edtky slou\u017e\u00ed k rychl\u00e9mu ozna\u010den\u00ed a kategorizaci zpr\u00e1v bez nutnosti jejich p\u0159esouv\u00e1n\u00ed mezi slo\u017ekami. D\u00edky nim m\u016f\u017eete jeden e-mail za\u0159adit do v\u00edce t\u00e9mat sou\u010dasn\u011b a snadno jej pozd\u011bji vyhledat.&nbsp;<\/p>\n<\/div>\n\n\n\n<div class=\"wp-block-group is-layout-constrained wp-block-group-is-layout-constrained\">\n<h3 class=\"wp-block-heading\"><strong>Nastavujete aplikaci t\u0159et\u00ed strany?<\/strong>&nbsp;<\/h3>\n\n\n\n<p class=\"is-style-next\">Pokud se nejedn\u00e1 o na\u0161\u00ed aplikaci Email.cz, ale o aplikaci t\u0159et\u00ed strany, bude pot\u0159eba vyplnit jednotliv\u00e9 adresy server\u016f a jejich porty. V\u0161echny pot\u0159ebn\u00e9 informace naleznete\u00a0<a href=\"https:\/\/o-seznam.cz\/napoveda\/email\/mohlo-by-se-hodit\/postovni-programy-a-aplikace\/\">v samostatn\u00e9m \u010dl\u00e1nku zde<\/a>.\u00a0<\/p>\n<\/div>\n<\/div>\n","protected":false},"excerpt":{"rendered":"<p>Nastaven\u00ed Po kliknut\u00ed na Nastaven\u00ed se dostanete na hlavn\u00ed str\u00e1nku, kde najdete v\u00fd\u010det sv\u00fdch \u00fa\u010dt\u016f, nastaven\u00ed syst\u00e9mov\u00fdch ozn\u00e1men\u00ed, profil (kde je mo\u017en\u00e9 zm\u011bnit heslo) a d\u016fle\u017eit\u00e9 pr\u00e1vn\u00ed dokumenty, jako jsou licen\u010dn\u00ed podm\u00ednky nebo z\u00e1sady ochrany osobn\u00edch \u00fadaj\u016f. Nastaven\u00ed ozn\u00e1men\u00ed Tato polo\u017eka slou\u017e\u00ed k rychl\u00e9mu syst\u00e9mov\u00e9mu nastaven\u00ed ozn\u00e1men\u00ed pro celou aplikaci.Pokud chcete vypnout upozorn\u011bn\u00ed pouze pro [&hellip;]<\/p>\n","protected":false},"author":12,"featured_media":0,"parent":153,"menu_order":0,"comment_status":"closed","ping_status":"closed","template":"page-sidemenu","meta":{"_acf_changed":false,"_relevanssi_hide_post":"","_relevanssi_hide_content":"","_relevanssi_pin_for_all":"","_relevanssi_pin_keywords":"","_relevanssi_unpin_keywords":"","_relevanssi_related_keywords":"","_relevanssi_related_include_ids":"","_relevanssi_related_exclude_ids":"","_relevanssi_related_no_append":"","_relevanssi_related_not_related":"","_relevanssi_related_posts":"","_relevanssi_noindex_reason":"","footnotes":""},"page_category":[5],"page_tag":[],"service_status_category":[],"class_list":["post-1002","page","type-page","status-publish","hentry"],"acf":[],"_links":{"self":[{"href":"https:\/\/o-seznam.cz\/napoveda\/email\/wp-json\/wp\/v2\/pages\/1002","targetHints":{"allow":["GET"]}}],"collection":[{"href":"https:\/\/o-seznam.cz\/napoveda\/email\/wp-json\/wp\/v2\/pages"}],"about":[{"href":"https:\/\/o-seznam.cz\/napoveda\/email\/wp-json\/wp\/v2\/types\/page"}],"author":[{"embeddable":true,"href":"https:\/\/o-seznam.cz\/napoveda\/email\/wp-json\/wp\/v2\/users\/12"}],"replies":[{"embeddable":true,"href":"https:\/\/o-seznam.cz\/napoveda\/email\/wp-json\/wp\/v2\/comments?post=1002"}],"version-history":[{"count":8,"href":"https:\/\/o-seznam.cz\/napoveda\/email\/wp-json\/wp\/v2\/pages\/1002\/revisions"}],"predecessor-version":[{"id":1702,"href":"https:\/\/o-seznam.cz\/napoveda\/email\/wp-json\/wp\/v2\/pages\/1002\/revisions\/1702"}],"up":[{"embeddable":true,"href":"https:\/\/o-seznam.cz\/napoveda\/email\/wp-json\/wp\/v2\/pages\/153"}],"wp:attachment":[{"href":"https:\/\/o-seznam.cz\/napoveda\/email\/wp-json\/wp\/v2\/media?parent=1002"}],"wp:term":[{"taxonomy":"page_category","embeddable":true,"href":"https:\/\/o-seznam.cz\/napoveda\/email\/wp-json\/wp\/v2\/page_category?post=1002"},{"taxonomy":"page_tag","embeddable":true,"href":"https:\/\/o-seznam.cz\/napoveda\/email\/wp-json\/wp\/v2\/page_tag?post=1002"},{"taxonomy":"service_status_category","embeddable":true,"href":"https:\/\/o-seznam.cz\/napoveda\/email\/wp-json\/wp\/v2\/service_status_category?post=1002"}],"curies":[{"name":"wp","href":"https:\/\/api.w.org\/{rel}","templated":true}]}}