{"id":8,"date":"2024-10-21T11:54:23","date_gmt":"2024-10-21T09:54:23","guid":{"rendered":"https:\/\/o-seznam.cz\/napoveda\/diskuze\/?page_id=8"},"modified":"2026-03-16T11:18:27","modified_gmt":"2026-03-16T10:18:27","slug":"napoveda-diskuze","status":"publish","type":"page","link":"https:\/\/o-seznam.cz\/napoveda\/diskuze\/","title":{"rendered":"N\u00e1pov\u011bda Seznam Diskuze a Lid\u00e9.cz"},"content":{"rendered":"\n<div class=\"wp-block-group alignwide is-layout-constrained wp-block-group-is-layout-constrained\">\n<div class=\"wp-block-group alignwide is-layout-constrained wp-block-group-is-layout-constrained\"><div class=\"alignwide alignwide wp-block-seznam-hero\"><div class=\"cover is-hero is-hero-default bg-neutral-40\"><img decoding=\"async\" src=\"https:\/\/o-seznam.cz\/napoveda\/diskuze\/wp-content\/themes\/seznam\/patterns\/images\/seznam-cover.jpg\" class=\"cover__media\" alt=\"\" \/><div class=\"cover__dim\" style=\"opacity:0.45\"><\/div><div class=\"cover__content is-layout-constrained\">\n\n<h1 class=\"wp-block-heading has-text-align-left\">N\u00e1pov\u011bda<br>Seznam Diskuze a Lid\u00e9.cz<\/h1>\n\n\n\n<div class=\"wp-block-group is-content-justification-left is-layout-constrained wp-container-core-group-is-layout-59d06cab wp-block-group-is-layout-constrained\">\n<p>Praktick\u00e9 rady, jak zve\u0159ej\u0148ovat sv\u00e9 n\u00e1zory k \u010dl\u00e1nk\u016fm \u010di vide\u00edm, jak reagovat na p\u0159\u00edsp\u011bvky jin\u00fdch u\u017eivatel\u016f a hodnotit je nebo t\u0159eba podm\u00ednky vstupu do diskuz\u00ed.<\/p>\n<\/div>\n\n<\/div><\/div><\/div>\n\n\n<\/div>\n<\/div>\n\n\n\n<div class=\"wp-block-group is-layout-constrained wp-block-group-is-layout-constrained\">\n<h2 class=\"wp-block-heading\">Nej\u010dast\u011bj\u0161\u00ed dotazy<\/h2>\n\n\n\n<div class=\"accordion\">\n\t<div class=\"accordion__items\">\n\n<details class=\"expander is-style-default\">\n\t<summary data-datalayer-name=\"\" data-datalayer-text=\"M\u00e1m zablokovan\u00fd \u00fa\u010det nebo byl m\u016fj p\u0159\u00edsp\u011bvek smaz\u00e1n. Co m\u00e1m d\u011blat?    \">\n\t\t\t\t<strong>M\u00e1m zablokovan\u00fd \u00fa\u010det nebo byl m\u016fj p\u0159\u00edsp\u011bvek smaz\u00e1n. Co m\u00e1m d\u011blat?    <\/strong>\n\t\t\t<\/summary>\n\t<div class=\"inner-blocks\">\n\n<p>Na v\u00e1\u0161 e-mail dorazila ze slu\u017eby Diskuze zpr\u00e1va s d\u016fvody blokace a n\u00e1vrhy mo\u017en\u00fdch \u0159e\u0161en\u00ed. Pros\u00edme, postupujte nejprve dle doporu\u010den\u00fdch krok\u016f, p\u0159\u00edpadn\u011b odpov\u011bzte na doru\u010denou zpr\u00e1vu nebo n\u00e1sledn\u011b kontaktujte spr\u00e1vce Diskuz\u00ed na adrese lide-diskuze@firma.seznam.cz.<\/p>\n\n\n\n<p>U\u017eivatelsk\u00e1 podpora nem\u00e1 mo\u017enosti prov\u011b\u0159ovat stavy blokac\u00ed ani obsahy p\u0159\u00edsp\u011bvk\u016f na slu\u017eb\u011b Diskuze. Tyto mo\u017enosti p\u0159\u00edslu\u0161\u00ed pouze spr\u00e1vc\u016fm Diskuz\u00ed.<\/p>\n\n<\/div><\/details>\n\n\n\n<details class=\"expander is-style-default\">\n\t<summary data-datalayer-name=\"\" data-datalayer-text=\"Kde najdu v\u0161echny sv\u00e9 p\u0159\u00edsp\u011bvky?\">\n\t\t\t\t<strong>Kde najdu v\u0161echny sv\u00e9 p\u0159\u00edsp\u011bvky?<\/strong>\n\t\t\t<\/summary>\n\t<div class=\"inner-blocks\">\n\n<p>Seznam sv\u00fdch p\u0159\u00edsp\u011bvk\u016f m\u016f\u017eete naj\u00edt ve ve\u0159ejn\u00e9m profilu. Do profilu se dostanete nap\u0159\u00edklad z domovsk\u00e9 str\u00e1nky Seznam.cz. Sta\u010d\u00ed se p\u0159ihl\u00e1sit v prav\u00e9m horn\u00edm rohu a n\u00e1sledn\u011b kliknout na inici\u00e1ly \/ profilov\u00fd obr\u00e1zek sv\u00e9ho \u00fa\u010dtu a zvolit mo\u017enost &#8222;Profil na Lid\u00e9&#8220;.<\/p>\n\n<\/div><\/details>\n\n<\/div><\/div>\n\n<\/div>\n\n\n\n<div class=\"wp-block-group is-layout-constrained wp-block-group-is-layout-constrained\">\n<h2 class=\"wp-block-heading\">N\u00e1pov\u011bda pro Seznam Diskuze a Lid\u00e9.cz<\/h2>\n\n\n<div class=\"wp-block-seznam-list-pages\"><div>\n<div style=\"--seznam-tiles--columns:3\" class=\"wp-block-seznam-tiles has-columns-3\"><div class=\"inner-blocks\">\n<div class=\"block-boxlink\"><a class=\"boxlink boxlink--icon-arrow boxlink--align-y-center px-f8 py-f4\" href=\"https:\/\/o-seznam.cz\/napoveda\/diskuze\/vstup-do-diskuze\/\"><div class=\"inner-blocks\">Vstup<\/div><\/a><\/div><div class=\"block-boxlink\"><a class=\"boxlink boxlink--icon-arrow boxlink--align-y-center px-f8 py-f4\" href=\"https:\/\/o-seznam.cz\/napoveda\/diskuze\/moznosti-overeni-identity\/\"><div class=\"inner-blocks\">Ov\u011b\u0159en\u00ed identity<\/div><\/a><\/div><div class=\"block-boxlink\"><a class=\"boxlink boxlink--icon-arrow boxlink--align-y-center px-f8 py-f4\" href=\"https:\/\/o-seznam.cz\/napoveda\/diskuze\/banovani\/\"><div class=\"inner-blocks\">Banov\u00e1n\u00ed<\/div><\/a><\/div><div class=\"block-boxlink\"><a class=\"boxlink boxlink--icon-arrow boxlink--align-y-center px-f8 py-f4\" href=\"https:\/\/o-seznam.cz\/napoveda\/diskuze\/prepis-smajliku-na-emoji\/\"><div class=\"inner-blocks\">P\u0159epis smajl\u00edk\u016f<\/div><\/a><\/div><div class=\"block-boxlink\"><a class=\"boxlink boxlink--icon-arrow boxlink--align-y-center px-f8 py-f4\" href=\"https:\/\/o-seznam.cz\/napoveda\/diskuze\/formatovani-textu\/\"><div class=\"inner-blocks\">Form\u00e1tov\u00e1n\u00ed textu<\/div><\/a><\/div><div class=\"block-boxlink\"><a class=\"boxlink boxlink--icon-arrow boxlink--align-y-center px-f8 py-f4\" href=\"https:\/\/o-seznam.cz\/napoveda\/diskuze\/seznam-uzivatelu\/\"><div class=\"inner-blocks\">Seznam u\u017eivatel\u016f<\/div><\/a><\/div><div class=\"block-boxlink\"><a class=\"boxlink boxlink--icon-arrow boxlink--align-y-center px-f8 py-f4\" href=\"https:\/\/o-seznam.cz\/napoveda\/diskuze\/potize-s-prihlasenim-do-diskuze\/\"><div class=\"inner-blocks\">Pot\u00ed\u017ee s p\u0159ihl\u00e1\u0161en\u00edm<\/div><\/a><\/div><div class=\"block-boxlink\"><a class=\"boxlink boxlink--icon-arrow boxlink--align-y-center px-f8 py-f4\" href=\"https:\/\/o-seznam.cz\/napoveda\/diskuze\/smluvni-podminky\/\"><div class=\"inner-blocks\">Smluvn\u00ed podm\u00ednky<\/div><\/a><\/div><div class=\"block-boxlink\"><a class=\"boxlink boxlink--icon-arrow boxlink--align-y-center px-f8 py-f4\" href=\"https:\/\/o-seznam.cz\/napoveda\/diskuze\/diskuze-na-lide-cz\/\"><div class=\"inner-blocks\">Lid\u00e9.cz<\/div><\/a><\/div><div class=\"block-boxlink\"><a class=\"boxlink boxlink--icon-arrow boxlink--align-y-center px-f8 py-f4\" href=\"https:\/\/o-seznam.cz\/napoveda\/diskuze\/mohlo-by-vas-zajimat\/\"><div class=\"inner-blocks\">Mohlo by v\u00e1s zaj\u00edmat<\/div><\/a><\/div><\/div><\/div>\n\n<\/div><\/div>\n<\/div>\n\n\n\n<div class=\"wp-block-group is-layout-constrained wp-block-group-is-layout-constrained\">\n<h2 class=\"wp-block-heading\">Mohlo by v\u00e1s zaj\u00edmat<\/h2>\n\n\n\n<div class=\"wp-block-seznam-tiles has-columns-2\" style=\"--seznam-tiles--columns:2\"><div class=\"inner-blocks\"><div class=\"block-boxlink\"><a class=\"boxlink boxlink--icon-external px-f8 py-f4\" href=\"https:\/\/o-seznam.cz\/odpovednost\/dezinformace\/fact-checking\/\" target=\"_blank\"><div class=\"inner-blocks\">\n\n<p>Datab\u00e1ze fact-check\u016f<\/p>\n\n<\/div><\/a><\/div>\n\n<div class=\"block-boxlink\"><a class=\"boxlink boxlink--icon-external px-f8 py-f4\" href=\"https:\/\/www.seznamdiskuze.cz\/\" target=\"_blank\"><div class=\"inner-blocks\">\n\n<p>Pro v\u00fdvoj\u00e1\u0159e<\/p>\n\n<\/div><\/a><\/div>\n\n<div class=\"block-boxlink\"><a class=\"boxlink boxlink--icon-arrow px-f8 py-f4\" href=\"https:\/\/o-seznam.cz\/napoveda\/diskuze\/mohlo-by-vas-zajimat\/zprava-o-moderaci-dle-dsa\/\"><div class=\"inner-blocks\">\n\n<p>Zpr\u00e1va o moderaci dle DSA<\/p>\n\n<\/div><\/a><\/div><\/div><\/div>\n<\/div>\n","protected":false},"excerpt":{"rendered":"<p>Nej\u010dast\u011bj\u0161\u00ed dotazy N\u00e1pov\u011bda pro Seznam Diskuze a Lid\u00e9.cz Mohlo by v\u00e1s zaj\u00edmat<\/p>\n","protected":false},"author":2,"featured_media":0,"parent":0,"menu_order":0,"comment_status":"closed","ping_status":"closed","template":"page-no-head","meta":{"_acf_changed":false,"_relevanssi_hide_post":"","_relevanssi_hide_content":"","_relevanssi_pin_for_all":"","_relevanssi_pin_keywords":"","_relevanssi_unpin_keywords":"","_relevanssi_related_keywords":"","_relevanssi_related_include_ids":"","_relevanssi_related_exclude_ids":"","_relevanssi_related_no_append":"","_relevanssi_related_not_related":"","_relevanssi_related_posts":"","_relevanssi_noindex_reason":"","footnotes":""},"page_category":[],"page_tag":[],"service_status_category":[14,27],"class_list":["post-8","page","type-page","status-publish","hentry"],"acf":[],"_links":{"self":[{"href":"https:\/\/o-seznam.cz\/napoveda\/diskuze\/wp-json\/wp\/v2\/pages\/8","targetHints":{"allow":["GET"]}}],"collection":[{"href":"https:\/\/o-seznam.cz\/napoveda\/diskuze\/wp-json\/wp\/v2\/pages"}],"about":[{"href":"https:\/\/o-seznam.cz\/napoveda\/diskuze\/wp-json\/wp\/v2\/types\/page"}],"author":[{"embeddable":true,"href":"https:\/\/o-seznam.cz\/napoveda\/diskuze\/wp-json\/wp\/v2\/users\/2"}],"replies":[{"embeddable":true,"href":"https:\/\/o-seznam.cz\/napoveda\/diskuze\/wp-json\/wp\/v2\/comments?post=8"}],"version-history":[{"count":21,"href":"https:\/\/o-seznam.cz\/napoveda\/diskuze\/wp-json\/wp\/v2\/pages\/8\/revisions"}],"predecessor-version":[{"id":207,"href":"https:\/\/o-seznam.cz\/napoveda\/diskuze\/wp-json\/wp\/v2\/pages\/8\/revisions\/207"}],"wp:attachment":[{"href":"https:\/\/o-seznam.cz\/napoveda\/diskuze\/wp-json\/wp\/v2\/media?parent=8"}],"wp:term":[{"taxonomy":"page_category","embeddable":true,"href":"https:\/\/o-seznam.cz\/napoveda\/diskuze\/wp-json\/wp\/v2\/page_category?post=8"},{"taxonomy":"page_tag","embeddable":true,"href":"https:\/\/o-seznam.cz\/napoveda\/diskuze\/wp-json\/wp\/v2\/page_tag?post=8"},{"taxonomy":"service_status_category","embeddable":true,"href":"https:\/\/o-seznam.cz\/napoveda\/diskuze\/wp-json\/wp\/v2\/service_status_category?post=8"}],"curies":[{"name":"wp","href":"https:\/\/api.w.org\/{rel}","templated":true}]}}