{"id":30,"date":"2024-10-24T12:15:32","date_gmt":"2024-10-24T10:15:32","guid":{"rendered":"https:\/\/o-seznam.cz\/napoveda\/diskuze\/?page_id=30"},"modified":"2024-12-08T23:38:10","modified_gmt":"2024-12-08T22:38:10","slug":"potize-s-prihlasenim-do-diskuze","status":"publish","type":"page","link":"https:\/\/o-seznam.cz\/napoveda\/diskuze\/potize-s-prihlasenim-do-diskuze\/","title":{"rendered":"Pot\u00ed\u017ee s p\u0159ihl\u00e1\u0161en\u00edm do diskuze"},"content":{"rendered":"\n<div class=\"wp-block-group is-layout-constrained wp-block-group-is-layout-constrained\">\n<p>Pokud p\u0159ihl\u00e1\u0161en\u00ed do diskuz\u00ed sel\u017ee, doporu\u010dujeme prov\u011b\u0159it n\u00e1sleduj\u00edc\u00ed d\u016fvody spojen\u00e9 s nastaven\u00edm prohl\u00ed\u017ee\u010de<\/p>\n\n\n\n<h2 class=\"wp-block-heading\"><strong>Dopl\u0148ky blokuj\u00edc\u00ed reklamu <\/strong><\/h2>\n\n\n\n<p>R\u016fzn\u00e9 dopl\u0148ky pro blokaci reklam mohou blokovat i d\u016fle\u017eit\u00e9 \u010d\u00e1sti komunikace prohl\u00ed\u017ee\u010de se str\u00e1nkou. Stejn\u011b tak funkce blokov\u00e1n\u00ed reklam v prohl\u00ed\u017ee\u010d\u00edch, kter\u00e9 toto nastaven\u00ed ji\u017e samy obsahuj\u00ed.<br><br><strong>Chov\u00e1n\u00ed:<\/strong> Informace o p\u0159ihl\u00e1\u0161en\u00ed pak nemus\u00ed do diskuzn\u00edho modulu doputovat a a\u010dkoliv jste na str\u00e1nce p\u0159ihl\u00e1\u0161eni, v diskuzn\u00edm modulu se st\u00e1le bude zobrazovat po\u017eadavek na p\u0159ihl\u00e1\u0161en\u00ed.<br><br><strong>\u0158e\u0161en\u00ed:<\/strong> Doporu\u010dujeme dopl\u0148ky \u010di funkce prohl\u00ed\u017ee\u010de pro blokaci reklamy vypnout.<br>&nbsp;<\/p>\n\n\n\n<h2 class=\"wp-block-heading\"><strong>Anonymn\u00ed okno prohl\u00ed\u017ee\u010de <\/strong><\/h2>\n\n\n\n<p>Onu &#8222;anonymitu&#8220; okna prohl\u00ed\u017ee\u010d zaji\u0161\u0165uje tak, \u017ee z\u00e1m\u011brn\u011b blokuje n\u011bkter\u00e9 \u010d\u00e1sti a funkce str\u00e1nky, co\u017e v\u0161ak tak\u00e9 m\u016f\u017ee m\u00edt za n\u00e1sledek nep\u0159enesen\u00ed informace o p\u0159ihl\u00e1\u0161en\u00ed v diskuzn\u00edm modulu.<br><br><strong>Chov\u00e1n\u00ed:<\/strong> Informace o p\u0159ihl\u00e1\u0161en\u00ed pak nemus\u00ed do diskuzn\u00edho modulu doputovat a a\u010dkoliv jste na str\u00e1nce p\u0159ihl\u00e1\u0161eni, v diskuzn\u00edm modulu se st\u00e1le bude zobrazovat po\u017eadavek na p\u0159ihl\u00e1\u0161en\u00ed.<br><br><strong>\u0158e\u0161en\u00ed:<\/strong> V takov\u00e9m p\u0159\u00edpad\u011b doporu\u010dujeme pou\u017e\u00edvat diskuze v b\u011b\u017en\u00e9m neanonymn\u00edm okn\u011b prohl\u00ed\u017ee\u010de.<br>&nbsp;<\/p>\n\n\n\n<h2 class=\"wp-block-heading\"><strong>Cookies t\u0159et\u00edch stran<\/strong><\/h2>\n\n\n\n<p>Funkce diskuzn\u00edho modulu je z\u00e1visl\u00e1 na spolupr\u00e1ci r\u016fzn\u00fdch \u010d\u00e1st\u00ed str\u00e1nky a technologick\u00fdch i bezpe\u010dnostn\u00edch \u0159e\u0161en\u00ed. V r\u00e1mci t\u00e9to komunikace mohou b\u00fdt tzv. cookies t\u0159et\u00edch stran pro spr\u00e1vn\u00e9 fungov\u00e1n\u00ed diskuze nezbytn\u00e9.<br><br><strong>Chov\u00e1n\u00ed:<\/strong>&nbsp;pokud v prohl\u00ed\u017ee\u010di nastav\u00edte mo\u017enost tzv. blokov\u00e1n\u00ed ukl\u00e1d\u00e1n\u00ed cookies t\u0159et\u00edch stran, informace o p\u0159ihl\u00e1\u0161en\u00ed pak nemus\u00ed do diskuzn\u00edho modulu doputovat a a\u010dkoliv jste na str\u00e1nce p\u0159ihl\u00e1\u0161eni, v diskuzn\u00edm modulu se st\u00e1le bude zobrazovat po\u017eadavek na p\u0159ihl\u00e1\u0161en\u00ed.<br><br><strong>\u0158e\u0161en\u00ed:<\/strong>&nbsp;Povolte v prohl\u00ed\u017ee\u010di p\u0159\u00edjem cookies t\u0159et\u00edch stran, p\u0159\u00edpadn\u011b alespo\u0148 p\u0159idejte v\u00fdjimku pro dom\u00e9nu \u201eseznam.cz\u201c.<br>&nbsp;<\/p>\n<\/div>\n\n\n\n<div class=\"wp-block-group is-layout-constrained wp-block-group-is-layout-constrained\">\n<h2 class=\"wp-block-heading\"><strong>Intelligent Tracking Prevention na macOS a iOS <\/strong><\/h2>\n\n\n\n<p>Je mo\u017en\u00e9, \u017ee v\u00e1\u0161 prohl\u00ed\u017ee\u010d pou\u017e\u00edv\u00e1 ochranu proti sledov\u00e1n\u00ed t\u0159et\u00edmi stranami zvanou ITP (Intelligent Tracking Prevention). Tato ochrana je \u00fa\u010dinn\u00e1, ale postihuje i na\u0161e slu\u017eby, kter\u00e9 nemaj\u00ed jako prim\u00e1rn\u00ed \u00fa\u010del sledovat u\u017eivatele.\u00a0V sou\u010dasnosti jsou ITP ovlivn\u011bny prohl\u00ed\u017ee\u010de Safari na macOS a iOS a ve\u0161ker\u00e9 ostatn\u00ed prohl\u00ed\u017ee\u010de na iOS.<br><br><strong>Chov\u00e1n\u00ed:<\/strong><\/p>\n\n\n\n<figure class=\"wp-block-image size-full\"><img loading=\"lazy\" decoding=\"async\" width=\"650\" height=\"138\" src=\"https:\/\/o-seznam.cz\/napoveda\/diskuze\/wp-content\/uploads\/sites\/20\/2024\/11\/diskuze-itp1.png\" alt=\"\" class=\"wp-image-37\" srcset=\"https:\/\/o-seznam.cz\/napoveda\/diskuze\/wp-content\/uploads\/sites\/20\/2024\/11\/diskuze-itp1.png 650w, https:\/\/o-seznam.cz\/napoveda\/diskuze\/wp-content\/uploads\/sites\/20\/2024\/11\/diskuze-itp1-320x68.png 320w\" sizes=\"auto, (max-width: 650px) 100vw, 650px\" \/><\/figure>\n\n\n\n<p><strong>\u0158e\u0161en\u00ed:\u00a0<\/strong>Pro spr\u00e1vn\u011b fungov\u00e1n\u00ed je pot\u0159eba se ujistit, \u017ee jsou spln\u011bny n\u00e1sleduj\u00edc\u00ed podm\u00ednky:<\/p>\n\n\n\n<p>Nejste v anonymn\u00edm re\u017eimu. V\u011bt\u0161ina prohl\u00ed\u017ee\u010d\u016f v anonymn\u00edm re\u017eimu \u00fapln\u011b blokuje cookies pro 3. strany.<\/p>\n\n\n\n<p>P\u0159i dotazov\u00e1n\u00ed na p\u0159\u00edstup ke cookies jste p\u0159\u00edstup povolili &#8211; k p\u0159\u00edstupu budete dot\u00e1z\u00e1ni pouze jednou za 30 dn\u00ed. <\/p>\n\n\n\n<figure class=\"wp-block-image size-full\"><img loading=\"lazy\" decoding=\"async\" width=\"350\" height=\"359\" src=\"https:\/\/o-seznam.cz\/napoveda\/diskuze\/wp-content\/uploads\/sites\/20\/2024\/11\/diskuze-itp2.png\" alt=\"\" class=\"wp-image-39\" srcset=\"https:\/\/o-seznam.cz\/napoveda\/diskuze\/wp-content\/uploads\/sites\/20\/2024\/11\/diskuze-itp2.png 350w, https:\/\/o-seznam.cz\/napoveda\/diskuze\/wp-content\/uploads\/sites\/20\/2024\/11\/diskuze-itp2-312x320.png 312w\" sizes=\"auto, (max-width: 350px) 100vw, 350px\" \/><\/figure>\n\n\n\n<p>Provedli jste n\u011bjakou akci na dom\u00e9n\u011b *.seznam.cz (\u010dili i na t\u00e9to dom\u00e9n\u011b). Pokud si nejste jisti, klikn\u011bte kdekoliv na t\u00e9to str\u00e1nce a zkuste se p\u0159ihl\u00e1sit znovu.<\/p>\n<\/div>\n","protected":false},"excerpt":{"rendered":"<p>Pokud p\u0159ihl\u00e1\u0161en\u00ed do diskuz\u00ed sel\u017ee, doporu\u010dujeme prov\u011b\u0159it n\u00e1sleduj\u00edc\u00ed d\u016fvody spojen\u00e9 s nastaven\u00edm prohl\u00ed\u017ee\u010de Dopl\u0148ky blokuj\u00edc\u00ed reklamu R\u016fzn\u00e9 dopl\u0148ky pro blokaci reklam mohou blokovat i d\u016fle\u017eit\u00e9 \u010d\u00e1sti komunikace prohl\u00ed\u017ee\u010de se str\u00e1nkou. Stejn\u011b tak funkce blokov\u00e1n\u00ed reklam v prohl\u00ed\u017ee\u010d\u00edch, kter\u00e9 toto nastaven\u00ed ji\u017e samy obsahuj\u00ed. Chov\u00e1n\u00ed: Informace o p\u0159ihl\u00e1\u0161en\u00ed pak nemus\u00ed do diskuzn\u00edho modulu doputovat a a\u010dkoliv [&hellip;]<\/p>\n","protected":false},"author":12,"featured_media":0,"parent":0,"menu_order":80,"comment_status":"closed","ping_status":"closed","template":"page-sidemenu","meta":{"_acf_changed":false,"_relevanssi_hide_post":"","_relevanssi_hide_content":"","_relevanssi_pin_for_all":"","_relevanssi_pin_keywords":"","_relevanssi_unpin_keywords":"","_relevanssi_related_keywords":"","_relevanssi_related_include_ids":"","_relevanssi_related_exclude_ids":"","_relevanssi_related_no_append":"","_relevanssi_related_not_related":"","_relevanssi_related_posts":"","_relevanssi_noindex_reason":"","footnotes":""},"page_category":[3],"page_tag":[],"service_status_category":[],"class_list":["post-30","page","type-page","status-publish","hentry"],"acf":[],"_links":{"self":[{"href":"https:\/\/o-seznam.cz\/napoveda\/diskuze\/wp-json\/wp\/v2\/pages\/30","targetHints":{"allow":["GET"]}}],"collection":[{"href":"https:\/\/o-seznam.cz\/napoveda\/diskuze\/wp-json\/wp\/v2\/pages"}],"about":[{"href":"https:\/\/o-seznam.cz\/napoveda\/diskuze\/wp-json\/wp\/v2\/types\/page"}],"author":[{"embeddable":true,"href":"https:\/\/o-seznam.cz\/napoveda\/diskuze\/wp-json\/wp\/v2\/users\/12"}],"replies":[{"embeddable":true,"href":"https:\/\/o-seznam.cz\/napoveda\/diskuze\/wp-json\/wp\/v2\/comments?post=30"}],"version-history":[{"count":3,"href":"https:\/\/o-seznam.cz\/napoveda\/diskuze\/wp-json\/wp\/v2\/pages\/30\/revisions"}],"predecessor-version":[{"id":66,"href":"https:\/\/o-seznam.cz\/napoveda\/diskuze\/wp-json\/wp\/v2\/pages\/30\/revisions\/66"}],"wp:attachment":[{"href":"https:\/\/o-seznam.cz\/napoveda\/diskuze\/wp-json\/wp\/v2\/media?parent=30"}],"wp:term":[{"taxonomy":"page_category","embeddable":true,"href":"https:\/\/o-seznam.cz\/napoveda\/diskuze\/wp-json\/wp\/v2\/page_category?post=30"},{"taxonomy":"page_tag","embeddable":true,"href":"https:\/\/o-seznam.cz\/napoveda\/diskuze\/wp-json\/wp\/v2\/page_tag?post=30"},{"taxonomy":"service_status_category","embeddable":true,"href":"https:\/\/o-seznam.cz\/napoveda\/diskuze\/wp-json\/wp\/v2\/service_status_category?post=30"}],"curies":[{"name":"wp","href":"https:\/\/api.w.org\/{rel}","templated":true}]}}