{"id":26,"date":"2024-10-24T12:09:26","date_gmt":"2024-10-24T10:09:26","guid":{"rendered":"https:\/\/o-seznam.cz\/napoveda\/diskuze\/?page_id=26"},"modified":"2024-12-08T23:39:36","modified_gmt":"2024-12-08T22:39:36","slug":"prepis-smajliku-na-emoji","status":"publish","type":"page","link":"https:\/\/o-seznam.cz\/napoveda\/diskuze\/prepis-smajliku-na-emoji\/","title":{"rendered":"P\u0159epis smajl\u00edk\u016f na emoji"},"content":{"rendered":"\n<p>B\u011bhem ulo\u017een\u00ed koment\u00e1\u0159e doch\u00e1z\u00ed k p\u0159episu n\u011bkter\u00fdch textov\u00fdch smajl\u00edk\u016f na emoji. Jedn\u00e1 se o tuto sadu: &nbsp;<\/p>\n\n\n\n<figure class=\"wp-block-image size-full\"><img loading=\"lazy\" decoding=\"async\" width=\"522\" height=\"460\" src=\"https:\/\/o-seznam.cz\/napoveda\/diskuze\/wp-content\/uploads\/sites\/20\/2024\/11\/prepis-smajliku-2.png\" alt=\"\" class=\"wp-image-41\" srcset=\"https:\/\/o-seznam.cz\/napoveda\/diskuze\/wp-content\/uploads\/sites\/20\/2024\/11\/prepis-smajliku-2.png 522w, https:\/\/o-seznam.cz\/napoveda\/diskuze\/wp-content\/uploads\/sites\/20\/2024\/11\/prepis-smajliku-2-320x282.png 320w\" sizes=\"auto, (max-width: 522px) 100vw, 522px\" \/><\/figure>\n","protected":false},"excerpt":{"rendered":"<p>B\u011bhem ulo\u017een\u00ed koment\u00e1\u0159e doch\u00e1z\u00ed k p\u0159episu n\u011bkter\u00fdch textov\u00fdch smajl\u00edk\u016f na emoji. Jedn\u00e1 se o tuto sadu: &nbsp;<\/p>\n","protected":false},"author":12,"featured_media":0,"parent":0,"menu_order":50,"comment_status":"closed","ping_status":"closed","template":"page-sidemenu","meta":{"_acf_changed":false,"_relevanssi_hide_post":"","_relevanssi_hide_content":"","_relevanssi_pin_for_all":"","_relevanssi_pin_keywords":"","_relevanssi_unpin_keywords":"","_relevanssi_related_keywords":"","_relevanssi_related_include_ids":"","_relevanssi_related_exclude_ids":"","_relevanssi_related_no_append":"","_relevanssi_related_not_related":"","_relevanssi_related_posts":"","_relevanssi_noindex_reason":"","footnotes":""},"page_category":[3],"page_tag":[],"service_status_category":[],"class_list":["post-26","page","type-page","status-publish","hentry"],"acf":[],"_links":{"self":[{"href":"https:\/\/o-seznam.cz\/napoveda\/diskuze\/wp-json\/wp\/v2\/pages\/26","targetHints":{"allow":["GET"]}}],"collection":[{"href":"https:\/\/o-seznam.cz\/napoveda\/diskuze\/wp-json\/wp\/v2\/pages"}],"about":[{"href":"https:\/\/o-seznam.cz\/napoveda\/diskuze\/wp-json\/wp\/v2\/types\/page"}],"author":[{"embeddable":true,"href":"https:\/\/o-seznam.cz\/napoveda\/diskuze\/wp-json\/wp\/v2\/users\/12"}],"replies":[{"embeddable":true,"href":"https:\/\/o-seznam.cz\/napoveda\/diskuze\/wp-json\/wp\/v2\/comments?post=26"}],"version-history":[{"count":3,"href":"https:\/\/o-seznam.cz\/napoveda\/diskuze\/wp-json\/wp\/v2\/pages\/26\/revisions"}],"predecessor-version":[{"id":67,"href":"https:\/\/o-seznam.cz\/napoveda\/diskuze\/wp-json\/wp\/v2\/pages\/26\/revisions\/67"}],"wp:attachment":[{"href":"https:\/\/o-seznam.cz\/napoveda\/diskuze\/wp-json\/wp\/v2\/media?parent=26"}],"wp:term":[{"taxonomy":"page_category","embeddable":true,"href":"https:\/\/o-seznam.cz\/napoveda\/diskuze\/wp-json\/wp\/v2\/page_category?post=26"},{"taxonomy":"page_tag","embeddable":true,"href":"https:\/\/o-seznam.cz\/napoveda\/diskuze\/wp-json\/wp\/v2\/page_tag?post=26"},{"taxonomy":"service_status_category","embeddable":true,"href":"https:\/\/o-seznam.cz\/napoveda\/diskuze\/wp-json\/wp\/v2\/service_status_category?post=26"}],"curies":[{"name":"wp","href":"https:\/\/api.w.org\/{rel}","templated":true}]}}