{"id":24,"date":"2024-10-24T12:08:50","date_gmt":"2024-10-24T10:08:50","guid":{"rendered":"https:\/\/o-seznam.cz\/napoveda\/diskuze\/?page_id=24"},"modified":"2025-07-17T16:02:45","modified_gmt":"2025-07-17T14:02:45","slug":"formatovani-textu","status":"publish","type":"page","link":"https:\/\/o-seznam.cz\/napoveda\/diskuze\/formatovani-textu\/","title":{"rendered":"Form\u00e1tov\u00e1n\u00ed textu"},"content":{"rendered":"\n<p>Podporujeme n\u00e1sleduj\u00edc\u00ed form\u00e1tov\u00e1n\u00ed textu:<\/p>\n\n\n\n<ul class=\"wp-block-list\">\n<li>\u0159ez p\u00edsma kurz\u00edva,<\/li>\n\n\n\n<li>\u0159ez p\u00edsma tu\u010dn\u00fd,<\/li>\n\n\n\n<li>\u0159ez p\u00edsma tu\u010dn\u00fd a kurz\u00edva,<\/li>\n\n\n\n<li>b\u011b\u017en\u00e9 a \u010d\u00edslovan\u00e9 odr\u00e1\u017eky (seznamy).<\/li>\n<\/ul>\n\n\n\n<p>N\u00e1sleduj\u00edc\u00ed slova zn\u00e1zor\u0148uj\u00ed, jak p\u0159\u00edslu\u0161n\u00e9 form\u00e1tov\u00e1n\u00ed aktivovat s vyu\u017eit\u00edm znaku \u201c*\u201d (hv\u011bzdi\u010dka), \u010d\u00edslovan\u00fd seznam &#8222;1.&#8220; (\u010d\u00edslo s te\u010dkou na nov\u00e9m \u0159\u00e1dku) nebo body &#8222;-&#8220; (poml\u010dka na nov\u00e9m \u0159\u00e1dku).<\/p>\n\n\n\n<div class=\"wp-block-group is-layout-constrained wp-block-group-is-layout-constrained\">\n<p><strong>Form\u00e1tov\u00e1n\u00ed:<\/strong><\/p>\n\n\n\n<p>* <em>kurz\u00edva <\/em>*<br>** <strong>tu\u010dn\u00fd<\/strong> **<br>*** <strong><em>tu\u010dn\u00fd a kurz\u00edva<\/em><\/strong> ***<\/p>\n<\/div>\n\n\n\n<div class=\"wp-block-group is-layout-constrained wp-block-group-is-layout-constrained\">\n<p><strong>\u010c\u00edslovan\u00fd seznam:<\/strong><\/p>\n\n\n\n<ol class=\"wp-block-list\">\n<li>prvn\u00ed<\/li>\n\n\n\n<li>druh\u00e1<\/li>\n<\/ol>\n<\/div>\n\n\n\n<div class=\"wp-block-group is-layout-constrained wp-block-group-is-layout-constrained\">\n<p><strong>Seznam s body:<\/strong><\/p>\n\n\n\n<p class=\"has-text-align-left\">&#8211; prvn\u00ed<\/p>\n\n\n\n<p>&#8211; druh\u00fd<\/p>\n\n\n\n<p><\/p>\n<\/div>\n\n\n\n<p><\/p>\n","protected":false},"excerpt":{"rendered":"<p>Podporujeme n\u00e1sleduj\u00edc\u00ed form\u00e1tov\u00e1n\u00ed textu: N\u00e1sleduj\u00edc\u00ed slova zn\u00e1zor\u0148uj\u00ed, jak p\u0159\u00edslu\u0161n\u00e9 form\u00e1tov\u00e1n\u00ed aktivovat s vyu\u017eit\u00edm znaku \u201c*\u201d (hv\u011bzdi\u010dka), \u010d\u00edslovan\u00fd seznam &#8222;1.&#8220; (\u010d\u00edslo s te\u010dkou na nov\u00e9m \u0159\u00e1dku) nebo body &#8222;-&#8220; (poml\u010dka na nov\u00e9m \u0159\u00e1dku). Form\u00e1tov\u00e1n\u00ed: * kurz\u00edva *** tu\u010dn\u00fd ***** tu\u010dn\u00fd a kurz\u00edva *** \u010c\u00edslovan\u00fd seznam: Seznam s body: &#8211; prvn\u00ed &#8211; druh\u00fd<\/p>\n","protected":false},"author":12,"featured_media":0,"parent":0,"menu_order":60,"comment_status":"closed","ping_status":"closed","template":"page-sidemenu","meta":{"_acf_changed":false,"_relevanssi_hide_post":"","_relevanssi_hide_content":"","_relevanssi_pin_for_all":"","_relevanssi_pin_keywords":"","_relevanssi_unpin_keywords":"","_relevanssi_related_keywords":"","_relevanssi_related_include_ids":"","_relevanssi_related_exclude_ids":"","_relevanssi_related_no_append":"","_relevanssi_related_not_related":"","_relevanssi_related_posts":"","_relevanssi_noindex_reason":"","footnotes":""},"page_category":[3],"page_tag":[],"service_status_category":[],"class_list":["post-24","page","type-page","status-publish","hentry"],"acf":[],"_links":{"self":[{"href":"https:\/\/o-seznam.cz\/napoveda\/diskuze\/wp-json\/wp\/v2\/pages\/24","targetHints":{"allow":["GET"]}}],"collection":[{"href":"https:\/\/o-seznam.cz\/napoveda\/diskuze\/wp-json\/wp\/v2\/pages"}],"about":[{"href":"https:\/\/o-seznam.cz\/napoveda\/diskuze\/wp-json\/wp\/v2\/types\/page"}],"author":[{"embeddable":true,"href":"https:\/\/o-seznam.cz\/napoveda\/diskuze\/wp-json\/wp\/v2\/users\/12"}],"replies":[{"embeddable":true,"href":"https:\/\/o-seznam.cz\/napoveda\/diskuze\/wp-json\/wp\/v2\/comments?post=24"}],"version-history":[{"count":6,"href":"https:\/\/o-seznam.cz\/napoveda\/diskuze\/wp-json\/wp\/v2\/pages\/24\/revisions"}],"predecessor-version":[{"id":102,"href":"https:\/\/o-seznam.cz\/napoveda\/diskuze\/wp-json\/wp\/v2\/pages\/24\/revisions\/102"}],"wp:attachment":[{"href":"https:\/\/o-seznam.cz\/napoveda\/diskuze\/wp-json\/wp\/v2\/media?parent=24"}],"wp:term":[{"taxonomy":"page_category","embeddable":true,"href":"https:\/\/o-seznam.cz\/napoveda\/diskuze\/wp-json\/wp\/v2\/page_category?post=24"},{"taxonomy":"page_tag","embeddable":true,"href":"https:\/\/o-seznam.cz\/napoveda\/diskuze\/wp-json\/wp\/v2\/page_tag?post=24"},{"taxonomy":"service_status_category","embeddable":true,"href":"https:\/\/o-seznam.cz\/napoveda\/diskuze\/wp-json\/wp\/v2\/service_status_category?post=24"}],"curies":[{"name":"wp","href":"https:\/\/api.w.org\/{rel}","templated":true}]}}