{"id":20,"date":"2024-10-24T11:50:00","date_gmt":"2024-10-24T09:50:00","guid":{"rendered":"https:\/\/o-seznam.cz\/napoveda\/diskuze\/?page_id=20"},"modified":"2025-11-14T10:55:39","modified_gmt":"2025-11-14T09:55:39","slug":"moznosti-overeni-identity","status":"publish","type":"page","link":"https:\/\/o-seznam.cz\/napoveda\/diskuze\/moznosti-overeni-identity\/","title":{"rendered":"Mo\u017enosti ov\u011b\u0159en\u00ed identity"},"content":{"rendered":"\n<p>Ov\u011b\u0159it identitu lze p\u0159es <strong>BankID<\/strong> nebo <strong>MojeID<\/strong>. Tento zp\u016fsob ov\u011b\u0159en\u00ed doporu\u010dujeme. Dal\u0161\u00ed informace k ov\u011b\u0159en\u00ed identity najdete na str\u00e1nce <a href=\"https:\/\/o-seznam.cz\/napoveda\/ucet\/overeni-uctu\/\">Ov\u011b\u0159en\u00ed \u00fa\u010dtu<\/a>.<br><br>Proces ov\u011b\u0159en\u00ed identity nejpohodln\u011bji zah\u00e1j\u00edte p\u0159\u00edmo z diskuze pomoc\u00ed tla\u010d\u00edtek <strong>Ov\u011b\u0159it pomoc\u00ed BankID<\/strong> nebo <strong>Ov\u011b\u0159it pomoc\u00ed MojeID<\/strong>.<br><br>Pokud nem\u00e1te mo\u017enost realizovat ov\u011b\u0159en\u00ed pomoc\u00ed BankID nebo MojeID, tak je mo\u017en\u00e9 naskenovat <strong>pr\u016fkaz toto\u017enosti<\/strong> (ob\u010dansk\u00fd pr\u016fkaz, \u0159idi\u010dsk\u00fd pr\u016fkaz apod.), kde budou za\u010dern\u011bn\u00e9 (nebo zakryt\u00e9) va\u0161e osobn\u00ed \u00fadaje krom\u011b va\u0161eho jm\u00e9na a p\u0159\u00edjmen\u00ed, a zaslat scan na e-mail <a href=\"mailto:lide-diskuze@firma.seznam.cz?subject=Ov%C4%9B%C5%99en%C3%AD%20identity\">lide-diskuze@firma.seznam.cz<\/a>. Anonymizace v\u0161ech osobn\u00edch \u00fadaj\u016f krom\u011b jm\u00e9na a p\u0159\u00edjmen\u00ed je povinnost\u00ed U\u017eivatele dle \u010dl\u00e1nku 3.14. <a class=\"is-style-link-external\" href=\"https:\/\/napoveda.seznam.cz\/cz\/smluvni-podminky\/seznam-diskuze\/\">smluvn\u00edch podm\u00ednek<\/a>! Do p\u0159edm\u011btu e-mailu napi\u0161te text:\u00a0<em>Ov\u011b\u0159en\u00ed identity<\/em>.<\/p>\n\n\n\n<figure class=\"wp-block-image size-full\"><img loading=\"lazy\" decoding=\"async\" width=\"408\" height=\"484\" src=\"https:\/\/o-seznam.cz\/napoveda\/diskuze\/wp-content\/uploads\/sites\/20\/2024\/11\/overeni-obcankou.jpg\" alt=\"\" class=\"wp-image-35\" srcset=\"https:\/\/o-seznam.cz\/napoveda\/diskuze\/wp-content\/uploads\/sites\/20\/2024\/11\/overeni-obcankou.jpg 408w, https:\/\/o-seznam.cz\/napoveda\/diskuze\/wp-content\/uploads\/sites\/20\/2024\/11\/overeni-obcankou-270x320.jpg 270w\" sizes=\"auto, (max-width: 408px) 100vw, 408px\" \/><\/figure>\n","protected":false},"excerpt":{"rendered":"<p>Ov\u011b\u0159it identitu lze p\u0159es BankID nebo MojeID. Tento zp\u016fsob ov\u011b\u0159en\u00ed doporu\u010dujeme. Dal\u0161\u00ed informace k ov\u011b\u0159en\u00ed identity najdete na str\u00e1nce Ov\u011b\u0159en\u00ed \u00fa\u010dtu. Proces ov\u011b\u0159en\u00ed identity nejpohodln\u011bji zah\u00e1j\u00edte p\u0159\u00edmo z diskuze pomoc\u00ed tla\u010d\u00edtek Ov\u011b\u0159it pomoc\u00ed BankID nebo Ov\u011b\u0159it pomoc\u00ed MojeID. Pokud nem\u00e1te mo\u017enost realizovat ov\u011b\u0159en\u00ed pomoc\u00ed BankID nebo MojeID, tak je mo\u017en\u00e9 naskenovat pr\u016fkaz toto\u017enosti (ob\u010dansk\u00fd pr\u016fkaz, [&hellip;]<\/p>\n","protected":false},"author":12,"featured_media":0,"parent":0,"menu_order":30,"comment_status":"closed","ping_status":"closed","template":"page-sidemenu","meta":{"_acf_changed":false,"_relevanssi_hide_post":"","_relevanssi_hide_content":"","_relevanssi_pin_for_all":"","_relevanssi_pin_keywords":"","_relevanssi_unpin_keywords":"","_relevanssi_related_keywords":"","_relevanssi_related_include_ids":"","_relevanssi_related_exclude_ids":"","_relevanssi_related_no_append":"","_relevanssi_related_not_related":"","_relevanssi_related_posts":"","_relevanssi_noindex_reason":"","footnotes":""},"page_category":[3],"page_tag":[],"service_status_category":[],"class_list":["post-20","page","type-page","status-publish","hentry"],"acf":[],"_links":{"self":[{"href":"https:\/\/o-seznam.cz\/napoveda\/diskuze\/wp-json\/wp\/v2\/pages\/20","targetHints":{"allow":["GET"]}}],"collection":[{"href":"https:\/\/o-seznam.cz\/napoveda\/diskuze\/wp-json\/wp\/v2\/pages"}],"about":[{"href":"https:\/\/o-seznam.cz\/napoveda\/diskuze\/wp-json\/wp\/v2\/types\/page"}],"author":[{"embeddable":true,"href":"https:\/\/o-seznam.cz\/napoveda\/diskuze\/wp-json\/wp\/v2\/users\/12"}],"replies":[{"embeddable":true,"href":"https:\/\/o-seznam.cz\/napoveda\/diskuze\/wp-json\/wp\/v2\/comments?post=20"}],"version-history":[{"count":4,"href":"https:\/\/o-seznam.cz\/napoveda\/diskuze\/wp-json\/wp\/v2\/pages\/20\/revisions"}],"predecessor-version":[{"id":192,"href":"https:\/\/o-seznam.cz\/napoveda\/diskuze\/wp-json\/wp\/v2\/pages\/20\/revisions\/192"}],"wp:attachment":[{"href":"https:\/\/o-seznam.cz\/napoveda\/diskuze\/wp-json\/wp\/v2\/media?parent=20"}],"wp:term":[{"taxonomy":"page_category","embeddable":true,"href":"https:\/\/o-seznam.cz\/napoveda\/diskuze\/wp-json\/wp\/v2\/page_category?post=20"},{"taxonomy":"page_tag","embeddable":true,"href":"https:\/\/o-seznam.cz\/napoveda\/diskuze\/wp-json\/wp\/v2\/page_tag?post=20"},{"taxonomy":"service_status_category","embeddable":true,"href":"https:\/\/o-seznam.cz\/napoveda\/diskuze\/wp-json\/wp\/v2\/service_status_category?post=20"}],"curies":[{"name":"wp","href":"https:\/\/api.w.org\/{rel}","templated":true}]}}