{"id":198,"date":"2026-03-10T16:09:42","date_gmt":"2026-03-10T15:09:42","guid":{"rendered":"https:\/\/o-seznam.cz\/napoveda\/diskuze\/?page_id=198"},"modified":"2026-03-10T16:17:03","modified_gmt":"2026-03-10T15:17:03","slug":"mohlo-by-vas-zajimat","status":"publish","type":"page","link":"https:\/\/o-seznam.cz\/napoveda\/diskuze\/mohlo-by-vas-zajimat\/","title":{"rendered":"Mohlo by v\u00e1s zaj\u00edmat"},"content":{"rendered":"\n<div class=\"wp-block-group is-layout-constrained wp-block-group-is-layout-constrained\">\n<div class=\"wp-block-seznam-tiles has-columns-2\" style=\"--seznam-tiles--columns:2\"><div class=\"inner-blocks\"><div class=\"block-boxlink\"><a class=\"boxlink boxlink--icon-external px-f8 py-f4\" href=\"https:\/\/o-seznam.cz\/odpovednost\/dezinformace\/fact-checking\/\" target=\"_blank\"><div class=\"inner-blocks\">\n\n<p>Datab\u00e1ze fact-check\u016f<\/p>\n\n<\/div><\/a><\/div>\n\n<div class=\"block-boxlink\"><a class=\"boxlink boxlink--icon-external px-f8 py-f4\" href=\"https:\/\/www.seznamdiskuze.cz\/\" target=\"_blank\"><div class=\"inner-blocks\">\n\n<p>Pro v\u00fdvoj\u00e1\u0159e<\/p>\n\n<\/div><\/a><\/div>\n\n<div class=\"block-boxlink\"><a class=\"boxlink boxlink--icon-arrow px-f8 py-f4\" href=\"https:\/\/o-seznam.cz\/napoveda\/diskuze\/mohlo-by-vas-zajimat\/zprava-o-moderaci-dle-dsa\/\"><div class=\"inner-blocks\">\n\n<p>Zpr\u00e1va o moderaci dle DSA<\/p>\n\n<\/div><\/a><\/div><\/div><\/div>\n<\/div>\n","protected":false},"excerpt":{"rendered":"","protected":false},"author":67,"featured_media":0,"parent":0,"menu_order":110,"comment_status":"closed","ping_status":"closed","template":"page-sidemenu","meta":{"_acf_changed":false,"_relevanssi_hide_post":"","_relevanssi_hide_content":"","_relevanssi_pin_for_all":"","_relevanssi_pin_keywords":"","_relevanssi_unpin_keywords":"","_relevanssi_related_keywords":"","_relevanssi_related_include_ids":"","_relevanssi_related_exclude_ids":"","_relevanssi_related_no_append":"","_relevanssi_related_not_related":"","_relevanssi_related_posts":"","_relevanssi_noindex_reason":"","footnotes":""},"page_category":[3],"page_tag":[],"service_status_category":[14],"class_list":["post-198","page","type-page","status-publish","hentry"],"acf":[],"_links":{"self":[{"href":"https:\/\/o-seznam.cz\/napoveda\/diskuze\/wp-json\/wp\/v2\/pages\/198","targetHints":{"allow":["GET"]}}],"collection":[{"href":"https:\/\/o-seznam.cz\/napoveda\/diskuze\/wp-json\/wp\/v2\/pages"}],"about":[{"href":"https:\/\/o-seznam.cz\/napoveda\/diskuze\/wp-json\/wp\/v2\/types\/page"}],"author":[{"embeddable":true,"href":"https:\/\/o-seznam.cz\/napoveda\/diskuze\/wp-json\/wp\/v2\/users\/67"}],"replies":[{"embeddable":true,"href":"https:\/\/o-seznam.cz\/napoveda\/diskuze\/wp-json\/wp\/v2\/comments?post=198"}],"version-history":[{"count":2,"href":"https:\/\/o-seznam.cz\/napoveda\/diskuze\/wp-json\/wp\/v2\/pages\/198\/revisions"}],"predecessor-version":[{"id":201,"href":"https:\/\/o-seznam.cz\/napoveda\/diskuze\/wp-json\/wp\/v2\/pages\/198\/revisions\/201"}],"wp:attachment":[{"href":"https:\/\/o-seznam.cz\/napoveda\/diskuze\/wp-json\/wp\/v2\/media?parent=198"}],"wp:term":[{"taxonomy":"page_category","embeddable":true,"href":"https:\/\/o-seznam.cz\/napoveda\/diskuze\/wp-json\/wp\/v2\/page_category?post=198"},{"taxonomy":"page_tag","embeddable":true,"href":"https:\/\/o-seznam.cz\/napoveda\/diskuze\/wp-json\/wp\/v2\/page_tag?post=198"},{"taxonomy":"service_status_category","embeddable":true,"href":"https:\/\/o-seznam.cz\/napoveda\/diskuze\/wp-json\/wp\/v2\/service_status_category?post=198"}],"curies":[{"name":"wp","href":"https:\/\/api.w.org\/{rel}","templated":true}]}}