{"id":193,"date":"2026-03-10T16:06:33","date_gmt":"2026-03-10T15:06:33","guid":{"rendered":"https:\/\/o-seznam.cz\/napoveda\/diskuze\/?page_id=193"},"modified":"2026-03-10T16:17:29","modified_gmt":"2026-03-10T15:17:29","slug":"zprava-o-moderaci-dle-dsa","status":"publish","type":"page","link":"https:\/\/o-seznam.cz\/napoveda\/diskuze\/mohlo-by-vas-zajimat\/zprava-o-moderaci-dle-dsa\/","title":{"rendered":"Zpr\u00e1va o moderaci dle DSA"},"content":{"rendered":"\n<div class=\"wp-block-group is-layout-constrained wp-block-group-is-layout-constrained\">\n<p><strong>Zpr\u00e1va o moderaci obsahu na slu\u017eb\u011b Seznam Diskuze a Lid\u00e9.cz podle \u010dl\u00e1nku 15 a 24 na\u0159\u00edzen\u00ed o digit\u00e1ln\u00edch slu\u017eb\u00e1ch, \u010d. 2022\/2065 (d\u00e1le jen \u201eDSA\u201c) za obdob\u00ed 11. 11. 2025-31. 12. 2025<\/strong><\/p>\n\n\n<div class=\"block-boxlink\"><a class=\"boxlink boxlink--icon-download boxlink--align-y-center px-f8 py-f4\" href=\"https:\/\/o-seznam.cz\/napoveda\/diskuze\/wp-content\/uploads\/sites\/20\/2026\/03\/CS_Annex_I__Templates_for_Transparency_Reports_2025_lide.xlsx\" download=\"Zprava-o-moderaci-11.-11.-2025-31.-12.-2025.xlsx\"><div class=\"inner-blocks\">Zpr\u00e1va o moderaci &#8211; 11. 11. 2025-31. 12. 2025<\/div><\/a><\/div>\n<\/div>\n","protected":false},"excerpt":{"rendered":"<p>Zpr\u00e1va o moderaci obsahu na slu\u017eb\u011b Seznam Diskuze a Lid\u00e9.cz podle \u010dl\u00e1nku 15 a 24 na\u0159\u00edzen\u00ed o digit\u00e1ln\u00edch slu\u017eb\u00e1ch, \u010d. 2022\/2065 (d\u00e1le jen \u201eDSA\u201c) za obdob\u00ed 11. 11. 2025-31. 12. 2025<\/p>\n","protected":false},"author":67,"featured_media":0,"parent":198,"menu_order":111,"comment_status":"closed","ping_status":"closed","template":"page-sidemenu","meta":{"_acf_changed":false,"_relevanssi_hide_post":"","_relevanssi_hide_content":"","_relevanssi_pin_for_all":"","_relevanssi_pin_keywords":"","_relevanssi_unpin_keywords":"","_relevanssi_related_keywords":"","_relevanssi_related_include_ids":"","_relevanssi_related_exclude_ids":"","_relevanssi_related_no_append":"","_relevanssi_related_not_related":"","_relevanssi_related_posts":"","_relevanssi_noindex_reason":"","footnotes":""},"page_category":[3],"page_tag":[],"service_status_category":[14],"class_list":["post-193","page","type-page","status-publish","hentry"],"acf":[],"_links":{"self":[{"href":"https:\/\/o-seznam.cz\/napoveda\/diskuze\/wp-json\/wp\/v2\/pages\/193","targetHints":{"allow":["GET"]}}],"collection":[{"href":"https:\/\/o-seznam.cz\/napoveda\/diskuze\/wp-json\/wp\/v2\/pages"}],"about":[{"href":"https:\/\/o-seznam.cz\/napoveda\/diskuze\/wp-json\/wp\/v2\/types\/page"}],"author":[{"embeddable":true,"href":"https:\/\/o-seznam.cz\/napoveda\/diskuze\/wp-json\/wp\/v2\/users\/67"}],"replies":[{"embeddable":true,"href":"https:\/\/o-seznam.cz\/napoveda\/diskuze\/wp-json\/wp\/v2\/comments?post=193"}],"version-history":[{"count":2,"href":"https:\/\/o-seznam.cz\/napoveda\/diskuze\/wp-json\/wp\/v2\/pages\/193\/revisions"}],"predecessor-version":[{"id":197,"href":"https:\/\/o-seznam.cz\/napoveda\/diskuze\/wp-json\/wp\/v2\/pages\/193\/revisions\/197"}],"up":[{"embeddable":true,"href":"https:\/\/o-seznam.cz\/napoveda\/diskuze\/wp-json\/wp\/v2\/pages\/198"}],"wp:attachment":[{"href":"https:\/\/o-seznam.cz\/napoveda\/diskuze\/wp-json\/wp\/v2\/media?parent=193"}],"wp:term":[{"taxonomy":"page_category","embeddable":true,"href":"https:\/\/o-seznam.cz\/napoveda\/diskuze\/wp-json\/wp\/v2\/page_category?post=193"},{"taxonomy":"page_tag","embeddable":true,"href":"https:\/\/o-seznam.cz\/napoveda\/diskuze\/wp-json\/wp\/v2\/page_tag?post=193"},{"taxonomy":"service_status_category","embeddable":true,"href":"https:\/\/o-seznam.cz\/napoveda\/diskuze\/wp-json\/wp\/v2\/service_status_category?post=193"}],"curies":[{"name":"wp","href":"https:\/\/api.w.org\/{rel}","templated":true}]}}